 {"id":2085,"date":"2023-09-14T07:39:53","date_gmt":"2023-09-14T07:39:53","guid":{"rendered":"https:\/\/www.lorrtec.com\/verkaeufe-von-ford-cosworth-bda-bdg-yb-pinto-und-bmw-s14-m3-motoren\/"},"modified":"2023-09-14T07:40:00","modified_gmt":"2023-09-14T07:40:00","slug":"verkaeufe-von-ford-cosworth-bda-bdg-yb-pinto-und-bmw-s14-m3-motoren","status":"publish","type":"page","link":"https:\/\/www.lorrtec.com\/de\/verkaeufe-von-ford-cosworth-bda-bdg-yb-pinto-und-bmw-s14-m3-motoren\/","title":{"rendered":"Verk\u00e4ufe von Ford Cosworth BDA, BDG, YB, Pinto und BMW S14 M3 Motoren"},"content":{"rendered":"<p>[et_pb_section bb_built=&#8220;1&#8243; next_background_color=&#8220;#000000&#8243; _builder_version=&#8220;3.15&#8243; background_image=&#8220;https:\/\/www.lorrtec.com\/wp-content\/uploads\/2018\/09\/bandeau-lorrtec.jpg&#8220; bottom_divider_style=&#8220;arrow&#8220;][et_pb_row custom_css_before_1=&#8220;content: %22%22;|| display: inline-block;|| position: absolute;|| background-image: url(\/wp-content\/uploads\/2018\/09\/home-title-bg.png);|| width: 382px;|| height: 382px;|| top: 0;|| left: 50%;|| margin-left: -191px;|| animation: rotate 60s infinite linear;&#8220; custom_css_main_1=&#8220;position: relative;|| margin-top: 0px;|| padding-bottom: 8rem;|| padding-top: 8rem;|| min-height: 350px;|| color: #fff;&#8220; custom_css_after_1=&#8220;content: %22%22;|| display: inline-block;|| position: absolute;|| background-image: url(\/wp-content\/uploads\/2018\/09\/home-title-after.png);|| width: 142px;|| height: 142px;|| top: -51px;|| left: 50%;|| margin-left: -71px;|| animation: rotate 40s infinite linear;|| animation-direction: reverse;|| -webkit-animation-direction: reverse;|| -moz-animation-direction: reverse;&#8220; _builder_version=&#8220;3.15&#8243; background_size=&#8220;initial&#8220; background_position=&#8220;top_left&#8220; background_repeat=&#8220;repeat&#8220;][et_pb_column type=&#8220;1_2&#8243;][et_pb_text _builder_version=&#8220;3.15&#8243; header_font=&#8220;|||on|||||&#8220; header_text_align=&#8220;center&#8220; header_text_color=&#8220;#ffffff&#8220; header_font_size=&#8220;26px&#8220; header_2_text_align=&#8220;center&#8220; header_2_text_color=&#8220;#ffffff&#8220;]<\/p>\n<p><img loading=\"lazy\" decoding=\"async\" class=\"size-full wp-image-53 aligncenter\" src=\"https:\/\/www.lorrtec.com\/wp-content\/uploads\/2018\/10\/logo-lorrtec-seul.png\" alt=\"LORRTEC\" width=\"299\" height=\"58\"><\/p>\n<h1>VERKAUF von MOTOREN<\/h1>\n<h1>WETTBEWERB &amp; SAMMLUNG<\/h1>\n<p>[\/et_pb_text][\/et_pb_column][et_pb_column type=&#8220;1_2&#8243;][et_pb_text admin_label=&#8220;pr\u00e9sentation&#8220; _builder_version=&#8220;3.15&#8243; text_text_color=&#8220;#ffffff&#8220; text_font_size=&#8220;18px&#8220; header_text_color=&#8220;#ffffff&#8220; header_2_text_color=&#8220;#ffffff&#8220; header_3_text_color=&#8220;#ffffff&#8220; custom_padding=&#8220;50px|||&#8220;]<\/p>\n<p style=\"text-align: justify;\">LORRTEC ist<strong> Spezialist <\/strong>f\u00fcr bestimmte Motoren:<strong> Ford Pinto, Ford Cosworth BDA\/BDG, Ford Sierra und Escort Cosworth YB und BMW M3 S14<\/strong>, so dass wir Serienmotoren oder einbaufertig vorbereitete Motoren zum Verkauf anbieten k\u00f6nnen, die sofort verf\u00fcgbar sind.<\/p>\n<p style=\"text-align: justify;\">Mit diesem Service brauchen Sie nicht zu warten, bis Ihr Motor von uns \u00fcberholt wurde, sondern k\u00f6nnen sofort einen unserer Motoren einbauen.<\/p>\n<p>[\/et_pb_text][et_pb_gallery gallery_ids=&#8220;400,395&#8243; posts_number=&#8220;2&#8243; show_title_and_caption=&#8220;off&#8220; show_pagination=&#8220;off&#8220; _builder_version=&#8220;3.15&#8243;]<\/p>\n<p>&nbsp;<\/p>\n<p>[\/et_pb_gallery][\/et_pb_column][\/et_pb_row][\/et_pb_section][et_pb_section bb_built=&#8220;1&#8243; _builder_version=&#8220;3.15&#8243; background_color=&#8220;#000000&#8243; background_image=&#8220;https:\/\/www.lorrtec.com\/wp-content\/uploads\/2018\/09\/fond-moteur-droit.png&#8220; prev_background_color=&#8220;#ffffff&#8220; next_background_color=&#8220;#1d1d1d&#8220;][et_pb_row _builder_version=&#8220;3.0.48&#8243; background_size=&#8220;initial&#8220; background_position=&#8220;top_left&#8220; background_repeat=&#8220;repeat&#8220;][et_pb_column type=&#8220;4_4&#8243;][et_pb_text admin_label=&#8220;Pr\u00e9sentation de l&#8217;activit\u00e9 d&#8217;installation, et de mise au point de bo\u00eetiers \u00e9lectroniques MOTEC de LORRTEC.&#8220; _builder_version=&#8220;3.15&#8243; text_text_color=&#8220;#ffffff&#8220; header_text_color=&#8220;#ffffff&#8220; header_2_text_align=&#8220;center&#8220; header_2_text_color=&#8220;#ffffff&#8220; header_3_text_color=&#8220;#ffffff&#8220;]<\/p>\n<h2>Verkauf von Fertigmotoren, schnelle Lieferung von LORRTEC.<\/h2>\n<p>[\/et_pb_text][\/et_pb_column][\/et_pb_row][et_pb_row make_fullwidth=&#8220;on&#8220; _builder_version=&#8220;3.15&#8243;][et_pb_column type=&#8220;4_4&#8243;][et_pb_filterable_portfolio fullwidth=&#8220;off&#8220; include_categories=&#8220;8&#8243; show_categories=&#8220;off&#8220; hover_overlay_color=&#8220;rgba(255,255,255,0)&#8220; _builder_version=&#8220;3.15&#8243; background_layout=&#8220;dark&#8220;]<\/p>\n<p>&nbsp;<\/p>\n<p>[\/et_pb_filterable_portfolio][\/et_pb_column][\/et_pb_row][et_pb_row make_fullwidth=&#8220;on&#8220; _builder_version=&#8220;3.15&#8243;][et_pb_column type=&#8220;1_3&#8243;][et_pb_text admin_label=&#8220;Les bo\u00eetiers \u00e9lectroniques MOTEC&#8220; _builder_version=&#8220;3.17.2&#8243; text_text_color=&#8220;#ffffff&#8220; header_text_color=&#8220;#ffffff&#8220; header_2_text_color=&#8220;#ffffff&#8220; header_3_text_color=&#8220;#ffffff&#8220;]<\/p>\n<h3 style=\"text-align: justify;\">LORRTEC-Motoren<\/h3>\n<blockquote>\n<p style=\"text-align: justify;\">Die kompletten LORRTEC-Motoren werden in der Regel nach dem <strong>Einlaufen<\/strong>, der Feinabstimmung <strong>und der Validierung auf dem Motorpr\u00fcfstand<\/strong> ausgeliefert. Sie k\u00f6nnen mit allen <strong>peripheren Zubeh\u00f6rteilen<\/strong> geliefert werden: Lichtmaschine, Z\u00fcndung, Kabelbaum und Steuerger\u00e4t, Auspuff, Luftfilter, Kupplung &#8230; je nach Ihren Bed\u00fcrfnissen.<\/p>\n<\/blockquote>\n<p>[\/et_pb_text][\/et_pb_column][et_pb_column type=&#8220;2_3&#8243;][et_pb_text admin_label=&#8220;video montage S14&#8243; _builder_version=&#8220;3.17.2&#8243;]<\/p>\n<p><iframe loading=\"lazy\" title=\"BMW M3 E30 S14B23 engine assembling - LORRTEC Race Engines\" width=\"1080\" height=\"608\" src=\"https:\/\/www.youtube.com\/embed\/fMBd10sVKmk?feature=oembed\"  allow=\"accelerometer; autoplay; clipboard-write; encrypted-media; gyroscope; picture-in-picture; web-share\" allowfullscreen><\/iframe><\/p>\n<p>[\/et_pb_text][et_pb_image admin_label=&#8220;pi\u00e8ces moteur : soupapes, Arbres \u00e0 cames, ressorts, culasse BMW S14 M3 E30&#8243; src=&#8220;https:\/\/www.lorrtec.com\/wp-content\/uploads\/2018\/10\/pieces-soupapes-culasse-moteur-BMW-S14-2.jpg&#8220; alt=&#8220;Motorteile: Ventile, Nockenwellen, Federn, Zylinderkopf BMW S14 M3 E30&#8243; show_in_lightbox=&#8220;on&#8220; _builder_version=&#8220;3.17.2&#8243;]<\/p>\n<p>&nbsp;<\/p>\n<p>[\/et_pb_image][et_pb_image admin_label=&#8220;moteur Ford Pinto distribution et carburateurs Weber et \u00e9chappement 4 en 1&#8243; src=&#8220;https:\/\/www.lorrtec.com\/wp-content\/uploads\/2018\/10\/moteur-ford-pinto-distribution-et-carburateurs-weber-2.jpg&#8220; alt=&#8220;Ford Pinto-Motor Verteilung und Weber-Vergaser und Auspuff 4 in 1&#8243; show_in_lightbox=&#8220;on&#8220; _builder_version=&#8220;3.17.2&#8243;]<\/p>\n<p>&nbsp;<\/p>\n<p>[\/et_pb_image][\/et_pb_column][\/et_pb_row][et_pb_row _builder_version=&#8220;3.0.48&#8243; background_size=&#8220;initial&#8220; background_position=&#8220;top_left&#8220; background_repeat=&#8220;repeat&#8220;][et_pb_column type=&#8220;1_2&#8243;][et_pb_text admin_label=&#8220;Quels sont les avantages d&#8217;un bo\u00eetier MOTEC par rapport \u00e0 un bo\u00eetier \u00e9lectronique d&#8217;origine ?&#8220; _builder_version=&#8220;3.17.2&#8243; text_text_color=&#8220;#ffffff&#8220; header_text_color=&#8220;#ffffff&#8220; header_2_text_color=&#8220;#ffffff&#8220; header_3_text_color=&#8220;#ffffff&#8220;]<\/p>\n<h3>&#8230;<\/h3>\n<p>[\/et_pb_text][\/et_pb_column][et_pb_column type=&#8220;1_2&#8243;][et_pb_text admin_label=&#8220;DEVIS Texte&#8220; _builder_version=&#8220;3.17.2&#8243; global_module=&#8220;1015&#8243; saved_tabs=&#8220;all&#8220;]<\/p>\n<p style=\"text-align: right;\"><span class=\"fac bouton-racing2\" data-fac=\"L2NvbnRhY3Qv\">DEVIS<\/span><\/p>\n<p>[\/et_pb_text][\/et_pb_column][\/et_pb_row][et_pb_row make_fullwidth=&#8220;on&#8220; _builder_version=&#8220;3.15&#8243;][et_pb_column type=&#8220;1_3&#8243;][et_pb_text admin_label=&#8220;Comment connecter le bo\u00eetier \u00e0 des capteurs d&#8217;origines ?&#8220; _builder_version=&#8220;3.17.2&#8243; text_text_color=&#8220;#ffffff&#8220; header_text_color=&#8220;#ffffff&#8220; header_2_text_color=&#8220;#ffffff&#8220; header_3_text_color=&#8220;#ffffff&#8220;]<\/p>\n<h3>&#8230;<\/h3>\n<p>[\/et_pb_text][et_pb_text admin_label=&#8220;DEVIS Texte&#8220; _builder_version=&#8220;3.17.2&#8243; global_module=&#8220;1015&#8243; saved_tabs=&#8220;all&#8220;]<\/p>\n<p style=\"text-align: right;\"><span class=\"fac bouton-racing2\" data-fac=\"L2NvbnRhY3Qv\">DEVIS<\/span><\/p>\n<p>[\/et_pb_text][\/et_pb_column][et_pb_column type=&#8220;2_3&#8243;][et_pb_image admin_label=&#8220;photo-echappement-moteur-ford-cosworth-BDG&#8220; src=&#8220;https:\/\/www.lorrtec.com\/wp-content\/uploads\/2018\/10\/photo-echappement-moteur-ford-cosworth-BDG.jpg&#8220; alt=&#8220;foto-auspuff-motor-ford-cosworth-BDG&#8220; show_in_lightbox=&#8220;on&#8220; _builder_version=&#8220;3.17.2&#8243;]<\/p>\n<p>&nbsp;<\/p>\n<p>[\/et_pb_image][et_pb_image admin_label=&#8220;Sierra cosworth avec moteur ford YB groupe A by lorrtec&#8220; src=&#8220;https:\/\/www.lorrtec.com\/wp-content\/uploads\/2018\/10\/sierra-cosworth-moteur-ford-YB-lorrtec.jpg&#8220; alt=&#8220;Sierra cosworth mit ford motor YB Gruppe A by lorrtec&#8220; show_in_lightbox=&#8220;on&#8220; _builder_version=&#8220;3.17.2&#8243;]<\/p>\n<p>&nbsp;<\/p>\n<p>[\/et_pb_image][\/et_pb_column][\/et_pb_row][\/et_pb_section][et_pb_section bb_built=&#8220;1&#8243; _builder_version=&#8220;3.15&#8243; background_color=&#8220;#1d1d1d&#8220; background_image=&#8220;https:\/\/www.lorrtec.com\/wp-content\/uploads\/2018\/09\/bandeau-lorrtec.jpg&#8220; prev_background_color=&#8220;#000000&#8243; global_module=&#8220;271&#8243;][et_pb_row global_parent=&#8220;271&#8243; _builder_version=&#8220;3.0.47&#8243; background_size=&#8220;initial&#8220; background_position=&#8220;top_left&#8220; background_repeat=&#8220;repeat&#8220;][et_pb_column type=&#8220;4_4&#8243;][et_pb_text admin_label=&#8220;Pr\u00e9sentation de l&#8217;activit\u00e9 d&#8217;installation, et de mise au point de bo\u00eetiers \u00e9lectroniques MOTEC de LORRTEC.&#8220; global_parent=&#8220;271&#8243; _builder_version=&#8220;3.15&#8243; text_text_color=&#8220;#ffffff&#8220; header_text_color=&#8220;#ffffff&#8220; header_2_text_align=&#8220;center&#8220; header_2_text_color=&#8220;#ffffff&#8220; header_3_text_color=&#8220;#ffffff&#8220;]<\/p>\n<h2>Alle Aktivit\u00e4ten von LORRTEC<\/h2>\n<p>[\/et_pb_text][\/et_pb_column][\/et_pb_row][et_pb_row global_parent=&#8220;271&#8243; custom_padding=&#8220;||0px|&#8220; custom_margin=&#8220;||0px|&#8220; _builder_version=&#8220;3.15&#8243;][et_pb_column type=&#8220;1_3&#8243;][et_pb_code admin_label=&#8220;PLANUNGSB\u00dcRO&#8220; global_parent=&#8220;271&#8243; _builder_version=&#8220;3.15&#8243; text_orientation=&#8220;center&#8220;]&lt;a class=&#8220;knopf-racing2&#8243; href=&#8220;\/bureau-etudes-moteur\/&#8220;&gt;BUREAU D&#8217;ETUDES&lt;\/a&gt;[\/et_pb_code][\/et_pb_column][et_pb_column type=&#8220;1_3&#8243;][et_pb_code admin_label=&#8220;MONTAGE DES MOTORS&#8220; global_parent=&#8220;271&#8243; _builder_version=&#8220;3.15&#8243; text_orientation=&#8220;center&#8220;]&lt;a class=&#8220;knopf-racing2&#8243; href=&#8220;\/montage-motor\/&#8220;&gt;MOTORMONTAGE&lt;\/a&gt;[\/et_pb_code][\/et_pb_column][et_pb_column type=&#8220;1_3&#8243;][et_pb_code admin_label=&#8220;BEARBEITUNG UND AUSWUCHTEN&#8220; global_parent=&#8220;271&#8243; _builder_version=&#8220;3.15&#8243; text_orientation=&#8220;center&#8220;]&lt;a class=&#8220;button-racing2&#8243; href=&#8220;\/usinage-equilibrage-moteur\/&#8220;&gt;USINAGE EQUILIBRATION&lt;\/a&gt;[\/et_pb_code][\/et_pb_column][\/et_pb_row][et_pb_row global_parent=&#8220;271&#8243; custom_padding=&#8220;0px||0px|&#8220; custom_margin=&#8220;0px||0px|&#8220; _builder_version=&#8220;3.15&#8243;][et_pb_column type=&#8220;1_3&#8243;][et_pb_code admin_label=&#8220;ELEKTRONIK UND VERKABELUNG&#8220; global_parent=&#8220;271&#8243; _builder_version=&#8220;3.15&#8243; text_orientation=&#8220;center&#8220;]&lt;a class=&#8220;knopf-racing2&#8243; href=&#8220;\/elektronik-verkabelung\/&#8220;&gt;ELEKTRONIK UND VERKABELUNG&lt;\/a&gt;[\/et_pb_code][\/et_pb_column][et_pb_column type=&#8220;1_3&#8243;][et_pb_code admin_label=&#8220;ORGANB\u00c4NKE&#8220; global_parent=&#8220;271&#8243; _builder_version=&#8220;3.15&#8243; text_orientation=&#8220;center&#8220;]&lt;a class=&#8220;knopf-racing2&#8243; href=&#8220;\/metrologie\/&#8220;&gt;METROLOGIE&lt;\/a&gt;[\/et_pb_code][\/et_pb_column][et_pb_column type=&#8220;1_3&#8243;][et_pb_code admin_label=&#8220;MOTORVERSUCHE&#8220; global_parent=&#8220;271&#8243; _builder_version=&#8220;3.15&#8243; text_orientation=&#8220;center&#8220;]&lt;a class=&#8220;knopf-racing2&#8243; href=&#8220;\/banc-essai\/&#8220;&gt;VERSUCHSBANKEN&lt;\/a&gt;[\/et_pb_code][\/et_pb_column][\/et_pb_row][et_pb_row global_parent=&#8220;271&#8243; custom_padding=&#8220;0px||0px|&#8220; custom_margin=&#8220;0px||0px|&#8220; _builder_version=&#8220;3.15&#8243;][et_pb_column type=&#8220;1_3&#8243;][et_pb_code admin_label=&#8220;ASSISTANCE  &#8220; global_parent=&#8220;271&#8243; _builder_version=&#8220;3.17.2&#8243; text_orientation=&#8220;center&#8220;]&lt;a class=&#8220;button-racing2&#8243; href=&#8220;\/assistance\/&#8220;&gt;ASSISTANCE CIRCUIT\/RALLYE&lt;\/a&gt;[\/et_pb_code][\/et_pb_column][et_pb_column type=&#8220;1_3&#8243;][\/et_pb_column][et_pb_column type=&#8220;1_3&#8243;][et_pb_code admin_label=&#8220;Motorverk\u00e4ufe&#8220; global_parent=&#8220;271&#8243; _builder_version=&#8220;3.16.1&#8243; text_orientation=&#8220;center&#8220;]&lt;a class=&#8220;knopf-racing2&#8243; href=&#8220;\/verk\u00e4ufe-motoren\/&#8220;&gt;MOTORENVERK\u00c4UFE&lt;\/a&gt;[\/et_pb_code][\/et_pb_column][\/et_pb_row][et_pb_row global_parent=&#8220;271&#8243; _builder_version=&#8220;3.15&#8243; custom_css_before=&#8220;content: %22%22;|| display: inline-block;|| position: absolute;|| background-image: url(\/wp-content\/uploads\/2018\/09\/home-title-bg.png);|| width: 382px;|| height: 382px;|| top: 0;|| left: 50%;|| margin-left: -191px;|| animation: rotate 60s infinite linear;&#8220; custom_css_main_element=&#8220;position: relative;|| margin-top: 0px;|| padding-bottom: 8rem;|| padding-top: 8rem;|| min-height: 350px;|| color: #fff;&#8220; custom_css_after=&#8220;content: %22%22;|| display: inline-block;|| position: absolute;|| background-image: url(\/wp-content\/uploads\/2018\/09\/home-title-after.png);|| width: 142px;|| height: 142px;|| top: -51px;|| left: 50%;|| margin-left: -71px;|| animation: rotate 40s infinite linear;|| animation-direction: reverse;|| -webkit-animation-direction: reverse;|| -moz-animation-direction: reverse;&#8220;][et_pb_column type=&#8220;4_4&#8243;][et_pb_text global_parent=&#8220;271&#8243; _builder_version=&#8220;3.15&#8243; header_text_align=&#8220;center&#8220; header_text_color=&#8220;#ffffff&#8220; header_2_text_align=&#8220;center&#8220; header_2_text_color=&#8220;#ffffff&#8220;]<\/p>\n<p><img loading=\"lazy\" decoding=\"async\" class=\"size-full wp-image-53 aligncenter\" src=\"https:\/\/www.lorrtec.com\/wp-content\/uploads\/2018\/10\/logo-lorrtec-seul.png\" alt=\"LORRTEC\" width=\"299\" height=\"58\"><\/p>\n<h2>MOTORIST<\/h2>\n<h2>WETTBEWERB &amp; SAMMLUNG<\/h2>\n<p>[\/et_pb_text][\/et_pb_column][\/et_pb_row][\/et_pb_section]<\/p>\n","protected":false},"excerpt":{"rendered":"<p>VERKAUF von MOTOREN WETTBEWERB &amp; SAMMLUNG LORRTEC ist Spezialist f\u00fcr bestimmte Motoren: Ford Pinto, Ford Cosworth BDA\/BDG, Ford Sierra und Escort Cosworth YB und BMW M3 S14, so dass wir Serienmotoren oder einbaufertig vorbereitete Motoren zum Verkauf anbieten k\u00f6nnen, die sofort verf\u00fcgbar sind. Mit diesem Service brauchen Sie nicht zu warten, bis Ihr Motor von [&hellip;]<\/p>\n","protected":false},"author":1,"featured_media":0,"parent":0,"menu_order":0,"comment_status":"closed","ping_status":"closed","template":"","meta":{"_et_pb_use_builder":"on","_et_pb_old_content":"","_et_gb_content_width":"","footnotes":""},"class_list":["post-2085","page","type-page","status-publish","hentry"],"_links":{"self":[{"href":"https:\/\/www.lorrtec.com\/de\/wp-json\/wp\/v2\/pages\/2085","targetHints":{"allow":["GET"]}}],"collection":[{"href":"https:\/\/www.lorrtec.com\/de\/wp-json\/wp\/v2\/pages"}],"about":[{"href":"https:\/\/www.lorrtec.com\/de\/wp-json\/wp\/v2\/types\/page"}],"author":[{"embeddable":true,"href":"https:\/\/www.lorrtec.com\/de\/wp-json\/wp\/v2\/users\/1"}],"replies":[{"embeddable":true,"href":"https:\/\/www.lorrtec.com\/de\/wp-json\/wp\/v2\/comments?post=2085"}],"version-history":[{"count":2,"href":"https:\/\/www.lorrtec.com\/de\/wp-json\/wp\/v2\/pages\/2085\/revisions"}],"predecessor-version":[{"id":2111,"href":"https:\/\/www.lorrtec.com\/de\/wp-json\/wp\/v2\/pages\/2085\/revisions\/2111"}],"wp:attachment":[{"href":"https:\/\/www.lorrtec.com\/de\/wp-json\/wp\/v2\/media?parent=2085"}],"curies":[{"name":"wp","href":"https:\/\/api.w.org\/{rel}","templated":true}]}}