 {"id":2086,"date":"2023-09-14T07:39:53","date_gmt":"2023-09-14T07:39:53","guid":{"rendered":"https:\/\/www.lorrtec.com\/unterstuetzung-bei-rennstrecken-und-rallyes-datenerfassung-und-analyse\/"},"modified":"2023-09-14T07:40:00","modified_gmt":"2023-09-14T07:40:00","slug":"unterstuetzung-bei-rennstrecken-und-rallyes-datenerfassung-und-analyse","status":"publish","type":"page","link":"https:\/\/www.lorrtec.com\/de\/unterstuetzung-bei-rennstrecken-und-rallyes-datenerfassung-und-analyse\/","title":{"rendered":"Unterst\u00fctzung bei Rennstrecken und Rallyes, Datenerfassung und Analyse"},"content":{"rendered":"<p>[et_pb_section bb_built=&#8220;1&#8243; next_background_color=&#8220;#000000&#8243; _builder_version=&#8220;3.15&#8243; background_image=&#8220;https:\/\/www.lorrtec.com\/wp-content\/uploads\/2018\/09\/bandeau-lorrtec.jpg&#8220; bottom_divider_style=&#8220;arrow&#8220;][et_pb_row custom_css_before_1=&#8220;content: %22%22;|| display: inline-block;|| position: absolute;|| background-image: url(\/wp-content\/uploads\/2018\/09\/home-title-bg.png);|| width: 382px;|| height: 382px;|| top: 0;|| left: 50%;|| margin-left: -191px;|| animation: rotate 60s infinite linear;&#8220; custom_css_main_1=&#8220;position: relative;|| margin-top: 0px;|| padding-bottom: 8rem;|| padding-top: 8rem;|| min-height: 350px;|| color: #fff;&#8220; custom_css_after_1=&#8220;content: %22%22;|| display: inline-block;|| position: absolute;|| background-image: url(\/wp-content\/uploads\/2018\/09\/home-title-after.png);|| width: 142px;|| height: 142px;|| top: -51px;|| left: 50%;|| margin-left: -71px;|| animation: rotate 40s infinite linear;|| animation-direction: reverse;|| -webkit-animation-direction: reverse;|| -moz-animation-direction: reverse;&#8220; _builder_version=&#8220;3.15&#8243; background_size=&#8220;initial&#8220; background_position=&#8220;top_left&#8220; background_repeat=&#8220;repeat&#8220;][et_pb_column type=&#8220;1_2&#8243;][et_pb_text _builder_version=&#8220;3.17.2&#8243; header_font=&#8220;|||on|||||&#8220; header_text_align=&#8220;center&#8220; header_text_color=&#8220;#ffffff&#8220; header_font_size=&#8220;26px&#8220; header_2_text_align=&#8220;center&#8220; header_2_text_color=&#8220;#ffffff&#8220;]<\/p>\n<p><img loading=\"lazy\" decoding=\"async\" class=\"size-full wp-image-53 aligncenter\" src=\"https:\/\/www.lorrtec.com\/wp-content\/uploads\/2018\/10\/logo-lorrtec-seul.png\" alt=\"LORRTEC\" width=\"299\" height=\"58\"><\/p>\n<h1>Unterst\u00fctzung auf Rennstrecken\/Rallyes<\/h1>\n<h1>WETTBEWERB &amp; SAMMLUNG<\/h1>\n<p>[\/et_pb_text][\/et_pb_column][et_pb_column type=&#8220;1_2&#8243;][et_pb_text admin_label=&#8220;pr\u00e9sentation&#8220; _builder_version=&#8220;3.15&#8243; text_text_color=&#8220;#ffffff&#8220; text_font_size=&#8220;18px&#8220; header_text_color=&#8220;#ffffff&#8220; header_2_text_color=&#8220;#ffffff&#8220; header_3_text_color=&#8220;#ffffff&#8220; custom_padding=&#8220;50px|||&#8220;]<\/p>\n<p style=\"text-align: justify;\"><strong>LORRTEC  <\/strong>stellt Ihnen in Frankreich und im Ausland zur Verf\u00fcgung<strong>  qualifizierte Ingenieure und Techniker<\/strong>  um Sie auf Rennstrecken oder bei Rallyes zu unterst\u00fctzen, wenn der Betrieb des Fahrzeugs ein hohes Ma\u00df an technischem K\u00f6nnen erfordert  <strong>(Sportprototypen der Gruppe C, historische Formel 1, Rallye-Raid &#8230; )<\/strong>  oder bei den gro\u00dfen klassischen Veranstaltungen wie dem  <strong>Historische Tour de Corse<\/strong>  oder  <strong>Klassisches Le Mans<\/strong>.<\/p>\n<p style=\"text-align: justify;\">Es werden Ihnen zahlreiche Leistungen angeboten: Einf\u00fchrung verschiedener Strategien f\u00fcr die Erzielung von Ertr\u00e4gen.<strong>Motoranpassungen zwischen den Tests und dem Rennen,<\/strong>  Optimierung des Verbrauchs und der Leistung in Abh\u00e4ngigkeit von den \u00e4u\u00dferen Bedingungen, \u00c4nderungen und Anpassungen der Motorcharakteristika zur  <strong>den Betrieb des Fahrzeugs erleichtern,  <\/strong>Datenanalyse f\u00fcr  <strong>dem Piloten erm\u00f6glichen, die Leistung zu steigern<\/strong>  ( unterst\u00fctzt durch die Expertise eines Berufspiloten).<\/p>\n<p>[\/et_pb_text][et_pb_gallery gallery_ids=&#8220;2090,2091&#8243; posts_number=&#8220;3&#8243; show_title_and_caption=&#8220;off&#8220; show_pagination=&#8220;off&#8220; _builder_version=&#8220;3.17.2&#8243;]<br \/>\n[\/et_pb_gallery][\/et_pb_column][\/et_pb_row][\/et_pb_section][et_pb_section bb_built=&#8220;1&#8243; _builder_version=&#8220;3.15&#8243; background_color=&#8220;#000000&#8243; background_image=&#8220;https:\/\/www.lorrtec.com\/wp-content\/uploads\/2018\/09\/fond-moteur-droit.png&#8220; prev_background_color=&#8220;#ffffff&#8220; next_background_color=&#8220;#1d1d1d&#8220;][et_pb_row _builder_version=&#8220;3.0.48&#8243; background_size=&#8220;initial&#8220; background_position=&#8220;top_left&#8220; background_repeat=&#8220;repeat&#8220;][et_pb_column type=&#8220;4_4&#8243;][et_pb_text admin_label=&#8220;Pr\u00e9sentation de l&#8217;activit\u00e9 d&#8217;assistance et de suivi de v\u00e9hicules sur circuit de LORRTEC&#8220; _builder_version=&#8220;3.17.2&#8243; text_text_color=&#8220;#ffffff&#8220; header_text_color=&#8220;#ffffff&#8220; header_2_text_align=&#8220;center&#8220; header_2_text_color=&#8220;#ffffff&#8220; header_3_text_color=&#8220;#ffffff&#8220;]<\/p>\n<h2>Vorstellung der T\u00e4tigkeit von LORRTEC im Bereich der Unterst\u00fctzung und Betreuung von Fahrzeugen bei Rallyes und auf Rennstrecken.<\/h2>\n<p>[\/et_pb_text][\/et_pb_column][\/et_pb_row][et_pb_row make_fullwidth=&#8220;on&#8220; _builder_version=&#8220;3.15&#8243;][et_pb_column type=&#8220;1_3&#8243;][et_pb_text admin_label=&#8220;L&#8217;assistance sur piste est un activit\u00e9 m\u00e9connue de LORRTEC&#8220; _builder_version=&#8220;3.17.2&#8243; text_text_color=&#8220;#ffffff&#8220; header_text_color=&#8220;#ffffff&#8220; header_2_text_color=&#8220;#ffffff&#8220; header_3_text_color=&#8220;#ffffff&#8220;]<\/p>\n<p style=\"text-align: justify;\">Interview mit Pierre-Antoine RAMPON (Leiter des Unternehmens LORRTEC) :<\/p>\n<h3 style=\"text-align: justify;\">In welchen F\u00e4llen bieten Sie diese Art von Dienstleistung an?<\/h3>\n<blockquote>\n<p style=\"text-align: justify;\">Wir f\u00fchren haupts\u00e4chlich die Nachverfolgung von Motoren und Arbeiten durch, die intern durchgef\u00fchrt werden. Dabei handelt es sich in der Regel um hochwertige Fahrzeuge mit einer scharfen \u00dcberwachung, weshalb wir z. B. eine gro\u00dfe Anzahl von Sportprototypen der<strong> Gruppe C<\/strong> verfolgen. Wir arbeiten auch an einigen gro\u00dfen historischen Veranstaltungen wie der <strong>historischen Tour de Corse<\/strong>, <strong>Le Mans Classic<\/strong> oder auch im modernen Rallye-Raid mit der <strong>Dakar<\/strong>.<\/p>\n<p style=\"text-align: justify;\">In diesem Fall k\u00fcmmern wir uns um die Betreuung des Motorteils: Berechnung des Verbrauchs, Bestimmung der Leistungsstufen f\u00fcr die Qualifikation und das Rennen. Wir installieren auch Datenerfassungssysteme, die mit Videos gekoppelt sind (Racelogic Vbox), die es uns erm\u00f6glichen, an den Zwischenzeiten (Runde f\u00fcr Runde) zu arbeiten und so dem Fahrer einen schnelleren Fortschritt zu erm\u00f6glichen. Wir f\u00fchren Leistungen \u00e0 la carte durch.<\/p>\n<\/blockquote>\n<p>[\/et_pb_text][\/et_pb_column][et_pb_column type=&#8220;2_3&#8243;][et_pb_image admin_label=&#8220;Jaguar XJR14 sur circuit du Castellet maintenance sur piste&#8220; src=&#8220;https:\/\/www.lorrtec.com\/wp-content\/uploads\/2018\/10\/Jaguar-XJR14-Castellet-maintenance-sur-piste.jpg&#8220; alt=&#8220;Jaguar XJR14 auf der Rennstrecke von Le Castellet Wartung auf der Rennstrecke&#8220; show_in_lightbox=&#8220;on&#8220; _builder_version=&#8220;3.17.2&#8243;]<br \/>\n[\/et_pb_image][\/et_pb_column][\/et_pb_row][et_pb_row _builder_version=&#8220;3.0.48&#8243; background_size=&#8220;initial&#8220; background_position=&#8220;top_left&#8220; background_repeat=&#8220;repeat&#8220;][et_pb_column type=&#8220;1_2&#8243;][et_pb_text admin_label=&#8220;Quels sont les avantages d&#8217;un bo\u00eetier MOTEC par rapport \u00e0 un bo\u00eetier \u00e9lectronique d&#8217;origine ?&#8220; _builder_version=&#8220;3.15&#8243; text_text_color=&#8220;#ffffff&#8220; header_text_color=&#8220;#ffffff&#8220; header_2_text_color=&#8220;#ffffff&#8220; header_3_text_color=&#8220;#ffffff&#8220;]<\/p>\n<h3><\/h3>\n<p>[\/et_pb_text][\/et_pb_column][et_pb_column type=&#8220;1_2&#8243;][et_pb_text admin_label=&#8220;DEVIS Texte&#8220; _builder_version=&#8220;3.17.2&#8243; global_module=&#8220;1015&#8243; saved_tabs=&#8220;all&#8220;]<\/p>\n<p style=\"text-align: right;\"><span class=\"fac bouton-racing2\" data-fac=\"L2NvbnRhY3Qv\">DEVIS<\/span><\/p>\n<p>[\/et_pb_text][\/et_pb_column][\/et_pb_row][et_pb_row make_fullwidth=&#8220;on&#8220; _builder_version=&#8220;3.15&#8243;][et_pb_column type=&#8220;1_3&#8243;][et_pb_text admin_label=&#8220;Comment se fait la mise au point ?&#8220; _builder_version=&#8220;3.15&#8243; text_text_color=&#8220;#ffffff&#8220; header_text_color=&#8220;#ffffff&#8220; header_2_text_color=&#8220;#ffffff&#8220; header_3_text_color=&#8220;#ffffff&#8220;]<\/p>\n<h3>Welchen Nutzen haben Sie f\u00fcr den Kunden?<\/h3>\n<blockquote>\n<p style=\"text-align: justify;\">Das Potenzial des Autos und des Motors voll aussch\u00f6pfen!<\/p>\n<p style=\"text-align: justify;\">Mit den modernen technischen Mitteln sind wir in der Lage, die Schwachstellen eines Fahrzeugs und seines Fahrers schnell zu analysieren, und wir k\u00f6nnen das Problem sehr schnell eingrenzen, ohne viele Tests durchf\u00fchren zu m\u00fcssen. Ein Profi-Fahrer und ein &#8222;Gentleman-Driver&#8220; haben an bestimmten, sehr genau festgelegten Stellen einer Rennstrecke Zeitunterschiede. Wir schaffen es, diese Abweichungen zu verringern, indem wir uns auf unsere Analysen st\u00fctzen und mit den Piloten in Dialog treten. Unsere Analysen von Motordaten werden oft durch professionelle Fahrer erg\u00e4nzt, die uns mit ihrem Fachwissen unterst\u00fctzen.<\/p>\n<\/blockquote>\n<p>[\/et_pb_text][\/et_pb_column][et_pb_column type=&#8220;2_3&#8243;][et_pb_image admin_label=&#8220;assistance rallye Raid Maroc&#8220; src=&#8220;https:\/\/www.lorrtec.com\/wp-content\/uploads\/2018\/11\/assistance-rallye-raid-maroc.jpg&#8220; alt=&#8220;Hilfeleistung rallye Raid Marokko&#8220; show_in_lightbox=&#8220;on&#8220; _builder_version=&#8220;3.17.2&#8243;]<br \/>\n[\/et_pb_image][\/et_pb_column][\/et_pb_row][et_pb_row make_fullwidth=&#8220;on&#8220; _builder_version=&#8220;3.15&#8243;][et_pb_column type=&#8220;1_3&#8243;][et_pb_text admin_label=&#8220;Comment connecter le bo\u00eetier \u00e0 des capteurs d&#8217;origines ?&#8220; _builder_version=&#8220;3.15&#8243; text_text_color=&#8220;#ffffff&#8220; header_text_color=&#8220;#ffffff&#8220; header_2_text_color=&#8220;#ffffff&#8220; header_3_text_color=&#8220;#ffffff&#8220;]<\/p>\n<h3><\/h3>\n<p>[\/et_pb_text][et_pb_text admin_label=&#8220;DEVIS Texte&#8220; _builder_version=&#8220;3.17.2&#8243; global_module=&#8220;1015&#8243; saved_tabs=&#8220;all&#8220;]<\/p>\n<p style=\"text-align: right;\"><span class=\"fac bouton-racing2\" data-fac=\"L2NvbnRhY3Qv\">DEVIS<\/span><\/p>\n<p>[\/et_pb_text][\/et_pb_column][et_pb_column type=&#8220;2_3&#8243;][et_pb_image admin_label=&#8220;assistance sur piste Lola T296 DIJON PRENOIS acquisition de donn\u00e9es VBOX&#8220; src=&#8220;https:\/\/www.lorrtec.com\/wp-content\/uploads\/2018\/10\/assistance-sur-piste-lola-t296-DIJON-PRENOIS-acquisition-donnees-VBOX.jpg&#8220; alt=&#8220;Unterst\u00fctzung auf der Piste Lola T296 DIJON PRENOIS Datenerfassung VBOX&#8220; show_in_lightbox=&#8220;on&#8220; _builder_version=&#8220;3.17.2&#8243;]<br \/>\n[\/et_pb_image][et_pb_image admin_label=&#8220;groupeC Jaguar Slik Cut voie des stands Spa Francorchamps&#8220; src=&#8220;https:\/\/www.lorrtec.com\/wp-content\/uploads\/2018\/10\/groupeC-jaguar-slik-cut-voie-des-stands-spa-francorchamps-2.jpg&#8220; alt=&#8220;GruppeC Jaguar Slik Cut Boxengasse Spa Francorchamps&#8220; show_in_lightbox=&#8220;on&#8220; _builder_version=&#8220;3.17.2&#8243;]<br \/>\n[\/et_pb_image][et_pb_image admin_label=&#8220;r\u00e9glages moteur Spice Groupe C V8 Cosworth Le Mans classic&#8220; src=&#8220;https:\/\/www.lorrtec.com\/wp-content\/uploads\/2018\/10\/reglages-moteur-spice-groupeC-v8-cosworth-le-mans-classic-1200.jpg&#8220; alt=&#8220;motoreinstellungen Spice Gruppe C V8 Cosworth Le Mans classic&#8220; show_in_lightbox=&#8220;on&#8220; _builder_version=&#8220;3.17.2&#8243;]<br \/>\n[\/et_pb_image][\/et_pb_column][\/et_pb_row][\/et_pb_section][et_pb_section bb_built=&#8220;1&#8243; _builder_version=&#8220;3.15&#8243; background_color=&#8220;#1d1d1d&#8220; background_image=&#8220;https:\/\/www.lorrtec.com\/wp-content\/uploads\/2018\/09\/bandeau-lorrtec.jpg&#8220; prev_background_color=&#8220;#000000&#8243; global_module=&#8220;271&#8243;][et_pb_row global_parent=&#8220;271&#8243; _builder_version=&#8220;3.0.47&#8243; background_size=&#8220;initial&#8220; background_position=&#8220;top_left&#8220; background_repeat=&#8220;repeat&#8220;][et_pb_column type=&#8220;4_4&#8243;][et_pb_text admin_label=&#8220;Pr\u00e9sentation de l&#8217;activit\u00e9 d&#8217;installation, et de mise au point de bo\u00eetiers \u00e9lectroniques MOTEC de LORRTEC.&#8220; global_parent=&#8220;271&#8243; _builder_version=&#8220;3.15&#8243; text_text_color=&#8220;#ffffff&#8220; header_text_color=&#8220;#ffffff&#8220; header_2_text_align=&#8220;center&#8220; header_2_text_color=&#8220;#ffffff&#8220; header_3_text_color=&#8220;#ffffff&#8220;]<\/p>\n<h2>Alle Aktivit\u00e4ten von LORRTEC<\/h2>\n<p>[\/et_pb_text][\/et_pb_column][\/et_pb_row][et_pb_row global_parent=&#8220;271&#8243; custom_padding=&#8220;||0px|&#8220; custom_margin=&#8220;||0px|&#8220; _builder_version=&#8220;3.15&#8243;][et_pb_column type=&#8220;1_3&#8243;][et_pb_code admin_label=&#8220;PLANUNGSB\u00dcRO&#8220; global_parent=&#8220;271&#8243; _builder_version=&#8220;3.15&#8243; text_orientation=&#8220;center&#8220;]&lt;a class=&#8220;knopf-racing2&#8243; href=&#8220;\/bureau-etudes-moteur\/&#8220;&gt;BUREAU D&#8217;ETUDES&lt;\/a&gt;[\/et_pb_code][\/et_pb_column][et_pb_column type=&#8220;1_3&#8243;][et_pb_code admin_label=&#8220;MONTAGE DES MOTORS&#8220; global_parent=&#8220;271&#8243; _builder_version=&#8220;3.15&#8243; text_orientation=&#8220;center&#8220;]&lt;a class=&#8220;knopf-racing2&#8243; href=&#8220;\/montage-motor\/&#8220;&gt;MOTORMONTAGE&lt;\/a&gt;[\/et_pb_code][\/et_pb_column][et_pb_column type=&#8220;1_3&#8243;][et_pb_code admin_label=&#8220;BEARBEITUNG UND AUSWUCHTEN&#8220; global_parent=&#8220;271&#8243; _builder_version=&#8220;3.15&#8243; text_orientation=&#8220;center&#8220;]&lt;a class=&#8220;button-racing2&#8243; href=&#8220;\/usinage-equilibrage-moteur\/&#8220;&gt;USINAGE EQUILIBRATION&lt;\/a&gt;[\/et_pb_code][\/et_pb_column][\/et_pb_row][et_pb_row global_parent=&#8220;271&#8243; custom_padding=&#8220;0px||0px|&#8220; custom_margin=&#8220;0px||0px|&#8220; _builder_version=&#8220;3.15&#8243;][et_pb_column type=&#8220;1_3&#8243;][et_pb_code admin_label=&#8220;ELEKTRONIK UND VERKABELUNG&#8220; global_parent=&#8220;271&#8243; _builder_version=&#8220;3.15&#8243; text_orientation=&#8220;center&#8220;]&lt;a class=&#8220;knopf-racing2&#8243; href=&#8220;\/elektronik-verkabelung\/&#8220;&gt;ELEKTRONIK UND VERKABELUNG&lt;\/a&gt;[\/et_pb_code][\/et_pb_column][et_pb_column type=&#8220;1_3&#8243;][et_pb_code admin_label=&#8220;ORGANB\u00c4NKE&#8220; global_parent=&#8220;271&#8243; _builder_version=&#8220;3.15&#8243; text_orientation=&#8220;center&#8220;]&lt;a class=&#8220;knopf-racing2&#8243; href=&#8220;\/metrologie\/&#8220;&gt;METROLOGIE&lt;\/a&gt;[\/et_pb_code][\/et_pb_column][et_pb_column type=&#8220;1_3&#8243;][et_pb_code admin_label=&#8220;MOTORVERSUCHE&#8220; global_parent=&#8220;271&#8243; _builder_version=&#8220;3.15&#8243; text_orientation=&#8220;center&#8220;]&lt;a class=&#8220;knopf-racing2&#8243; href=&#8220;\/banc-essai\/&#8220;&gt;VERSUCHSBANKEN&lt;\/a&gt;[\/et_pb_code][\/et_pb_column][\/et_pb_row][et_pb_row global_parent=&#8220;271&#8243; custom_padding=&#8220;0px||0px|&#8220; custom_margin=&#8220;0px||0px|&#8220; _builder_version=&#8220;3.15&#8243;][et_pb_column type=&#8220;1_3&#8243;][et_pb_code admin_label=&#8220;ASSISTANCE  &#8220; global_parent=&#8220;271&#8243; _builder_version=&#8220;3.17.2&#8243; text_orientation=&#8220;center&#8220;]&lt;a class=&#8220;button-racing2&#8243; href=&#8220;\/assistance\/&#8220;&gt;ASSISTANCE CIRCUIT\/RALLYE&lt;\/a&gt;[\/et_pb_code][\/et_pb_column][et_pb_column type=&#8220;1_3&#8243;][\/et_pb_column][et_pb_column type=&#8220;1_3&#8243;][et_pb_code admin_label=&#8220;Motorverk\u00e4ufe&#8220; global_parent=&#8220;271&#8243; _builder_version=&#8220;3.16.1&#8243; text_orientation=&#8220;center&#8220;]&lt;a class=&#8220;knopf-racing2&#8243; href=&#8220;\/verk\u00e4ufe-motoren\/&#8220;&gt;MOTORENVERK\u00c4UFE&lt;\/a&gt;[\/et_pb_code][\/et_pb_column][\/et_pb_row][et_pb_row global_parent=&#8220;271&#8243; _builder_version=&#8220;3.15&#8243; custom_css_before=&#8220;content: %22%22;|| display: inline-block;|| position: absolute;|| background-image: url(\/wp-content\/uploads\/2018\/09\/home-title-bg.png);|| width: 382px;|| height: 382px;|| top: 0;|| left: 50%;|| margin-left: -191px;|| animation: rotate 60s infinite linear;&#8220; custom_css_main_element=&#8220;position: relative;|| margin-top: 0px;|| padding-bottom: 8rem;|| padding-top: 8rem;|| min-height: 350px;|| color: #fff;&#8220; custom_css_after=&#8220;content: %22%22;|| display: inline-block;|| position: absolute;|| background-image: url(\/wp-content\/uploads\/2018\/09\/home-title-after.png);|| width: 142px;|| height: 142px;|| top: -51px;|| left: 50%;|| margin-left: -71px;|| animation: rotate 40s infinite linear;|| animation-direction: reverse;|| -webkit-animation-direction: reverse;|| -moz-animation-direction: reverse;&#8220;][et_pb_column type=&#8220;4_4&#8243;][et_pb_text global_parent=&#8220;271&#8243; _builder_version=&#8220;3.15&#8243; header_text_align=&#8220;center&#8220; header_text_color=&#8220;#ffffff&#8220; header_2_text_align=&#8220;center&#8220; header_2_text_color=&#8220;#ffffff&#8220;]<\/p>\n<p><img loading=\"lazy\" decoding=\"async\" class=\"size-full wp-image-53 aligncenter\" src=\"https:\/\/www.lorrtec.com\/wp-content\/uploads\/2018\/10\/logo-lorrtec-seul.png\" alt=\"LORRTEC\" width=\"299\" height=\"58\"><\/p>\n<h2>MOTORIST<\/h2>\n<h2>WETTBEWERB &amp; SAMMLUNG<\/h2>\n<p>[\/et_pb_text][\/et_pb_column][\/et_pb_row][\/et_pb_section]<\/p>\n","protected":false},"excerpt":{"rendered":"<p>Unterst\u00fctzung auf Rennstrecken\/Rallyes WETTBEWERB &amp; SAMMLUNG LORRTEC stellt Ihnen in Frankreich und im Ausland zur Verf\u00fcgung qualifizierte Ingenieure und Techniker um Sie auf Rennstrecken oder bei Rallyes zu unterst\u00fctzen, wenn der Betrieb des Fahrzeugs ein hohes Ma\u00df an technischem K\u00f6nnen erfordert (Sportprototypen der Gruppe C, historische Formel 1, Rallye-Raid &#8230; ) oder bei den gro\u00dfen [&hellip;]<\/p>\n","protected":false},"author":1,"featured_media":0,"parent":0,"menu_order":0,"comment_status":"closed","ping_status":"closed","template":"","meta":{"_et_pb_use_builder":"on","_et_pb_old_content":"","_et_gb_content_width":"","footnotes":""},"class_list":["post-2086","page","type-page","status-publish","hentry"],"_links":{"self":[{"href":"https:\/\/www.lorrtec.com\/de\/wp-json\/wp\/v2\/pages\/2086","targetHints":{"allow":["GET"]}}],"collection":[{"href":"https:\/\/www.lorrtec.com\/de\/wp-json\/wp\/v2\/pages"}],"about":[{"href":"https:\/\/www.lorrtec.com\/de\/wp-json\/wp\/v2\/types\/page"}],"author":[{"embeddable":true,"href":"https:\/\/www.lorrtec.com\/de\/wp-json\/wp\/v2\/users\/1"}],"replies":[{"embeddable":true,"href":"https:\/\/www.lorrtec.com\/de\/wp-json\/wp\/v2\/comments?post=2086"}],"version-history":[{"count":3,"href":"https:\/\/www.lorrtec.com\/de\/wp-json\/wp\/v2\/pages\/2086\/revisions"}],"predecessor-version":[{"id":2114,"href":"https:\/\/www.lorrtec.com\/de\/wp-json\/wp\/v2\/pages\/2086\/revisions\/2114"}],"wp:attachment":[{"href":"https:\/\/www.lorrtec.com\/de\/wp-json\/wp\/v2\/media?parent=2086"}],"curies":[{"name":"wp","href":"https:\/\/api.w.org\/{rel}","templated":true}]}}