 {"id":2087,"date":"2023-09-14T07:39:53","date_gmt":"2023-09-14T07:39:53","guid":{"rendered":"https:\/\/www.lorrtec.com\/motormontage-lorrtec-motorist-rennsport-und-sammlerstuecke\/"},"modified":"2023-09-14T07:40:00","modified_gmt":"2023-09-14T07:40:00","slug":"motormontage-lorrtec-motorist-rennsport-und-sammlerstuecke","status":"publish","type":"page","link":"https:\/\/www.lorrtec.com\/de\/motormontage-lorrtec-motorist-rennsport-und-sammlerstuecke\/","title":{"rendered":"Motormontage &#8211; LORRTEC Motorist Rennsport und Sammlerst\u00fccke"},"content":{"rendered":"<p>[et_pb_section fb_built=&#8220;1&#8243; next_background_color=&#8220;#000000&#8243; _builder_version=&#8220;3.15&#8243; background_image=&#8220;https:\/\/www.lorrtec.com\/wp-content\/uploads\/2018\/09\/bandeau-lorrtec.jpg&#8220; bottom_divider_style=&#8220;arrow&#8220;][et_pb_row custom_css_before_1=&#8220;content: %22%22;|| display: inline-block;|| position: absolute;|| background-image: url(\/wp-content\/uploads\/2018\/09\/home-title-bg.png);|| width: 382px;|| height: 382px;|| top: 0;|| left: 50%;|| margin-left: -191px;|| animation: rotate 60s infinite linear;&#8220; custom_css_main_1=&#8220;position: relative;|| margin-top: 0px;|| padding-bottom: 8rem;|| padding-top: 8rem;|| min-height: 350px;|| color: #fff;&#8220; custom_css_after_1=&#8220;content: %22%22;|| display: inline-block;|| position: absolute;|| background-image: url(\/wp-content\/uploads\/2018\/09\/home-title-after.png);|| width: 142px;|| height: 142px;|| top: -51px;|| left: 50%;|| margin-left: -71px;|| animation: rotate 40s infinite linear;|| animation-direction: reverse;|| -webkit-animation-direction: reverse;|| -moz-animation-direction: reverse;&#8220; _builder_version=&#8220;3.15&#8243; background_size=&#8220;initial&#8220; background_position=&#8220;top_left&#8220; background_repeat=&#8220;repeat&#8220;][et_pb_column type=&#8220;1_2&#8243; _builder_version=&#8220;3.0.47&#8243; custom_css_before=&#8220;content: %22%22;|| display: inline-block;|| position: absolute;|| background-image: url(\/wp-content\/uploads\/2018\/09\/home-title-bg.png);|| width: 382px;|| height: 382px;|| top: 0;|| left: 50%;|| margin-left: -191px;|| animation: rotate 60s infinite linear;&#8220; custom_css_after=&#8220;content: %22%22;|| display: inline-block;|| position: absolute;|| background-image: url(\/wp-content\/uploads\/2018\/09\/home-title-after.png);|| width: 142px;|| height: 142px;|| top: -51px;|| left: 50%;|| margin-left: -71px;|| animation: rotate 40s infinite linear;|| animation-direction: reverse;|| -webkit-animation-direction: reverse;|| -moz-animation-direction: reverse;&#8220; parallax=&#8220;off&#8220; parallax_method=&#8220;on&#8220; custom_css_main=&#8220;position: relative;|| margin-top: 0px;|| padding-bottom: 8rem;|| padding-top: 8rem;|| min-height: 350px;|| color: #fff;&#8220;][et_pb_text _builder_version=&#8220;3.15&#8243; header_font=&#8220;|||on|||||&#8220; header_text_align=&#8220;center&#8220; header_text_color=&#8220;#ffffff&#8220; header_font_size=&#8220;26px&#8220; header_2_text_align=&#8220;center&#8220; header_2_text_color=&#8220;#ffffff&#8220;]<img loading=\"lazy\" decoding=\"async\" class=\"size-full wp-image-53 aligncenter\" src=\"https:\/\/www.lorrtec.com\/wp-content\/uploads\/2018\/10\/logo-lorrtec-seul.png\" alt=\"LORRTEC\" width=\"299\" height=\"58\"><\/p>\n<h1>Montage von Motoren<\/h1>\n<h1>SERIE, WETTBEWERB &amp; SAMMLUNG<\/h1>\n<p>[\/et_pb_text][\/et_pb_column][et_pb_column type=&#8220;1_2&#8243; _builder_version=&#8220;3.0.47&#8243; parallax=&#8220;off&#8220; parallax_method=&#8220;on&#8220;][et_pb_text admin_label=&#8220;pr\u00e9sentation&#8220; _builder_version=&#8220;3.15&#8243; text_text_color=&#8220;#ffffff&#8220; text_font_size=&#8220;18px&#8220; header_text_color=&#8220;#ffffff&#8220; header_2_text_color=&#8220;#ffffff&#8220; header_3_text_color=&#8220;#ffffff&#8220; custom_padding=&#8220;50px|||&#8220;]<\/p>\n<p style=\"text-align: justify;\"><strong>Jeder LORRTEC-Motor<\/strong> ist das Ergebnis eines rigorosen Zusammenbaus nach allen Regeln der Kunst: Alle Teile werden kontrolliert und bei Bedarf ausgetauscht, neu hergestellt und\/oder optimiert. Die Motoren werden dann auf unseren verschiedenen Pr\u00fcfst\u00e4nden validiert.<\/p>\n<p>&nbsp;<\/p>\n<p>[\/et_pb_text][et_pb_gallery gallery_ids=&#8220;126,194&#8243; posts_number=&#8220;3&#8243; show_title_and_caption=&#8220;off&#8220; show_pagination=&#8220;off&#8220; _builder_version=&#8220;3.15&#8243;]&nbsp;<br \/>\n[\/et_pb_gallery][\/et_pb_column][\/et_pb_row][\/et_pb_section][et_pb_section fb_built=&#8220;1&#8243; _builder_version=&#8220;3.15&#8243; background_color=&#8220;#000000&#8243; background_image=&#8220;https:\/\/www.lorrtec.com\/wp-content\/uploads\/2018\/09\/fond-moteur-droit.png&#8220; locked=&#8220;off&#8220;][et_pb_row _builder_version=&#8220;3.0.48&#8243; background_size=&#8220;initial&#8220; background_position=&#8220;top_left&#8220; background_repeat=&#8220;repeat&#8220;][et_pb_column type=&#8220;4_4&#8243; _builder_version=&#8220;3.0.47&#8243; parallax=&#8220;off&#8220; parallax_method=&#8220;on&#8220;][et_pb_text admin_label=&#8220;Pr\u00e9sentation de l&#8217;activit\u00e9 d&#8217;installation, et de mise au point de bo\u00eetiers \u00e9lectroniques MOTEC de LORRTEC.&#8220; _builder_version=&#8220;3.15&#8243; text_text_color=&#8220;#ffffff&#8220; header_text_color=&#8220;#ffffff&#8220; header_2_text_align=&#8220;center&#8220; header_2_text_color=&#8220;#ffffff&#8220; header_3_text_color=&#8220;#ffffff&#8220;]<\/p>\n<h2>Vorstellung der Motorenmontage bei LORRTEC<\/h2>\n<p>[\/et_pb_text][\/et_pb_column][\/et_pb_row][et_pb_row make_fullwidth=&#8220;on&#8220; _builder_version=&#8220;3.15&#8243;][et_pb_column type=&#8220;1_3&#8243; _builder_version=&#8220;3.0.47&#8243; parallax=&#8220;off&#8220; parallax_method=&#8220;on&#8220;][et_pb_text admin_label=&#8220;Les bo\u00eetiers \u00e9lectroniques MOTEC&#8220; _builder_version=&#8220;3.15&#8243; text_text_color=&#8220;#ffffff&#8220; header_text_color=&#8220;#ffffff&#8220; header_2_text_color=&#8220;#ffffff&#8220; header_3_text_color=&#8220;#ffffff&#8220;]<\/p>\n<h3 style=\"text-align: justify;\">Serienm\u00e4\u00dfige Motoren<\/h3>\n<blockquote>\n<p style=\"text-align: justify;\">Bei Serienmotoren bringt Ihnen die fachgerechte Montage in unserer Werkstatt einen Leistungszuwachs und eine hohe Zuverl\u00e4ssigkeit.<\/p>\n<\/blockquote>\n<h3 style=\"text-align: justify;\">Sammelmotoren<\/h3>\n<blockquote>\n<p style=\"text-align: justify;\">Bei Oldtimer-Motoren wird durch Reverse Engineering das gesamte Know-how der damaligen Zeit gewahrt. Mithilfe der heutigen Technologien und Methoden stellen wir Motoren her, die zuverl\u00e4ssiger und genauso leistungsf\u00e4hig sind wie die urspr\u00fcnglichen Motoren, wobei wir gleichzeitig das epochale Aussehen dieser Motoren, an dem wir festhalten, bewahren.<\/p>\n<\/blockquote>\n<h3 style=\"text-align: justify;\">Motoren f\u00fcr den Wettbewerb<\/h3>\n<blockquote>\n<p style=\"text-align: justify;\">In einem Wettbewerbsmotor sind oft spezielle Teile eingebaut, die viel komplexer und teurer sind als die eines Serienmotors. In enger Zusammenarbeit mit unserem Konstruktionsb\u00fcro f\u00fchren unsere Motorentechniker den perfekten Zusammenbau des Motors nach einem genauen Lastenheft durch.<\/p>\n<\/blockquote>\n<p>[\/et_pb_text][\/et_pb_column][et_pb_column type=&#8220;2_3&#8243; _builder_version=&#8220;3.0.47&#8243; parallax=&#8220;off&#8220; parallax_method=&#8220;on&#8220;][et_pb_image src=&#8220;https:\/\/www.lorrtec.com\/wp-content\/uploads\/2018\/09\/montage-moteur-lancia-delta-16S-hf-4WD-grA.jpg&#8220; alt=&#8220;einbau eines motors von Lancia Delta 16S HF 4WD grA&#8220; show_in_lightbox=&#8220;on&#8220; admin_label=&#8220;Montage d&#8217;un moteur BMW S42&#8243; _builder_version=&#8220;3.15&#8243;]&nbsp;<br \/>\n[\/et_pb_image][et_pb_image src=&#8220;https:\/\/www.lorrtec.com\/wp-content\/uploads\/2018\/09\/fin-montage-moteur-ford-cosworth-bdg-lorrtec.jpg&#8220; alt=&#8220;Fertigstellung der Montage eines neuen Ford Cosworth BDG-Motors&#8220; show_in_lightbox=&#8220;on&#8220; admin_label=&#8220;Fin de montage d&#8217;un moteur Ford Cosworth BDG neuf&#8220; _builder_version=&#8220;3.17.2&#8243;]&nbsp;<br \/>\n[\/et_pb_image][\/et_pb_column][\/et_pb_row][et_pb_row _builder_version=&#8220;3.0.48&#8243; background_size=&#8220;initial&#8220; background_position=&#8220;top_left&#8220; background_repeat=&#8220;repeat&#8220;][et_pb_column type=&#8220;1_2&#8243; _builder_version=&#8220;3.0.47&#8243; parallax=&#8220;off&#8220; parallax_method=&#8220;on&#8220;][et_pb_text admin_label=&#8220;Quels sont les avantages d&#8217;un bo\u00eetier MOTEC par rapport \u00e0 un bo\u00eetier \u00e9lectronique d&#8217;origine ?&#8220; _builder_version=&#8220;3.15&#8243; text_text_color=&#8220;#ffffff&#8220; header_text_color=&#8220;#ffffff&#8220; header_2_text_color=&#8220;#ffffff&#8220; header_3_text_color=&#8220;#ffffff&#8220;][\/et_pb_text][\/et_pb_column][et_pb_column type=&#8220;1_2&#8243; _builder_version=&#8220;3.0.47&#8243; parallax=&#8220;off&#8220; parallax_method=&#8220;on&#8220;][et_pb_text admin_label=&#8220;Quels sont les avantages d&#8217;un bo\u00eetier MOTEC par rapport \u00e0 un bo\u00eetier \u00e9lectronique d&#8217;origine ?&#8220; _builder_version=&#8220;3.15&#8243; text_text_color=&#8220;#ffffff&#8220; header_text_color=&#8220;#ffffff&#8220; header_2_text_color=&#8220;#ffffff&#8220; header_3_text_color=&#8220;#ffffff&#8220;]<\/p>\n<h3>Ford Cosworth BDG-Motor<\/h3>\n<p>[\/et_pb_text][et_pb_text admin_label=&#8220;DEVIS Texte&#8220; _builder_version=&#8220;3.17.2&#8243; global_module=&#8220;1015&#8243; saved_tabs=&#8220;all&#8220;]<\/p>\n<p style=\"text-align: right;\"><span class=\"fac bouton-racing2\" data-fac=\"L2NvbnRhY3Qv\">DEVIS<\/span><\/p>\n<p>[\/et_pb_text][\/et_pb_column][\/et_pb_row][et_pb_row make_fullwidth=&#8220;on&#8220; _builder_version=&#8220;3.15&#8243;][et_pb_column type=&#8220;1_3&#8243; _builder_version=&#8220;3.0.47&#8243; parallax=&#8220;off&#8220; parallax_method=&#8220;on&#8220;][et_pb_text admin_label=&#8220;Comment se fait la mise au point ?&#8220; _builder_version=&#8220;3.15&#8243; text_text_color=&#8220;#ffffff&#8220; header_text_color=&#8220;#ffffff&#8220; header_2_text_color=&#8220;#ffffff&#8220; header_3_text_color=&#8220;#ffffff&#8220;]<\/p>\n<h3>Motor Escort Cosworth YB Turbo<\/h3>\n<p>[\/et_pb_text][\/et_pb_column][et_pb_column type=&#8220;2_3&#8243; _builder_version=&#8220;3.0.47&#8243; parallax=&#8220;off&#8220; parallax_method=&#8220;on&#8220;][et_pb_image src=&#8220;https:\/\/www.lorrtec.com\/wp-content\/uploads\/2018\/09\/calage-distribution-au-comparateur-lorrtec.jpg&#8220; alt=&#8220;Feinjustierung der Verteilung an der Messuhr by Lorrtec&#8220; show_in_lightbox=&#8220;on&#8220; admin_label=&#8220;Calage de la distribution d&#8217;un moteur Ford Cosworth Turbo&#8220; _builder_version=&#8220;3.17.2&#8243;]&nbsp;<br \/>\n[\/et_pb_image][\/et_pb_column][\/et_pb_row][et_pb_row make_fullwidth=&#8220;on&#8220; _builder_version=&#8220;3.15&#8243;][et_pb_column type=&#8220;1_3&#8243; _builder_version=&#8220;3.0.47&#8243; parallax=&#8220;off&#8220; parallax_method=&#8220;on&#8220;][et_pb_text admin_label=&#8220;Comment connecter le bo\u00eetier \u00e0 des capteurs d&#8217;origines ?&#8220; _builder_version=&#8220;3.15&#8243; text_text_color=&#8220;#ffffff&#8220; header_text_color=&#8220;#ffffff&#8220; header_2_text_color=&#8220;#ffffff&#8220; header_3_text_color=&#8220;#ffffff&#8220;]<\/p>\n<h3>Motor des Jaguar E-Type<\/h3>\n<p>[\/et_pb_text][et_pb_text admin_label=&#8220;DEVIS Texte&#8220; _builder_version=&#8220;3.17.2&#8243; global_module=&#8220;1015&#8243; saved_tabs=&#8220;all&#8220;]<\/p>\n<p style=\"text-align: right;\"><span class=\"fac bouton-racing2\" data-fac=\"L2NvbnRhY3Qv\">DEVIS<\/span><\/p>\n<p>[\/et_pb_text][et_pb_text admin_label=&#8220;Comment connecter le bo\u00eetier \u00e0 des capteurs d&#8217;origines ?&#8220; _builder_version=&#8220;3.15&#8243; text_text_color=&#8220;#ffffff&#8220; header_text_color=&#8220;#ffffff&#8220; header_2_text_color=&#8220;#ffffff&#8220; header_3_text_color=&#8220;#ffffff&#8220;][\/et_pb_text][\/et_pb_column][et_pb_column type=&#8220;2_3&#8243; _builder_version=&#8220;3.0.47&#8243; parallax=&#8220;off&#8220; parallax_method=&#8220;on&#8220;][et_pb_image src=&#8220;https:\/\/www.lorrtec.com\/wp-content\/uploads\/2018\/09\/fin-montage-6-cylindres-jaguar-type-E-lorrtec.jpg&#8220; alt=&#8220;Fertigstellung der Montage eines 3,8L Reihensechszylinders aus dem Jaguar E-Type&#8220; show_in_lightbox=&#8220;on&#8220; admin_label=&#8220;Fin de montage d&#8217;un 6 cylindres en ligne 3,6l de Jaguar Type E&#8220; _builder_version=&#8220;3.17.2&#8243;]&nbsp;<br \/>\n[\/et_pb_image][et_pb_image src=&#8220;https:\/\/www.lorrtec.com\/wp-content\/uploads\/2018\/09\/moteur-ferrari-dyno-6-cylindres-pret-rodage-au-banc-lorrtec.jpg&#8220; alt=&#8220;Ferrari Dino 6-Zylinder-V-Motor bereit zum Einfahren auf dem Motorpr\u00fcfstand&#8220; show_in_lightbox=&#8220;on&#8220; admin_label=&#8220;Moteur Ferrari Dino 6 cylindres en V pr\u00eat pour rodage au banc moteur&#8220; _builder_version=&#8220;3.17.2&#8243;]&nbsp;<br \/>\n[\/et_pb_image][\/et_pb_column][\/et_pb_row][et_pb_row custom_padding=&#8220;15px|0px|26px|0px|false|false&#8220; _builder_version=&#8220;3.0.48&#8243; background_size=&#8220;initial&#8220; background_position=&#8220;top_left&#8220; background_repeat=&#8220;repeat&#8220;][et_pb_column type=&#8220;4_4&#8243; _builder_version=&#8220;3.0.47&#8243; parallax=&#8220;off&#8220; parallax_method=&#8220;on&#8220;][et_pb_text admin_label=&#8220;Pr\u00e9sentation de l&#8217;activit\u00e9 de c\u00e2blage et de r\u00e9alisation de faisceaux de LORRTEC.&#8220; _builder_version=&#8220;3.15&#8243; text_text_color=&#8220;#ffffff&#8220; header_text_color=&#8220;#ffffff&#8220; header_2_text_align=&#8220;center&#8220; header_2_text_color=&#8220;#ffffff&#8220; header_3_text_color=&#8220;#ffffff&#8220;][\/et_pb_text][\/et_pb_column][\/et_pb_row][\/et_pb_section][et_pb_section fb_built=&#8220;1&#8243; _builder_version=&#8220;3.15&#8243; background_color=&#8220;#1d1d1d&#8220; background_image=&#8220;https:\/\/www.lorrtec.com\/wp-content\/uploads\/2018\/09\/bandeau-lorrtec.jpg&#8220; global_module=&#8220;271&#8243;][et_pb_row _builder_version=&#8220;3.0.47&#8243; background_size=&#8220;initial&#8220; background_position=&#8220;top_left&#8220; background_repeat=&#8220;repeat&#8220;][et_pb_column type=&#8220;4_4&#8243; _builder_version=&#8220;3.0.47&#8243; parallax=&#8220;off&#8220; parallax_method=&#8220;on&#8220;][et_pb_text admin_label=&#8220;Pr\u00e9sentation de l&#8217;activit\u00e9 d&#8217;installation, et de mise au point de bo\u00eetiers \u00e9lectroniques MOTEC de LORRTEC.&#8220; _builder_version=&#8220;3.15&#8243; text_text_color=&#8220;#ffffff&#8220; header_text_color=&#8220;#ffffff&#8220; header_2_text_align=&#8220;center&#8220; header_2_text_color=&#8220;#ffffff&#8220; header_3_text_color=&#8220;#ffffff&#8220;]<\/p>\n<h2>Alle Aktivit\u00e4ten von LORRTEC<\/h2>\n<p>[\/et_pb_text][\/et_pb_column][\/et_pb_row][et_pb_row custom_padding=&#8220;||0px|&#8220; custom_margin=&#8220;||0px|&#8220; _builder_version=&#8220;3.15&#8243;][et_pb_column type=&#8220;1_3&#8243; _builder_version=&#8220;3.0.47&#8243; parallax=&#8220;off&#8220; parallax_method=&#8220;on&#8220;][et_pb_code admin_label=&#8220;PLANUNGSB\u00dcRO&#8220; _builder_version=&#8220;3.15&#8243; text_orientation=&#8220;center&#8220;]&lt;a class=&#8220;knopf-racing2&#8243; href=&#8220;\/bureau-etudes-moteur\/&#8220;&gt;BUREAU D&#8217;ETUDES&lt;\/a&gt;[\/et_pb_code][\/et_pb_column][et_pb_column type=&#8220;1_3&#8243; _builder_version=&#8220;3.0.47&#8243; parallax=&#8220;off&#8220; parallax_method=&#8220;on&#8220;][et_pb_code admin_label=&#8220;MONTAGE DES MOTORS&#8220; _builder_version=&#8220;3.15&#8243; text_orientation=&#8220;center&#8220;]&lt;a class=&#8220;knopf-racing2&#8243; href=&#8220;\/montage-motor\/&#8220;&gt;MOTORMONTAGE&lt;\/a&gt;[\/et_pb_code][\/et_pb_column][et_pb_column type=&#8220;1_3&#8243; _builder_version=&#8220;3.0.47&#8243; parallax=&#8220;off&#8220; parallax_method=&#8220;on&#8220;][et_pb_code admin_label=&#8220;BEARBEITUNG UND AUSWUCHTEN&#8220; _builder_version=&#8220;3.15&#8243; text_orientation=&#8220;center&#8220;]&lt;a class=&#8220;button-racing2&#8243; href=&#8220;\/usinage-equilibrage-moteur\/&#8220;&gt;USINAGE EQUILIBRATION&lt;\/a&gt;[\/et_pb_code][\/et_pb_column][\/et_pb_row][et_pb_row custom_padding=&#8220;0px||0px|&#8220; custom_margin=&#8220;0px||0px|&#8220; _builder_version=&#8220;3.15&#8243;][et_pb_column type=&#8220;1_3&#8243; _builder_version=&#8220;3.0.47&#8243; parallax=&#8220;off&#8220; parallax_method=&#8220;on&#8220;][et_pb_code admin_label=&#8220;ELEKTRONIK UND VERKABELUNG&#8220; _builder_version=&#8220;3.15&#8243; text_orientation=&#8220;center&#8220;]&lt;a class=&#8220;knopf-racing2&#8243; href=&#8220;\/elektronik-verkabelung\/&#8220;&gt;ELEKTRONIK UND VERKABELUNG&lt;\/a&gt;[\/et_pb_code][\/et_pb_column][et_pb_column type=&#8220;1_3&#8243; _builder_version=&#8220;3.0.47&#8243; parallax=&#8220;off&#8220; parallax_method=&#8220;on&#8220;][et_pb_code admin_label=&#8220;ORGANB\u00c4NKE&#8220; _builder_version=&#8220;3.15&#8243; text_orientation=&#8220;center&#8220;]&lt;a class=&#8220;knopf-racing2&#8243; href=&#8220;\/metrologie\/&#8220;&gt;METROLOGIE&lt;\/a&gt;[\/et_pb_code][\/et_pb_column][et_pb_column type=&#8220;1_3&#8243; _builder_version=&#8220;3.0.47&#8243; parallax=&#8220;off&#8220; parallax_method=&#8220;on&#8220;][et_pb_code admin_label=&#8220;MOTORVERSUCHE&#8220; _builder_version=&#8220;3.15&#8243; text_orientation=&#8220;center&#8220;]&lt;a class=&#8220;knopf-racing2&#8243; href=&#8220;\/banc-essai\/&#8220;&gt;VERSUCHSBANKEN&lt;\/a&gt;[\/et_pb_code][\/et_pb_column][\/et_pb_row][et_pb_row custom_padding=&#8220;0px||0px|&#8220; custom_margin=&#8220;0px||0px|&#8220; _builder_version=&#8220;3.15&#8243;][et_pb_column type=&#8220;1_3&#8243; _builder_version=&#8220;3.0.47&#8243; parallax=&#8220;off&#8220; parallax_method=&#8220;on&#8220;][et_pb_code admin_label=&#8220;ASSISTANCE  &#8220; _builder_version=&#8220;3.17.2&#8243; text_orientation=&#8220;center&#8220;]&lt;a class=&#8220;button-racing2&#8243; href=&#8220;\/assistance\/&#8220;&gt;ASSISTANCE CIRCUIT\/RALLYE&lt;\/a&gt;[\/et_pb_code][\/et_pb_column][et_pb_column type=&#8220;1_3&#8243; _builder_version=&#8220;3.0.47&#8243; parallax=&#8220;off&#8220; parallax_method=&#8220;on&#8220;][\/et_pb_column][et_pb_column type=&#8220;1_3&#8243; _builder_version=&#8220;3.0.47&#8243; parallax=&#8220;off&#8220; parallax_method=&#8220;on&#8220;][et_pb_code admin_label=&#8220;Motorverk\u00e4ufe&#8220; _builder_version=&#8220;3.16.1&#8243; text_orientation=&#8220;center&#8220;]&lt;a class=&#8220;knopf-racing2&#8243; href=&#8220;\/verk\u00e4ufe-motoren\/&#8220;&gt;MOTORENVERK\u00c4UFE&lt;\/a&gt;[\/et_pb_code][\/et_pb_column][\/et_pb_row][et_pb_row _builder_version=&#8220;3.15&#8243; custom_css_before=&#8220;content: %22%22;|| display: inline-block;|| position: absolute;|| background-image: url(\/wp-content\/uploads\/2018\/09\/home-title-bg.png);|| width: 382px;|| height: 382px;|| top: 0;|| left: 50%;|| margin-left: -191px;|| animation: rotate 60s infinite linear;&#8220; custom_css_main_element=&#8220;position: relative;|| margin-top: 0px;|| padding-bottom: 8rem;|| padding-top: 8rem;|| min-height: 350px;|| color: #fff;&#8220; custom_css_after=&#8220;content: %22%22;|| display: inline-block;|| position: absolute;|| background-image: url(\/wp-content\/uploads\/2018\/09\/home-title-after.png);|| width: 142px;|| height: 142px;|| top: -51px;|| left: 50%;|| margin-left: -71px;|| animation: rotate 40s infinite linear;|| animation-direction: reverse;|| -webkit-animation-direction: reverse;|| -moz-animation-direction: reverse;&#8220;][et_pb_column type=&#8220;4_4&#8243; _builder_version=&#8220;3.0.47&#8243; parallax=&#8220;off&#8220; parallax_method=&#8220;on&#8220;][et_pb_text _builder_version=&#8220;3.15&#8243; header_text_align=&#8220;center&#8220; header_text_color=&#8220;#ffffff&#8220; header_2_text_align=&#8220;center&#8220; header_2_text_color=&#8220;#ffffff&#8220;]<\/p>\n<p><img loading=\"lazy\" decoding=\"async\" class=\"size-full wp-image-53 aligncenter\" src=\"https:\/\/www.lorrtec.com\/wp-content\/uploads\/2018\/10\/logo-lorrtec-seul.png\" alt=\"LORRTEC\" width=\"299\" height=\"58\"><\/p>\n<h2>MOTORIST<\/h2>\n<h2>WETTBEWERB &amp; SAMMLUNG<\/h2>\n<p>[\/et_pb_text][\/et_pb_column][\/et_pb_row][\/et_pb_section]<\/p>\n","protected":false},"excerpt":{"rendered":"<p>Montage von Motoren SERIE, WETTBEWERB &amp; SAMMLUNG Jeder LORRTEC-Motor ist das Ergebnis eines rigorosen Zusammenbaus nach allen Regeln der Kunst: Alle Teile werden kontrolliert und bei Bedarf ausgetauscht, neu hergestellt und\/oder optimiert. Die Motoren werden dann auf unseren verschiedenen Pr\u00fcfst\u00e4nden validiert. &nbsp;&nbsp; Vorstellung der Motorenmontage bei LORRTECSerienm\u00e4\u00dfige Motoren Bei Serienmotoren bringt Ihnen die fachgerechte Montage [&hellip;]<\/p>\n","protected":false},"author":1,"featured_media":0,"parent":0,"menu_order":0,"comment_status":"closed","ping_status":"closed","template":"","meta":{"_et_pb_use_builder":"on","_et_pb_old_content":"","_et_gb_content_width":"","footnotes":""},"class_list":["post-2087","page","type-page","status-publish","hentry"],"_links":{"self":[{"href":"https:\/\/www.lorrtec.com\/de\/wp-json\/wp\/v2\/pages\/2087","targetHints":{"allow":["GET"]}}],"collection":[{"href":"https:\/\/www.lorrtec.com\/de\/wp-json\/wp\/v2\/pages"}],"about":[{"href":"https:\/\/www.lorrtec.com\/de\/wp-json\/wp\/v2\/types\/page"}],"author":[{"embeddable":true,"href":"https:\/\/www.lorrtec.com\/de\/wp-json\/wp\/v2\/users\/1"}],"replies":[{"embeddable":true,"href":"https:\/\/www.lorrtec.com\/de\/wp-json\/wp\/v2\/comments?post=2087"}],"version-history":[{"count":2,"href":"https:\/\/www.lorrtec.com\/de\/wp-json\/wp\/v2\/pages\/2087\/revisions"}],"predecessor-version":[{"id":2104,"href":"https:\/\/www.lorrtec.com\/de\/wp-json\/wp\/v2\/pages\/2087\/revisions\/2104"}],"wp:attachment":[{"href":"https:\/\/www.lorrtec.com\/de\/wp-json\/wp\/v2\/media?parent=2087"}],"curies":[{"name":"wp","href":"https:\/\/api.w.org\/{rel}","templated":true}]}}