 {"id":2089,"date":"2023-09-14T07:39:54","date_gmt":"2023-09-14T07:39:54","guid":{"rendered":"https:\/\/www.lorrtec.com\/ein-motorpruefstand-und-ein-fahrzeugpruefstand-fuer-ihre-leistung\/"},"modified":"2023-09-14T07:40:00","modified_gmt":"2023-09-14T07:40:00","slug":"ein-motorpruefstand-und-ein-fahrzeugpruefstand-fuer-ihre-leistung","status":"publish","type":"page","link":"https:\/\/www.lorrtec.com\/de\/ein-motorpruefstand-und-ein-fahrzeugpruefstand-fuer-ihre-leistung\/","title":{"rendered":"Ein Motorpr\u00fcfstand und ein Fahrzeugpr\u00fcfstand f\u00fcr Ihre Leistung"},"content":{"rendered":"<p>[et_pb_section fb_built=&#8220;1&#8243; next_background_color=&#8220;#000000&#8243; _builder_version=&#8220;3.15&#8243; background_image=&#8220;https:\/\/www.lorrtec.com\/wp-content\/uploads\/2018\/09\/bandeau-lorrtec.jpg&#8220; bottom_divider_style=&#8220;arrow&#8220;][et_pb_row custom_css_before_1=&#8220;content: %22%22;|| display: inline-block;|| position: absolute;|| background-image: url(\/wp-content\/uploads\/2018\/09\/home-title-bg.png);|| width: 382px;|| height: 382px;|| top: 0;|| left: 50%;|| margin-left: -191px;|| animation: rotate 60s infinite linear;&#8220; custom_css_main_1=&#8220;position: relative;|| margin-top: 0px;|| padding-bottom: 8rem;|| padding-top: 8rem;|| min-height: 350px;|| color: #fff;&#8220; custom_css_after_1=&#8220;content: %22%22;|| display: inline-block;|| position: absolute;|| background-image: url(\/wp-content\/uploads\/2018\/09\/home-title-after.png);|| width: 142px;|| height: 142px;|| top: -51px;|| left: 50%;|| margin-left: -71px;|| animation: rotate 40s infinite linear;|| animation-direction: reverse;|| -webkit-animation-direction: reverse;|| -moz-animation-direction: reverse;&#8220; _builder_version=&#8220;3.15&#8243;][et_pb_column type=&#8220;1_2&#8243; _builder_version=&#8220;3.0.47&#8243; parallax=&#8220;off&#8220; parallax_method=&#8220;on&#8220; custom_css_before=&#8220;content: %22%22;|| display: inline-block;|| position: absolute;|| background-image: url(\/wp-content\/uploads\/2018\/09\/home-title-bg.png);|| width: 382px;|| height: 382px;|| top: 0;|| left: 50%;|| margin-left: -191px;|| animation: rotate 60s infinite linear;&#8220; custom_css_main=&#8220;position: relative;|| margin-top: 0px;|| padding-bottom: 8rem;|| padding-top: 8rem;|| min-height: 350px;|| color: #fff;&#8220; custom_css_after=&#8220;content: %22%22;|| display: inline-block;|| position: absolute;|| background-image: url(\/wp-content\/uploads\/2018\/09\/home-title-after.png);|| width: 142px;|| height: 142px;|| top: -51px;|| left: 50%;|| margin-left: -71px;|| animation: rotate 40s infinite linear;|| animation-direction: reverse;|| -webkit-animation-direction: reverse;|| -moz-animation-direction: reverse;&#8220;][et_pb_text _builder_version=&#8220;3.15&#8243; header_font=&#8220;|||on|||||&#8220; header_text_align=&#8220;center&#8220; header_text_color=&#8220;#ffffff&#8220; header_font_size=&#8220;26px&#8220; header_2_text_align=&#8220;center&#8220; header_2_text_color=&#8220;#ffffff&#8220;]<img loading=\"lazy\" decoding=\"async\" class=\"size-full wp-image-53 aligncenter\" src=\"https:\/\/www.lorrtec.com\/wp-content\/uploads\/2018\/10\/logo-lorrtec-seul.png\" alt=\"LORRTEC\" width=\"299\" height=\"58\"><\/p>\n<h1>Motorenpr\u00fcfst\u00e4nde<\/h1>\n<h1>WETTBEWERB &amp; SAMMLUNG<\/h1>\n<p>[\/et_pb_text][\/et_pb_column][et_pb_column type=&#8220;1_2&#8243; _builder_version=&#8220;3.0.47&#8243; parallax=&#8220;off&#8220; parallax_method=&#8220;on&#8220;][et_pb_text admin_label=&#8220;pr\u00e9sentation&#8220; _builder_version=&#8220;3.15&#8243; text_text_color=&#8220;#ffffff&#8220; text_font_size=&#8220;18px&#8220; header_text_color=&#8220;#ffffff&#8220; header_2_text_color=&#8220;#ffffff&#8220; header_3_text_color=&#8220;#ffffff&#8220; custom_padding=&#8220;50px|||&#8220;]<\/p>\n<p style=\"text-align: justify;\"><strong>LORRTEC <\/strong>verf\u00fcgt \u00fcber <strong>zwei<\/strong> <strong>1000-PS-Pr\u00fcfst\u00e4nde<\/strong>, um die Motoren einzustellen und zu perfektionieren:<\/p>\n<ul>\n<li style=\"text-align: justify;\">einen <strong>Motorpr\u00fcfstand<\/strong>, der es erm\u00f6glicht, besonders an der Entwicklung und dem Vergleich verschiedener mechanischer Konfigurationen zu arbeiten.<\/li>\n<li style=\"text-align: justify;\">einen <strong>ROTOTEST-Fahrzeugpr\u00fcfstand<\/strong>, mit dem Fahrzeuge mit Zweirad- oder Allradantrieb mit hoher Genauigkeit und in der tats\u00e4chlichen Nutzungsumgebung gemessen und eingestellt werden k\u00f6nnen.<\/li>\n<\/ul>\n<p>[\/et_pb_text][et_pb_gallery gallery_ids=&#8220;160,163&#8243; posts_number=&#8220;3&#8243; show_title_and_caption=&#8220;off&#8220; show_pagination=&#8220;off&#8220; _builder_version=&#8220;3.15&#8243;][\/et_pb_gallery][\/et_pb_column][\/et_pb_row][\/et_pb_section][et_pb_section fb_built=&#8220;1&#8243; _builder_version=&#8220;3.15&#8243; background_color=&#8220;#000000&#8243; background_image=&#8220;https:\/\/www.lorrtec.com\/wp-content\/uploads\/2018\/09\/fond-moteur-droit.png&#8220;][et_pb_row custom_padding=&#8220;28.15px|0px|22px|0px|false|false&#8220; _builder_version=&#8220;3.0.48&#8243; background_size=&#8220;initial&#8220; background_position=&#8220;top_left&#8220; background_repeat=&#8220;repeat&#8220;][et_pb_column type=&#8220;4_4&#8243; _builder_version=&#8220;3.0.47&#8243; parallax=&#8220;off&#8220; parallax_method=&#8220;on&#8220;][\/et_pb_column][\/et_pb_row][et_pb_row make_fullwidth=&#8220;on&#8220; _builder_version=&#8220;3.15&#8243;][et_pb_column type=&#8220;1_3&#8243; _builder_version=&#8220;3.0.47&#8243; parallax=&#8220;off&#8220; parallax_method=&#8220;on&#8220;][et_pb_text admin_label=&#8220;Les bo\u00eetiers \u00e9lectroniques MOTEC&#8220; _builder_version=&#8220;3.17.2&#8243; text_text_color=&#8220;#ffffff&#8220; header_text_color=&#8220;#ffffff&#8220; header_2_text_color=&#8220;#ffffff&#8220; header_3_text_color=&#8220;#ffffff&#8220;]<\/p>\n<p style=\"text-align: justify;\">Interview mit Pierre-Antoine RAMPON (Leiter des Unternehmens LORRTEC) :<\/p>\n<p style=\"text-align: justify;\">\n<h3 style=\"text-align: justify;\">Beschreiben Sie uns den Motorpr\u00fcfstand?<\/h3>\n<blockquote>\n<p style=\"text-align: justify;\">Mit unserem SCHENCK-Pr\u00fcfstand ex &#8222;Formel 1&#8220; k\u00f6nnen wir alle Arten von Motoren mit Drehzahlen bis zu 18000 U\/min und Leistungen bis zu 1000 PS abstimmen.<\/p>\n<p style=\"text-align: justify;\">Die Motoren werden dann mit zahlreichen Sensoren (Temperatur, Druck, Klopfen, Zylinderdruck &#8230;) ausgestattet, um die Abstimmung unter optimalen Sicherheitsbedingungen durchzuf\u00fchren.<\/p>\n<\/blockquote>\n<h3 style=\"text-align: justify;\">Beschreiben Sie uns den Fahrzeugpr\u00fcfstand?<\/h3>\n<blockquote>\n<p style=\"text-align: justify;\">Der ROTOTEST-Pr\u00fcfstand ist vergleichbar mit einer Reihe von Motorpr\u00fcfst\u00e4nden, die an jedes angetriebene Rad des Fahrzeugs gekoppelt sind. Im Gegensatz zu einem herk\u00f6mmlichen Pr\u00fcfstand (mit Rollen) ist er ein \u00e4u\u00dferst pr\u00e4zises Messinstrument, da die hochaufl\u00f6senden Drehmomentsensoren die Kraft direkt an den Radnaben messen.<\/p>\n<p style=\"text-align: justify;\">Dieser neue Pr\u00fcfstandstyp \u00e4hnelt einem Rollenpr\u00fcfstand, verf\u00fcgt aber \u00fcber eine viel h\u00f6here Genauigkeit und Flexibilit\u00e4t bei den Tests. Zu den wichtigsten Vorteilen geh\u00f6ren der fehlende Schlupf zwischen den R\u00e4dern und dem Pr\u00fcfstand, die sehr geringe Tr\u00e4gheit des Systems sowie eine genaue und unabh\u00e4ngige Messung aller Reibungsverluste.<\/p>\n<p style=\"text-align: justify;\">Au\u00dferdem schadet das System den Reifen nicht und passt sich allen Fahrzeugen unabh\u00e4ngig von der Fahrwerksgeometrie an.<\/p>\n<\/blockquote>\n<p>[\/et_pb_text][\/et_pb_column][et_pb_column type=&#8220;2_3&#8243; _builder_version=&#8220;3.0.47&#8243; parallax=&#8220;off&#8220; parallax_method=&#8220;on&#8220;][et_pb_image src=&#8220;https:\/\/www.lorrtec.com\/wp-content\/uploads\/2018\/09\/jaguar-silc-cut-xrj14-passage-banc-essai-rototest.jpg&#8220; alt=&#8220;Jaguar Silc Cut XRJ14 Durchgang Pr\u00fcfstand ROTOTEST&#8220; show_in_lightbox=&#8220;on&#8220; admin_label=&#8220;Jaguar Silc Cut XRJ14 passage banc d&#8217;essai ROTOTEST&#8220; _builder_version=&#8220;3.15&#8243;][\/et_pb_image][et_pb_image src=&#8220;https:\/\/www.lorrtec.com\/wp-content\/uploads\/2019\/01\/Viper-V10-banc-moteur.png&#8220; alt=&#8220;Durchlauf auf dem Pr\u00fcfstand Rototest und Einstellung eines Porsche 930 Turbo gr4&#8243; show_in_lightbox=&#8220;on&#8220; admin_label=&#8220;passage au banc d&#8217;essai rototest et r\u00e9glage d&#8217;une Porsche 930 Turbo gr4&#8243; _builder_version=&#8220;3.19.4&#8243;][\/et_pb_image][\/et_pb_column][\/et_pb_row][et_pb_row _builder_version=&#8220;3.0.48&#8243; background_size=&#8220;initial&#8220; background_position=&#8220;top_left&#8220; background_repeat=&#8220;repeat&#8220;][et_pb_column type=&#8220;1_2&#8243; _builder_version=&#8220;3.0.47&#8243; parallax=&#8220;off&#8220; parallax_method=&#8220;on&#8220;][et_pb_text admin_label=&#8220;Quels sont les avantages d&#8217;un bo\u00eetier MOTEC par rapport \u00e0 un bo\u00eetier \u00e9lectronique d&#8217;origine ?&#8220; _builder_version=&#8220;3.17.2&#8243; text_text_color=&#8220;#ffffff&#8220; header_text_color=&#8220;#ffffff&#8220; header_2_text_color=&#8220;#ffffff&#8220; header_3_text_color=&#8220;#ffffff&#8220;]<\/p>\n<h3 style=\"text-align: justify;\">Was sind die Vorteile f\u00fcr den Kunden, wenn er ein Fahrzeug auf den Pr\u00fcfstand stellt?<\/h3>\n<blockquote>\n<p style=\"text-align: justify;\">Durch das Durchlaufen des Pr\u00fcfstands wird die Mechanik voll ausgesch\u00f6pft und die Leistung des Motors nach vorgegebenen Zuverl\u00e4ssigkeitskriterien maximal optimiert. Au\u00dferdem kann so die Sicherheit des Motors bei der ersten Fahrt und nach einem oft kostspieligen Umbau des Motors gew\u00e4hrleistet werden, da der mechanische Aspekt dann im Vorfeld auf dem Pr\u00fcfstand validiert wird.<\/p>\n<\/blockquote>\n<p>[\/et_pb_text][\/et_pb_column][et_pb_column type=&#8220;1_2&#8243; _builder_version=&#8220;3.0.47&#8243; parallax=&#8220;off&#8220; parallax_method=&#8220;on&#8220;][et_pb_text admin_label=&#8220;DEVIS Texte&#8220; _builder_version=&#8220;3.17.2&#8243; global_module=&#8220;1015&#8243; saved_tabs=&#8220;all&#8220;]<\/p>\n<p style=\"text-align: right;\"><span class=\"fac bouton-racing2\" data-fac=\"L2NvbnRhY3Qv\">DEVIS<\/span><\/p>\n<p>[\/et_pb_text][\/et_pb_column][\/et_pb_row][et_pb_row make_fullwidth=&#8220;on&#8220; _builder_version=&#8220;3.15&#8243;][et_pb_column type=&#8220;1_3&#8243; _builder_version=&#8220;3.0.47&#8243; parallax=&#8220;off&#8220; parallax_method=&#8220;on&#8220;][et_pb_text admin_label=&#8220;Comment se fait la mise au point ?&#8220; _builder_version=&#8220;3.15&#8243; text_text_color=&#8220;#ffffff&#8220; header_text_color=&#8220;#ffffff&#8220; header_2_text_color=&#8220;#ffffff&#8220; header_3_text_color=&#8220;#ffffff&#8220;]<\/p>\n<h3 style=\"text-align: justify;\">In welchen F\u00e4llen kann ein Auto bei LORRTEC auf den Pr\u00fcfstand gestellt werden?<\/h3>\n<blockquote>\n<p style=\"text-align: justify;\">Wir k\u00f6nnen nach dem Umbau eines Motors Tests auf einem Fahrzeugpr\u00fcfstand durchf\u00fchren, um den Motor einzufahren und seine Funktion zu best\u00e4tigen oder um die Leistung eines bestehenden Motors zu verbessern (Mapping, Feinabstimmung &#8230;).<\/p>\n<\/blockquote>\n<h3>Was sind die Fristen?<\/h3>\n<blockquote>\n<p style=\"text-align: justify;\">1 bis 4 Wochen je nach Jahreszeit.<\/p>\n<\/blockquote>\n<h3 style=\"text-align: justify;\">Welche Arten von Motoren werden auf dem Pr\u00fcfstand eingestellt?<\/h3>\n<blockquote>\n<p style=\"text-align: justify;\">Wir stellen alle Arten von Motoren ein: Benzin- oder Dieselmotoren, mit Vergasern, mit Unterbrecherz\u00fcndung oder elektronischer Z\u00fcndung, mit elektronischer Einspritzung oder auch mit mechanischer Einspritzung (Lucas, Bosch, Kugelfischer, K-Jetronic&#8230;).<\/p>\n<\/blockquote>\n<p>[\/et_pb_text][\/et_pb_column][et_pb_column type=&#8220;2_3&#8243; _builder_version=&#8220;3.0.47&#8243; parallax=&#8220;off&#8220; parallax_method=&#8220;on&#8220;][et_pb_image src=&#8220;https:\/\/www.lorrtec.com\/wp-content\/uploads\/2018\/09\/passage-banc-essai-rototest-mitsubishi-ASX-rallye-raid.jpg&#8220; alt=&#8220;Rototest eines Mitsubishi ASX aus dem Rallye Raid-Programm&#8220; show_in_lightbox=&#8220;on&#8220; admin_label=&#8220;passage au banc d&#8217;essai rototest d&#8217;un Mitsubishi ASX de Rallye Raid&#8220; _builder_version=&#8220;3.15&#8243;][\/et_pb_image][\/et_pb_column][\/et_pb_row][et_pb_row make_fullwidth=&#8220;on&#8220; _builder_version=&#8220;3.15&#8243;][et_pb_column type=&#8220;1_2&#8243; _builder_version=&#8220;3.0.47&#8243; parallax=&#8220;off&#8220; parallax_method=&#8220;on&#8220;][et_pb_text admin_label=&#8220;video 962&#8243; _builder_version=&#8220;3.17.2&#8243; text_text_color=&#8220;#ffffff&#8220;]https:\/\/youtu.be\/j2H1RaICqtk<\/p>\n<p><strong>R\u00e9glage sur le banc d&#8217;une Porsche 962<\/strong><br \/>\n[\/et_pb_text][et_pb_text admin_label=&#8220;Peugeot 205 Turbo 16&#8243; _builder_version=&#8220;3.17.2&#8243; text_text_color=&#8220;#ffffff&#8220;]https:\/\/www.youtube.com\/watch?v=qV6VDtNUdLI<\/p>\n<p><strong>R\u00e9glage sur le banc d&#8217;une Peugeot 205 Turbo 16<\/strong><br \/>\n[\/et_pb_text][\/et_pb_column][et_pb_column type=&#8220;1_2&#8243; _builder_version=&#8220;3.0.47&#8243; parallax=&#8220;off&#8220; parallax_method=&#8220;on&#8220;][et_pb_text admin_label=&#8220;Video905&#8243; _builder_version=&#8220;3.17.2&#8243; text_text_color=&#8220;#ffffff&#8220;]https:\/\/youtu.be\/3n4kFRvZBzI<\/p>\n<p><strong>R\u00e9glage sur le banc d&#8217;une Peugeot 905<\/strong><br \/>\n[\/et_pb_text][et_pb_text admin_label=&#8220;Porsche 6 cylindres \u00e0 plat&#8220; _builder_version=&#8220;3.17.2&#8243; text_text_color=&#8220;#ffffff&#8220;]https:\/\/www.youtube.com\/watch?v=DB42_fVEZeE<\/p>\n<p><strong>R\u00e9glage d&#8217;un moteur Porsche 6 cylindres \u00e0 plat<\/strong><br \/>\n[\/et_pb_text][\/et_pb_column][\/et_pb_row][et_pb_row make_fullwidth=&#8220;on&#8220; _builder_version=&#8220;3.15&#8243;][et_pb_column type=&#8220;1_3&#8243; _builder_version=&#8220;3.0.47&#8243; parallax=&#8220;off&#8220; parallax_method=&#8220;on&#8220;][et_pb_text admin_label=&#8220;Comment connecter le bo\u00eetier \u00e0 des capteurs d&#8217;origines ?&#8220; _builder_version=&#8220;3.15&#8243; text_text_color=&#8220;#ffffff&#8220; header_text_color=&#8220;#ffffff&#8220; header_2_text_color=&#8220;#ffffff&#8220; header_3_text_color=&#8220;#ffffff&#8220;]<\/p>\n<h3><\/h3>\n<p>[\/et_pb_text][et_pb_text admin_label=&#8220;DEVIS Texte&#8220; _builder_version=&#8220;3.17.2&#8243; global_module=&#8220;1015&#8243; saved_tabs=&#8220;all&#8220;]<\/p>\n<p style=\"text-align: right;\"><span class=\"fac bouton-racing2\" data-fac=\"L2NvbnRhY3Qv\">DEVIS<\/span><\/p>\n<p>[\/et_pb_text][\/et_pb_column][et_pb_column type=&#8220;2_3&#8243; _builder_version=&#8220;3.0.47&#8243; parallax=&#8220;off&#8220; parallax_method=&#8220;on&#8220;][et_pb_image src=&#8220;https:\/\/www.lorrtec.com\/wp-content\/uploads\/2018\/10\/photo-reglage-au-banc-moteur-ford-cosworth-BDG-carburateurs-2.jpg&#8220; alt=&#8220;Steuerung des Motorpr\u00fcfstands&#8220; show_in_lightbox=&#8220;on&#8220; admin_label=&#8220;pilotage du banc d&#8217;essai moteur&#8220; _builder_version=&#8220;3.19.4&#8243;][\/et_pb_image][et_pb_image src=&#8220;https:\/\/www.lorrtec.com\/wp-content\/uploads\/2018\/09\/porsche-962-kenwood-passage-banc-essai.jpg&#8220; alt=&#8220;Porsche 962 Kenwood Passage auf dem Pr\u00fcfstand&#8220; show_in_lightbox=&#8220;on&#8220; admin_label=&#8220;Porsche 962 Kenwood passage au banc d&#8217;essai&#8220; _builder_version=&#8220;3.15&#8243;][\/et_pb_image][et_pb_image src=&#8220;https:\/\/www.lorrtec.com\/wp-content\/uploads\/2018\/09\/passage-banc-essai-rototest-lancia-037-grB-martini-moteur-lorrtec.jpg&#8220; alt=&#8220;Christophe VAISONs Lancia 037 grB martini mit Lorrtec-Motor auf dem Rototest-Pr\u00fcfstand&#8220; show_in_lightbox=&#8220;on&#8220; admin_label=&#8220;passage au banc d&#8217;essai Rototest d&#8217;une Lancia 037 grB martini moteur Lorrtec de Christophe VAISON&#8220; _builder_version=&#8220;3.15&#8243;][\/et_pb_image][et_pb_image src=&#8220;https:\/\/www.lorrtec.com\/wp-content\/uploads\/2018\/09\/porsche-962-Alpha-passage-banc-rototest.jpg&#8220; alt=&#8220;Wiederaufbau des Motors eines Porsche 962 Alpha, und Einstellungen auf dem Rototest-Pr\u00fcfstand&#8220; show_in_lightbox=&#8220;on&#8220; admin_label=&#8220;Reconstruction moteur d&#8217;une porsche 962 Alpha, et r\u00e9glages sur le banc Rototest&#8220; _builder_version=&#8220;3.15&#8243;][\/et_pb_image][et_pb_image src=&#8220;https:\/\/www.lorrtec.com\/wp-content\/uploads\/2018\/09\/passage-banc-essai-rototest-lotus-2-eleven.jpg&#8220; alt=&#8220;Einstellung auf dem Pr\u00fcfstand Rototest Lotus 2 Eleven&#8220; show_in_lightbox=&#8220;on&#8220; admin_label=&#8220;r\u00e9glage sur banc d&#8217;essai Rototest Lotus 2 Eleven&#8220; _builder_version=&#8220;3.15&#8243;][\/et_pb_image][et_pb_image src=&#8220;https:\/\/www.lorrtec.com\/wp-content\/uploads\/2018\/09\/passage-banc-essai-Alpine-A110-rototest-mise-au-point-carburateur-allumage.jpg&#8220; alt=&#8220;Vergasereinstellung Z\u00fcndung auf dem Pr\u00fcfstand einer Alpine A110 Rototest&#8220; show_in_lightbox=&#8220;on&#8220; admin_label=&#8220;mise au point carburateur allumage sur banc d&#8217;une Alpine A110 Rototest&#8220; _builder_version=&#8220;3.15&#8243;][\/et_pb_image][\/et_pb_column][\/et_pb_row][\/et_pb_section][et_pb_section fb_built=&#8220;1&#8243; _builder_version=&#8220;3.15&#8243; background_color=&#8220;#1d1d1d&#8220; background_image=&#8220;https:\/\/www.lorrtec.com\/wp-content\/uploads\/2018\/09\/bandeau-lorrtec.jpg&#8220; global_module=&#8220;271&#8243;][et_pb_row _builder_version=&#8220;3.0.47&#8243; background_size=&#8220;initial&#8220; background_position=&#8220;top_left&#8220; background_repeat=&#8220;repeat&#8220;][et_pb_column type=&#8220;4_4&#8243; _builder_version=&#8220;3.0.47&#8243; parallax=&#8220;off&#8220; parallax_method=&#8220;on&#8220;][et_pb_text admin_label=&#8220;Pr\u00e9sentation de l&#8217;activit\u00e9 d&#8217;installation, et de mise au point de bo\u00eetiers \u00e9lectroniques MOTEC de LORRTEC.&#8220; _builder_version=&#8220;3.15&#8243; text_text_color=&#8220;#ffffff&#8220; header_text_color=&#8220;#ffffff&#8220; header_2_text_align=&#8220;center&#8220; header_2_text_color=&#8220;#ffffff&#8220; header_3_text_color=&#8220;#ffffff&#8220;]<\/p>\n<h2>Alle Aktivit\u00e4ten von LORRTEC<\/h2>\n<p>[\/et_pb_text][\/et_pb_column][\/et_pb_row][et_pb_row custom_padding=&#8220;||0px|&#8220; custom_margin=&#8220;||0px|&#8220; _builder_version=&#8220;3.15&#8243;][et_pb_column type=&#8220;1_3&#8243; _builder_version=&#8220;3.0.47&#8243; parallax=&#8220;off&#8220; parallax_method=&#8220;on&#8220;][et_pb_code admin_label=&#8220;PLANUNGSB\u00dcRO&#8220; text_orientation=&#8220;center&#8220;]<a class=\"bouton-racing2\" href=\"https:\/\/www.lorrtec.com\/de\/konstruktionsbuero-fuer-motoren\/\">PLANUNGSB\u00dcRO<\/a>[\/et_pb_code][\/et_pb_column][et_pb_column type=&#8220;1_3&#8243; _builder_version=&#8220;3.0.47&#8243; parallax=&#8220;off&#8220; parallax_method=&#8220;on&#8220;][et_pb_code admin_label=&#8220;MONTAGE DES MOTORS&#8220; text_orientation=&#8220;center&#8220;]<a class=\"bouton-racing2\" href=\"https:\/\/www.lorrtec.com\/de\/motormontage-lorrtec-motorist-rennsport-und-sammlerstuecke\/\">MONTAGE DES MOTORS<\/a>[\/et_pb_code][\/et_pb_column][et_pb_column type=&#8220;1_3&#8243; _builder_version=&#8220;3.0.47&#8243; parallax=&#8220;off&#8220; parallax_method=&#8220;on&#8220;][et_pb_code admin_label=&#8220;BEARBEITUNG UND AUSWUCHTEN&#8220; text_orientation=&#8220;center&#8220;]<a class=\"bouton-racing2\" href=\"https:\/\/www.lorrtec.com\/usinage-equilibrage-moteur\/\">BEARBEITUNG AUSWUCHTEN<\/a>[\/et_pb_code][\/et_pb_column][\/et_pb_row][et_pb_row custom_padding=&#8220;0px||0px|&#8220; custom_margin=&#8220;0px||0px|&#8220; _builder_version=&#8220;3.15&#8243;][et_pb_column type=&#8220;1_3&#8243; _builder_version=&#8220;3.0.47&#8243; parallax=&#8220;off&#8220; parallax_method=&#8220;on&#8220;][et_pb_code admin_label=&#8220;ELEKTRONIK UND VERKABELUNG&#8220; text_orientation=&#8220;center&#8220;]<a class=\"bouton-racing2\" href=\"https:\/\/www.lorrtec.com\/electronique-cablage\/\">ELEKTRONIK UND VERKABELUNG<\/a>[\/et_pb_code][\/et_pb_column][et_pb_column type=&#8220;1_3&#8243; _builder_version=&#8220;3.0.47&#8243; parallax=&#8220;off&#8220; parallax_method=&#8220;on&#8220;][et_pb_code admin_label=&#8220;ORGANB\u00c4NKE&#8220; text_orientation=&#8220;center&#8220;]<a class=\"bouton-racing2\" href=\"https:\/\/www.lorrtec.com\/de\/metrologie-kontrollen-von-motororganen-und-teilen\/\">METROLOGIE<\/a>[\/et_pb_code][\/et_pb_column][et_pb_column type=&#8220;1_3&#8243; _builder_version=&#8220;3.0.47&#8243; parallax=&#8220;off&#8220; parallax_method=&#8220;on&#8220;][et_pb_code admin_label=&#8220;MOTORVERSUCHE&#8220; text_orientation=&#8220;center&#8220;]<a class=\"bouton-racing2\" href=\"https:\/\/www.lorrtec.com\/de\/ein-motorpruefstand-und-ein-fahrzeugpruefstand-fuer-ihre-leistung\/\">TESTBANKEN<\/a>[\/et_pb_code][\/et_pb_column][\/et_pb_row][et_pb_row custom_padding=&#8220;0px||0px|&#8220; custom_margin=&#8220;0px||0px|&#8220; _builder_version=&#8220;3.15&#8243;][et_pb_column type=&#8220;1_3&#8243; _builder_version=&#8220;3.0.47&#8243; parallax=&#8220;off&#8220; parallax_method=&#8220;on&#8220;][et_pb_code admin_label=&#8220;ASSISTANCE  &#8220; text_orientation=&#8220;center&#8220;]<a class=\"bouton-racing2\" href=\"https:\/\/www.lorrtec.com\/de\/unterstuetzung-bei-rennstrecken-und-rallyes-datenerfassung-und-analyse\/\">UNTERST\u00dcTZUNG BEI RENNSTRECKEN\/RALLYES<\/a>[\/et_pb_code][\/et_pb_column][et_pb_column type=&#8220;1_3&#8243; _builder_version=&#8220;3.0.47&#8243; parallax=&#8220;off&#8220; parallax_method=&#8220;on&#8220;][\/et_pb_column][et_pb_column type=&#8220;1_3&#8243; _builder_version=&#8220;3.0.47&#8243; parallax=&#8220;off&#8220; parallax_method=&#8220;on&#8220;][et_pb_code admin_label=&#8220;Motorverk\u00e4ufe&#8220; text_orientation=&#8220;center&#8220;]<a class=\"bouton-racing2\" href=\"https:\/\/www.lorrtec.com\/de\/verkaeufe-von-ford-cosworth-bda-bdg-yb-pinto-und-bmw-s14-m3-motoren\/\">MOTORENVERK\u00c4UFE<\/a>[\/et_pb_code][\/et_pb_column][\/et_pb_row][et_pb_row _builder_version=&#8220;3.15&#8243; custom_css_before=&#8220;content: %22%22;|| display: inline-block;|| position: absolute;|| background-image: url(\/wp-content\/uploads\/2018\/09\/home-title-bg.png);|| width: 382px;|| height: 382px;|| top: 0;|| left: 50%;|| margin-left: -191px;|| animation: rotate 60s infinite linear;&#8220; custom_css_main_element=&#8220;position: relative;|| margin-top: 0px;|| padding-bottom: 8rem;|| padding-top: 8rem;|| min-height: 350px;|| color: #fff;&#8220; custom_css_after=&#8220;content: %22%22;|| display: inline-block;|| position: absolute;|| background-image: url(\/wp-content\/uploads\/2018\/09\/home-title-after.png);|| width: 142px;|| height: 142px;|| top: -51px;|| left: 50%;|| margin-left: -71px;|| animation: rotate 40s infinite linear;|| animation-direction: reverse;|| -webkit-animation-direction: reverse;|| -moz-animation-direction: reverse;&#8220;][et_pb_column type=&#8220;4_4&#8243; _builder_version=&#8220;3.0.47&#8243; parallax=&#8220;off&#8220; parallax_method=&#8220;on&#8220;][et_pb_text _builder_version=&#8220;3.15&#8243; header_text_align=&#8220;center&#8220; header_text_color=&#8220;#ffffff&#8220; header_2_text_align=&#8220;center&#8220; header_2_text_color=&#8220;#ffffff&#8220;]<\/p>\n<p><img loading=\"lazy\" decoding=\"async\" class=\"size-full wp-image-53 aligncenter\" src=\"https:\/\/www.lorrtec.com\/wp-content\/uploads\/2018\/10\/logo-lorrtec-seul.png\" alt=\"LORRTEC\" width=\"299\" height=\"58\"><\/p>\n<h2>MOTORIST<\/h2>\n<h2>WETTBEWERB &amp; SAMMLUNG<\/h2>\n<p>[\/et_pb_text][\/et_pb_column][\/et_pb_row][\/et_pb_section]<\/p>\n","protected":false},"excerpt":{"rendered":"<p>Motorenpr\u00fcfst\u00e4nde WETTBEWERB &amp; SAMMLUNG LORRTEC verf\u00fcgt \u00fcber zwei 1000-PS-Pr\u00fcfst\u00e4nde, um die Motoren einzustellen und zu perfektionieren: einen Motorpr\u00fcfstand, der es erm\u00f6glicht, besonders an der Entwicklung und dem Vergleich verschiedener mechanischer Konfigurationen zu arbeiten. einen ROTOTEST-Fahrzeugpr\u00fcfstand, mit dem Fahrzeuge mit Zweirad- oder Allradantrieb mit hoher Genauigkeit und in der tats\u00e4chlichen Nutzungsumgebung gemessen und eingestellt werden k\u00f6nnen. [&hellip;]<\/p>\n","protected":false},"author":1,"featured_media":0,"parent":0,"menu_order":0,"comment_status":"closed","ping_status":"closed","template":"","meta":{"_et_pb_use_builder":"on","_et_pb_old_content":"","_et_gb_content_width":"","footnotes":""},"class_list":["post-2089","page","type-page","status-publish","hentry"],"_links":{"self":[{"href":"https:\/\/www.lorrtec.com\/de\/wp-json\/wp\/v2\/pages\/2089","targetHints":{"allow":["GET"]}}],"collection":[{"href":"https:\/\/www.lorrtec.com\/de\/wp-json\/wp\/v2\/pages"}],"about":[{"href":"https:\/\/www.lorrtec.com\/de\/wp-json\/wp\/v2\/types\/page"}],"author":[{"embeddable":true,"href":"https:\/\/www.lorrtec.com\/de\/wp-json\/wp\/v2\/users\/1"}],"replies":[{"embeddable":true,"href":"https:\/\/www.lorrtec.com\/de\/wp-json\/wp\/v2\/comments?post=2089"}],"version-history":[{"count":2,"href":"https:\/\/www.lorrtec.com\/de\/wp-json\/wp\/v2\/pages\/2089\/revisions"}],"predecessor-version":[{"id":2112,"href":"https:\/\/www.lorrtec.com\/de\/wp-json\/wp\/v2\/pages\/2089\/revisions\/2112"}],"wp:attachment":[{"href":"https:\/\/www.lorrtec.com\/de\/wp-json\/wp\/v2\/media?parent=2089"}],"curies":[{"name":"wp","href":"https:\/\/api.w.org\/{rel}","templated":true}]}}