 {"id":2094,"date":"2023-09-14T07:39:57","date_gmt":"2023-09-14T07:39:57","guid":{"rendered":"https:\/\/www.lorrtec.com\/metrologie-kontrollen-von-motororganen-und-teilen\/"},"modified":"2023-09-14T07:40:01","modified_gmt":"2023-09-14T07:40:01","slug":"metrologie-kontrollen-von-motororganen-und-teilen","status":"publish","type":"page","link":"https:\/\/www.lorrtec.com\/de\/metrologie-kontrollen-von-motororganen-und-teilen\/","title":{"rendered":"Metrologie &#8211; Kontrollen von Motororganen und -teilen"},"content":{"rendered":"<p>[et_pb_section fb_built=&#8220;1&#8243; next_background_color=&#8220;#000000&#8243; _builder_version=&#8220;3.15&#8243; background_image=&#8220;https:\/\/www.lorrtec.com\/wp-content\/uploads\/2018\/09\/bandeau-lorrtec.jpg&#8220; bottom_divider_style=&#8220;arrow&#8220;][et_pb_row custom_css_before_1=&#8220;content: %22%22;|| display: inline-block;|| position: absolute;|| background-image: url(\/wp-content\/uploads\/2018\/09\/home-title-bg.png);|| width: 382px;|| height: 382px;|| top: 0;|| left: 50%;|| margin-left: -191px;|| animation: rotate 60s infinite linear;&#8220; custom_css_main_1=&#8220;position: relative;|| margin-top: 0px;|| padding-bottom: 8rem;|| padding-top: 8rem;|| min-height: 350px;|| color: #fff;&#8220; custom_css_after_1=&#8220;content: %22%22;|| display: inline-block;|| position: absolute;|| background-image: url(\/wp-content\/uploads\/2018\/09\/home-title-after.png);|| width: 142px;|| height: 142px;|| top: -51px;|| left: 50%;|| margin-left: -71px;|| animation: rotate 40s infinite linear;|| animation-direction: reverse;|| -webkit-animation-direction: reverse;|| -moz-animation-direction: reverse;&#8220; _builder_version=&#8220;3.15&#8243;][et_pb_column type=&#8220;1_2&#8243; _builder_version=&#8220;3.0.47&#8243; custom_css_before=&#8220;content: %22%22;|| display: inline-block;|| position: absolute;|| background-image: url(\/wp-content\/uploads\/2018\/09\/home-title-bg.png);|| width: 382px;|| height: 382px;|| top: 0;|| left: 50%;|| margin-left: -191px;|| animation: rotate 60s infinite linear;&#8220; custom_css_after=&#8220;content: %22%22;|| display: inline-block;|| position: absolute;|| background-image: url(\/wp-content\/uploads\/2018\/09\/home-title-after.png);|| width: 142px;|| height: 142px;|| top: -51px;|| left: 50%;|| margin-left: -71px;|| animation: rotate 40s infinite linear;|| animation-direction: reverse;|| -webkit-animation-direction: reverse;|| -moz-animation-direction: reverse;&#8220; parallax=&#8220;off&#8220; parallax_method=&#8220;on&#8220; custom_css_main=&#8220;position: relative;|| margin-top: 0px;|| padding-bottom: 8rem;|| padding-top: 8rem;|| min-height: 350px;|| color: #fff;&#8220;][et_pb_text _builder_version=&#8220;3.15&#8243; header_font=&#8220;|||on|||||&#8220; header_text_align=&#8220;center&#8220; header_text_color=&#8220;#ffffff&#8220; header_font_size=&#8220;26px&#8220; header_2_text_align=&#8220;center&#8220; header_2_text_color=&#8220;#ffffff&#8220;]<img loading=\"lazy\" decoding=\"async\" class=\"size-full wp-image-53 aligncenter\" src=\"https:\/\/www.lorrtec.com\/wp-content\/uploads\/2018\/10\/logo-lorrtec-seul.png\" alt=\"LORRTEC\" width=\"299\" height=\"58\"><\/p>\n<h1>Metrologie &#8211; Organbank<\/h1>\n<h1>WETTBEWERB &amp; SAMMLUNG<\/h1>\n<p>[\/et_pb_text][\/et_pb_column][et_pb_column type=&#8220;1_2&#8243; _builder_version=&#8220;3.0.47&#8243; parallax=&#8220;off&#8220; parallax_method=&#8220;on&#8220;][et_pb_text admin_label=&#8220;pr\u00e9sentation&#8220; _builder_version=&#8220;3.15&#8243; text_text_color=&#8220;#ffffff&#8220; text_font_size=&#8220;18px&#8220; header_text_color=&#8220;#ffffff&#8220; header_2_text_color=&#8220;#ffffff&#8220; header_3_text_color=&#8220;#ffffff&#8220; custom_padding=&#8220;50px|||&#8220;]<\/p>\n<p style=\"text-align: justify;\"><strong>LORRTEC<\/strong> verf\u00fcgt \u00fcber die gesamte Ausr\u00fcstung, die f\u00fcr die <strong>Metrologie <\/strong>der verschiedenen<strong> mechanischen Komponenten<\/strong> eines Motors erforderlich ist<strong>.<\/strong><\/p>\n<p style=\"text-align: justify;\">Auf mehreren Organb\u00e4nken k\u00f6nnen <strong>die meisten dieser Komponenten getestet und gepr\u00fcft<\/strong> werden:<\/p>\n<ul>\n<li style=\"text-align: justify;\">Zylinderkopfgebl\u00e4se<\/li>\n<li style=\"text-align: justify;\">Pr\u00fcfstand f\u00fcr Einspritzd\u00fcsen<\/li>\n<li style=\"text-align: justify;\">Nockenprofilerhebungsbank<\/li>\n<li style=\"text-align: justify;\">Tarieren von Ventilfedern<\/li>\n<li style=\"text-align: justify;\">Pr\u00fcfstand f\u00fcr mechanische Einspritzpumpen Typ Lucas (Cosworth DFV\/BDA&#8230;), Kugelfischer (BMW M12\/7&#8230;) oder auch BOSCH (Porsche 911Gr4&#8230;)<\/li>\n<\/ul>\n<p>[\/et_pb_text][et_pb_gallery gallery_ids=&#8220;148,98&#8243; posts_number=&#8220;3&#8243; show_title_and_caption=&#8220;off&#8220; show_pagination=&#8220;off&#8220; _builder_version=&#8220;3.15&#8243;]&nbsp;<br \/>\n[\/et_pb_gallery][\/et_pb_column][\/et_pb_row][\/et_pb_section][et_pb_section fb_built=&#8220;1&#8243; _builder_version=&#8220;3.15&#8243; background_color=&#8220;#000000&#8243; background_image=&#8220;https:\/\/www.lorrtec.com\/wp-content\/uploads\/2018\/09\/fond-moteur-droit.png&#8220;][et_pb_row _builder_version=&#8220;3.0.48&#8243; background_size=&#8220;initial&#8220; background_position=&#8220;top_left&#8220; background_repeat=&#8220;repeat&#8220;][et_pb_column type=&#8220;4_4&#8243; _builder_version=&#8220;3.0.47&#8243; parallax=&#8220;off&#8220; parallax_method=&#8220;on&#8220;][et_pb_text admin_label=&#8220;Pr\u00e9sentation de l&#8217;activit\u00e9 de contr\u00f4le de pi\u00e8ces moteur et de m\u00e9trologie de LORRTEC.&#8220; _builder_version=&#8220;3.15&#8243; text_text_color=&#8220;#ffffff&#8220; header_text_color=&#8220;#ffffff&#8220; header_2_text_align=&#8220;center&#8220; header_2_text_color=&#8220;#ffffff&#8220; header_3_text_color=&#8220;#ffffff&#8220;]<\/p>\n<h2>Vorstellung von LORRTECs Aktivit\u00e4ten in den Bereichen Motorenteilepr\u00fcfung und Metrologie<\/h2>\n<p>[\/et_pb_text][\/et_pb_column][\/et_pb_row][et_pb_row make_fullwidth=&#8220;on&#8220; _builder_version=&#8220;3.15&#8243;][et_pb_column type=&#8220;1_3&#8243; _builder_version=&#8220;3.0.47&#8243; parallax=&#8220;off&#8220; parallax_method=&#8220;on&#8220;][et_pb_text admin_label=&#8220;Les bo\u00eetiers \u00e9lectroniques MOTEC&#8220; _builder_version=&#8220;3.15&#8243; text_text_color=&#8220;#ffffff&#8220; header_text_color=&#8220;#ffffff&#8220; header_2_text_color=&#8220;#ffffff&#8220; header_3_text_color=&#8220;#ffffff&#8220;]<\/p>\n<h3 style=\"text-align: justify;\">Motor-Metrologie<\/h3>\n<blockquote>\n<p style=\"text-align: justify;\">Die <strong>Messtechnik<\/strong> ist entscheidend, um den reibungslosen Betrieb eines Motors zu gew\u00e4hrleisten. Nach der Demontage wird jedes innere Teil analysiert, vermessen und wenn n\u00f6tig auf dem Pr\u00fcfstand getestet und\/oder ger\u00f6ntgt (z. B. bei Titanteilen wie den Pleuelstangen von F1-Motoren). Die Oberfl\u00e4chenbeschaffenheit nach dem Neubohren und\/oder Honen wird ebenfalls gemessen (Ra, Rz&#8230;), um den bestm\u00f6glichen Kontakt mit den Kolben und Ringen zu gew\u00e4hrleisten.<\/p>\n<\/blockquote>\n<h3 style=\"text-align: justify;\">Zylinderkopfgebl\u00e4se<\/h3>\n<blockquote>\n<p style=\"text-align: justify;\">Im <strong>Zylinderkopf-Windkanal<\/strong> werden das aerodynamische Design der Zylinderkopfkan\u00e4le sowie die Form der Ventile und Sitze im Rahmen der Leistungsoptimierung ermittelt.<\/p>\n<\/blockquote>\n<h3 style=\"text-align: justify;\">Nockenwellenbank<\/h3>\n<blockquote>\n<p style=\"text-align: justify;\">Mit dem <strong>Nockenpr\u00fcfstand <\/strong>(f\u00fcr Nockenwellen oder Nocken einer mechanischen Einspritzpumpe) k\u00f6nnen Sie an den Verteilungsgesetzen arbeiten, bestehende Diagramme \u00fcberpr\u00fcfen und bestimmte Teile nachbauen (Reverse Engineering).<\/p>\n<\/blockquote>\n<h3 style=\"text-align: justify;\">Pr\u00fcfstand f\u00fcr Einspritzd\u00fcsen und Einspritzpumpen<\/h3>\n<blockquote>\n<p style=\"text-align: justify;\">Die <strong>Einspritzd\u00fcsenbank<\/strong> sorgt daf\u00fcr, dass die Durchflussmengen zwischen allen Zylindern gleich sind, was zu einer besseren Motorleistung f\u00fchrt.<\/p>\n<p style=\"text-align: justify;\">Unser<strong> Pr\u00fcfstand f\u00fcr mechanische Einspritzpumpen<\/strong> erm\u00f6glicht es uns, die Pumpen in Korrelation zu den Motortests auf dem Pr\u00fcfstand zu \u00fcberholen und zu optimieren.<\/p>\n<\/blockquote>\n<p>[\/et_pb_text][\/et_pb_column][et_pb_column type=&#8220;2_3&#8243; _builder_version=&#8220;3.0.47&#8243; parallax=&#8220;off&#8220; parallax_method=&#8220;on&#8220;][et_pb_image src=&#8220;https:\/\/www.lorrtec.com\/wp-content\/uploads\/2018\/09\/atelier-metrologie-lorrtec.jpg&#8220; alt=&#8220;metrologie-workshop lorrtec&#8220; show_in_lightbox=&#8220;on&#8220; admin_label=&#8220;atelier m\u00e9trologie lorrtec&#8220; _builder_version=&#8220;3.15&#8243;]&nbsp;<br \/>\n[\/et_pb_image][et_pb_image src=&#8220;https:\/\/www.lorrtec.com\/wp-content\/uploads\/2018\/09\/metrologie-banc-controle-arbres-a-cames-automatise-2.jpg&#8220; alt=&#8220;Metrologie, automatisierter Nockenwellenpr\u00fcfstand&#8220; show_in_lightbox=&#8220;on&#8220; admin_label=&#8220;m\u00e9trologie, banc de contr\u00f4le d&#8217;arbres \u00e0 cames automatis\u00e9&#8220; _builder_version=&#8220;3.15&#8243;]&nbsp;<br \/>\n[\/et_pb_image][\/et_pb_column][\/et_pb_row][et_pb_row _builder_version=&#8220;3.0.48&#8243; background_size=&#8220;initial&#8220; background_position=&#8220;top_left&#8220; background_repeat=&#8220;repeat&#8220;][et_pb_column type=&#8220;1_2&#8243; _builder_version=&#8220;3.0.47&#8243; parallax=&#8220;off&#8220; parallax_method=&#8220;on&#8220;][et_pb_text admin_label=&#8220;Quels sont les avantages d&#8217;un bo\u00eetier MOTEC par rapport \u00e0 un bo\u00eetier \u00e9lectronique d&#8217;origine ?&#8220; _builder_version=&#8220;3.15&#8243; text_text_color=&#8220;#ffffff&#8220; header_text_color=&#8220;#ffffff&#8220; header_2_text_color=&#8220;#ffffff&#8220; header_3_text_color=&#8220;#ffffff&#8220;]&nbsp;<br \/>\n[\/et_pb_text][\/et_pb_column][et_pb_column type=&#8220;1_2&#8243; _builder_version=&#8220;3.0.47&#8243; parallax=&#8220;off&#8220; parallax_method=&#8220;on&#8220;][et_pb_text admin_label=&#8220;DEVIS Texte&#8220; _builder_version=&#8220;3.17.2&#8243; global_module=&#8220;1015&#8243; saved_tabs=&#8220;all&#8220;]<\/p>\n<p style=\"text-align: right;\"><span class=\"fac bouton-racing2\" data-fac=\"L2NvbnRhY3Qv\">DEVIS<\/span><\/p>\n<p>[\/et_pb_text][\/et_pb_column][\/et_pb_row][et_pb_row make_fullwidth=&#8220;on&#8220; _builder_version=&#8220;3.15&#8243;][et_pb_column type=&#8220;1_3&#8243; _builder_version=&#8220;3.0.47&#8243; parallax=&#8220;off&#8220; parallax_method=&#8220;on&#8220;][et_pb_text admin_label=&#8220;Comment se fait la mise au point ?&#8220; _builder_version=&#8220;3.15&#8243; text_text_color=&#8220;#ffffff&#8220; header_text_color=&#8220;#ffffff&#8220; header_2_text_color=&#8220;#ffffff&#8220; header_3_text_color=&#8220;#ffffff&#8220;]&nbsp;<br \/>\n[\/et_pb_text][\/et_pb_column][et_pb_column type=&#8220;2_3&#8243; _builder_version=&#8220;3.0.47&#8243; parallax=&#8220;off&#8220; parallax_method=&#8220;on&#8220;][et_pb_image src=&#8220;https:\/\/www.lorrtec.com\/wp-content\/uploads\/2018\/09\/metrologie-lorrtec-controle-nouveaux-pistons.jpg&#8220; alt=&#8220;Metrologie, automatisierter Pr\u00fcfstand f\u00fcr Nockenwellen&#8220; show_in_lightbox=&#8220;on&#8220; admin_label=&#8220;m\u00e9trologie, banc de contr\u00f4le des arbres a-cames automatis\u00e9&#8220; _builder_version=&#8220;3.19.4&#8243;]&nbsp;<br \/>\n[\/et_pb_image][\/et_pb_column][\/et_pb_row][et_pb_row make_fullwidth=&#8220;on&#8220; _builder_version=&#8220;3.15&#8243;][et_pb_column type=&#8220;1_3&#8243; _builder_version=&#8220;3.0.47&#8243; parallax=&#8220;off&#8220; parallax_method=&#8220;on&#8220;][et_pb_text admin_label=&#8220;Comment connecter le bo\u00eetier \u00e0 des capteurs d&#8217;origines ?&#8220; _builder_version=&#8220;3.15&#8243; text_text_color=&#8220;#ffffff&#8220; header_text_color=&#8220;#ffffff&#8220; header_2_text_color=&#8220;#ffffff&#8220; header_3_text_color=&#8220;#ffffff&#8220;]<\/p>\n<h3>Zylinderkopfgebl\u00e4se<\/h3>\n<p>[\/et_pb_text][et_pb_text admin_label=&#8220;DEVIS Texte&#8220; _builder_version=&#8220;3.17.2&#8243; global_module=&#8220;1015&#8243; saved_tabs=&#8220;all&#8220;]<\/p>\n<p style=\"text-align: right;\"><span class=\"fac bouton-racing2\" data-fac=\"L2NvbnRhY3Qv\">DEVIS<\/span><\/p>\n<p>[\/et_pb_text][\/et_pb_column][et_pb_column type=&#8220;2_3&#8243; _builder_version=&#8220;3.0.47&#8243; parallax=&#8220;off&#8220; parallax_method=&#8220;on&#8220;][et_pb_image src=&#8220;https:\/\/www.lorrtec.com\/wp-content\/uploads\/2019\/01\/Soufflerie-Flow-Bench-BMW-S14.png&#8220; alt=&#8220;metrologie Lorrtec: Pr\u00fcfung neuer Kolben&#8220; show_in_lightbox=&#8220;on&#8220; admin_label=&#8220;m\u00e9trologie Lorrtec : contr\u00f4le de nouveaux pistons&#8220; _builder_version=&#8220;3.19.4&#8243;]&nbsp;<br \/>\n[\/et_pb_image][\/et_pb_column][\/et_pb_row][\/et_pb_section][et_pb_section fb_built=&#8220;1&#8243; _builder_version=&#8220;3.15&#8243; background_color=&#8220;#1d1d1d&#8220; background_image=&#8220;https:\/\/www.lorrtec.com\/wp-content\/uploads\/2018\/09\/bandeau-lorrtec.jpg&#8220; global_module=&#8220;271&#8243;][et_pb_row _builder_version=&#8220;3.0.47&#8243; background_size=&#8220;initial&#8220; background_position=&#8220;top_left&#8220; background_repeat=&#8220;repeat&#8220;][et_pb_column type=&#8220;4_4&#8243; _builder_version=&#8220;3.0.47&#8243; parallax=&#8220;off&#8220; parallax_method=&#8220;on&#8220;][et_pb_text admin_label=&#8220;Pr\u00e9sentation de l&#8217;activit\u00e9 d&#8217;installation, et de mise au point de bo\u00eetiers \u00e9lectroniques MOTEC de LORRTEC.&#8220; _builder_version=&#8220;3.15&#8243; text_text_color=&#8220;#ffffff&#8220; header_text_color=&#8220;#ffffff&#8220; header_2_text_align=&#8220;center&#8220; header_2_text_color=&#8220;#ffffff&#8220; header_3_text_color=&#8220;#ffffff&#8220;]<\/p>\n<h2>Alle Aktivit\u00e4ten von LORRTEC<\/h2>\n<p>[\/et_pb_text][\/et_pb_column][\/et_pb_row][et_pb_row custom_padding=&#8220;||0px|&#8220; custom_margin=&#8220;||0px|&#8220; _builder_version=&#8220;3.15&#8243;][et_pb_column type=&#8220;1_3&#8243; _builder_version=&#8220;3.0.47&#8243; parallax=&#8220;off&#8220; parallax_method=&#8220;on&#8220;][et_pb_code admin_label=&#8220;PLANUNGSB\u00dcRO&#8220; text_orientation=&#8220;center&#8220;]<a class=\"bouton-racing2\" href=\"https:\/\/www.lorrtec.com\/de\/konstruktionsbuero-fuer-motoren\/\">PLANUNGSB\u00dcRO<\/a>[\/et_pb_code][\/et_pb_column][et_pb_column type=&#8220;1_3&#8243; _builder_version=&#8220;3.0.47&#8243; parallax=&#8220;off&#8220; parallax_method=&#8220;on&#8220;][et_pb_code admin_label=&#8220;MONTAGE DES MOTORS&#8220; text_orientation=&#8220;center&#8220;]<a class=\"bouton-racing2\" href=\"https:\/\/www.lorrtec.com\/de\/motormontage-lorrtec-motorist-rennsport-und-sammlerstuecke\/\">MONTAGE DES MOTORS<\/a>[\/et_pb_code][\/et_pb_column][et_pb_column type=&#8220;1_3&#8243; _builder_version=&#8220;3.0.47&#8243; parallax=&#8220;off&#8220; parallax_method=&#8220;on&#8220;][et_pb_code admin_label=&#8220;BEARBEITUNG UND AUSWUCHTEN&#8220; text_orientation=&#8220;center&#8220;]<a class=\"bouton-racing2\" href=\"https:\/\/www.lorrtec.com\/usinage-equilibrage-moteur\/\">BEARBEITUNG AUSWUCHTEN<\/a>[\/et_pb_code][\/et_pb_column][\/et_pb_row][et_pb_row custom_padding=&#8220;0px||0px|&#8220; custom_margin=&#8220;0px||0px|&#8220; _builder_version=&#8220;3.15&#8243;][et_pb_column type=&#8220;1_3&#8243; _builder_version=&#8220;3.0.47&#8243; parallax=&#8220;off&#8220; parallax_method=&#8220;on&#8220;][et_pb_code admin_label=&#8220;ELEKTRONIK UND VERKABELUNG&#8220; text_orientation=&#8220;center&#8220;]<a class=\"bouton-racing2\" href=\"https:\/\/www.lorrtec.com\/electronique-cablage\/\">ELEKTRONIK UND VERKABELUNG<\/a>[\/et_pb_code][\/et_pb_column][et_pb_column type=&#8220;1_3&#8243; _builder_version=&#8220;3.0.47&#8243; parallax=&#8220;off&#8220; parallax_method=&#8220;on&#8220;][et_pb_code admin_label=&#8220;ORGANB\u00c4NKE&#8220; text_orientation=&#8220;center&#8220;]<a class=\"bouton-racing2\" href=\"https:\/\/www.lorrtec.com\/de\/metrologie-kontrollen-von-motororganen-und-teilen\/\">METROLOGIE<\/a>[\/et_pb_code][\/et_pb_column][et_pb_column type=&#8220;1_3&#8243; _builder_version=&#8220;3.0.47&#8243; parallax=&#8220;off&#8220; parallax_method=&#8220;on&#8220;][et_pb_code admin_label=&#8220;MOTORVERSUCHE&#8220; text_orientation=&#8220;center&#8220;]<a class=\"bouton-racing2\" href=\"https:\/\/www.lorrtec.com\/de\/ein-motorpruefstand-und-ein-fahrzeugpruefstand-fuer-ihre-leistung\/\">TESTBANKEN<\/a>[\/et_pb_code][\/et_pb_column][\/et_pb_row][et_pb_row custom_padding=&#8220;0px||0px|&#8220; custom_margin=&#8220;0px||0px|&#8220; _builder_version=&#8220;3.15&#8243;][et_pb_column type=&#8220;1_3&#8243; _builder_version=&#8220;3.0.47&#8243; parallax=&#8220;off&#8220; parallax_method=&#8220;on&#8220;][et_pb_code admin_label=&#8220;ASSISTANCE  &#8220; text_orientation=&#8220;center&#8220;]<a class=\"bouton-racing2\" href=\"https:\/\/www.lorrtec.com\/de\/unterstuetzung-bei-rennstrecken-und-rallyes-datenerfassung-und-analyse\/\">UNTERST\u00dcTZUNG BEI RENNSTRECKEN\/RALLYES<\/a>[\/et_pb_code][\/et_pb_column][et_pb_column type=&#8220;1_3&#8243; _builder_version=&#8220;3.0.47&#8243; parallax=&#8220;off&#8220; parallax_method=&#8220;on&#8220;][\/et_pb_column][et_pb_column type=&#8220;1_3&#8243; _builder_version=&#8220;3.0.47&#8243; parallax=&#8220;off&#8220; parallax_method=&#8220;on&#8220;][et_pb_code admin_label=&#8220;Motorverk\u00e4ufe&#8220; text_orientation=&#8220;center&#8220;]<a class=\"bouton-racing2\" href=\"https:\/\/www.lorrtec.com\/de\/verkaeufe-von-ford-cosworth-bda-bdg-yb-pinto-und-bmw-s14-m3-motoren\/\">MOTORENVERK\u00c4UFE<\/a>[\/et_pb_code][\/et_pb_column][\/et_pb_row][et_pb_row _builder_version=&#8220;3.15&#8243; custom_css_before=&#8220;content: %22%22;|| display: inline-block;|| position: absolute;|| background-image: url(\/wp-content\/uploads\/2018\/09\/home-title-bg.png);|| width: 382px;|| height: 382px;|| top: 0;|| left: 50%;|| margin-left: -191px;|| animation: rotate 60s infinite linear;&#8220; custom_css_main_element=&#8220;position: relative;|| margin-top: 0px;|| padding-bottom: 8rem;|| padding-top: 8rem;|| min-height: 350px;|| color: #fff;&#8220; custom_css_after=&#8220;content: %22%22;|| display: inline-block;|| position: absolute;|| background-image: url(\/wp-content\/uploads\/2018\/09\/home-title-after.png);|| width: 142px;|| height: 142px;|| top: -51px;|| left: 50%;|| margin-left: -71px;|| animation: rotate 40s infinite linear;|| animation-direction: reverse;|| -webkit-animation-direction: reverse;|| -moz-animation-direction: reverse;&#8220;][et_pb_column type=&#8220;4_4&#8243; _builder_version=&#8220;3.0.47&#8243; parallax=&#8220;off&#8220; parallax_method=&#8220;on&#8220;][et_pb_text _builder_version=&#8220;3.15&#8243; header_text_align=&#8220;center&#8220; header_text_color=&#8220;#ffffff&#8220; header_2_text_align=&#8220;center&#8220; header_2_text_color=&#8220;#ffffff&#8220;]<\/p>\n<p><img loading=\"lazy\" decoding=\"async\" class=\"size-full wp-image-53 aligncenter\" src=\"https:\/\/www.lorrtec.com\/wp-content\/uploads\/2018\/10\/logo-lorrtec-seul.png\" alt=\"LORRTEC\" width=\"299\" height=\"58\"><\/p>\n<h2>MOTORIST<\/h2>\n<h2>WETTBEWERB &amp; SAMMLUNG<\/h2>\n<p>[\/et_pb_text][\/et_pb_column][\/et_pb_row][\/et_pb_section]<\/p>\n","protected":false},"excerpt":{"rendered":"<p>Metrologie &#8211; Organbank WETTBEWERB &amp; SAMMLUNG LORRTEC verf\u00fcgt \u00fcber die gesamte Ausr\u00fcstung, die f\u00fcr die Metrologie der verschiedenen mechanischen Komponenten eines Motors erforderlich ist. Auf mehreren Organb\u00e4nken k\u00f6nnen die meisten dieser Komponenten getestet und gepr\u00fcft werden: Zylinderkopfgebl\u00e4se Pr\u00fcfstand f\u00fcr Einspritzd\u00fcsen Nockenprofilerhebungsbank Tarieren von Ventilfedern Pr\u00fcfstand f\u00fcr mechanische Einspritzpumpen Typ Lucas (Cosworth DFV\/BDA&#8230;), Kugelfischer (BMW M12\/7&#8230;) [&hellip;]<\/p>\n","protected":false},"author":1,"featured_media":0,"parent":0,"menu_order":0,"comment_status":"closed","ping_status":"closed","template":"","meta":{"_et_pb_use_builder":"on","_et_pb_old_content":"","_et_gb_content_width":"","footnotes":""},"class_list":["post-2094","page","type-page","status-publish","hentry"],"_links":{"self":[{"href":"https:\/\/www.lorrtec.com\/de\/wp-json\/wp\/v2\/pages\/2094","targetHints":{"allow":["GET"]}}],"collection":[{"href":"https:\/\/www.lorrtec.com\/de\/wp-json\/wp\/v2\/pages"}],"about":[{"href":"https:\/\/www.lorrtec.com\/de\/wp-json\/wp\/v2\/types\/page"}],"author":[{"embeddable":true,"href":"https:\/\/www.lorrtec.com\/de\/wp-json\/wp\/v2\/users\/1"}],"replies":[{"embeddable":true,"href":"https:\/\/www.lorrtec.com\/de\/wp-json\/wp\/v2\/comments?post=2094"}],"version-history":[{"count":2,"href":"https:\/\/www.lorrtec.com\/de\/wp-json\/wp\/v2\/pages\/2094\/revisions"}],"predecessor-version":[{"id":2115,"href":"https:\/\/www.lorrtec.com\/de\/wp-json\/wp\/v2\/pages\/2094\/revisions\/2115"}],"wp:attachment":[{"href":"https:\/\/www.lorrtec.com\/de\/wp-json\/wp\/v2\/media?parent=2094"}],"curies":[{"name":"wp","href":"https:\/\/api.w.org\/{rel}","templated":true}]}}