 {"id":2116,"date":"2023-09-14T07:40:01","date_gmt":"2023-09-14T07:40:01","guid":{"rendered":"https:\/\/www.lorrtec.com\/rechtliche-hinweise-lorrtec-motoriste-competition-and-collection\/"},"modified":"2023-09-14T07:40:05","modified_gmt":"2023-09-14T07:40:05","slug":"rechtliche-hinweise-lorrtec-motoriste-competition-and-collection","status":"publish","type":"page","link":"https:\/\/www.lorrtec.com\/de\/rechtliche-hinweise-lorrtec-motoriste-competition-and-collection\/","title":{"rendered":"Rechtliche Hinweise &#8211; LORRTEC Motoriste Competition and Collection"},"content":{"rendered":"<p>[et_pb_section fb_built=&#8220;1&#8243; module_id=&#8220;b\u00fcro-etudes&#8220; _builder_version=&#8220;3.15&#8243; background_color=&#8220;#1d1d1b&#8220; background_image=&#8220;https:\/\/www.lorrtec.com\/wp-content\/uploads\/2018\/09\/fond-moteur-droit.png&#8220; border_color_all=&#8220;#7cda24&#8243;][et_pb_row custom_padding=&#8220;40px|40px|40px|40px&#8220; _builder_version=&#8220;3.15&#8243; border_width_all=&#8220;1px&#8220; border_color_all=&#8220;#7cda24&#8243;][et_pb_column type=&#8220;1_3&#8243; _builder_version=&#8220;3.0.47&#8243; parallax=&#8220;off&#8220; parallax_method=&#8220;on&#8220;][et_pb_image src=&#8220;https:\/\/www.lorrtec.com\/wp-content\/uploads\/2018\/09\/conception-et-fabrication-pistons-moteurs-forges-lorrtec-motoriste-400.jpg&#8220; alt=&#8220;entwurf und herstellung von kolben Schmiedemotoren LORRTEC motorist&#8220; url=&#8220;https:\/\/www.lorrtec.com\/bureau-etudes-moteur\/&#8220; align=&#8220;center&#8220; _builder_version=&#8220;3.15&#8243;][\/et_pb_image][\/et_pb_column][et_pb_column type=&#8220;2_3&#8243; _builder_version=&#8220;3.0.47&#8243; parallax=&#8220;off&#8220; parallax_method=&#8220;on&#8220;][et_pb_text _builder_version=&#8220;3.17.2&#8243; text_text_color=&#8220;#ffffff&#8220; text_font_size=&#8220;16px&#8220; header_2_text_color=&#8220;#ffffff&#8220; header_font=&#8220;||||||||&#8220; header_text_color=&#8220;#ffffff&#8220; header_2_font=&#8220;||||||||&#8220; header_3_font=&#8220;||||||||&#8220; header_3_text_color=&#8220;#ffffff&#8220;]<\/p>\n<div class=\"et_pb_module et_pb_text et_pb_text_3 et_pb_bg_layout_light et_pb_text_align_left\">\n<div class=\"et_pb_text_inner\">\n<h1>LORRTEC Motorist in Pont de Vaux 01190<\/h1>\n<h2>RECHTLICHE HINWEISE<\/h2>\n<h3>COORDONNEREN<\/h3>\n<p>Name oder Firmenname: LORRTEC<br \/>\nAdresse: 356 petit faubourg 01190 Pont de Vaux<br \/>\nTelefon: 03 85 22 17 63<br \/>\nHauptsitz: 356 petit faubourg 01190 Pont de Vaux<br \/>\nSIRET-Nr. der Einrichtung: 52930290300016<br \/>\nUmsatzsteuer-Identifikationsnummer :<br \/>\nRedaktions- und Publikationsleiter: Pierre Antoine RAMPON<br \/>\nPRESTATEUR<br \/>\n<a href=\"https:\/\/www.archabe.fr\/\">Erstellung der Website: archabe.fr<\/a><br \/>\nGEISTIGES EIGENTUM<br \/>\n&#8211; Alle Elemente, die das Skelett der Websites bilden (darunter Fotos, Bilder, Logos &#8230;), sind urheberrechtlich gesch\u00fctzt und das ausschlie\u00dfliche Eigentum der Website.<\/p>\n<p>&#8211; Die Inhalte der Website (Texte, Artikel &#8230;) sind das ausschlie\u00dfliche Eigentum ihrer Autoren und d\u00fcrfen ohne deren Zustimmung weder vervielf\u00e4ltigt noch verwertet werden.<\/p>\n<p>Die vorliegenden Texte aus externen Quellen wurden mit der impliziten oder expliziten Zustimmung der jeweiligen Autoren reproduziert. Zu diesem Zweck werden auf der Website die jeweiligen Quellen und Autoren genannt.<\/p>\n<p>RECHT AUF ANTWORT AUF DER SEITE<br \/>\nGem\u00e4\u00df Artikel 6 IV des Gesetzes Nr. 2004-575 hat jede nat\u00fcrliche oder juristische Person, die auf der Website genannt oder bezeichnet wird, ein Recht auf Antwort, Korrekturw\u00fcnsche oder L\u00f6schung der Nachricht, das sie an den Sitz des Unternehmens richten kann.<\/p>\n<p>Der Antrag auf Aus\u00fcbung des Rechts auf Gegendarstellung, der an den Leiter der Ver\u00f6ffentlichung gerichtet wird, muss sp\u00e4testens innerhalb von drei Monaten nach der \u00f6ffentlichen Zug\u00e4nglichmachung der Nachricht, die den Antrag begr\u00fcndet, gestellt werden.<\/p>\n<p>MODALIT\u00c4TEN DER AUS\u00dcBUNG DES RECHTS AUF ZUGANG<br \/>\nBevor wir Ihnen personenbezogene Daten zusenden, bitten wir Sie, uns einen Nachweis Ihrer Identit\u00e4t vorzulegen. Wenn Sie Ihre Identit\u00e4t nicht nachweisen k\u00f6nnen, behalten wir uns das Recht vor, Ihnen die Zusendung Ihrer personenbezogenen Daten zu verweigern. Wir bem\u00fchen uns, diese Anfragen innerhalb einer angemessenen Frist zu beantworten.<\/p>\n<p>Zum Recht auf Berichtigung und L\u00f6schung: Die Vorbedingungen sind identisch mit denen f\u00fcr das Recht auf Zugang.<\/p>\n<p>KONTAKT<br \/>\nWenn Sie eine Anfrage haben oder Ihr Recht auf Zugang aus\u00fcben m\u00f6chten, senden Sie uns bitte eine Nachricht \u00fcber das Kontaktformular.<\/p>\n<\/div>\n<\/div>\n<div class=\"et_pb_module et_pb_text et_pb_text_4 et_pb_bg_layout_light et_pb_text_align_left\">\n<div class=\"et_pb_text_inner\">\n<p>Schutz personenbezogener Daten GDPR oder GRDP<\/p>\n<p>Um den von LORRTEC angebotenen Service zu verbessern, eine kommerzielle Nachverfolgung zu machen, werden Formulare mit Informationen versehen, die anschlie\u00dfend elektronisch verarbeitet werden. Diese Informationen werden anschlie\u00dfend nur von Mitarbeitern der Firma LORRTEC oder von Subunternehmern verwaltet, die sich an die vorliegenden Klauseln halten.<\/p>\n<p>Gem\u00e4\u00df dem Gesetz &#8222;Informatik und Freiheiten&#8220; vom 6. Januar 1978, ge\u00e4ndert 2004, und der Allgemeinen Datenschutzverordnung (GDPR), die am 25. Mai 2018 in Kraft tritt, haben Sie ein Recht auf Zugang und Berichtigung der Sie betreffenden Informationen, das Sie aus\u00fcben k\u00f6nnen, indem Sie uns einen Brief schicken. Sie k\u00f6nnen auch aus legitimen Gr\u00fcnden gegen die Verarbeitung der Sie betreffenden Daten Widerspruch einlegen. Unsere Website www.LORRTEC.fr bietet Formulare an, um die Daten eines Besuchers zu sammeln.<\/p>\n<p>Betroffene Website: lorrtec.com<\/p>\n<p>Ziel<br \/>\nDie Erhebung von Daten auf unserer Website dient dem Zweck, eine Datei zur Verwaltung der Interessenten und Kunden unseres Unternehmens zu erstellen. Unsere Datei wird f\u00fcr alle kommerziellen Verwaltungsvorg\u00e4nge verwendet.<br \/>\nRelevanz der Daten<br \/>\nDie Datei sammelt alle Informationen von Besuchern der Website www.LORRTEC.fr in Bezug auf Identit\u00e4t, berufliche Informationen und ihre Aktivit\u00e4t auf der Website www.LORRTEC.fr. Gem\u00e4\u00df dem franz\u00f6sischen Datenschutzgesetz werden Informationen \u00fcber die rassische oder ethnische Herkunft, die politischen, philosophischen oder religi\u00f6sen Meinungen, die Gewerkschaftszugeh\u00f6rigkeit, die Gesundheit oder das Sexualleben einer Person nicht gesammelt und sind verboten (sensible Daten).<br \/>\nRechtm\u00e4\u00dfigkeit der Verarbeitung und Bedingungen f\u00fcr die Einwilligung (Art. 6 und Art. 7 DSGVO)<br \/>\nDie Zustimmung zur Verarbeitung personenbezogener Daten eines Besuchers wird systematisch eingeholt.<br \/>\nAufbewahrung von Daten<br \/>\nDie Daten der identifizierten Kontakte werden f\u00fcr maximal drei Jahre nach der letzten Interaktion und Zustimmung des Kontakts aufbewahrt. Nach Ablauf dieser Zeitr\u00e4ume werden alle Daten \u00fcber die Person automatisch gel\u00f6scht.<br \/>\nKundendaten werden nach der Interaktion und Zustimmung des Kontakts maximal sechs Jahre lang aufbewahrt. Nach Ablauf dieser Zeitr\u00e4ume werden alle Daten \u00fcber die Person automatisch gel\u00f6scht.<br \/>\nRechte von Personen (Art. 16 bis 20 DSGVO)<br \/>\nGem\u00e4\u00df den Artikeln 16 bis 20 der DSGVO kann jede Person ihr Recht auf Zugang, Berichtigung, Widerspruch, Einschr\u00e4nkung der Verarbeitung, L\u00f6schung und \u00dcbertragbarkeit der sie betreffenden Daten aus\u00fcben, indem sie einen entsprechenden Antrag per unterzeichnetem Schreiben mit einer Kopie eines Identit\u00e4tsnachweises an die Adresse des Firmensitzes von LORRTEC stellt<\/p>\n<p>Datensicherheit und Verarbeitung (Art. 32 DSGVO)<br \/>\nNur Personen, die mit der technischen Abteilung, dem Marketing und dem Vertrieb von LORRTEC in Verbindung stehen, haben Zugang zu den auf der Website gesammelten Informationen.<br \/>\nDatenbesch\u00e4digung und Mitteilung innerhalb von 72 Stunden (Art.33 und Art.34 DSGVO)<br \/>\nIm Falle einer Verletzung oder eines Verdachts auf eine Verletzung personenbezogener Daten werden LORRTEC und seine Subunternehmer die CNIL sp\u00e4testens 72 Stunden nach Kenntnisnahme benachrichtigen.<\/p>\n<\/div>\n<\/div>\n<p>[\/et_pb_text][\/et_pb_column][\/et_pb_row][\/et_pb_section]<\/p>\n","protected":false},"excerpt":{"rendered":"<p>LORRTEC Motorist in Pont de Vaux 01190 RECHTLICHE HINWEISE COORDONNEREN Name oder Firmenname: LORRTEC Adresse: 356 petit faubourg 01190 Pont de Vaux Telefon: 03 85 22 17 63 Hauptsitz: 356 petit faubourg 01190 Pont de Vaux SIRET-Nr. der Einrichtung: 52930290300016 Umsatzsteuer-Identifikationsnummer : Redaktions- und Publikationsleiter: Pierre Antoine RAMPON PRESTATEUR Erstellung der Website: archabe.fr GEISTIGES EIGENTUM [&hellip;]<\/p>\n","protected":false},"author":1,"featured_media":0,"parent":0,"menu_order":0,"comment_status":"closed","ping_status":"closed","template":"","meta":{"_et_pb_use_builder":"on","_et_pb_old_content":"","_et_gb_content_width":"","footnotes":""},"class_list":["post-2116","page","type-page","status-publish","hentry"],"_links":{"self":[{"href":"https:\/\/www.lorrtec.com\/de\/wp-json\/wp\/v2\/pages\/2116","targetHints":{"allow":["GET"]}}],"collection":[{"href":"https:\/\/www.lorrtec.com\/de\/wp-json\/wp\/v2\/pages"}],"about":[{"href":"https:\/\/www.lorrtec.com\/de\/wp-json\/wp\/v2\/types\/page"}],"author":[{"embeddable":true,"href":"https:\/\/www.lorrtec.com\/de\/wp-json\/wp\/v2\/users\/1"}],"replies":[{"embeddable":true,"href":"https:\/\/www.lorrtec.com\/de\/wp-json\/wp\/v2\/comments?post=2116"}],"version-history":[{"count":2,"href":"https:\/\/www.lorrtec.com\/de\/wp-json\/wp\/v2\/pages\/2116\/revisions"}],"predecessor-version":[{"id":2124,"href":"https:\/\/www.lorrtec.com\/de\/wp-json\/wp\/v2\/pages\/2116\/revisions\/2124"}],"wp:attachment":[{"href":"https:\/\/www.lorrtec.com\/de\/wp-json\/wp\/v2\/media?parent=2116"}],"curies":[{"name":"wp","href":"https:\/\/api.w.org\/{rel}","templated":true}]}}