 {"id":2117,"date":"2023-09-14T07:40:02","date_gmt":"2023-09-14T07:40:02","guid":{"rendered":"https:\/\/www.lorrtec.com\/bearbeitungen-und-auswuchten-von-motoren-lorrtec-motoriste\/"},"modified":"2023-09-14T07:40:06","modified_gmt":"2023-09-14T07:40:06","slug":"bearbeitungen-und-auswuchten-von-motoren-lorrtec-motoriste","status":"publish","type":"page","link":"https:\/\/www.lorrtec.com\/de\/bearbeitungen-und-auswuchten-von-motoren-lorrtec-motoriste\/","title":{"rendered":"Bearbeitungen und Auswuchten von Motoren &#8211; LORRTEC Motoriste"},"content":{"rendered":"<p>[et_pb_section fb_built=&#8220;1&#8243; next_background_color=&#8220;#000000&#8243; _builder_version=&#8220;3.22&#8243; background_image=&#8220;https:\/\/www.lorrtec.com\/wp-content\/uploads\/2018\/09\/bandeau-lorrtec.jpg&#8220; bottom_divider_style=&#8220;arrow&#8220;][et_pb_row column_structure=&#8220;1_2,1_2&#8243; _builder_version=&#8220;3.25&#8243; background_size=&#8220;initial&#8220; background_position=&#8220;top_left&#8220; background_repeat=&#8220;repeat&#8220;][et_pb_column type=&#8220;1_2&#8243; _builder_version=&#8220;3.25&#8243; custom_padding=&#8220;|||&#8220; custom_css_before=&#8220;content: %22%22;|| display: inline-block;|| position: absolute;|| background-image: url(\/wp-content\/uploads\/2018\/09\/home-title-bg.png);|| width: 382px;|| height: 382px;|| top: 0;|| left: 50%;|| margin-left: -191px;|| animation: rotate 60s infinite linear;&#8220; custom_css_main_element=&#8220;position: relative;|| margin-top: 0px;|| padding-bottom: 8rem;|| padding-top: 8rem;|| min-height: 350px;|| color: #fff;&#8220; custom_css_after=&#8220;content: %22%22;|| display: inline-block;|| position: absolute;|| background-image: url(\/wp-content\/uploads\/2018\/09\/home-title-after.png);|| width: 142px;|| height: 142px;|| top: -51px;|| left: 50%;|| margin-left: -71px;|| animation: rotate 40s infinite linear;|| animation-direction: reverse;|| -webkit-animation-direction: reverse;|| -moz-animation-direction: reverse;&#8220; custom_padding__hover=&#8220;|||&#8220;][et_pb_text _builder_version=&#8220;3.27.4&#8243; header_font=&#8220;|||on|||||&#8220; header_text_align=&#8220;center&#8220; header_text_color=&#8220;#ffffff&#8220; header_font_size=&#8220;26px&#8220; header_2_text_align=&#8220;center&#8220; header_2_text_color=&#8220;#ffffff&#8220; custom_margin=&#8220;||157px|||&#8220;]<img loading=\"lazy\" decoding=\"async\" class=\"size-full wp-image-53 aligncenter\" src=\"https:\/\/www.lorrtec.com\/wp-content\/uploads\/2018\/10\/logo-lorrtec-seul.png\" alt=\"LORRTEC\" width=\"299\" height=\"58\"><\/p>\n<h1>Bearbeitungen und Auswuchten von Motoren<\/h1>\n<h1>WETTBEWERB &amp; SAMMLUNG<\/h1>\n<p>[\/et_pb_text][et_pb_text _builder_version=&#8220;4.4.6&#8243; hover_enabled=&#8220;0&#8243;]<\/p>\n<p style=\"text-align: center;\"><a href=\"https:\/\/www.lorrtec.com\/equilibrage-de-vilebrequin-v6-v8-v10-v12\/\">Insbesondere haben wir das Auswuchten von V6-, V8-, V10-, V12-Motoren entwickelt &#8211;&gt;<\/a><\/p>\n<p>[\/et_pb_text][\/et_pb_column][et_pb_column type=&#8220;1_2&#8243; _builder_version=&#8220;3.25&#8243; custom_padding=&#8220;|||&#8220; custom_padding__hover=&#8220;|||&#8220;][et_pb_text admin_label=&#8220;pr\u00e9sentation&#8220; _builder_version=&#8220;3.27.4&#8243; text_text_color=&#8220;#ffffff&#8220; text_font_size=&#8220;18px&#8220; header_text_color=&#8220;#ffffff&#8220; header_2_text_color=&#8220;#ffffff&#8220; header_3_text_color=&#8220;#ffffff&#8220; custom_padding=&#8220;50px|||&#8220;]<\/p>\n<p>Die<strong> LORRTEC-Motorbearbeitungs-<\/strong> und<strong> Schleifwerkstatt<\/strong> umfasst die folgenden Arbeitsschritte:<\/p>\n<ul>\n<li>Drehen , konventionelles und CNC-Fr\u00e4sen<\/li>\n<li>Schleifen von Motorblock\/Zylinderkopf<\/li>\n<li>Schleifen von Ventilen<\/li>\n<li>Auswechseln und Schleifen von Ventilsitzen<\/li>\n<li>Auswechseln von Ventilf\u00fchrungen<\/li>\n<li>CN-Bearbeitung von Zylinderkopfkan\u00e4len<\/li>\n<li>Probedruck Zylinderkopf und Block<\/li>\n<li>Zylinderbohrung (Gusseisen, Alusil, Nikasil&#8230;)<\/li>\n<li>Auskleidung von Motorbl\u00f6cken<\/li>\n<li>Installation von verst\u00e4rkten DARTON-Mappen<\/li>\n<li>Nikasil-Behandlung<\/li>\n<li>Kurbelwellenschleifen<\/li>\n<li>Auswuchten der Kurbelwelle<\/li>\n<li>Kurbelwellenverkleidung Motorrad<\/li>\n<li>Bearbeitung Wellenlinie<\/li>\n<li>TIG-Schwei\u00dfen<\/li>\n<\/ul>\n<p>&nbsp;<\/p>\n<p>[\/et_pb_text][et_pb_gallery gallery_ids=&#8220;139,141&#8243; posts_number=&#8220;3&#8243; show_title_and_caption=&#8220;off&#8220; show_pagination=&#8220;off&#8220; _builder_version=&#8220;3.15&#8243;][\/et_pb_gallery][\/et_pb_column][\/et_pb_row][\/et_pb_section][et_pb_section fb_built=&#8220;1&#8243; _builder_version=&#8220;3.22&#8243; background_color=&#8220;#000000&#8243; background_image=&#8220;https:\/\/www.lorrtec.com\/wp-content\/uploads\/2018\/09\/fond-moteur-droit.png&#8220;][et_pb_row _builder_version=&#8220;3.25&#8243; background_size=&#8220;initial&#8220; background_position=&#8220;top_left&#8220; background_repeat=&#8220;repeat&#8220;][et_pb_column type=&#8220;4_4&#8243; _builder_version=&#8220;3.25&#8243; custom_padding=&#8220;|||&#8220; custom_padding__hover=&#8220;|||&#8220;][et_pb_text admin_label=&#8220;Pr\u00e9sentation de l&#8217;activit\u00e9 d&#8217;installation, et de mise au point de bo\u00eetiers \u00e9lectroniques MOTEC de LORRTEC.&#8220; _builder_version=&#8220;3.27.4&#8243; text_text_color=&#8220;#ffffff&#8220; header_text_color=&#8220;#ffffff&#8220; header_2_text_align=&#8220;center&#8220; header_2_text_color=&#8220;#ffffff&#8220; header_3_text_color=&#8220;#ffffff&#8220;]<\/p>\n<h2>Vorstellung der Aktivit\u00e4ten von LORRTEC in den Bereichen Bearbeitung, Schleifen und Motorauswuchten.<\/h2>\n<p>[\/et_pb_text][\/et_pb_column][\/et_pb_row][et_pb_row column_structure=&#8220;1_3,2_3&#8243; module_class=&#8220; et_pb_row_fullwidth&#8220; _builder_version=&#8220;3.25&#8243; width=&#8220;89%&#8220; width_tablet=&#8220;80%&#8220; width_phone=&#8220;&#8220; width_last_edited=&#8220;on|desktop&#8220; max_width=&#8220;89%&#8220; max_width_tablet=&#8220;80%&#8220; max_width_phone=&#8220;&#8220; max_width_last_edited=&#8220;on|desktop&#8220; custom_padding=&#8220;25.25px|0px|33px|0px|false|false&#8220; make_fullwidth=&#8220;on&#8220;][et_pb_column type=&#8220;1_3&#8243; _builder_version=&#8220;3.25&#8243; custom_padding=&#8220;|||&#8220; custom_padding__hover=&#8220;|||&#8220;][et_pb_text admin_label=&#8220;Les bo\u00eetiers \u00e9lectroniques MOTEC&#8220; _builder_version=&#8220;3.27.4&#8243; text_text_color=&#8220;#ffffff&#8220; header_text_color=&#8220;#ffffff&#8220; header_2_text_color=&#8220;#ffffff&#8220; header_3_text_color=&#8220;#ffffff&#8220;]<\/p>\n<h3 style=\"text-align: justify;\">Arten von Bearbeitungen, die von unserer Werkstatt durchgef\u00fchrt werden:<\/h3>\n<blockquote>\n<p style=\"text-align: justify;\">Wir f\u00fchren alle Bearbeitungen durch, die Motoren von Autos, Motorr\u00e4dern und Flugzeugen betreffen:<\/p>\n<ul>\n<li style=\"text-align: justify;\">Schleifen von Ventilen und Sitzen<\/li>\n<li style=\"text-align: justify;\">Schleifen Block\/Zylinderkopf<\/li>\n<li style=\"text-align: justify;\">Bohrung Zylinder Gusseisen, Nikasil, FRM&#8230;<\/li>\n<li style=\"text-align: justify;\">Kurbelwellenschliff<\/li>\n<li style=\"text-align: justify;\">Auswuchten Kurbelwelle<\/li>\n<li style=\"text-align: justify;\">Bearbeitung von CNC-Zylinderkopfkan\u00e4len und Brennkammern<\/li>\n<li style=\"text-align: justify;\">3D-Scan der Zylinderkopf- und Brennkammerkan\u00e4le<\/li>\n<li style=\"text-align: justify;\">Aluminiumschwei\u00dfen am Zylinderkopf<\/li>\n<li style=\"text-align: justify;\">Auswechseln der Ventilsitze<\/li>\n<li style=\"text-align: justify;\">Einbau von Ventilsitzen aus Bronze<\/li>\n<li style=\"text-align: justify;\">Austausch der Ventilf\u00fchrungen<\/li>\n<li style=\"text-align: justify;\">Pr\u00fcfung von Zylinderkopf\/Block<\/li>\n<li style=\"text-align: justify;\">Kurbelwellenbearbeitung (Porsche 911&#8230;)<\/li>\n<li style=\"text-align: justify;\">neu verpacken Einzylindermotorrad<\/li>\n<li style=\"text-align: justify;\">usw.<\/li>\n<\/ul>\n<\/blockquote>\n<p>Interview mit Pierre-Antoine RAMPON \u00fcber die T\u00e4tigkeit von LORRTEC als Ingenieurb\u00fcro f\u00fcr Motorenentwicklung :<\/p>\n<p>&nbsp;<\/p>\n<h3 style=\"text-align: justify;\">Arbeitet die Maschinenwerkstatt, wenn der Motor nicht intern zusammengebaut wird?<\/h3>\n<blockquote>\n<p style=\"text-align: justify;\">Ja, wir arbeiten sowohl als <strong>Zulieferer<\/strong> f\u00fcr <strong>professionelle<\/strong> Automobilhersteller als auch f\u00fcr <strong>Privatpersonen<\/strong>, die ihre Teile selbst zusammenbauen.<\/p>\n<\/blockquote>\n<h3 style=\"text-align: justify;\">Was sind die St\u00e4rken Ihrer Werkstatt?<\/h3>\n<blockquote>\n<p style=\"text-align: justify;\">Wir verf\u00fcgen \u00fcber einen Maschinenpark, der <strong>fast alle Bearbeitungsvorg\u00e4nge abdeckt<\/strong>, was uns erm\u00f6glicht, die Qualit\u00e4t und die Fristen unserer Arbeit zu kontrollieren. Da LORRTEC in erster Linie Motorenhersteller ist, kennen wir au\u00dferdem die Probleme, die bei der Rekonstruktion von Motoren auftreten, was uns erm\u00f6glicht, unsere Arbeit als Bearbeiter zu lenken und so dem Kunden Probleme beim Zusammenbau zu ersparen.<\/p>\n<\/blockquote>\n<h3 style=\"text-align: justify;\">Welche Fristen haben Sie?<\/h3>\n<blockquote>\n<p style=\"text-align: justify;\">Je nach Operation variieren unsere Fristen von einigen Tagen bis zu einigen Wochen.<\/p>\n<\/blockquote>\n<p>[\/et_pb_text][\/et_pb_column][et_pb_column type=&#8220;2_3&#8243; _builder_version=&#8220;3.25&#8243; custom_padding=&#8220;|||&#8220; custom_padding__hover=&#8220;|||&#8220;][et_pb_image src=&#8220;https:\/\/www.lorrtec.com\/wp-content\/uploads\/2018\/09\/alesage-rodage-cylindres.jpg&#8220; alt=&#8220;Aufbohren und Honen von Zylindern&#8220; show_in_lightbox=&#8220;on&#8220; align_tablet=&#8220;center&#8220; align_phone=&#8220;&#8220; align_last_edited=&#8220;on|desktop&#8220; admin_label=&#8220;al\u00e9sage et rodage des cylindres&#8220; _builder_version=&#8220;3.23&#8243;][\/et_pb_image][et_pb_image src=&#8220;https:\/\/www.lorrtec.com\/wp-content\/uploads\/2018\/09\/equilibrage-vilebrequin.jpg&#8220; alt=&#8220;Auswuchten einer Kurbelwelle&#8220; show_in_lightbox=&#8220;on&#8220; align_tablet=&#8220;center&#8220; align_phone=&#8220;&#8220; align_last_edited=&#8220;on|desktop&#8220; admin_label=&#8220;\u00e9quilibrage d&#8217;un vilebrequin&#8220; _builder_version=&#8220;3.23&#8243;][\/et_pb_image][\/et_pb_column][\/et_pb_row][et_pb_row column_structure=&#8220;1_2,1_2&#8243; _builder_version=&#8220;3.25&#8243; background_size=&#8220;initial&#8220; background_position=&#8220;top_left&#8220; background_repeat=&#8220;repeat&#8220;][et_pb_column type=&#8220;1_2&#8243; _builder_version=&#8220;3.25&#8243; custom_padding=&#8220;|||&#8220; custom_padding__hover=&#8220;|||&#8220;][et_pb_text admin_label=&#8220;Quels sont les avantages d&#8217;un bo\u00eetier MOTEC par rapport \u00e0 un bo\u00eetier \u00e9lectronique d&#8217;origine ?&#8220; _builder_version=&#8220;3.27.4&#8243; text_text_color=&#8220;#ffffff&#8220; header_text_color=&#8220;#ffffff&#8220; header_2_text_color=&#8220;#ffffff&#8220; header_3_text_color=&#8220;#ffffff&#8220;]<\/p>\n<h3 style=\"text-align: justify;\">Was sind die Spezialgebiete Ihrer Motorenwerkstatt?<\/h3>\n<blockquote>\n<p style=\"text-align: justify;\">Als Triebwerkshersteller ist es uns sehr wichtig, dass unsere Motoren<strong>keine st\u00f6renden Vibrationen<\/strong> aufweisen. Daf\u00fcr ist das Auswuchten der Kurbelwelle von entscheidender Bedeutung, weshalb wir in <strong>eine hochpr\u00e4zise Schenck-Auswuchtmaschine der neuesten Generation<\/strong> investiert haben.<\/p>\n<p style=\"text-align: justify;\"><strong><\/strong><\/p>\n<p style=\"text-align: justify;\">Au\u00dferdem haben wir das Material und die F\u00e4higkeiten, um die  <strong>Motorbohrungen<\/strong>  auf Zylindern mit<strong>  Nikasil<\/strong>  und andere  <strong>besondere Behandlungen wie FRM von HONDA S2000-Bl\u00f6cken<\/strong>&#8230; Wir messen die Oberfl\u00e4chenbeschaffenheit (Ra, Rz&#8230;) nach der Bearbeitung, um eine maximale Dichtheit der Kolbenringe zu gew\u00e4hrleisten und so den \u00d6lverbrauch des Motors zu begrenzen.<\/p>\n<p style=\"text-align: justify;\">\n<p style=\"text-align: justify;\">Wir sind auch in der Lage, die Wellenlinien neu zu vermessen, insbesondere bei Porsche-911-Motoren mit Magnesium- (und Aluminium-) Block. In diesem Fall schleifen wir die beiden Geh\u00e4useh\u00e4lften, bevor wir Zentrierstifte bearbeiten und schlie\u00dflich die Linie neu ausrichten. Dieser Prozess gew\u00e4hrleistet eine perfekte Ebenheit, die bei diesen Bl\u00f6cken oft fehlt, sowie eine pr\u00e4zise Ausrichtung der Kurbelwellenlager f\u00fcr eine h\u00f6here Zuverl\u00e4ssigkeit.<\/p>\n<\/blockquote>\n<p>&nbsp;<\/p>\n<p>&nbsp;<\/p>\n<p><a href=\"https:\/\/www.lorrtec.com\/de\/kontakt-lorrtec-motorist-fuer-rennsport-und-sammlerstuecke\/\">DEVIS<\/a><\/p>\n<p>[\/et_pb_text][\/et_pb_column][et_pb_column type=&#8220;1_2&#8243; _builder_version=&#8220;3.25&#8243; custom_padding=&#8220;|||&#8220; custom_padding__hover=&#8220;|||&#8220;][et_pb_text admin_label=&#8220;DEVIS Texte&#8220; _builder_version=&#8220;3.17.2&#8243; global_module=&#8220;1015&#8243; saved_tabs=&#8220;all&#8220;]<\/p>\n<p style=\"text-align: right;\"><span class=\"fac bouton-racing2\" data-fac=\"L2NvbnRhY3Qv\">DEVIS<\/span><\/p>\n<p>[\/et_pb_text][\/et_pb_column][\/et_pb_row][et_pb_row column_structure=&#8220;1_3,2_3&#8243; module_class=&#8220; et_pb_row_fullwidth&#8220; _builder_version=&#8220;3.25&#8243; width=&#8220;89%&#8220; width_tablet=&#8220;80%&#8220; width_phone=&#8220;&#8220; width_last_edited=&#8220;on|desktop&#8220; max_width=&#8220;89%&#8220; max_width_tablet=&#8220;80%&#8220; max_width_phone=&#8220;&#8220; max_width_last_edited=&#8220;on|desktop&#8220; make_fullwidth=&#8220;on&#8220;][et_pb_column type=&#8220;1_3&#8243; _builder_version=&#8220;3.25&#8243; custom_padding=&#8220;|||&#8220; custom_padding__hover=&#8220;|||&#8220;][et_pb_text admin_label=&#8220;Comment se fait la mise au point ?&#8220; _builder_version=&#8220;3.27.4&#8243; text_text_color=&#8220;#ffffff&#8220; header_text_color=&#8220;#ffffff&#8220; header_2_text_color=&#8220;#ffffff&#8220; header_3_text_color=&#8220;#ffffff&#8220;]<\/p>\n<h3 style=\"text-align: justify;\">Wie wird eine Kurbelwelle ausgewuchtet?<\/h3>\n<blockquote>\n<p style=\"text-align: justify;\">F\u00fcr einen<strong>  Ausgleich<\/strong>  Der richtige niedrige Motor muss uns die gesamte &#8222;bewegliche Kupplung&#8220; liefern, d. h. die &#8222;bewegliche Kupplung&#8220; muss uns die &#8222;bewegliche Kupplung&#8220; liefern, d. h. die &#8222;bewegliche Kupplung&#8220; muss uns die &#8222;bewegliche Kupplung&#8220; liefern.<strong>alle drehenden Elemente, die mit der Kurbelwelle verbunden sind (D\u00e4mpfer, Schwungrad, Kupplung, Zahnr\u00e4der und Riemenscheiben, Schrauben &#8230;).  <\/strong>Zun\u00e4chst wuchten wir die Kurbelwelle allein aus, dann das Schwungrad und zum Schluss wird die gesamte Einheit \u00fcberpr\u00fcft. Wir sind auch in der Lage, die Kurbelwellen von 3- und 5-Zylinder-Motoren auszuwuchten, oder auch V-Motoren, die die Berechnung und Herstellung von Auswuchtgewichten (&#8222;bobweights&#8220;) entsprechend den alternativen und rotierenden Massen erfordern, die mit den Kurbelzapfen (Pleuelstangen und Kolben) verbunden sind.<strong><br \/><\/strong><\/p>\n<\/blockquote>\n<p>[\/et_pb_text][\/et_pb_column][et_pb_column type=&#8220;2_3&#8243; _builder_version=&#8220;3.25&#8243; custom_padding=&#8220;|||&#8220; custom_padding__hover=&#8220;|||&#8220;][et_pb_image src=&#8220;https:\/\/www.lorrtec.com\/wp-content\/uploads\/2018\/09\/rectification-sieges-soupapes.jpg&#8220; alt=&#8220;Schleifen von Ventilsitzen&#8220; show_in_lightbox=&#8220;on&#8220; align_tablet=&#8220;center&#8220; align_phone=&#8220;&#8220; align_last_edited=&#8220;on|desktop&#8220; admin_label=&#8220;rectification de si\u00e8ges de soupapes&#8220; _builder_version=&#8220;3.23&#8243;][\/et_pb_image][\/et_pb_column][\/et_pb_row][et_pb_row column_structure=&#8220;1_3,2_3&#8243; module_class=&#8220; et_pb_row_fullwidth&#8220; _builder_version=&#8220;3.25&#8243; width=&#8220;89%&#8220; width_tablet=&#8220;80%&#8220; width_phone=&#8220;&#8220; width_last_edited=&#8220;on|desktop&#8220; max_width=&#8220;89%&#8220; max_width_tablet=&#8220;80%&#8220; max_width_phone=&#8220;&#8220; max_width_last_edited=&#8220;on|desktop&#8220; make_fullwidth=&#8220;on&#8220;][et_pb_column type=&#8220;1_3&#8243; _builder_version=&#8220;3.25&#8243; custom_padding=&#8220;|||&#8220; custom_padding__hover=&#8220;|||&#8220;][et_pb_text admin_label=&#8220;DEVIS Texte&#8220; _builder_version=&#8220;3.17.2&#8243; global_module=&#8220;1015&#8243; saved_tabs=&#8220;all&#8220;]<\/p>\n<p style=\"text-align: right;\"><span class=\"fac bouton-racing2\" data-fac=\"L2NvbnRhY3Qv\">DEVIS<\/span><\/p>\n<p>[\/et_pb_text][\/et_pb_column][et_pb_column type=&#8220;2_3&#8243; _builder_version=&#8220;3.25&#8243; custom_padding=&#8220;|||&#8220; custom_padding__hover=&#8220;|||&#8220;][et_pb_image src=&#8220;https:\/\/www.lorrtec.com\/wp-content\/uploads\/2018\/09\/rectification-usinage-culasses.jpg&#8220; alt=&#8220;Schleifen und Bearbeiten eines Zylinderkopfes&#8220; show_in_lightbox=&#8220;on&#8220; align_tablet=&#8220;center&#8220; align_phone=&#8220;&#8220; align_last_edited=&#8220;on|desktop&#8220; admin_label=&#8220;rectification et usinage d&#8217;une culasses&#8220; _builder_version=&#8220;3.23&#8243;][\/et_pb_image][et_pb_image src=&#8220;https:\/\/www.lorrtec.com\/wp-content\/uploads\/2018\/09\/rectification-usinage-seiges-soupapes.jpg&#8220; alt=&#8220;Schleifen von Ventilsitzen&#8220; show_in_lightbox=&#8220;on&#8220; align_tablet=&#8220;center&#8220; align_phone=&#8220;&#8220; align_last_edited=&#8220;on|desktop&#8220; admin_label=&#8220;rectification usinage si\u00e8ges de soupapes&#8220; _builder_version=&#8220;3.23&#8243;][\/et_pb_image][et_pb_image src=&#8220;https:\/\/www.lorrtec.com\/wp-content\/uploads\/2018\/09\/soudure.jpg&#8220; alt=&#8220;WIG-Schwei\u00dfen&#8220; show_in_lightbox=&#8220;on&#8220; align_tablet=&#8220;center&#8220; align_phone=&#8220;&#8220; align_last_edited=&#8220;on|desktop&#8220; admin_label=&#8220;soudure TIG&#8220; _builder_version=&#8220;3.23&#8243;][\/et_pb_image][\/et_pb_column][\/et_pb_row][\/et_pb_section][et_pb_section fb_built=&#8220;1&#8243; _builder_version=&#8220;3.15&#8243; background_color=&#8220;#1d1d1d&#8220; background_image=&#8220;https:\/\/www.lorrtec.com\/wp-content\/uploads\/2018\/09\/bandeau-lorrtec.jpg&#8220; global_module=&#8220;271&#8243;][et_pb_row _builder_version=&#8220;3.25&#8243; background_size=&#8220;initial&#8220; background_position=&#8220;top_left&#8220; background_repeat=&#8220;repeat&#8220;][et_pb_column type=&#8220;4_4&#8243; _builder_version=&#8220;3.25&#8243; custom_padding=&#8220;|||&#8220; custom_padding__hover=&#8220;|||&#8220;][et_pb_text admin_label=&#8220;Pr\u00e9sentation de l&#8217;activit\u00e9 d&#8217;installation, et de mise au point de bo\u00eetiers \u00e9lectroniques MOTEC de LORRTEC.&#8220; _builder_version=&#8220;3.27.4&#8243; text_text_color=&#8220;#ffffff&#8220; header_text_color=&#8220;#ffffff&#8220; header_2_text_align=&#8220;center&#8220; header_2_text_color=&#8220;#ffffff&#8220; header_3_text_color=&#8220;#ffffff&#8220;]<\/p>\n<h2>Alle Aktivit\u00e4ten von LORRTEC<\/h2>\n<p>[\/et_pb_text][\/et_pb_column][\/et_pb_row][et_pb_row column_structure=&#8220;1_3,1_3,1_3&#8243; _builder_version=&#8220;3.25&#8243; custom_margin=&#8220;||0px|&#8220; custom_padding=&#8220;||0px|&#8220;][et_pb_column type=&#8220;1_3&#8243; _builder_version=&#8220;3.25&#8243; custom_padding=&#8220;|||&#8220; custom_padding__hover=&#8220;|||&#8220;][et_pb_code admin_label=&#8220;PLANUNGSB\u00dcRO&#8220; text_orientation=&#8220;center&#8220;]<a class=\"bouton-racing2\" href=\"https:\/\/www.lorrtec.com\/de\/konstruktionsbuero-fuer-motoren\/\">PLANUNGSB\u00dcRO<\/a>[\/et_pb_code][\/et_pb_column][et_pb_column type=&#8220;1_3&#8243; _builder_version=&#8220;3.25&#8243; custom_padding=&#8220;|||&#8220; custom_padding__hover=&#8220;|||&#8220;][et_pb_code admin_label=&#8220;MONTAGE DES MOTORS&#8220; text_orientation=&#8220;center&#8220;]<a class=\"bouton-racing2\" href=\"https:\/\/www.lorrtec.com\/de\/motormontage-lorrtec-motorist-rennsport-und-sammlerstuecke\/\">MONTAGE DES MOTORS<\/a>[\/et_pb_code][\/et_pb_column][et_pb_column type=&#8220;1_3&#8243; _builder_version=&#8220;3.25&#8243; custom_padding=&#8220;|||&#8220; custom_padding__hover=&#8220;|||&#8220;][et_pb_code admin_label=&#8220;BEARBEITUNG UND AUSWUCHTEN&#8220; text_orientation=&#8220;center&#8220;]<a class=\"bouton-racing2\" href=\"https:\/\/www.lorrtec.com\/de\/bearbeitungen-und-auswuchten-von-motoren-lorrtec-motoriste\/\">BEARBEITUNG AUSWUCHTEN<\/a>[\/et_pb_code][\/et_pb_column][\/et_pb_row][et_pb_row column_structure=&#8220;1_3,1_3,1_3&#8243; _builder_version=&#8220;3.25&#8243; custom_margin=&#8220;0px||0px|&#8220; custom_padding=&#8220;0px||0px|&#8220;][et_pb_column type=&#8220;1_3&#8243; _builder_version=&#8220;3.25&#8243; custom_padding=&#8220;|||&#8220; custom_padding__hover=&#8220;|||&#8220;][et_pb_code admin_label=&#8220;ELEKTRONIK UND VERKABELUNG&#8220; text_orientation=&#8220;center&#8220;]<a class=\"bouton-racing2\" href=\"https:\/\/www.lorrtec.com\/de\/elektronik-und-verkabelung-von-rennmotoren\/\">ELEKTRONIK UND VERKABELUNG<\/a>[\/et_pb_code][\/et_pb_column][et_pb_column type=&#8220;1_3&#8243; _builder_version=&#8220;3.25&#8243; custom_padding=&#8220;|||&#8220; custom_padding__hover=&#8220;|||&#8220;][et_pb_code admin_label=&#8220;ORGANB\u00c4NKE&#8220; text_orientation=&#8220;center&#8220;]<a class=\"bouton-racing2\" href=\"https:\/\/www.lorrtec.com\/de\/metrologie-kontrollen-von-motororganen-und-teilen\/\">METROLOGIE<\/a>[\/et_pb_code][\/et_pb_column][et_pb_column type=&#8220;1_3&#8243; _builder_version=&#8220;3.25&#8243; custom_padding=&#8220;|||&#8220; custom_padding__hover=&#8220;|||&#8220;][et_pb_code admin_label=&#8220;MOTORVERSUCHE&#8220; text_orientation=&#8220;center&#8220;]<a class=\"bouton-racing2\" href=\"https:\/\/www.lorrtec.com\/de\/ein-motorpruefstand-und-ein-fahrzeugpruefstand-fuer-ihre-leistung\/\">TESTBANKEN<\/a>[\/et_pb_code][\/et_pb_column][\/et_pb_row][et_pb_row column_structure=&#8220;1_3,1_3,1_3&#8243; _builder_version=&#8220;3.25&#8243; custom_margin=&#8220;0px||0px|&#8220; custom_padding=&#8220;0px||0px|&#8220;][et_pb_column type=&#8220;1_3&#8243; _builder_version=&#8220;3.25&#8243; custom_padding=&#8220;|||&#8220; custom_padding__hover=&#8220;|||&#8220;][et_pb_code admin_label=&#8220;ASSISTANCE  &#8220; text_orientation=&#8220;center&#8220;]<a class=\"bouton-racing2\" href=\"https:\/\/www.lorrtec.com\/de\/unterstuetzung-bei-rennstrecken-und-rallyes-datenerfassung-und-analyse\/\">UNTERST\u00dcTZUNG BEI RENNSTRECKEN\/RALLYES<\/a>[\/et_pb_code][\/et_pb_column][et_pb_column type=&#8220;1_3&#8243; _builder_version=&#8220;3.25&#8243; custom_padding=&#8220;|||&#8220; custom_padding__hover=&#8220;|||&#8220;][et_pb_code admin_label=&#8220;ASSISTANCE  &#8220; _builder_version=&#8220;4.4.6&#8243; text_orientation=&#8220;center&#8220;]<a class=\"bouton-racing2\" href=\"https:\/\/www.lorrtec.com\/equilibrage-de-vilebrequin-v6-v8-v10-v12\/\">AUSBALANCIEREN V6 V8 V10 V12<\/a>[\/et_pb_code][\/et_pb_column][et_pb_column type=&#8220;1_3&#8243; _builder_version=&#8220;3.25&#8243; custom_padding=&#8220;|||&#8220; custom_padding__hover=&#8220;|||&#8220;][et_pb_code admin_label=&#8220;Motorverk\u00e4ufe&#8220; text_orientation=&#8220;center&#8220;]<a class=\"bouton-racing2\" href=\"https:\/\/www.lorrtec.com\/de\/verkaeufe-von-ford-cosworth-bda-bdg-yb-pinto-und-bmw-s14-m3-motoren\/\">MOTORENVERK\u00c4UFE<\/a>[\/et_pb_code][\/et_pb_column][\/et_pb_row][et_pb_row _builder_version=&#8220;3.25&#8243; custom_css_before=&#8220;content: %22%22;|| display: inline-block;|| position: absolute;|| background-image: url(\/wp-content\/uploads\/2018\/09\/home-title-bg.png);|| width: 382px;|| height: 382px;|| top: 0;|| left: 50%;|| margin-left: -191px;|| animation: rotate 60s infinite linear;&#8220; custom_css_main_element=&#8220;position: relative;|| margin-top: 0px;|| padding-bottom: 8rem;|| padding-top: 8rem;|| min-height: 350px;|| color: #fff;&#8220; custom_css_after=&#8220;content: %22%22;|| display: inline-block;|| position: absolute;|| background-image: url(\/wp-content\/uploads\/2018\/09\/home-title-after.png);|| width: 142px;|| height: 142px;|| top: -51px;|| left: 50%;|| margin-left: -71px;|| animation: rotate 40s infinite linear;|| animation-direction: reverse;|| -webkit-animation-direction: reverse;|| -moz-animation-direction: reverse;&#8220;][et_pb_column type=&#8220;4_4&#8243; _builder_version=&#8220;3.25&#8243; custom_padding=&#8220;|||&#8220; custom_padding__hover=&#8220;|||&#8220;][et_pb_text _builder_version=&#8220;3.27.4&#8243; header_text_align=&#8220;center&#8220; header_text_color=&#8220;#ffffff&#8220; header_2_text_align=&#8220;center&#8220; header_2_text_color=&#8220;#ffffff&#8220;]<\/p>\n<p><img loading=\"lazy\" decoding=\"async\" class=\"size-full wp-image-53 aligncenter\" src=\"https:\/\/www.lorrtec.com\/wp-content\/uploads\/2018\/10\/logo-lorrtec-seul.png\" alt=\"LORRTEC\" width=\"299\" height=\"58\"><\/p>\n<h2>MOTORIST<\/h2>\n<h2>WETTBEWERB &amp; SAMMLUNG<\/h2>\n<p>[\/et_pb_text][\/et_pb_column][\/et_pb_row][\/et_pb_section]<\/p>\n","protected":false},"excerpt":{"rendered":"<p>Bearbeitungen und Auswuchten von Motoren WETTBEWERB &amp; SAMMLUNG Insbesondere haben wir das Auswuchten von V6-, V8-, V10-, V12-Motoren entwickelt &#8211;&gt; Die LORRTEC-Motorbearbeitungs- und Schleifwerkstatt umfasst die folgenden Arbeitsschritte: Drehen , konventionelles und CNC-Fr\u00e4sen Schleifen von Motorblock\/Zylinderkopf Schleifen von Ventilen Auswechseln und Schleifen von Ventilsitzen Auswechseln von Ventilf\u00fchrungen CN-Bearbeitung von Zylinderkopfkan\u00e4len Probedruck Zylinderkopf und Block Zylinderbohrung [&hellip;]<\/p>\n","protected":false},"author":1,"featured_media":0,"parent":0,"menu_order":0,"comment_status":"closed","ping_status":"closed","template":"","meta":{"_et_pb_use_builder":"on","_et_pb_old_content":"","_et_gb_content_width":"","footnotes":""},"class_list":["post-2117","page","type-page","status-publish","hentry"],"_links":{"self":[{"href":"https:\/\/www.lorrtec.com\/de\/wp-json\/wp\/v2\/pages\/2117","targetHints":{"allow":["GET"]}}],"collection":[{"href":"https:\/\/www.lorrtec.com\/de\/wp-json\/wp\/v2\/pages"}],"about":[{"href":"https:\/\/www.lorrtec.com\/de\/wp-json\/wp\/v2\/types\/page"}],"author":[{"embeddable":true,"href":"https:\/\/www.lorrtec.com\/de\/wp-json\/wp\/v2\/users\/1"}],"replies":[{"embeddable":true,"href":"https:\/\/www.lorrtec.com\/de\/wp-json\/wp\/v2\/comments?post=2117"}],"version-history":[{"count":2,"href":"https:\/\/www.lorrtec.com\/de\/wp-json\/wp\/v2\/pages\/2117\/revisions"}],"predecessor-version":[{"id":2127,"href":"https:\/\/www.lorrtec.com\/de\/wp-json\/wp\/v2\/pages\/2117\/revisions\/2127"}],"wp:attachment":[{"href":"https:\/\/www.lorrtec.com\/de\/wp-json\/wp\/v2\/media?parent=2117"}],"curies":[{"name":"wp","href":"https:\/\/api.w.org\/{rel}","templated":true}]}}