 {"id":1750,"date":"2022-06-26T10:59:38","date_gmt":"2022-06-26T10:59:38","guid":{"rendered":"https:\/\/www.lorrtec.com\/engine-assembly-lorrtec-motorist-competition-and-collection\/"},"modified":"2022-06-26T10:59:40","modified_gmt":"2022-06-26T10:59:40","slug":"engine-assembly-lorrtec-motorist-competition-and-collection","status":"publish","type":"page","link":"https:\/\/www.lorrtec.com\/en\/engine-assembly-lorrtec-motorist-competition-and-collection\/","title":{"rendered":"Engine assembly &#8211; LORRTEC Motorist competition and collection"},"content":{"rendered":"<p>[et_pb_section fb_built=&#8221;1&#8243; next_background_color=&#8221;#000000&#8243; _builder_version=&#8221;3.15&#8243; background_image=&#8221;https:\/\/www.lorrtec.com\/wp-content\/uploads\/2018\/09\/bandeau-lorrtec.jpg&#8221; bottom_divider_style=&#8221;arrow&#8221;][et_pb_row custom_css_before_1=&#8221;content: %22%22;|| display: inline-block;|| position: absolute;|| background-image: url(\/wp-content\/uploads\/2018\/09\/home-title-bg.png);|| width: 382px;|| height: 382px;|| top: 0;|| left: 50%;|| margin-left: -191px;|| animation: rotate 60s infinite linear;&#8221; custom_css_main_1=&#8221;position: relative;|| margin-top: 0px;|| padding-bottom: 8rem;|| padding-top: 8rem;|| min-height: 350px;|| color: #fff;&#8221; custom_css_after_1=&#8221;content: %22%22;|| display: inline-block;|| position: absolute;|| background-image: url(\/wp-content\/uploads\/2018\/09\/home-title-after.png);|| width: 142px;|| height: 142px;|| top: -51px;|| left: 50%;|| margin-left: -71px;|| animation: rotate 40s infinite linear;|| animation-direction: reverse;|| -webkit-animation-direction: reverse;|| -moz-animation-direction: reverse;&#8221; _builder_version=&#8221;3.15&#8243; background_size=&#8221;initial&#8221; background_position=&#8221;top_left&#8221; background_repeat=&#8221;repeat&#8221;][et_pb_column type=&#8221;1_2&#8243; _builder_version=&#8221;3.0.47&#8243; custom_css_before=&#8221;content: %22%22;|| display: inline-block;|| position: absolute;|| background-image: url(\/wp-content\/uploads\/2018\/09\/home-title-bg.png);|| width: 382px;|| height: 382px;|| top: 0;|| left: 50%;|| margin-left: -191px;|| animation: rotate 60s infinite linear;&#8221; custom_css_after=&#8221;content: %22%22;|| display: inline-block;|| position: absolute;|| background-image: url(\/wp-content\/uploads\/2018\/09\/home-title-after.png);|| width: 142px;|| height: 142px;|| top: -51px;|| left: 50%;|| margin-left: -71px;|| animation: rotate 40s infinite linear;|| animation-direction: reverse;|| -webkit-animation-direction: reverse;|| -moz-animation-direction: reverse;&#8221; parallax=&#8221;off&#8221; parallax_method=&#8221;on&#8221; custom_css_main=&#8221;position: relative;|| margin-top: 0px;|| padding-bottom: 8rem;|| padding-top: 8rem;|| min-height: 350px;|| color: #fff;&#8221;][et_pb_text _builder_version=&#8221;3.15&#8243; header_font=&#8221;|||on|||||&#8221; header_text_align=&#8221;center&#8221; header_text_color=&#8221;#ffffff&#8221; header_font_size=&#8221;26px&#8221; header_2_text_align=&#8221;center&#8221; header_2_text_color=&#8221;#ffffff&#8221;]<img loading=\"lazy\" decoding=\"async\" class=\"size-full wp-image-53 aligncenter\" src=\"https:\/\/www.lorrtec.com\/wp-content\/uploads\/2018\/10\/logo-lorrtec-seul.png\" alt=\"LORRTEC\" width=\"299\" height=\"58\"><\/p>\n<h1>Assembly of motors<\/h1>\n<h1>SERIES, COMPETITION &amp; COLLECTION<\/h1>\n<p>[\/et_pb_text][\/et_pb_column][et_pb_column type=&#8221;1_2&#8243; _builder_version=&#8221;3.0.47&#8243; parallax=&#8221;off&#8221; parallax_method=&#8221;on&#8221;][et_pb_text admin_label=&#8221;pr\u00e9sentation&#8221; _builder_version=&#8221;3.15&#8243; text_text_color=&#8221;#ffffff&#8221; text_font_size=&#8221;18px&#8221; header_text_color=&#8221;#ffffff&#8221; header_2_text_color=&#8221;#ffffff&#8221; header_3_text_color=&#8221;#ffffff&#8221; custom_padding=&#8221;50px|||&#8221;]<\/p>\n<p style=\"text-align: justify;\"><strong>Each LORRTEC engine<\/strong> is the result of a rigorous assembly carried out according to the rules of the art: all the parts are checked and if necessary changed, remanufactured and\/or optimized. The engines are then validated on our various test benches.<\/p>\n<p>&nbsp;<\/p>\n<p>[\/et_pb_text][et_pb_gallery gallery_ids=&#8221;1521,1553&#8243; posts_number=&#8221;3&#8243; show_title_and_caption=&#8221;off&#8221; show_pagination=&#8221;off&#8221; _builder_version=&#8221;3.15&#8243;]&nbsp;<br \/>\n[\/et_pb_gallery][\/et_pb_column][\/et_pb_row][\/et_pb_section][et_pb_section fb_built=&#8221;1&#8243; _builder_version=&#8221;3.15&#8243; background_color=&#8221;#000000&#8243; background_image=&#8221;https:\/\/www.lorrtec.com\/wp-content\/uploads\/2018\/09\/fond-moteur-droit.png&#8221; locked=&#8221;off&#8221;][et_pb_row _builder_version=&#8221;3.0.48&#8243; background_size=&#8221;initial&#8221; background_position=&#8221;top_left&#8221; background_repeat=&#8221;repeat&#8221;][et_pb_column type=&#8221;4_4&#8243; _builder_version=&#8221;3.0.47&#8243; parallax=&#8221;off&#8221; parallax_method=&#8221;on&#8221;][et_pb_text admin_label=&#8221;Pr\u00e9sentation de l&#8217;activit\u00e9 d&#8217;installation, et de mise au point de bo\u00eetiers \u00e9lectroniques MOTEC de LORRTEC.&#8221; _builder_version=&#8221;3.15&#8243; text_text_color=&#8221;#ffffff&#8221; header_text_color=&#8221;#ffffff&#8221; header_2_text_align=&#8221;center&#8221; header_2_text_color=&#8221;#ffffff&#8221; header_3_text_color=&#8221;#ffffff&#8221;]<\/p>\n<h2>Presentation of LORRTEC&#8217;s engine assembly activity<\/h2>\n<p>[\/et_pb_text][\/et_pb_column][\/et_pb_row][et_pb_row make_fullwidth=&#8221;on&#8221; _builder_version=&#8221;3.15&#8243;][et_pb_column type=&#8221;1_3&#8243; _builder_version=&#8221;3.0.47&#8243; parallax=&#8221;off&#8221; parallax_method=&#8221;on&#8221;][et_pb_text admin_label=&#8221;Les bo\u00eetiers \u00e9lectroniques MOTEC&#8221; _builder_version=&#8221;3.15&#8243; text_text_color=&#8221;#ffffff&#8221; header_text_color=&#8221;#ffffff&#8221; header_2_text_color=&#8221;#ffffff&#8221; header_3_text_color=&#8221;#ffffff&#8221;]<\/p>\n<h3 style=\"text-align: justify;\">Series engines<\/h3>\n<blockquote>\n<p style=\"text-align: justify;\">For series engines, assembly according to the rules of the art in our workshop brings you a gain in performance and flawless reliability.<\/p>\n<\/blockquote>\n<h3 style=\"text-align: justify;\">Collectible Engines<\/h3>\n<blockquote>\n<p style=\"text-align: justify;\">In the case of collector&#8217;s engines, reverse engineering makes it possible to respect all the know-how of the period. Thanks to current technologies and methods, we produce engines that are more reliable and just as efficient as the original while respecting the period appearance of these engines to which we are attached.<\/p>\n<\/blockquote>\n<h3 style=\"text-align: justify;\">Competition engines<\/h3>\n<blockquote>\n<p style=\"text-align: justify;\">A competition engine often incorporates specific parts that are much more complex and expensive than those of a production engine. In close collaboration with our design office, our engine technicians carry out a perfect assembly of the engine according to precise specifications, which guarantees performance and reliability.<\/p>\n<\/blockquote>\n<p>[\/et_pb_text][\/et_pb_column][et_pb_column type=&#8221;2_3&#8243; _builder_version=&#8221;3.0.47&#8243; parallax=&#8221;off&#8221; parallax_method=&#8221;on&#8221;][et_pb_image src=&#8221;https:\/\/www.lorrtec.com\/wp-content\/uploads\/2018\/09\/montage-moteur-lancia-delta-16S-hf-4WD-grA.jpg&#8221; alt=&#8221;assembly of a Lancia Delta 16S HF 4WD grA engine&#8221; show_in_lightbox=&#8221;on&#8221; admin_label=&#8221;Montage d&#8217;un moteur BMW S42&#8243; _builder_version=&#8221;3.15&#8243;]&nbsp;<br \/>\n[\/et_pb_image][et_pb_image src=&#8221;https:\/\/www.lorrtec.com\/wp-content\/uploads\/2018\/09\/fin-montage-moteur-ford-cosworth-bdg-lorrtec.jpg&#8221; alt=&#8221;End of assembly of a new Ford Cosworth BDG engine&#8221; show_in_lightbox=&#8221;on&#8221; admin_label=&#8221;Fin de montage d&#8217;un moteur Ford Cosworth BDG neuf&#8221; _builder_version=&#8221;3.17.2&#8243;]&nbsp;<br \/>\n[\/et_pb_image][\/et_pb_column][\/et_pb_row][et_pb_row _builder_version=&#8221;3.0.48&#8243; background_size=&#8221;initial&#8221; background_position=&#8221;top_left&#8221; background_repeat=&#8221;repeat&#8221;][et_pb_column type=&#8221;1_2&#8243; _builder_version=&#8221;3.0.47&#8243; parallax=&#8221;off&#8221; parallax_method=&#8221;on&#8221;][et_pb_text admin_label=&#8221;Quels sont les avantages d&#8217;un bo\u00eetier MOTEC par rapport \u00e0 un bo\u00eetier \u00e9lectronique d&#8217;origine ?&#8221; _builder_version=&#8221;3.15&#8243; text_text_color=&#8221;#ffffff&#8221; header_text_color=&#8221;#ffffff&#8221; header_2_text_color=&#8221;#ffffff&#8221; header_3_text_color=&#8221;#ffffff&#8221;][\/et_pb_text][\/et_pb_column][et_pb_column type=&#8221;1_2&#8243; _builder_version=&#8221;3.0.47&#8243; parallax=&#8221;off&#8221; parallax_method=&#8221;on&#8221;][et_pb_text admin_label=&#8221;Quels sont les avantages d&#8217;un bo\u00eetier MOTEC par rapport \u00e0 un bo\u00eetier \u00e9lectronique d&#8217;origine ?&#8221; _builder_version=&#8221;3.15&#8243; text_text_color=&#8221;#ffffff&#8221; header_text_color=&#8221;#ffffff&#8221; header_2_text_color=&#8221;#ffffff&#8221; header_3_text_color=&#8221;#ffffff&#8221;]<\/p>\n<h3>Ford Cosworth BDG engine<\/h3>\n<p>[\/et_pb_text][et_pb_text admin_label=&#8221;DEVIS Texte&#8221; _builder_version=&#8221;3.17.2&#8243; global_module=&#8221;1015&#8243; saved_tabs=&#8221;all&#8221;]<\/p>\n<p style=\"text-align: right;\"><span class=\"fac bouton-racing2\" data-fac=\"L2NvbnRhY3Qv\">DEVIS<\/span><\/p>\n<p>[\/et_pb_text][\/et_pb_column][\/et_pb_row][et_pb_row make_fullwidth=&#8221;on&#8221; _builder_version=&#8221;3.15&#8243;][et_pb_column type=&#8221;1_3&#8243; _builder_version=&#8221;3.0.47&#8243; parallax=&#8221;off&#8221; parallax_method=&#8221;on&#8221;][et_pb_text admin_label=&#8221;Comment se fait la mise au point ?&#8221; _builder_version=&#8221;3.15&#8243; text_text_color=&#8221;#ffffff&#8221; header_text_color=&#8221;#ffffff&#8221; header_2_text_color=&#8221;#ffffff&#8221; header_3_text_color=&#8221;#ffffff&#8221;]<\/p>\n<h3>Escort Cosworth YB Turbo Engine<\/h3>\n<p>[\/et_pb_text][\/et_pb_column][et_pb_column type=&#8221;2_3&#8243; _builder_version=&#8221;3.0.47&#8243; parallax=&#8221;off&#8221; parallax_method=&#8221;on&#8221;][et_pb_image src=&#8221;https:\/\/www.lorrtec.com\/wp-content\/uploads\/2018\/09\/calage-distribution-au-comparateur-lorrtec.jpg&#8221; alt=&#8221;Fine adjustment of the distribution to the comparator by Lorrtec&#8221; show_in_lightbox=&#8221;on&#8221; admin_label=&#8221;Calage de la distribution d&#8217;un moteur Ford Cosworth Turbo&#8221; _builder_version=&#8221;3.17.2&#8243;]&nbsp;<br \/>\n[\/et_pb_image][\/et_pb_column][\/et_pb_row][et_pb_row make_fullwidth=&#8221;on&#8221; _builder_version=&#8221;3.15&#8243;][et_pb_column type=&#8221;1_3&#8243; _builder_version=&#8221;3.0.47&#8243; parallax=&#8221;off&#8221; parallax_method=&#8221;on&#8221;][et_pb_text admin_label=&#8221;Comment connecter le bo\u00eetier \u00e0 des capteurs d&#8217;origines ?&#8221; _builder_version=&#8221;3.15&#8243; text_text_color=&#8221;#ffffff&#8221; header_text_color=&#8221;#ffffff&#8221; header_2_text_color=&#8221;#ffffff&#8221; header_3_text_color=&#8221;#ffffff&#8221;]<\/p>\n<h3>Jaguar E-Type Engine<\/h3>\n<p>[\/et_pb_text][et_pb_text admin_label=&#8221;DEVIS Texte&#8221; _builder_version=&#8221;3.17.2&#8243; global_module=&#8221;1015&#8243; saved_tabs=&#8221;all&#8221;]<\/p>\n<p style=\"text-align: right;\"><span class=\"fac bouton-racing2\" data-fac=\"L2NvbnRhY3Qv\">DEVIS<\/span><\/p>\n<p>[\/et_pb_text][et_pb_text admin_label=&#8221;Comment connecter le bo\u00eetier \u00e0 des capteurs d&#8217;origines ?&#8221; _builder_version=&#8221;3.15&#8243; text_text_color=&#8221;#ffffff&#8221; header_text_color=&#8221;#ffffff&#8221; header_2_text_color=&#8221;#ffffff&#8221; header_3_text_color=&#8221;#ffffff&#8221;][\/et_pb_text][\/et_pb_column][et_pb_column type=&#8221;2_3&#8243; _builder_version=&#8221;3.0.47&#8243; parallax=&#8221;off&#8221; parallax_method=&#8221;on&#8221;][et_pb_image src=&#8221;https:\/\/www.lorrtec.com\/wp-content\/uploads\/2018\/09\/fin-montage-6-cylindres-jaguar-type-E-lorrtec.jpg&#8221; alt=&#8221;End of assembly of a Jaguar E-Type 3.8L 6-cylinder inline&#8221; show_in_lightbox=&#8221;on&#8221; admin_label=&#8221;Fin de montage d&#8217;un 6 cylindres en ligne 3,6l de Jaguar Type E&#8221; _builder_version=&#8221;3.17.2&#8243;]&nbsp;<br \/>\n[\/et_pb_image][et_pb_image src=&#8221;https:\/\/www.lorrtec.com\/wp-content\/uploads\/2018\/09\/moteur-ferrari-dyno-6-cylindres-pret-rodage-au-banc-lorrtec.jpg&#8221; alt=&#8221;Ferrari Dino 6-cylinder V-engine ready for engine bench break-in&#8221; show_in_lightbox=&#8221;on&#8221; admin_label=&#8221;Moteur Ferrari Dino 6 cylindres en V pr\u00eat pour rodage au banc moteur&#8221; _builder_version=&#8221;3.17.2&#8243;]&nbsp;<br \/>\n[\/et_pb_image][\/et_pb_column][\/et_pb_row][et_pb_row custom_padding=&#8221;15px|0px|26px|0px|false|false&#8221; _builder_version=&#8221;3.0.48&#8243; background_size=&#8221;initial&#8221; background_position=&#8221;top_left&#8221; background_repeat=&#8221;repeat&#8221;][et_pb_column type=&#8221;4_4&#8243; _builder_version=&#8221;3.0.47&#8243; parallax=&#8221;off&#8221; parallax_method=&#8221;on&#8221;][et_pb_text admin_label=&#8221;Pr\u00e9sentation de l&#8217;activit\u00e9 de c\u00e2blage et de r\u00e9alisation de faisceaux de LORRTEC.&#8221; _builder_version=&#8221;3.15&#8243; text_text_color=&#8221;#ffffff&#8221; header_text_color=&#8221;#ffffff&#8221; header_2_text_align=&#8221;center&#8221; header_2_text_color=&#8221;#ffffff&#8221; header_3_text_color=&#8221;#ffffff&#8221;][\/et_pb_text][\/et_pb_column][\/et_pb_row][\/et_pb_section][et_pb_section fb_built=&#8221;1&#8243; _builder_version=&#8221;3.15&#8243; background_color=&#8221;#1d1d1d&#8221; background_image=&#8221;https:\/\/www.lorrtec.com\/wp-content\/uploads\/2018\/09\/bandeau-lorrtec.jpg&#8221; global_module=&#8221;271&#8243;][et_pb_row _builder_version=&#8221;3.0.47&#8243; background_size=&#8221;initial&#8221; background_position=&#8221;top_left&#8221; background_repeat=&#8221;repeat&#8221;][et_pb_column type=&#8221;4_4&#8243; _builder_version=&#8221;3.0.47&#8243; parallax=&#8221;off&#8221; parallax_method=&#8221;on&#8221;][et_pb_text admin_label=&#8221;Pr\u00e9sentation de l&#8217;activit\u00e9 d&#8217;installation, et de mise au point de bo\u00eetiers \u00e9lectroniques MOTEC de LORRTEC.&#8221; _builder_version=&#8221;3.15&#8243; text_text_color=&#8221;#ffffff&#8221; header_text_color=&#8221;#ffffff&#8221; header_2_text_align=&#8221;center&#8221; header_2_text_color=&#8221;#ffffff&#8221; header_3_text_color=&#8221;#ffffff&#8221;]<\/p>\n<h2>All the activities of LORRTEC<\/h2>\n<p>[\/et_pb_text][\/et_pb_column][\/et_pb_row][et_pb_row custom_padding=&#8221;||0px|&#8221; custom_margin=&#8221;||0px|&#8221; _builder_version=&#8221;3.15&#8243;][et_pb_column type=&#8221;1_3&#8243; _builder_version=&#8221;3.0.47&#8243; parallax=&#8221;off&#8221; parallax_method=&#8221;on&#8221;][et_pb_code admin_label=&#8221;DESIGN OFFICE&#8221; _builder_version=&#8221;3.15&#8243; text_orientation=&#8221;center&#8221;]&lt;a class=&#8221;button-racing2&#8243; href=&#8221;\/engine-design-office\/&#8221;&gt; DESIGN OFFICE&lt; \/has&gt;[\/et_pb_code][\/et_pb_column][et_pb_column type=&#8221;1_3&#8243; _builder_version=&#8221;3.0.47&#8243; parallax=&#8221;off&#8221; parallax_method=&#8221;on&#8221;][et_pb_code admin_label=&#8221;ENGINE MOUNT&#8221; _builder_version=&#8221;3.15&#8243; text_orientation=&#8221;center&#8221;]&lt;a class=&#8221;racing-button2&#8243; href=&#8221;\/engine-mount\/&#8221;&gt; ENGINE MOUNT&lt; \/has&gt;[\/et_pb_code][\/et_pb_column][et_pb_column type=&#8221;1_3&#8243; _builder_version=&#8221;3.0.47&#8243; parallax=&#8221;off&#8221; parallax_method=&#8221;on&#8221;][et_pb_code admin_label=&#8221;MACHINING AND BALANCING&#8221; _builder_version=&#8221;3.15&#8243; text_orientation=&#8221;center&#8221;]&lt;a class=&#8221;racing-button2&#8243; href=&#8221;\/engine-balancing-machining\/&#8221;&gt; BALANCING MACHINING&lt; \/has&gt;[\/et_pb_code][\/et_pb_column][\/et_pb_row][et_pb_row custom_padding=&#8221;0px||0px|&#8221; custom_margin=&#8221;0px||0px|&#8221; _builder_version=&#8221;3.15&#8243;][et_pb_column type=&#8221;1_3&#8243; _builder_version=&#8221;3.0.47&#8243; parallax=&#8221;off&#8221; parallax_method=&#8221;on&#8221;][et_pb_code admin_label=&#8221;ELECTRONICS AND WIRING&#8221; _builder_version=&#8221;3.15&#8243; text_orientation=&#8221;center&#8221;]&lt;a class=&#8221;button-racing2&#8243; href=&#8221;\/electronic-wiring\/&#8221;&gt; ELECTRONICS AND WIRING&lt; \/has&gt;[\/et_pb_code][\/et_pb_column][et_pb_column type=&#8221;1_3&#8243; _builder_version=&#8221;3.0.47&#8243; parallax=&#8221;off&#8221; parallax_method=&#8221;on&#8221;][et_pb_code admin_label=&#8221;ORGAN BENCHES&#8221; _builder_version=&#8221;3.15&#8243; text_orientation=&#8221;center&#8221;]&lt;a class=&#8221;button-racing2&#8243; href=&#8221;\/metrology\/&#8221;&gt; METROLOGY&lt; \/has&gt;[\/et_pb_code][\/et_pb_column][et_pb_column type=&#8221;1_3&#8243; _builder_version=&#8221;3.0.47&#8243; parallax=&#8221;off&#8221; parallax_method=&#8221;on&#8221;][et_pb_code admin_label=&#8221;ENGINE TESTS&#8221; _builder_version=&#8221;3.15&#8243; text_orientation=&#8221;center&#8221;]&lt;a class=&#8221;button-racing2&#8243; href=&#8221;\/test-bench\/&#8221;&gt; TEST BENCHES&lt; \/has&gt;[\/et_pb_code][\/et_pb_column][\/et_pb_row][et_pb_row custom_padding=&#8221;0px||0px|&#8221; custom_margin=&#8221;0px||0px|&#8221; _builder_version=&#8221;3.15&#8243;][et_pb_column type=&#8221;1_3&#8243; _builder_version=&#8221;3.0.47&#8243; parallax=&#8221;off&#8221; parallax_method=&#8221;on&#8221;][et_pb_code admin_label=&#8221;ASSISTANCE &#8221; _builder_version=&#8221;3.17.2&#8243; text_orientation=&#8221;center&#8221;]&lt;a class=&#8221;button-racing2&#8243; href=&#8221;\/assistance\/&#8221;&gt; CIRCUIT\/RALLY ASSISTANCE&lt; \/has&gt;[\/et_pb_code][\/et_pb_column][et_pb_column type=&#8221;1_3&#8243; _builder_version=&#8221;3.0.47&#8243; parallax=&#8221;off&#8221; parallax_method=&#8221;on&#8221;][\/et_pb_column][et_pb_column type=&#8221;1_3&#8243; _builder_version=&#8221;3.0.47&#8243; parallax=&#8221;off&#8221; parallax_method=&#8221;on&#8221;][et_pb_code admin_label=&#8221;engine sales&#8221; _builder_version=&#8221;3.16.1&#8243; text_orientation=&#8221;center&#8221;]&lt;a class=&#8221;button-racing2&#8243; href=&#8221;\/engine-sales\/&#8221;&gt; ENGINE SALES&lt; \/has&gt;[\/et_pb_code][\/et_pb_column][\/et_pb_row][et_pb_row _builder_version=&#8221;3.15&#8243; custom_css_before=&#8221;content: %22%22;|| display: inline-block;|| position: absolute;|| background-image: url(\/wp-content\/uploads\/2018\/09\/home-title-bg.png);|| width: 382px;|| height: 382px;|| top: 0;|| left: 50%;|| margin-left: -191px;|| animation: rotate 60s infinite linear;&#8221; custom_css_main_element=&#8221;position: relative;|| margin-top: 0px;|| padding-bottom: 8rem;|| padding-top: 8rem;|| min-height: 350px;|| color: #fff;&#8221; custom_css_after=&#8221;content: %22%22;|| display: inline-block;|| position: absolute;|| background-image: url(\/wp-content\/uploads\/2018\/09\/home-title-after.png);|| width: 142px;|| height: 142px;|| top: -51px;|| left: 50%;|| margin-left: -71px;|| animation: rotate 40s infinite linear;|| animation-direction: reverse;|| -webkit-animation-direction: reverse;|| -moz-animation-direction: reverse;&#8221;][et_pb_column type=&#8221;4_4&#8243; _builder_version=&#8221;3.0.47&#8243; parallax=&#8221;off&#8221; parallax_method=&#8221;on&#8221;][et_pb_text _builder_version=&#8221;3.15&#8243; header_text_align=&#8221;center&#8221; header_text_color=&#8221;#ffffff&#8221; header_2_text_align=&#8221;center&#8221; header_2_text_color=&#8221;#ffffff&#8221;]<\/p>\n<p><img loading=\"lazy\" decoding=\"async\" class=\"size-full wp-image-53 aligncenter\" src=\"https:\/\/www.lorrtec.com\/wp-content\/uploads\/2018\/10\/logo-lorrtec-seul.png\" alt=\"LORRTEC\" width=\"299\" height=\"58\"><\/p>\n<h2>MOTORIST<\/h2>\n<h2>COMPETITION &amp; COLLECTION<\/h2>\n<p>[\/et_pb_text][\/et_pb_column][\/et_pb_row][\/et_pb_section]<\/p>\n","protected":false},"excerpt":{"rendered":"<p>Assembly of motors SERIES, COMPETITION &amp; COLLECTION Each LORRTEC engine is the result of a rigorous assembly carried out according to the rules of the art: all the parts are checked and if necessary changed, remanufactured and\/or optimized. The engines are then validated on our various test benches. &nbsp;&nbsp; Presentation of LORRTEC&#8217;s engine assembly activitySeries [&hellip;]<\/p>\n","protected":false},"author":1,"featured_media":0,"parent":0,"menu_order":0,"comment_status":"closed","ping_status":"closed","template":"","meta":{"_et_pb_use_builder":"on","_et_pb_old_content":"","_et_gb_content_width":"","footnotes":""},"class_list":["post-1750","page","type-page","status-publish","hentry"],"_links":{"self":[{"href":"https:\/\/www.lorrtec.com\/en\/wp-json\/wp\/v2\/pages\/1750","targetHints":{"allow":["GET"]}}],"collection":[{"href":"https:\/\/www.lorrtec.com\/en\/wp-json\/wp\/v2\/pages"}],"about":[{"href":"https:\/\/www.lorrtec.com\/en\/wp-json\/wp\/v2\/types\/page"}],"author":[{"embeddable":true,"href":"https:\/\/www.lorrtec.com\/en\/wp-json\/wp\/v2\/users\/1"}],"replies":[{"embeddable":true,"href":"https:\/\/www.lorrtec.com\/en\/wp-json\/wp\/v2\/comments?post=1750"}],"version-history":[{"count":3,"href":"https:\/\/www.lorrtec.com\/en\/wp-json\/wp\/v2\/pages\/1750\/revisions"}],"predecessor-version":[{"id":1772,"href":"https:\/\/www.lorrtec.com\/en\/wp-json\/wp\/v2\/pages\/1750\/revisions\/1772"}],"wp:attachment":[{"href":"https:\/\/www.lorrtec.com\/en\/wp-json\/wp\/v2\/media?parent=1750"}],"curies":[{"name":"wp","href":"https:\/\/api.w.org\/{rel}","templated":true}]}}