 {"id":1752,"date":"2022-06-26T10:59:38","date_gmt":"2022-06-26T10:59:38","guid":{"rendered":"https:\/\/www.lorrtec.com\/an-engine-test-bench-and-a-vehicle-test-bench-for-your-performance\/"},"modified":"2022-06-26T10:59:40","modified_gmt":"2022-06-26T10:59:40","slug":"an-engine-test-bench-and-a-vehicle-test-bench-for-your-performance","status":"publish","type":"page","link":"https:\/\/www.lorrtec.com\/en\/an-engine-test-bench-and-a-vehicle-test-bench-for-your-performance\/","title":{"rendered":"An engine test bench and a vehicle test bench for your performance"},"content":{"rendered":"<p>[et_pb_section fb_built=&#8221;1&#8243; next_background_color=&#8221;#000000&#8243; _builder_version=&#8221;3.15&#8243; background_image=&#8221;https:\/\/www.lorrtec.com\/wp-content\/uploads\/2018\/09\/bandeau-lorrtec.jpg&#8221; bottom_divider_style=&#8221;arrow&#8221;][et_pb_row custom_css_before_1=&#8221;content: %22%22;|| display: inline-block;|| position: absolute;|| background-image: url(\/wp-content\/uploads\/2018\/09\/home-title-bg.png);|| width: 382px;|| height: 382px;|| top: 0;|| left: 50%;|| margin-left: -191px;|| animation: rotate 60s infinite linear;&#8221; custom_css_main_1=&#8221;position: relative;|| margin-top: 0px;|| padding-bottom: 8rem;|| padding-top: 8rem;|| min-height: 350px;|| color: #fff;&#8221; custom_css_after_1=&#8221;content: %22%22;|| display: inline-block;|| position: absolute;|| background-image: url(\/wp-content\/uploads\/2018\/09\/home-title-after.png);|| width: 142px;|| height: 142px;|| top: -51px;|| left: 50%;|| margin-left: -71px;|| animation: rotate 40s infinite linear;|| animation-direction: reverse;|| -webkit-animation-direction: reverse;|| -moz-animation-direction: reverse;&#8221; _builder_version=&#8221;3.15&#8243;][et_pb_column type=&#8221;1_2&#8243; _builder_version=&#8221;3.0.47&#8243; parallax=&#8221;off&#8221; parallax_method=&#8221;on&#8221; custom_css_before=&#8221;content: %22%22;|| display: inline-block;|| position: absolute;|| background-image: url(\/wp-content\/uploads\/2018\/09\/home-title-bg.png);|| width: 382px;|| height: 382px;|| top: 0;|| left: 50%;|| margin-left: -191px;|| animation: rotate 60s infinite linear;&#8221; custom_css_main=&#8221;position: relative;|| margin-top: 0px;|| padding-bottom: 8rem;|| padding-top: 8rem;|| min-height: 350px;|| color: #fff;&#8221; custom_css_after=&#8221;content: %22%22;|| display: inline-block;|| position: absolute;|| background-image: url(\/wp-content\/uploads\/2018\/09\/home-title-after.png);|| width: 142px;|| height: 142px;|| top: -51px;|| left: 50%;|| margin-left: -71px;|| animation: rotate 40s infinite linear;|| animation-direction: reverse;|| -webkit-animation-direction: reverse;|| -moz-animation-direction: reverse;&#8221;][et_pb_text _builder_version=&#8221;3.15&#8243; header_font=&#8221;|||on|||||&#8221; header_text_align=&#8221;center&#8221; header_text_color=&#8221;#ffffff&#8221; header_font_size=&#8221;26px&#8221; header_2_text_align=&#8221;center&#8221; header_2_text_color=&#8221;#ffffff&#8221;]<img loading=\"lazy\" decoding=\"async\" class=\"size-full wp-image-53 aligncenter\" src=\"https:\/\/www.lorrtec.com\/wp-content\/uploads\/2018\/10\/logo-lorrtec-seul.png\" alt=\"LORRTEC\" width=\"299\" height=\"58\"><\/p>\n<h1>Engine test benches<\/h1>\n<h1>COMPETITION &amp; COLLECTION<\/h1>\n<p>[\/et_pb_text][\/et_pb_column][et_pb_column type=&#8221;1_2&#8243; _builder_version=&#8221;3.0.47&#8243; parallax=&#8221;off&#8221; parallax_method=&#8221;on&#8221;][et_pb_text admin_label=&#8221;pr\u00e9sentation&#8221; _builder_version=&#8221;3.15&#8243; text_text_color=&#8221;#ffffff&#8221; text_font_size=&#8221;18px&#8221; header_text_color=&#8221;#ffffff&#8221; header_2_text_color=&#8221;#ffffff&#8221; header_3_text_color=&#8221;#ffffff&#8221; custom_padding=&#8221;50px|||&#8221;]<\/p>\n<p style=\"text-align: justify;\"><strong>LORRTEC<\/strong> has two <strong>1000 hp<\/strong> <strong>test benches<\/strong> to adjust and develop the engines:<\/p>\n<ul>\n<li style=\"text-align: justify;\">an <strong>engine test bench<\/strong> allowing to work particularly the development and the comparison of several mechanical configurations.<\/li>\n<li style=\"text-align: justify;\">a <strong>ROTOTEST vehicle test bench<\/strong> , allowing 2 or 4 wheel drive vehicles to be measured and adjusted with great precision and in the real environment of use.<\/li>\n<\/ul>\n<p>[\/et_pb_text][et_pb_gallery gallery_ids=&#8221;1548,1551&#8243; posts_number=&#8221;3&#8243; show_title_and_caption=&#8221;off&#8221; show_pagination=&#8221;off&#8221; _builder_version=&#8221;3.15&#8243;][\/et_pb_gallery][\/et_pb_column][\/et_pb_row][\/et_pb_section][et_pb_section fb_built=&#8221;1&#8243; _builder_version=&#8221;3.15&#8243; background_color=&#8221;#000000&#8243; background_image=&#8221;https:\/\/www.lorrtec.com\/wp-content\/uploads\/2018\/09\/fond-moteur-droit.png&#8221;][et_pb_row custom_padding=&#8221;28.15px|0px|22px|0px|false|false&#8221; _builder_version=&#8221;3.0.48&#8243; background_size=&#8221;initial&#8221; background_position=&#8221;top_left&#8221; background_repeat=&#8221;repeat&#8221;][et_pb_column type=&#8221;4_4&#8243; _builder_version=&#8221;3.0.47&#8243; parallax=&#8221;off&#8221; parallax_method=&#8221;on&#8221;][\/et_pb_column][\/et_pb_row][et_pb_row make_fullwidth=&#8221;on&#8221; _builder_version=&#8221;3.15&#8243;][et_pb_column type=&#8221;1_3&#8243; _builder_version=&#8221;3.0.47&#8243; parallax=&#8221;off&#8221; parallax_method=&#8221;on&#8221;][et_pb_text admin_label=&#8221;Les bo\u00eetiers \u00e9lectroniques MOTEC&#8221; _builder_version=&#8221;3.17.2&#8243; text_text_color=&#8221;#ffffff&#8221; header_text_color=&#8221;#ffffff&#8221; header_2_text_color=&#8221;#ffffff&#8221; header_3_text_color=&#8221;#ffffff&#8221;]<\/p>\n<p style=\"text-align: justify;\">Interview with Pierre-Antoine RAMPON (manager of the LORRTEC company):<\/p>\n<p style=\"text-align: justify;\">\n<h3 style=\"text-align: justify;\">Describe the engine test bench to us?<\/h3>\n<blockquote>\n<p style=\"text-align: justify;\">Our SCHENCK ex &#8220;Formula 1&#8221; test bench allows us to fine-tune any type of engine with speeds up to 18,000 rpm and powers up to 1,000 hp.<\/p>\n<p style=\"text-align: justify;\">The engines are then equipped with numerous sensors (temperature, pressure, knock, cylinder pressure, etc.) in order to carry out tuning under optimum safety conditions.<\/p>\n<\/blockquote>\n<h3 style=\"text-align: justify;\">Describe the vehicle test bench to us?<\/h3>\n<blockquote>\n<p style=\"text-align: justify;\">The ROTOTEST test bench is comparable to a set of engine benches coupled to each drive wheel of the vehicle. Unlike a traditional (roller) test bench, it is an extremely precise measuring instrument thanks to high-resolution torque sensors measuring the force directly at the wheel hubs.<\/p>\n<p style=\"text-align: justify;\">This new type of dynamometer is similar to a roller dynamometer but has much greater precision and testing flexibility. Among the main advantages, we find the absence of slippage between the wheels and the bench, the very low inertia of the system as well as a precise and independent measurement of all losses by friction.<\/p>\n<p style=\"text-align: justify;\">In addition, this system does not damage the tires and adapts to all vehicles, regardless of running gear geometries.<\/p>\n<\/blockquote>\n<p>[\/et_pb_text][\/et_pb_column][et_pb_column type=&#8221;2_3&#8243; _builder_version=&#8221;3.0.47&#8243; parallax=&#8221;off&#8221; parallax_method=&#8221;on&#8221;][et_pb_image src=&#8221;https:\/\/www.lorrtec.com\/wp-content\/uploads\/2018\/09\/jaguar-silc-cut-xrj14-passage-banc-essai-rototest.jpg&#8221; alt=&#8221;Jaguar Silc Cut XRJ14 passing ROTOTEST test bench&#8221; show_in_lightbox=&#8221;on&#8221; admin_label=&#8221;Jaguar Silc Cut XRJ14 passage banc d&#8217;essai ROTOTEST&#8221; _builder_version=&#8221;3.15&#8243;][\/et_pb_image][et_pb_image src=&#8221;https:\/\/www.lorrtec.com\/wp-content\/uploads\/2019\/01\/Viper-V10-banc-moteur.png&#8221; alt=&#8221;passage to the rototest test bench and adjustment of a Porsche 930 Turbo gr4&#8243; show_in_lightbox=&#8221;on&#8221; admin_label=&#8221;passage au banc d&#8217;essai rototest et r\u00e9glage d&#8217;une Porsche 930 Turbo gr4&#8243; _builder_version=&#8221;3.19.4&#8243;][\/et_pb_image][\/et_pb_column][\/et_pb_row][et_pb_row _builder_version=&#8221;3.0.48&#8243; background_size=&#8221;initial&#8221; background_position=&#8221;top_left&#8221; background_repeat=&#8221;repeat&#8221;][et_pb_column type=&#8221;1_2&#8243; _builder_version=&#8221;3.0.47&#8243; parallax=&#8221;off&#8221; parallax_method=&#8221;on&#8221;][et_pb_text admin_label=&#8221;Quels sont les avantages d&#8217;un bo\u00eetier MOTEC par rapport \u00e0 un bo\u00eetier \u00e9lectronique d&#8217;origine ?&#8221; _builder_version=&#8221;3.17.2&#8243; text_text_color=&#8221;#ffffff&#8221; header_text_color=&#8221;#ffffff&#8221; header_2_text_color=&#8221;#ffffff&#8221; header_3_text_color=&#8221;#ffffff&#8221;]<\/p>\n<h3 style=\"text-align: justify;\">What are the customer benefits of having a vehicle benched?<\/h3>\n<blockquote>\n<p style=\"text-align: justify;\">Passing to the bench makes it possible to draw all the quintessence of the mechanics and to optimize engine performance as much as possible according to predefined reliability criteria. In addition, this makes it possible to guarantee the safety of the engine during the first run and after an often expensive engine reconstruction, the mechanical aspect then being validated upstream on a test bench.<\/p>\n<\/blockquote>\n<p>[\/et_pb_text][\/et_pb_column][et_pb_column type=&#8221;1_2&#8243; _builder_version=&#8221;3.0.47&#8243; parallax=&#8221;off&#8221; parallax_method=&#8221;on&#8221;][et_pb_text admin_label=&#8221;DEVIS Texte&#8221; _builder_version=&#8221;3.17.2&#8243; global_module=&#8221;1015&#8243; saved_tabs=&#8221;all&#8221;]<\/p>\n<p style=\"text-align: right;\"><span class=\"fac bouton-racing2\" data-fac=\"L2NvbnRhY3Qv\">DEVIS<\/span><\/p>\n<p>[\/et_pb_text][\/et_pb_column][\/et_pb_row][et_pb_row make_fullwidth=&#8221;on&#8221; _builder_version=&#8221;3.15&#8243;][et_pb_column type=&#8221;1_3&#8243; _builder_version=&#8221;3.0.47&#8243; parallax=&#8221;off&#8221; parallax_method=&#8221;on&#8221;][et_pb_text admin_label=&#8221;Comment se fait la mise au point ?&#8221; _builder_version=&#8221;3.15&#8243; text_text_color=&#8221;#ffffff&#8221; header_text_color=&#8221;#ffffff&#8221; header_2_text_color=&#8221;#ffffff&#8221; header_3_text_color=&#8221;#ffffff&#8221;]<\/p>\n<h3 style=\"text-align: justify;\">In which cases can a car be benched at LORRTEC?<\/h3>\n<blockquote>\n<p style=\"text-align: justify;\">We can carry out tests on a vehicle bench after rebuilding an engine for running-in and validation of operation, or to improve the performance of an existing engine (mapping, tuning, etc.)<\/p>\n<\/blockquote>\n<h3>What are the holdups?<\/h3>\n<blockquote>\n<p style=\"text-align: justify;\">1 to 4 weeks depending on the time of year.<\/p>\n<\/blockquote>\n<h3 style=\"text-align: justify;\">What types of dyno tuned engines are there?<\/h3>\n<blockquote>\n<p style=\"text-align: justify;\">We tune all types of engines: gasoline or diesel, carburettor, point or electronic ignition, electronic injection, or even mechanical injection (Lucas, Bosch, Kugelfischer, K-Jetronic, etc.)<\/p>\n<\/blockquote>\n<p>[\/et_pb_text][\/et_pb_column][et_pb_column type=&#8221;2_3&#8243; _builder_version=&#8221;3.0.47&#8243; parallax=&#8221;off&#8221; parallax_method=&#8221;on&#8221;][et_pb_image src=&#8221;https:\/\/www.lorrtec.com\/wp-content\/uploads\/2018\/09\/passage-banc-essai-rototest-mitsubishi-ASX-rallye-raid.jpg&#8221; alt=&#8221;Passage to the rototest test bench of a Mitsubishi ASX Rally Raid&#8221; show_in_lightbox=&#8221;on&#8221; admin_label=&#8221;passage au banc d&#8217;essai rototest d&#8217;un Mitsubishi ASX de Rallye Raid&#8221; _builder_version=&#8221;3.15&#8243;][\/et_pb_image][\/et_pb_column][\/et_pb_row][et_pb_row make_fullwidth=&#8221;on&#8221; _builder_version=&#8221;3.15&#8243;][et_pb_column type=&#8221;1_2&#8243; _builder_version=&#8221;3.0.47&#8243; parallax=&#8221;off&#8221; parallax_method=&#8221;on&#8221;][et_pb_text admin_label=&#8221;video 962&#8243; _builder_version=&#8221;3.17.2&#8243; text_text_color=&#8221;#ffffff&#8221;]https:\/\/youtu.be\/j2H1RaICqtk<\/p>\n<p><strong>R\u00e9glage sur le banc d&#8217;une Porsche 962<\/strong><br \/>\n[\/et_pb_text][et_pb_text admin_label=&#8221;Peugeot 205 Turbo 16&#8243; _builder_version=&#8221;3.17.2&#8243; text_text_color=&#8221;#ffffff&#8221;]https:\/\/www.youtube.com\/watch?v=qV6VDtNUdLI<\/p>\n<p><strong>R\u00e9glage sur le banc d&#8217;une Peugeot 205 Turbo 16<\/strong><br \/>\n[\/et_pb_text][\/et_pb_column][et_pb_column type=&#8221;1_2&#8243; _builder_version=&#8221;3.0.47&#8243; parallax=&#8221;off&#8221; parallax_method=&#8221;on&#8221;][et_pb_text admin_label=&#8221;Video905&#8243; _builder_version=&#8221;3.17.2&#8243; text_text_color=&#8221;#ffffff&#8221;]https:\/\/youtu.be\/3n4kFRvZBzI<\/p>\n<p><strong>R\u00e9glage sur le banc d&#8217;une Peugeot 905<\/strong><br \/>\n[\/et_pb_text][et_pb_text admin_label=&#8221;Porsche 6 cylindres \u00e0 plat&#8221; _builder_version=&#8221;3.17.2&#8243; text_text_color=&#8221;#ffffff&#8221;]https:\/\/www.youtube.com\/watch?v=DB42_fVEZeE<\/p>\n<p><strong>R\u00e9glage d&#8217;un moteur Porsche 6 cylindres \u00e0 plat<\/strong><br \/>\n[\/et_pb_text][\/et_pb_column][\/et_pb_row][et_pb_row make_fullwidth=&#8221;on&#8221; _builder_version=&#8221;3.15&#8243;][et_pb_column type=&#8221;1_3&#8243; _builder_version=&#8221;3.0.47&#8243; parallax=&#8221;off&#8221; parallax_method=&#8221;on&#8221;][et_pb_text admin_label=&#8221;Comment connecter le bo\u00eetier \u00e0 des capteurs d&#8217;origines ?&#8221; _builder_version=&#8221;3.15&#8243; text_text_color=&#8221;#ffffff&#8221; header_text_color=&#8221;#ffffff&#8221; header_2_text_color=&#8221;#ffffff&#8221; header_3_text_color=&#8221;#ffffff&#8221;]<\/p>\n<h3><\/h3>\n<p>[\/et_pb_text][et_pb_text admin_label=&#8221;DEVIS Texte&#8221; _builder_version=&#8221;3.17.2&#8243; global_module=&#8221;1015&#8243; saved_tabs=&#8221;all&#8221;]<\/p>\n<p style=\"text-align: right;\"><span class=\"fac bouton-racing2\" data-fac=\"L2NvbnRhY3Qv\">DEVIS<\/span><\/p>\n<p>[\/et_pb_text][\/et_pb_column][et_pb_column type=&#8221;2_3&#8243; _builder_version=&#8221;3.0.47&#8243; parallax=&#8221;off&#8221; parallax_method=&#8221;on&#8221;][et_pb_image src=&#8221;https:\/\/www.lorrtec.com\/wp-content\/uploads\/2018\/10\/photo-reglage-au-banc-moteur-ford-cosworth-BDG-carburateurs-2.jpg&#8221; alt=&#8221;driving the engine test bench&#8221; show_in_lightbox=&#8221;on&#8221; admin_label=&#8221;pilotage du banc d&#8217;essai moteur&#8221; _builder_version=&#8221;3.19.4&#8243;][\/et_pb_image][et_pb_image src=&#8221;https:\/\/www.lorrtec.com\/wp-content\/uploads\/2018\/09\/porsche-962-kenwood-passage-banc-essai.jpg&#8221; alt=&#8221;Porsche 962 Kenwood on the test bench&#8221; show_in_lightbox=&#8221;on&#8221; admin_label=&#8221;Porsche 962 Kenwood passage au banc d&#8217;essai&#8221; _builder_version=&#8221;3.15&#8243;][\/et_pb_image][et_pb_image src=&#8221;https:\/\/www.lorrtec.com\/wp-content\/uploads\/2018\/09\/passage-banc-essai-rototest-lancia-037-grB-martini-moteur-lorrtec.jpg&#8221; alt=&#8221;passage to the Rototest test bench of a Lancia 037 grB martini Lorrtec engine of Christophe VAISON&#8221; show_in_lightbox=&#8221;on&#8221; admin_label=&#8221;passage au banc d&#8217;essai Rototest d&#8217;une Lancia 037 grB martini moteur Lorrtec de Christophe VAISON&#8221; _builder_version=&#8221;3.15&#8243;][\/et_pb_image][et_pb_image src=&#8221;https:\/\/www.lorrtec.com\/wp-content\/uploads\/2018\/09\/porsche-962-Alpha-passage-banc-rototest.jpg&#8221; alt=&#8221;Engine reconstruction of a porsche 962 Alpha, and adjustments on the Rototest bench&#8221; show_in_lightbox=&#8221;on&#8221; admin_label=&#8221;Reconstruction moteur d&#8217;une porsche 962 Alpha, et r\u00e9glages sur le banc Rototest&#8221; _builder_version=&#8221;3.15&#8243;][\/et_pb_image][et_pb_image src=&#8221;https:\/\/www.lorrtec.com\/wp-content\/uploads\/2018\/09\/passage-banc-essai-rototest-lotus-2-eleven.jpg&#8221; alt=&#8221;adjustment on Lotus 2 Eleven Rototest test bench&#8221; show_in_lightbox=&#8221;on&#8221; admin_label=&#8221;r\u00e9glage sur banc d&#8217;essai Rototest Lotus 2 Eleven&#8221; _builder_version=&#8221;3.15&#8243;][\/et_pb_image][et_pb_image src=&#8221;https:\/\/www.lorrtec.com\/wp-content\/uploads\/2018\/09\/passage-banc-essai-Alpine-A110-rototest-mise-au-point-carburateur-allumage.jpg&#8221; alt=&#8221;tuning carburettor ignition on bench of an Alpine A110 Rototest&#8221; show_in_lightbox=&#8221;on&#8221; admin_label=&#8221;mise au point carburateur allumage sur banc d&#8217;une Alpine A110 Rototest&#8221; _builder_version=&#8221;3.15&#8243;][\/et_pb_image][\/et_pb_column][\/et_pb_row][\/et_pb_section][et_pb_section fb_built=&#8221;1&#8243; _builder_version=&#8221;3.15&#8243; background_color=&#8221;#1d1d1d&#8221; background_image=&#8221;https:\/\/www.lorrtec.com\/wp-content\/uploads\/2018\/09\/bandeau-lorrtec.jpg&#8221; global_module=&#8221;271&#8243;][et_pb_row _builder_version=&#8221;3.0.47&#8243; background_size=&#8221;initial&#8221; background_position=&#8221;top_left&#8221; background_repeat=&#8221;repeat&#8221;][et_pb_column type=&#8221;4_4&#8243; _builder_version=&#8221;3.0.47&#8243; parallax=&#8221;off&#8221; parallax_method=&#8221;on&#8221;][et_pb_text admin_label=&#8221;Pr\u00e9sentation de l&#8217;activit\u00e9 d&#8217;installation, et de mise au point de bo\u00eetiers \u00e9lectroniques MOTEC de LORRTEC.&#8221; _builder_version=&#8221;3.15&#8243; text_text_color=&#8221;#ffffff&#8221; header_text_color=&#8221;#ffffff&#8221; header_2_text_align=&#8221;center&#8221; header_2_text_color=&#8221;#ffffff&#8221; header_3_text_color=&#8221;#ffffff&#8221;]<\/p>\n<h2>All the activities of LORRTEC<\/h2>\n<p>[\/et_pb_text][\/et_pb_column][\/et_pb_row][et_pb_row custom_padding=&#8221;||0px|&#8221; custom_margin=&#8221;||0px|&#8221; _builder_version=&#8221;3.15&#8243;][et_pb_column type=&#8221;1_3&#8243; _builder_version=&#8221;3.0.47&#8243; parallax=&#8221;off&#8221; parallax_method=&#8221;on&#8221;][et_pb_code admin_label=&#8221;DESIGN OFFICE&#8221; text_orientation=&#8221;center&#8221;]<a class=\"bouton-racing2\" href=\"https:\/\/www.lorrtec.com\/en\/?page_id=1653\">DESIGN OFFICE<\/a>[\/et_pb_code][\/et_pb_column][et_pb_column type=&#8221;1_3&#8243; _builder_version=&#8221;3.0.47&#8243; parallax=&#8221;off&#8221; parallax_method=&#8221;on&#8221;][et_pb_code admin_label=&#8221;ENGINE MOUNT&#8221; text_orientation=&#8221;center&#8221;]<a class=\"bouton-racing2\" href=\"https:\/\/www.lorrtec.com\/en\/engine-assembly-lorrtec-motorist-competition-and-collection\/\">ENGINE MOUNT<\/a>[\/et_pb_code][\/et_pb_column][et_pb_column type=&#8221;1_3&#8243; _builder_version=&#8221;3.0.47&#8243; parallax=&#8221;off&#8221; parallax_method=&#8221;on&#8221;][et_pb_code admin_label=&#8221;MACHINING AND BALANCING&#8221; text_orientation=&#8221;center&#8221;]<a class=\"bouton-racing2\" href=\"https:\/\/www.lorrtec.com\/en\/engine-machining-and-balancing-lorrtec-motoriste\/\">BALANCING MACHINING<\/a>[\/et_pb_code][\/et_pb_column][\/et_pb_row][et_pb_row custom_padding=&#8221;0px||0px|&#8221; custom_margin=&#8221;0px||0px|&#8221; _builder_version=&#8221;3.15&#8243;][et_pb_column type=&#8221;1_3&#8243; _builder_version=&#8221;3.0.47&#8243; parallax=&#8221;off&#8221; parallax_method=&#8221;on&#8221;][et_pb_code admin_label=&#8221;ELECTRONICS AND WIRING&#8221; text_orientation=&#8221;center&#8221;]<a class=\"bouton-racing2\" href=\"https:\/\/www.lorrtec.com\/en\/competition-engine-electronics-and-wiring\/\">ELECTRONICS AND WIRING<\/a>[\/et_pb_code][\/et_pb_column][et_pb_column type=&#8221;1_3&#8243; _builder_version=&#8221;3.0.47&#8243; parallax=&#8221;off&#8221; parallax_method=&#8221;on&#8221;][et_pb_code admin_label=&#8221;ORGAN BENCHES&#8221; text_orientation=&#8221;center&#8221;]<a class=\"bouton-racing2\" href=\"https:\/\/www.lorrtec.com\/en\/metrology-controls-of-engine-components-and-parts\/\">METROLOGY<\/a>[\/et_pb_code][\/et_pb_column][et_pb_column type=&#8221;1_3&#8243; _builder_version=&#8221;3.0.47&#8243; parallax=&#8221;off&#8221; parallax_method=&#8221;on&#8221;][et_pb_code admin_label=&#8221;ENGINE TESTS&#8221; text_orientation=&#8221;center&#8221;]<a class=\"bouton-racing2\" href=\"https:\/\/www.lorrtec.com\/en\/an-engine-test-bench-and-a-vehicle-test-bench-for-your-performance\/\">TEST BENCHES<\/a>[\/et_pb_code][\/et_pb_column][\/et_pb_row][et_pb_row custom_padding=&#8221;0px||0px|&#8221; custom_margin=&#8221;0px||0px|&#8221; _builder_version=&#8221;3.15&#8243;][et_pb_column type=&#8221;1_3&#8243; _builder_version=&#8221;3.0.47&#8243; parallax=&#8221;off&#8221; parallax_method=&#8221;on&#8221;][et_pb_code admin_label=&#8221;ASSISTANCE &#8221; text_orientation=&#8221;center&#8221;]<a class=\"bouton-racing2\" href=\"https:\/\/www.lorrtec.com\/en\/assistance-on-circuit-and-rallies-data-acquisition-and-analysis\/\">CIRCUIT\/RALLY ASSISTANCE<\/a>[\/et_pb_code][\/et_pb_column][et_pb_column type=&#8221;1_3&#8243; _builder_version=&#8221;3.0.47&#8243; parallax=&#8221;off&#8221; parallax_method=&#8221;on&#8221;][\/et_pb_column][et_pb_column type=&#8221;1_3&#8243; _builder_version=&#8221;3.0.47&#8243; parallax=&#8221;off&#8221; parallax_method=&#8221;on&#8221;][et_pb_code admin_label=&#8221;engine sales&#8221; text_orientation=&#8221;center&#8221;]<a class=\"bouton-racing2\" href=\"https:\/\/www.lorrtec.com\/en\/ford-cosworth-bda-bdg-yb-pinto-and-bmw-s14-m3-engine-sales\/\">ENGINE SALES<\/a>[\/et_pb_code][\/et_pb_column][\/et_pb_row][et_pb_row _builder_version=&#8221;3.15&#8243; custom_css_before=&#8221;content: %22%22;|| display: inline-block;|| position: absolute;|| background-image: url(\/wp-content\/uploads\/2018\/09\/home-title-bg.png);|| width: 382px;|| height: 382px;|| top: 0;|| left: 50%;|| margin-left: -191px;|| animation: rotate 60s infinite linear;&#8221; custom_css_main_element=&#8221;position: relative;|| margin-top: 0px;|| padding-bottom: 8rem;|| padding-top: 8rem;|| min-height: 350px;|| color: #fff;&#8221; custom_css_after=&#8221;content: %22%22;|| display: inline-block;|| position: absolute;|| background-image: url(\/wp-content\/uploads\/2018\/09\/home-title-after.png);|| width: 142px;|| height: 142px;|| top: -51px;|| left: 50%;|| margin-left: -71px;|| animation: rotate 40s infinite linear;|| animation-direction: reverse;|| -webkit-animation-direction: reverse;|| -moz-animation-direction: reverse;&#8221;][et_pb_column type=&#8221;4_4&#8243; _builder_version=&#8221;3.0.47&#8243; parallax=&#8221;off&#8221; parallax_method=&#8221;on&#8221;][et_pb_text _builder_version=&#8221;3.15&#8243; header_text_align=&#8221;center&#8221; header_text_color=&#8221;#ffffff&#8221; header_2_text_align=&#8221;center&#8221; header_2_text_color=&#8221;#ffffff&#8221;]<\/p>\n<p><img loading=\"lazy\" decoding=\"async\" class=\"size-full wp-image-53 aligncenter\" src=\"https:\/\/www.lorrtec.com\/wp-content\/uploads\/2018\/10\/logo-lorrtec-seul.png\" alt=\"LORRTEC\" width=\"299\" height=\"58\"><\/p>\n<h2>MOTORIST<\/h2>\n<h2>COMPETITION &amp; COLLECTION<\/h2>\n<p>[\/et_pb_text][\/et_pb_column][\/et_pb_row][\/et_pb_section]<\/p>\n","protected":false},"excerpt":{"rendered":"<p>Engine test benches COMPETITION &amp; COLLECTION LORRTEC has two 1000 hp test benches to adjust and develop the engines: an engine test bench allowing to work particularly the development and the comparison of several mechanical configurations. a ROTOTEST vehicle test bench , allowing 2 or 4 wheel drive vehicles to be measured and adjusted with [&hellip;]<\/p>\n","protected":false},"author":1,"featured_media":0,"parent":0,"menu_order":0,"comment_status":"closed","ping_status":"closed","template":"","meta":{"_et_pb_use_builder":"on","_et_pb_old_content":"","_et_gb_content_width":"","footnotes":""},"class_list":["post-1752","page","type-page","status-publish","hentry"],"_links":{"self":[{"href":"https:\/\/www.lorrtec.com\/en\/wp-json\/wp\/v2\/pages\/1752","targetHints":{"allow":["GET"]}}],"collection":[{"href":"https:\/\/www.lorrtec.com\/en\/wp-json\/wp\/v2\/pages"}],"about":[{"href":"https:\/\/www.lorrtec.com\/en\/wp-json\/wp\/v2\/types\/page"}],"author":[{"embeddable":true,"href":"https:\/\/www.lorrtec.com\/en\/wp-json\/wp\/v2\/users\/1"}],"replies":[{"embeddable":true,"href":"https:\/\/www.lorrtec.com\/en\/wp-json\/wp\/v2\/comments?post=1752"}],"version-history":[{"count":3,"href":"https:\/\/www.lorrtec.com\/en\/wp-json\/wp\/v2\/pages\/1752\/revisions"}],"predecessor-version":[{"id":1774,"href":"https:\/\/www.lorrtec.com\/en\/wp-json\/wp\/v2\/pages\/1752\/revisions\/1774"}],"wp:attachment":[{"href":"https:\/\/www.lorrtec.com\/en\/wp-json\/wp\/v2\/media?parent=1752"}],"curies":[{"name":"wp","href":"https:\/\/api.w.org\/{rel}","templated":true}]}}