 {"id":1757,"date":"2022-06-26T10:59:38","date_gmt":"2022-06-26T10:59:38","guid":{"rendered":"https:\/\/www.lorrtec.com\/engine-machining-and-balancing-lorrtec-motoriste\/"},"modified":"2022-06-26T10:59:41","modified_gmt":"2022-06-26T10:59:41","slug":"engine-machining-and-balancing-lorrtec-motoriste","status":"publish","type":"page","link":"https:\/\/www.lorrtec.com\/en\/engine-machining-and-balancing-lorrtec-motoriste\/","title":{"rendered":"Engine machining and balancing &#8211; LORRTEC Motoriste"},"content":{"rendered":"<p>[et_pb_section fb_built=&#8221;1&#8243; next_background_color=&#8221;#000000&#8243; _builder_version=&#8221;3.22&#8243; background_image=&#8221;https:\/\/www.lorrtec.com\/wp-content\/uploads\/2018\/09\/bandeau-lorrtec.jpg&#8221; bottom_divider_style=&#8221;arrow&#8221;][et_pb_row column_structure=&#8221;1_2,1_2&#8243; _builder_version=&#8221;3.25&#8243; background_size=&#8221;initial&#8221; background_position=&#8221;top_left&#8221; background_repeat=&#8221;repeat&#8221;][et_pb_column type=&#8221;1_2&#8243; _builder_version=&#8221;3.25&#8243; custom_padding=&#8221;|||&#8221; custom_css_before=&#8221;content: %22%22;|| display: inline-block;|| position: absolute;|| background-image: url(\/wp-content\/uploads\/2018\/09\/home-title-bg.png);|| width: 382px;|| height: 382px;|| top: 0;|| left: 50%;|| margin-left: -191px;|| animation: rotate 60s infinite linear;&#8221; custom_css_main_element=&#8221;position: relative;|| margin-top: 0px;|| padding-bottom: 8rem;|| padding-top: 8rem;|| min-height: 350px;|| color: #fff;&#8221; custom_css_after=&#8221;content: %22%22;|| display: inline-block;|| position: absolute;|| background-image: url(\/wp-content\/uploads\/2018\/09\/home-title-after.png);|| width: 142px;|| height: 142px;|| top: -51px;|| left: 50%;|| margin-left: -71px;|| animation: rotate 40s infinite linear;|| animation-direction: reverse;|| -webkit-animation-direction: reverse;|| -moz-animation-direction: reverse;&#8221; custom_padding__hover=&#8221;|||&#8221;][et_pb_text _builder_version=&#8221;3.27.4&#8243; header_font=&#8221;|||on|||||&#8221; header_text_align=&#8221;center&#8221; header_text_color=&#8221;#ffffff&#8221; header_font_size=&#8221;26px&#8221; header_2_text_align=&#8221;center&#8221; header_2_text_color=&#8221;#ffffff&#8221; custom_margin=&#8221;||157px|||&#8221;]<img loading=\"lazy\" decoding=\"async\" class=\"size-full wp-image-53 aligncenter\" src=\"https:\/\/www.lorrtec.com\/wp-content\/uploads\/2018\/10\/logo-lorrtec-seul.png\" alt=\"LORRTEC\" width=\"299\" height=\"58\"><\/p>\n<h1>Engine machining and balancing<\/h1>\n<h1>COMPETITION &amp; COLLECTION<\/h1>\n<p>[\/et_pb_text][et_pb_text _builder_version=&#8221;4.4.6&#8243; hover_enabled=&#8221;0&#8243;]<\/p>\n<p style=\"text-align: center;\"><a href=\"https:\/\/www.lorrtec.com\/en\/crankshaft-balancing-v6-v8-v10-v12-v4-vr6-and-5-cylinders\/\">In particular we have developed the balancing of V6, V8, V10, V12 engines &#8211;&gt;<\/a><\/p>\n<p>[\/et_pb_text][\/et_pb_column][et_pb_column type=&#8221;1_2&#8243; _builder_version=&#8221;3.25&#8243; custom_padding=&#8221;|||&#8221; custom_padding__hover=&#8221;|||&#8221;][et_pb_text admin_label=&#8221;pr\u00e9sentation&#8221; _builder_version=&#8221;3.27.4&#8243; text_text_color=&#8221;#ffffff&#8221; text_font_size=&#8221;18px&#8221; header_text_color=&#8221;#ffffff&#8221; header_2_text_color=&#8221;#ffffff&#8221; header_3_text_color=&#8221;#ffffff&#8221; custom_padding=&#8221;50px|||&#8221;]<\/p>\n<p>The LORRTEC engine <strong>machining<\/strong> and <strong>rectification workshop<\/strong> performs the following operations:<\/p>\n<ul>\n<li>Turning, conventional and CNC milling<\/li>\n<li>Engine block \/ cylinder head grinding<\/li>\n<li>Valve grinding<\/li>\n<li>Replacement and rectification of valve seats<\/li>\n<li>Replacement of valve guides<\/li>\n<li>Machining of CN cylinder head ducts<\/li>\n<li>Cylinder head and block test<\/li>\n<li>Cylinder bore (cast iron, alusil, nikasil&#8230;)<\/li>\n<li>Engine block liner<\/li>\n<li>Installation of DARTON reinforced liners<\/li>\n<li>Nikasil treatment<\/li>\n<li>Crankshaft grinding<\/li>\n<li>Crankshaft balancing<\/li>\n<li>Motorcycle crankshaft linkage<\/li>\n<li>Shaft line machining<\/li>\n<li>TIG welding<\/li>\n<\/ul>\n<p>&nbsp;<\/p>\n<p>[\/et_pb_text][et_pb_gallery gallery_ids=&#8221;1528,1530&#8243; posts_number=&#8221;3&#8243; show_title_and_caption=&#8221;off&#8221; show_pagination=&#8221;off&#8221; _builder_version=&#8221;3.15&#8243;][\/et_pb_gallery][\/et_pb_column][\/et_pb_row][\/et_pb_section][et_pb_section fb_built=&#8221;1&#8243; _builder_version=&#8221;3.22&#8243; background_color=&#8221;#000000&#8243; background_image=&#8221;https:\/\/www.lorrtec.com\/wp-content\/uploads\/2018\/09\/fond-moteur-droit.png&#8221;][et_pb_row _builder_version=&#8221;3.25&#8243; background_size=&#8221;initial&#8221; background_position=&#8221;top_left&#8221; background_repeat=&#8221;repeat&#8221;][et_pb_column type=&#8221;4_4&#8243; _builder_version=&#8221;3.25&#8243; custom_padding=&#8221;|||&#8221; custom_padding__hover=&#8221;|||&#8221;][et_pb_text admin_label=&#8221;Pr\u00e9sentation de l&#8217;activit\u00e9 d&#8217;installation, et de mise au point de bo\u00eetiers \u00e9lectroniques MOTEC de LORRTEC.&#8221; _builder_version=&#8221;3.27.4&#8243; text_text_color=&#8221;#ffffff&#8221; header_text_color=&#8221;#ffffff&#8221; header_2_text_align=&#8221;center&#8221; header_2_text_color=&#8221;#ffffff&#8221; header_3_text_color=&#8221;#ffffff&#8221;]<\/p>\n<h2>Presentation of LORRTEC&#8217;s machining, grinding and engine balancing activity.<\/h2>\n<p>[\/et_pb_text][\/et_pb_column][\/et_pb_row][et_pb_row column_structure=&#8221;1_3,2_3&#8243; module_class=&#8221; et_pb_row_fullwidth&#8221; _builder_version=&#8221;3.25&#8243; width=&#8221;89%&#8221; width_tablet=&#8221;80%&#8221; width_phone=&#8221;&#8221; width_last_edited=&#8221;on|desktop&#8221; max_width=&#8221;89%&#8221; max_width_tablet=&#8221;80%&#8221; max_width_phone=&#8221;&#8221; max_width_last_edited=&#8221;on|desktop&#8221; custom_padding=&#8221;25.25px|0px|33px|0px|false|false&#8221; make_fullwidth=&#8221;on&#8221;][et_pb_column type=&#8221;1_3&#8243; _builder_version=&#8221;3.25&#8243; custom_padding=&#8221;|||&#8221; custom_padding__hover=&#8221;|||&#8221;][et_pb_text admin_label=&#8221;Les bo\u00eetiers \u00e9lectroniques MOTEC&#8221; _builder_version=&#8221;3.27.4&#8243; text_text_color=&#8221;#ffffff&#8221; header_text_color=&#8221;#ffffff&#8221; header_2_text_color=&#8221;#ffffff&#8221; header_3_text_color=&#8221;#ffffff&#8221;]<\/p>\n<h3 style=\"text-align: justify;\">The types of machining carried out by our workshop:<\/h3>\n<blockquote>\n<p style=\"text-align: justify;\">We carry out all the machining operations concerning car\/motorcycle\/aircraft engines&#8230; for competition and collection:<\/p>\n<ul>\n<li style=\"text-align: justify;\">rectification of valves and seats<\/li>\n<li style=\"text-align: justify;\">rectification Block \/ cylinder head<\/li>\n<li style=\"text-align: justify;\">cast iron cylinder bore, Nikasil, FRM&#8230;<\/li>\n<li style=\"text-align: justify;\">crankshaft grinding<\/li>\n<li style=\"text-align: justify;\">Crankshaft Balancing<\/li>\n<li style=\"text-align: justify;\">machining of CNC cylinder head ducts and combustion chamber<\/li>\n<li style=\"text-align: justify;\">3D scan of the cylinder head ducts and combustion chamber<\/li>\n<li style=\"text-align: justify;\">welding aluminum cylinder head<\/li>\n<li style=\"text-align: justify;\">replacement of valve seats<\/li>\n<li style=\"text-align: justify;\">installation of bronze valve seats<\/li>\n<li style=\"text-align: justify;\">replacement of valve guides<\/li>\n<li style=\"text-align: justify;\">cylinder head\/block test<\/li>\n<li style=\"text-align: justify;\">crankshaft line machining (Porsche 911&#8230;)<\/li>\n<li style=\"text-align: justify;\">single-cylinder motorcycle re-crankshaft<\/li>\n<li style=\"text-align: justify;\">etc&#8230;<\/li>\n<\/ul>\n<\/blockquote>\n<p>Interview with Pierre-Antoine RAMPON on LORRTEC&#8217;s engine design office activity:<\/p>\n<p>&nbsp;<\/p>\n<h3 style=\"text-align: justify;\">Does the machine shop work if the engine is not then assembled in-house?<\/h3>\n<blockquote>\n<p style=\"text-align: justify;\">Yes, we work both <strong>as a subcontractor<\/strong> for automotive <strong>professionals<\/strong> and for <strong>individuals<\/strong> who assemble their parts themselves.<\/p>\n<\/blockquote>\n<h3 style=\"text-align: justify;\">What are the strengths of your machine shop?<\/h3>\n<blockquote>\n<p style=\"text-align: justify;\">We have a machine park that <strong>covers almost all of the machining operations<\/strong> , which allows us to control the quality and deadlines of our work. In addition, LORRTEC being primarily an engine manufacturer, we know the problems encountered during engine rebuilds, which allows us to guide our machining work and thus avoid any problem for the customer during reassembly.<\/p>\n<\/blockquote>\n<h3 style=\"text-align: justify;\">What are your deadlines?<\/h3>\n<blockquote>\n<p style=\"text-align: justify;\">Depending on the operations, our lead times vary from a few days to a few weeks.<\/p>\n<\/blockquote>\n<p>[\/et_pb_text][\/et_pb_column][et_pb_column type=&#8221;2_3&#8243; _builder_version=&#8221;3.25&#8243; custom_padding=&#8221;|||&#8221; custom_padding__hover=&#8221;|||&#8221;][et_pb_image src=&#8221;https:\/\/www.lorrtec.com\/wp-content\/uploads\/2018\/09\/alesage-rodage-cylindres.jpg&#8221; alt=&#8221;cylinder boring and honing&#8221; show_in_lightbox=&#8221;on&#8221; align_tablet=&#8221;center&#8221; align_phone=&#8221;&#8221; align_last_edited=&#8221;on|desktop&#8221; admin_label=&#8221;al\u00e9sage et rodage des cylindres&#8221; _builder_version=&#8221;3.23&#8243;][\/et_pb_image][et_pb_image src=&#8221;https:\/\/www.lorrtec.com\/wp-content\/uploads\/2018\/09\/equilibrage-vilebrequin.jpg&#8221; alt=&#8221;crankshaft balancing&#8221; show_in_lightbox=&#8221;on&#8221; align_tablet=&#8221;center&#8221; align_phone=&#8221;&#8221; align_last_edited=&#8221;on|desktop&#8221; admin_label=&#8221;\u00e9quilibrage d&#8217;un vilebrequin&#8221; _builder_version=&#8221;3.23&#8243;][\/et_pb_image][\/et_pb_column][\/et_pb_row][et_pb_row column_structure=&#8221;1_2,1_2&#8243; _builder_version=&#8221;3.25&#8243; background_size=&#8221;initial&#8221; background_position=&#8221;top_left&#8221; background_repeat=&#8221;repeat&#8221;][et_pb_column type=&#8221;1_2&#8243; _builder_version=&#8221;3.25&#8243; custom_padding=&#8221;|||&#8221; custom_padding__hover=&#8221;|||&#8221;][et_pb_text admin_label=&#8221;Quels sont les avantages d&#8217;un bo\u00eetier MOTEC par rapport \u00e0 un bo\u00eetier \u00e9lectronique d&#8217;origine ?&#8221; _builder_version=&#8221;3.27.4&#8243; text_text_color=&#8221;#ffffff&#8221; header_text_color=&#8221;#ffffff&#8221; header_2_text_color=&#8221;#ffffff&#8221; header_3_text_color=&#8221;#ffffff&#8221;]<\/p>\n<h3 style=\"text-align: justify;\">What are the specialties of your engine machine shop?<\/h3>\n<blockquote>\n<p style=\"text-align: justify;\">As an engine manufacturer, we are very attached to the <strong>absence of parasitic vibrations<\/strong> on our engines. For this, crankshaft balancing is essential, and that is why we have invested in <strong>a very precise latest generation Schenck balancer.<\/strong><\/p>\n<p style=\"text-align: justify;\"><strong><\/strong><\/p>\n<p style=\"text-align: justify;\">In addition, we have the equipment and the skills to carry out the <strong>engine bores<\/strong> on cylinders with <strong>Nikasil<\/strong> and others <strong>special treatments such as the FRM of the HONDA S2000 blocks<\/strong> \u2026 We measure the surface conditions (Ra, Rz, etc.) after machining in order to guarantee maximum sealing of the segments, and thus limit the consumption of engine oil.<\/p>\n<p style=\"text-align: justify;\">\n<p style=\"text-align: justify;\">We are also able to rebore the shaft lines, in particular on Porsche 911 engines with magnesium (and aluminum) blocks. In this case we rectify the 2 half-casings before machining centering pins and finally reboring the line. This process ensures perfect flatness, which is often lacking on these blocks, as well as precise alignment of the crankshaft bearings for greater reliability.<\/p>\n<\/blockquote>\n<p>&nbsp;<\/p>\n<p>&nbsp;<\/p>\n<p><a href=\"https:\/\/www.lorrtec.com\/en\/contact-lorrtec-competition-and-collection-engine-manufacturer\/\">QUOTATION<\/a><\/p>\n<p>[\/et_pb_text][\/et_pb_column][et_pb_column type=&#8221;1_2&#8243; _builder_version=&#8221;3.25&#8243; custom_padding=&#8221;|||&#8221; custom_padding__hover=&#8221;|||&#8221;][et_pb_text admin_label=&#8221;DEVIS Texte&#8221; _builder_version=&#8221;3.17.2&#8243; global_module=&#8221;1015&#8243; saved_tabs=&#8221;all&#8221;]<\/p>\n<p style=\"text-align: right;\"><span class=\"fac bouton-racing2\" data-fac=\"L2NvbnRhY3Qv\">DEVIS<\/span><\/p>\n<p>[\/et_pb_text][\/et_pb_column][\/et_pb_row][et_pb_row column_structure=&#8221;1_3,2_3&#8243; module_class=&#8221; et_pb_row_fullwidth&#8221; _builder_version=&#8221;3.25&#8243; width=&#8221;89%&#8221; width_tablet=&#8221;80%&#8221; width_phone=&#8221;&#8221; width_last_edited=&#8221;on|desktop&#8221; max_width=&#8221;89%&#8221; max_width_tablet=&#8221;80%&#8221; max_width_phone=&#8221;&#8221; max_width_last_edited=&#8221;on|desktop&#8221; make_fullwidth=&#8221;on&#8221;][et_pb_column type=&#8221;1_3&#8243; _builder_version=&#8221;3.25&#8243; custom_padding=&#8221;|||&#8221; custom_padding__hover=&#8221;|||&#8221;][et_pb_text admin_label=&#8221;Comment se fait la mise au point ?&#8221; _builder_version=&#8221;3.27.4&#8243; text_text_color=&#8221;#ffffff&#8221; header_text_color=&#8221;#ffffff&#8221; header_2_text_color=&#8221;#ffffff&#8221; header_3_text_color=&#8221;#ffffff&#8221;]<\/p>\n<h3 style=\"text-align: justify;\">How is a crankshaft balancing performed?<\/h3>\n<blockquote>\n<p style=\"text-align: justify;\">For a low engine <strong>balancing<\/strong> correct we must provide the whole of the &#8220;mobile hitch&#8221;, i.e. the<strong>set of rotating elements linked to the crankshaft (damper, flywheel, clutch, sprockets and pulley, screws, etc.). <\/strong>We first balance the crankshaft alone, then the flywheel and we finish with a check of the complete assembly. We are also able to balance the crankshafts of 3 and 5 cylinder engines, or even V engines which require the calculation and production of balancing weights (&#8220;bobweights&#8221;) according to the alternating and rotating masses linked to the crankpins (connecting rods and pistons).<strong><br \/><\/strong><\/p>\n<\/blockquote>\n<p>[\/et_pb_text][\/et_pb_column][et_pb_column type=&#8221;2_3&#8243; _builder_version=&#8221;3.25&#8243; custom_padding=&#8221;|||&#8221; custom_padding__hover=&#8221;|||&#8221;][et_pb_image src=&#8221;https:\/\/www.lorrtec.com\/wp-content\/uploads\/2018\/09\/rectification-sieges-soupapes.jpg&#8221; alt=&#8221;valve seat grinding&#8221; show_in_lightbox=&#8221;on&#8221; align_tablet=&#8221;center&#8221; align_phone=&#8221;&#8221; align_last_edited=&#8221;on|desktop&#8221; admin_label=&#8221;rectification de si\u00e8ges de soupapes&#8221; _builder_version=&#8221;3.23&#8243;][\/et_pb_image][\/et_pb_column][\/et_pb_row][et_pb_row column_structure=&#8221;1_3,2_3&#8243; module_class=&#8221; et_pb_row_fullwidth&#8221; _builder_version=&#8221;3.25&#8243; width=&#8221;89%&#8221; width_tablet=&#8221;80%&#8221; width_phone=&#8221;&#8221; width_last_edited=&#8221;on|desktop&#8221; max_width=&#8221;89%&#8221; max_width_tablet=&#8221;80%&#8221; max_width_phone=&#8221;&#8221; max_width_last_edited=&#8221;on|desktop&#8221; make_fullwidth=&#8221;on&#8221;][et_pb_column type=&#8221;1_3&#8243; _builder_version=&#8221;3.25&#8243; custom_padding=&#8221;|||&#8221; custom_padding__hover=&#8221;|||&#8221;][et_pb_text admin_label=&#8221;DEVIS Texte&#8221; _builder_version=&#8221;3.17.2&#8243; global_module=&#8221;1015&#8243; saved_tabs=&#8221;all&#8221;]<\/p>\n<p style=\"text-align: right;\"><span class=\"fac bouton-racing2\" data-fac=\"L2NvbnRhY3Qv\">DEVIS<\/span><\/p>\n<p>[\/et_pb_text][\/et_pb_column][et_pb_column type=&#8221;2_3&#8243; _builder_version=&#8221;3.25&#8243; custom_padding=&#8221;|||&#8221; custom_padding__hover=&#8221;|||&#8221;][et_pb_image src=&#8221;https:\/\/www.lorrtec.com\/wp-content\/uploads\/2018\/09\/rectification-usinage-culasses.jpg&#8221; alt=&#8221;grinding and machining of a cylinder head&#8221; show_in_lightbox=&#8221;on&#8221; align_tablet=&#8221;center&#8221; align_phone=&#8221;&#8221; align_last_edited=&#8221;on|desktop&#8221; admin_label=&#8221;rectification et usinage d&#8217;une culasses&#8221; _builder_version=&#8221;3.23&#8243;][\/et_pb_image][et_pb_image src=&#8221;https:\/\/www.lorrtec.com\/wp-content\/uploads\/2018\/09\/rectification-usinage-seiges-soupapes.jpg&#8221; alt=&#8221;grinding machining valve seats&#8221; show_in_lightbox=&#8221;on&#8221; align_tablet=&#8221;center&#8221; align_phone=&#8221;&#8221; align_last_edited=&#8221;on|desktop&#8221; admin_label=&#8221;rectification usinage si\u00e8ges de soupapes&#8221; _builder_version=&#8221;3.23&#8243;][\/et_pb_image][et_pb_image src=&#8221;https:\/\/www.lorrtec.com\/wp-content\/uploads\/2018\/09\/soudure.jpg&#8221; alt=&#8221;TIG welding&#8221; show_in_lightbox=&#8221;on&#8221; align_tablet=&#8221;center&#8221; align_phone=&#8221;&#8221; align_last_edited=&#8221;on|desktop&#8221; admin_label=&#8221;soudure TIG&#8221; _builder_version=&#8221;3.23&#8243;][\/et_pb_image][\/et_pb_column][\/et_pb_row][\/et_pb_section][et_pb_section fb_built=&#8221;1&#8243; _builder_version=&#8221;3.15&#8243; background_color=&#8221;#1d1d1d&#8221; background_image=&#8221;https:\/\/www.lorrtec.com\/wp-content\/uploads\/2018\/09\/bandeau-lorrtec.jpg&#8221; global_module=&#8221;271&#8243;][et_pb_row _builder_version=&#8221;3.25&#8243; background_size=&#8221;initial&#8221; background_position=&#8221;top_left&#8221; background_repeat=&#8221;repeat&#8221;][et_pb_column type=&#8221;4_4&#8243; _builder_version=&#8221;3.25&#8243; custom_padding=&#8221;|||&#8221; custom_padding__hover=&#8221;|||&#8221;][et_pb_text admin_label=&#8221;Pr\u00e9sentation de l&#8217;activit\u00e9 d&#8217;installation, et de mise au point de bo\u00eetiers \u00e9lectroniques MOTEC de LORRTEC.&#8221; _builder_version=&#8221;3.27.4&#8243; text_text_color=&#8221;#ffffff&#8221; header_text_color=&#8221;#ffffff&#8221; header_2_text_align=&#8221;center&#8221; header_2_text_color=&#8221;#ffffff&#8221; header_3_text_color=&#8221;#ffffff&#8221;]<\/p>\n<h2>All the activities of LORRTEC<\/h2>\n<p>[\/et_pb_text][\/et_pb_column][\/et_pb_row][et_pb_row column_structure=&#8221;1_3,1_3,1_3&#8243; _builder_version=&#8221;3.25&#8243; custom_margin=&#8221;||0px|&#8221; custom_padding=&#8221;||0px|&#8221;][et_pb_column type=&#8221;1_3&#8243; _builder_version=&#8221;3.25&#8243; custom_padding=&#8221;|||&#8221; custom_padding__hover=&#8221;|||&#8221;][et_pb_code admin_label=&#8221;DESIGN OFFICE&#8221; text_orientation=&#8221;center&#8221;]<a class=\"bouton-racing2\" href=\"https:\/\/www.lorrtec.com\/en\/?page_id=1653\">DESIGN OFFICE<\/a>[\/et_pb_code][\/et_pb_column][et_pb_column type=&#8221;1_3&#8243; _builder_version=&#8221;3.25&#8243; custom_padding=&#8221;|||&#8221; custom_padding__hover=&#8221;|||&#8221;][et_pb_code admin_label=&#8221;ENGINE MOUNT&#8221; text_orientation=&#8221;center&#8221;]<a class=\"bouton-racing2\" href=\"https:\/\/www.lorrtec.com\/en\/engine-assembly-lorrtec-motorist-competition-and-collection\/\">ENGINE MOUNT<\/a>[\/et_pb_code][\/et_pb_column][et_pb_column type=&#8221;1_3&#8243; _builder_version=&#8221;3.25&#8243; custom_padding=&#8221;|||&#8221; custom_padding__hover=&#8221;|||&#8221;][et_pb_code admin_label=&#8221;MACHINING AND BALANCING&#8221; text_orientation=&#8221;center&#8221;]<a class=\"bouton-racing2\" href=\"https:\/\/www.lorrtec.com\/en\/engine-machining-and-balancing-lorrtec-motoriste\/\">BALANCING MACHINING<\/a>[\/et_pb_code][\/et_pb_column][\/et_pb_row][et_pb_row column_structure=&#8221;1_3,1_3,1_3&#8243; _builder_version=&#8221;3.25&#8243; custom_margin=&#8221;0px||0px|&#8221; custom_padding=&#8221;0px||0px|&#8221;][et_pb_column type=&#8221;1_3&#8243; _builder_version=&#8221;3.25&#8243; custom_padding=&#8221;|||&#8221; custom_padding__hover=&#8221;|||&#8221;][et_pb_code admin_label=&#8221;ELECTRONICS AND WIRING&#8221; text_orientation=&#8221;center&#8221;]<a class=\"bouton-racing2\" href=\"https:\/\/www.lorrtec.com\/en\/competition-engine-electronics-and-wiring\/\">ELECTRONICS AND WIRING<\/a>[\/et_pb_code][\/et_pb_column][et_pb_column type=&#8221;1_3&#8243; _builder_version=&#8221;3.25&#8243; custom_padding=&#8221;|||&#8221; custom_padding__hover=&#8221;|||&#8221;][et_pb_code admin_label=&#8221;ORGAN BENCHES&#8221; text_orientation=&#8221;center&#8221;]<a class=\"bouton-racing2\" href=\"https:\/\/www.lorrtec.com\/en\/metrology-controls-of-engine-components-and-parts\/\">METROLOGY<\/a>[\/et_pb_code][\/et_pb_column][et_pb_column type=&#8221;1_3&#8243; _builder_version=&#8221;3.25&#8243; custom_padding=&#8221;|||&#8221; custom_padding__hover=&#8221;|||&#8221;][et_pb_code admin_label=&#8221;ENGINE TESTS&#8221; text_orientation=&#8221;center&#8221;]<a class=\"bouton-racing2\" href=\"https:\/\/www.lorrtec.com\/en\/an-engine-test-bench-and-a-vehicle-test-bench-for-your-performance\/\">TEST BENCHES<\/a>[\/et_pb_code][\/et_pb_column][\/et_pb_row][et_pb_row column_structure=&#8221;1_3,1_3,1_3&#8243; _builder_version=&#8221;3.25&#8243; custom_margin=&#8221;0px||0px|&#8221; custom_padding=&#8221;0px||0px|&#8221;][et_pb_column type=&#8221;1_3&#8243; _builder_version=&#8221;3.25&#8243; custom_padding=&#8221;|||&#8221; custom_padding__hover=&#8221;|||&#8221;][et_pb_code admin_label=&#8221;ASSISTANCE &#8221; text_orientation=&#8221;center&#8221;]<a class=\"bouton-racing2\" href=\"https:\/\/www.lorrtec.com\/en\/assistance-on-circuit-and-rallies-data-acquisition-and-analysis\/\">CIRCUIT\/RALLY ASSISTANCE<\/a>[\/et_pb_code][\/et_pb_column][et_pb_column type=&#8221;1_3&#8243; _builder_version=&#8221;3.25&#8243; custom_padding=&#8221;|||&#8221; custom_padding__hover=&#8221;|||&#8221;][et_pb_code admin_label=&#8221;ASSISTANCE &#8221; _builder_version=&#8221;4.4.6&#8243; text_orientation=&#8221;center&#8221;]<a class=\"bouton-racing2\" href=\"https:\/\/www.lorrtec.com\/en\/crankshaft-balancing-v6-v8-v10-v12-v4-vr6-and-5-cylinders\/\">BALANCING V6 V8 V10 V12<\/a>[\/et_pb_code][\/et_pb_column][et_pb_column type=&#8221;1_3&#8243; _builder_version=&#8221;3.25&#8243; custom_padding=&#8221;|||&#8221; custom_padding__hover=&#8221;|||&#8221;][et_pb_code admin_label=&#8221;engine sales&#8221; text_orientation=&#8221;center&#8221;]<a class=\"bouton-racing2\" href=\"https:\/\/www.lorrtec.com\/en\/ford-cosworth-bda-bdg-yb-pinto-and-bmw-s14-m3-engine-sales\/\">ENGINE SALES<\/a>[\/et_pb_code][\/et_pb_column][\/et_pb_row][et_pb_row _builder_version=&#8221;3.25&#8243; custom_css_before=&#8221;content: %22%22;|| display: inline-block;|| position: absolute;|| background-image: url(\/wp-content\/uploads\/2018\/09\/home-title-bg.png);|| width: 382px;|| height: 382px;|| top: 0;|| left: 50%;|| margin-left: -191px;|| animation: rotate 60s infinite linear;&#8221; custom_css_main_element=&#8221;position: relative;|| margin-top: 0px;|| padding-bottom: 8rem;|| padding-top: 8rem;|| min-height: 350px;|| color: #fff;&#8221; custom_css_after=&#8221;content: %22%22;|| display: inline-block;|| position: absolute;|| background-image: url(\/wp-content\/uploads\/2018\/09\/home-title-after.png);|| width: 142px;|| height: 142px;|| top: -51px;|| left: 50%;|| margin-left: -71px;|| animation: rotate 40s infinite linear;|| animation-direction: reverse;|| -webkit-animation-direction: reverse;|| -moz-animation-direction: reverse;&#8221;][et_pb_column type=&#8221;4_4&#8243; _builder_version=&#8221;3.25&#8243; custom_padding=&#8221;|||&#8221; custom_padding__hover=&#8221;|||&#8221;][et_pb_text _builder_version=&#8221;3.27.4&#8243; header_text_align=&#8221;center&#8221; header_text_color=&#8221;#ffffff&#8221; header_2_text_align=&#8221;center&#8221; header_2_text_color=&#8221;#ffffff&#8221;]<\/p>\n<p><img loading=\"lazy\" decoding=\"async\" class=\"size-full wp-image-53 aligncenter\" src=\"https:\/\/www.lorrtec.com\/wp-content\/uploads\/2018\/10\/logo-lorrtec-seul.png\" alt=\"LORRTEC\" width=\"299\" height=\"58\"><\/p>\n<h2>MOTORIST<\/h2>\n<h2>COMPETITION &amp; COLLECTION<\/h2>\n<p>[\/et_pb_text][\/et_pb_column][\/et_pb_row][\/et_pb_section]<\/p>\n","protected":false},"excerpt":{"rendered":"<p>Engine machining and balancing COMPETITION &amp; COLLECTION In particular we have developed the balancing of V6, V8, V10, V12 engines &#8211;&gt; The LORRTEC engine machining and rectification workshop performs the following operations: Turning, conventional and CNC milling Engine block \/ cylinder head grinding Valve grinding Replacement and rectification of valve seats Replacement of valve guides [&hellip;]<\/p>\n","protected":false},"author":1,"featured_media":0,"parent":0,"menu_order":0,"comment_status":"closed","ping_status":"closed","template":"","meta":{"_et_pb_use_builder":"on","_et_pb_old_content":"","_et_gb_content_width":"","footnotes":""},"class_list":["post-1757","page","type-page","status-publish","hentry"],"_links":{"self":[{"href":"https:\/\/www.lorrtec.com\/en\/wp-json\/wp\/v2\/pages\/1757","targetHints":{"allow":["GET"]}}],"collection":[{"href":"https:\/\/www.lorrtec.com\/en\/wp-json\/wp\/v2\/pages"}],"about":[{"href":"https:\/\/www.lorrtec.com\/en\/wp-json\/wp\/v2\/types\/page"}],"author":[{"embeddable":true,"href":"https:\/\/www.lorrtec.com\/en\/wp-json\/wp\/v2\/users\/1"}],"replies":[{"embeddable":true,"href":"https:\/\/www.lorrtec.com\/en\/wp-json\/wp\/v2\/comments?post=1757"}],"version-history":[{"count":3,"href":"https:\/\/www.lorrtec.com\/en\/wp-json\/wp\/v2\/pages\/1757\/revisions"}],"predecessor-version":[{"id":1777,"href":"https:\/\/www.lorrtec.com\/en\/wp-json\/wp\/v2\/pages\/1757\/revisions\/1777"}],"wp:attachment":[{"href":"https:\/\/www.lorrtec.com\/en\/wp-json\/wp\/v2\/media?parent=1757"}],"curies":[{"name":"wp","href":"https:\/\/api.w.org\/{rel}","templated":true}]}}