 {"id":2031,"date":"2022-06-26T12:17:32","date_gmt":"2022-06-26T12:17:32","guid":{"rendered":"https:\/\/www.lorrtec.com\/assistance-on-circuit-and-rallies-data-acquisition-and-analysis\/"},"modified":"2022-06-26T12:17:34","modified_gmt":"2022-06-26T12:17:34","slug":"assistance-on-circuit-and-rallies-data-acquisition-and-analysis","status":"publish","type":"page","link":"https:\/\/www.lorrtec.com\/en\/assistance-on-circuit-and-rallies-data-acquisition-and-analysis\/","title":{"rendered":"Assistance on circuit and rallies, data acquisition and analysis"},"content":{"rendered":"<p>[et_pb_section bb_built=&#8221;1&#8243; next_background_color=&#8221;#000000&#8243; _builder_version=&#8221;3.15&#8243; background_image=&#8221;https:\/\/www.lorrtec.com\/wp-content\/uploads\/2018\/09\/bandeau-lorrtec.jpg&#8221; bottom_divider_style=&#8221;arrow&#8221;][et_pb_row custom_css_before_1=&#8221;content: %22%22;|| display: inline-block;|| position: absolute;|| background-image: url(\/wp-content\/uploads\/2018\/09\/home-title-bg.png);|| width: 382px;|| height: 382px;|| top: 0;|| left: 50%;|| margin-left: -191px;|| animation: rotate 60s infinite linear;&#8221; custom_css_main_1=&#8221;position: relative;|| margin-top: 0px;|| padding-bottom: 8rem;|| padding-top: 8rem;|| min-height: 350px;|| color: #fff;&#8221; custom_css_after_1=&#8221;content: %22%22;|| display: inline-block;|| position: absolute;|| background-image: url(\/wp-content\/uploads\/2018\/09\/home-title-after.png);|| width: 142px;|| height: 142px;|| top: -51px;|| left: 50%;|| margin-left: -71px;|| animation: rotate 40s infinite linear;|| animation-direction: reverse;|| -webkit-animation-direction: reverse;|| -moz-animation-direction: reverse;&#8221; _builder_version=&#8221;3.15&#8243; background_size=&#8221;initial&#8221; background_position=&#8221;top_left&#8221; background_repeat=&#8221;repeat&#8221;][et_pb_column type=&#8221;1_2&#8243;][et_pb_text _builder_version=&#8221;3.17.2&#8243; header_font=&#8221;|||on|||||&#8221; header_text_align=&#8221;center&#8221; header_text_color=&#8221;#ffffff&#8221; header_font_size=&#8221;26px&#8221; header_2_text_align=&#8221;center&#8221; header_2_text_color=&#8221;#ffffff&#8221;]<\/p>\n<p><img loading=\"lazy\" decoding=\"async\" class=\"size-full wp-image-53 aligncenter\" src=\"https:\/\/www.lorrtec.com\/wp-content\/uploads\/2018\/10\/logo-lorrtec-seul.png\" alt=\"LORRTEC\" width=\"299\" height=\"58\"><\/p>\n<h1>Assistance on circuit\/rally<\/h1>\n<h1>COMPETITION &amp; COLLECTION<\/h1>\n<p>[\/et_pb_text][\/et_pb_column][et_pb_column type=&#8221;1_2&#8243;][et_pb_text admin_label=&#8221;pr\u00e9sentation&#8221; _builder_version=&#8221;3.15&#8243; text_text_color=&#8221;#ffffff&#8221; text_font_size=&#8221;18px&#8221; header_text_color=&#8221;#ffffff&#8221; header_2_text_color=&#8221;#ffffff&#8221; header_3_text_color=&#8221;#ffffff&#8221; custom_padding=&#8221;50px|||&#8221;]<\/p>\n<p style=\"text-align: justify;\"><strong>LORRTEC<\/strong> provides you in France and abroad with <strong>qualified engineers and technicians<\/strong> to assist you on circuits or in rallies when the operation of the vehicle requires a high degree of technicality <strong>(Sport prototypes Groups C, historic Formula 1, Rally-raid, etc.)<\/strong> or even during major classic events such as the <strong>Historical Corsica Tour<\/strong> or <strong>Le Mans Classic<\/strong> .<\/p>\n<p style=\"text-align: justify;\">Many services are offered to you: implementation of different strategies of r<strong>engine adjustments between testing and the race,<\/strong> optimization of consumption and performance according to external conditions, modifications and adaptation of engine characteristics for <strong>facilitate vehicle operation,<\/strong> data analysis to <strong>allow the pilot to gain in performance<\/strong> (assisted by the expertise of a professional pilot).<\/p>\n<p>[\/et_pb_text][et_pb_gallery gallery_ids=&#8221;1602,1603&#8243; posts_number=&#8221;3&#8243; show_title_and_caption=&#8221;off&#8221; show_pagination=&#8221;off&#8221; _builder_version=&#8221;3.17.2&#8243;]<br \/>\n[\/et_pb_gallery][\/et_pb_column][\/et_pb_row][\/et_pb_section][et_pb_section bb_built=&#8221;1&#8243; _builder_version=&#8221;3.15&#8243; background_color=&#8221;#000000&#8243; background_image=&#8221;https:\/\/www.lorrtec.com\/wp-content\/uploads\/2018\/09\/fond-moteur-droit.png&#8221; prev_background_color=&#8221;#ffffff&#8221; next_background_color=&#8221;#1d1d1d&#8221;][et_pb_row _builder_version=&#8221;3.0.48&#8243; background_size=&#8221;initial&#8221; background_position=&#8221;top_left&#8221; background_repeat=&#8221;repeat&#8221;][et_pb_column type=&#8221;4_4&#8243;][et_pb_text admin_label=&#8221;Pr\u00e9sentation de l&#8217;activit\u00e9 d&#8217;assistance et de suivi de v\u00e9hicules sur circuit de LORRTEC&#8221; _builder_version=&#8221;3.17.2&#8243; text_text_color=&#8221;#ffffff&#8221; header_text_color=&#8221;#ffffff&#8221; header_2_text_align=&#8221;center&#8221; header_2_text_color=&#8221;#ffffff&#8221; header_3_text_color=&#8221;#ffffff&#8221;]<\/p>\n<h2>Presentation of the activity of assistance and follow-up of vehicles on rallies and on circuit of LORRTEC<\/h2>\n<p>[\/et_pb_text][\/et_pb_column][\/et_pb_row][et_pb_row make_fullwidth=&#8221;on&#8221; _builder_version=&#8221;3.15&#8243;][et_pb_column type=&#8221;1_3&#8243;][et_pb_text admin_label=&#8221;L&#8217;assistance sur piste est un activit\u00e9 m\u00e9connue de LORRTEC&#8221; _builder_version=&#8221;3.17.2&#8243; text_text_color=&#8221;#ffffff&#8221; header_text_color=&#8221;#ffffff&#8221; header_2_text_color=&#8221;#ffffff&#8221; header_3_text_color=&#8221;#ffffff&#8221;]<\/p>\n<p style=\"text-align: justify;\">Interview with Pierre-Antoine RAMPON (manager of the LORRTEC company):<\/p>\n<h3 style=\"text-align: justify;\">In which cases do you offer this type of service?<\/h3>\n<blockquote>\n<p style=\"text-align: justify;\">We mainly monitor engines and work carried out internally. These are generally high-end vehicles with careful monitoring, which is why we follow a large number of <strong>Group C<\/strong> sports prototypes, for example. We are also working on certain major historic events such as the historic <strong>Tour de Corse<\/strong> , <strong>Le Mans Classic<\/strong> or even modern Rally-Raid with the <strong>Dakar<\/strong> .<\/p>\n<p style=\"text-align: justify;\">In this case we take care of monitoring the engine part: calculation of consumption, determination of power levels for qualifying and the race. We also install data acquisition systems coupled with videos (Vbox Racelogic) which allow us to work on intermediate times (lap by lap) and thus allow the pilot to progress more quickly. We provide a la carte services.<\/p>\n<\/blockquote>\n<p>[\/et_pb_text][\/et_pb_column][et_pb_column type=&#8221;2_3&#8243;][et_pb_image admin_label=&#8221;Jaguar XJR14 sur circuit du Castellet maintenance sur piste&#8221; src=&#8221;https:\/\/www.lorrtec.com\/wp-content\/uploads\/2018\/10\/Jaguar-XJR14-Castellet-maintenance-sur-piste.jpg&#8221; alt=&#8221;Jaguar XJR14 on Le Castellet circuit track maintenance&#8221; show_in_lightbox=&#8221;on&#8221; _builder_version=&#8221;3.17.2&#8243;]<br \/>\n[\/et_pb_image][\/et_pb_column][\/et_pb_row][et_pb_row _builder_version=&#8221;3.0.48&#8243; background_size=&#8221;initial&#8221; background_position=&#8221;top_left&#8221; background_repeat=&#8221;repeat&#8221;][et_pb_column type=&#8221;1_2&#8243;][et_pb_text admin_label=&#8221;Quels sont les avantages d&#8217;un bo\u00eetier MOTEC par rapport \u00e0 un bo\u00eetier \u00e9lectronique d&#8217;origine ?&#8221; _builder_version=&#8221;3.15&#8243; text_text_color=&#8221;#ffffff&#8221; header_text_color=&#8221;#ffffff&#8221; header_2_text_color=&#8221;#ffffff&#8221; header_3_text_color=&#8221;#ffffff&#8221;]<\/p>\n<h3><\/h3>\n<p>[\/et_pb_text][\/et_pb_column][et_pb_column type=&#8221;1_2&#8243;][et_pb_text admin_label=&#8221;DEVIS Texte&#8221; _builder_version=&#8221;3.17.2&#8243; global_module=&#8221;1015&#8243; saved_tabs=&#8221;all&#8221;]<\/p>\n<p style=\"text-align: right;\"><span class=\"fac bouton-racing2\" data-fac=\"L2NvbnRhY3Qv\">DEVIS<\/span><\/p>\n<p>[\/et_pb_text][\/et_pb_column][\/et_pb_row][et_pb_row make_fullwidth=&#8221;on&#8221; _builder_version=&#8221;3.15&#8243;][et_pb_column type=&#8221;1_3&#8243;][et_pb_text admin_label=&#8221;Comment se fait la mise au point ?&#8221; _builder_version=&#8221;3.15&#8243; text_text_color=&#8221;#ffffff&#8221; header_text_color=&#8221;#ffffff&#8221; header_2_text_color=&#8221;#ffffff&#8221; header_3_text_color=&#8221;#ffffff&#8221;]<\/p>\n<h3>What is your contribution for the client?<\/h3>\n<blockquote>\n<p style=\"text-align: justify;\">Make the most of the potential of the car and the engine!<\/p>\n<p style=\"text-align: justify;\">With modern technical means we are able to quickly analyze the weak points of a vehicle and its driver, and we very quickly manage to identify the problem without having to carry out a lot of tests. A pro driver and a \u201cgentleman driver\u201d have time differences at certain very specific points on a circuit. We manage to reduce these differences by relying on our analyzes and by talking to the pilots. Our engine data analyzes are often supplemented by professional pilots who bring us their expertise.<\/p>\n<\/blockquote>\n<p>[\/et_pb_text][\/et_pb_column][et_pb_column type=&#8221;2_3&#8243;][et_pb_image admin_label=&#8221;assistance rallye Raid Maroc&#8221; src=&#8221;https:\/\/www.lorrtec.com\/wp-content\/uploads\/2018\/11\/assistance-rallye-raid-maroc.jpg&#8221; alt=&#8221;Morocco Raid rally assistance&#8221; show_in_lightbox=&#8221;on&#8221; _builder_version=&#8221;3.17.2&#8243;]<br \/>\n[\/et_pb_image][\/et_pb_column][\/et_pb_row][et_pb_row make_fullwidth=&#8221;on&#8221; _builder_version=&#8221;3.15&#8243;][et_pb_column type=&#8221;1_3&#8243;][et_pb_text admin_label=&#8221;Comment connecter le bo\u00eetier \u00e0 des capteurs d&#8217;origines ?&#8221; _builder_version=&#8221;3.15&#8243; text_text_color=&#8221;#ffffff&#8221; header_text_color=&#8221;#ffffff&#8221; header_2_text_color=&#8221;#ffffff&#8221; header_3_text_color=&#8221;#ffffff&#8221;]<\/p>\n<h3><\/h3>\n<p>[\/et_pb_text][et_pb_text admin_label=&#8221;DEVIS Texte&#8221; _builder_version=&#8221;3.17.2&#8243; global_module=&#8221;1015&#8243; saved_tabs=&#8221;all&#8221;]<\/p>\n<p style=\"text-align: right;\"><span class=\"fac bouton-racing2\" data-fac=\"L2NvbnRhY3Qv\">DEVIS<\/span><\/p>\n<p>[\/et_pb_text][\/et_pb_column][et_pb_column type=&#8221;2_3&#8243;][et_pb_image admin_label=&#8221;assistance sur piste Lola T296 DIJON PRENOIS acquisition de donn\u00e9es VBOX&#8221; src=&#8221;https:\/\/www.lorrtec.com\/wp-content\/uploads\/2018\/10\/assistance-sur-piste-lola-t296-DIJON-PRENOIS-acquisition-donnees-VBOX.jpg&#8221; alt=&#8221;on-track assistance Lola T296 DIJON PRENOIS VBOX data acquisition&#8221; show_in_lightbox=&#8221;on&#8221; _builder_version=&#8221;3.17.2&#8243;]<br \/>\n[\/et_pb_image][et_pb_image admin_label=&#8221;groupeC Jaguar Slik Cut voie des stands Spa Francorchamps&#8221; src=&#8221;https:\/\/www.lorrtec.com\/wp-content\/uploads\/2018\/10\/groupeC-jaguar-slik-cut-voie-des-stands-spa-francorchamps-2.jpg&#8221; alt=&#8221;groupC Jaguar Slik Cut pit lane Spa Francorchamps&#8221; show_in_lightbox=&#8221;on&#8221; _builder_version=&#8221;3.17.2&#8243;]<br \/>\n[\/et_pb_image][et_pb_image admin_label=&#8221;r\u00e9glages moteur Spice Groupe C V8 Cosworth Le Mans classic&#8221; src=&#8221;https:\/\/www.lorrtec.com\/wp-content\/uploads\/2018\/10\/reglages-moteur-spice-groupeC-v8-cosworth-le-mans-classic-1200.jpg&#8221; alt=&#8221;engine settings Spice Group C V8 Cosworth Le Mans classic&#8221; show_in_lightbox=&#8221;on&#8221; _builder_version=&#8221;3.17.2&#8243;]<br \/>\n[\/et_pb_image][\/et_pb_column][\/et_pb_row][\/et_pb_section][et_pb_section bb_built=&#8221;1&#8243; _builder_version=&#8221;3.15&#8243; background_color=&#8221;#1d1d1d&#8221; background_image=&#8221;https:\/\/www.lorrtec.com\/wp-content\/uploads\/2018\/09\/bandeau-lorrtec.jpg&#8221; prev_background_color=&#8221;#000000&#8243; global_module=&#8221;271&#8243;][et_pb_row global_parent=&#8221;271&#8243; _builder_version=&#8221;3.0.47&#8243; background_size=&#8221;initial&#8221; background_position=&#8221;top_left&#8221; background_repeat=&#8221;repeat&#8221;][et_pb_column type=&#8221;4_4&#8243;][et_pb_text admin_label=&#8221;Pr\u00e9sentation de l&#8217;activit\u00e9 d&#8217;installation, et de mise au point de bo\u00eetiers \u00e9lectroniques MOTEC de LORRTEC.&#8221; global_parent=&#8221;271&#8243; _builder_version=&#8221;3.15&#8243; text_text_color=&#8221;#ffffff&#8221; header_text_color=&#8221;#ffffff&#8221; header_2_text_align=&#8221;center&#8221; header_2_text_color=&#8221;#ffffff&#8221; header_3_text_color=&#8221;#ffffff&#8221;]<\/p>\n<h2>All the activities of LORRTEC<\/h2>\n<p>[\/et_pb_text][\/et_pb_column][\/et_pb_row][et_pb_row global_parent=&#8221;271&#8243; custom_padding=&#8221;||0px|&#8221; custom_margin=&#8221;||0px|&#8221; _builder_version=&#8221;3.15&#8243;][et_pb_column type=&#8221;1_3&#8243;][et_pb_code admin_label=&#8221;DESIGN OFFICE&#8221; global_parent=&#8221;271&#8243; _builder_version=&#8221;3.15&#8243; text_orientation=&#8221;center&#8221;]&lt;a class=&#8221;button-racing2&#8243; href=&#8221;\/engine-design-office\/&#8221;&gt; DESIGN OFFICE&lt; \/has&gt;[\/et_pb_code][\/et_pb_column][et_pb_column type=&#8221;1_3&#8243;][et_pb_code admin_label=&#8221;ENGINE MOUNT&#8221; global_parent=&#8221;271&#8243; _builder_version=&#8221;3.15&#8243; text_orientation=&#8221;center&#8221;]&lt;a class=&#8221;racing-button2&#8243; href=&#8221;\/engine-mount\/&#8221;&gt; ENGINE MOUNT&lt; \/has&gt;[\/et_pb_code][\/et_pb_column][et_pb_column type=&#8221;1_3&#8243;][et_pb_code admin_label=&#8221;MACHINING AND BALANCING&#8221; global_parent=&#8221;271&#8243; _builder_version=&#8221;3.15&#8243; text_orientation=&#8221;center&#8221;]&lt;a class=&#8221;racing-button2&#8243; href=&#8221;\/engine-balancing-machining\/&#8221;&gt; BALANCING MACHINING&lt; \/has&gt;[\/et_pb_code][\/et_pb_column][\/et_pb_row][et_pb_row global_parent=&#8221;271&#8243; custom_padding=&#8221;0px||0px|&#8221; custom_margin=&#8221;0px||0px|&#8221; _builder_version=&#8221;3.15&#8243;][et_pb_column type=&#8221;1_3&#8243;][et_pb_code admin_label=&#8221;ELECTRONICS AND WIRING&#8221; global_parent=&#8221;271&#8243; _builder_version=&#8221;3.15&#8243; text_orientation=&#8221;center&#8221;]&lt;a class=&#8221;button-racing2&#8243; href=&#8221;\/electronic-wiring\/&#8221;&gt; ELECTRONICS AND WIRING&lt; \/has&gt;[\/et_pb_code][\/et_pb_column][et_pb_column type=&#8221;1_3&#8243;][et_pb_code admin_label=&#8221;ORGAN BENCHES&#8221; global_parent=&#8221;271&#8243; _builder_version=&#8221;3.15&#8243; text_orientation=&#8221;center&#8221;]&lt;a class=&#8221;button-racing2&#8243; href=&#8221;\/metrology\/&#8221;&gt; METROLOGY&lt; \/has&gt;[\/et_pb_code][\/et_pb_column][et_pb_column type=&#8221;1_3&#8243;][et_pb_code admin_label=&#8221;ENGINE TESTS&#8221; global_parent=&#8221;271&#8243; _builder_version=&#8221;3.15&#8243; text_orientation=&#8221;center&#8221;]&lt;a class=&#8221;button-racing2&#8243; href=&#8221;\/test-bench\/&#8221;&gt; TEST BENCHES&lt; \/has&gt;[\/et_pb_code][\/et_pb_column][\/et_pb_row][et_pb_row global_parent=&#8221;271&#8243; custom_padding=&#8221;0px||0px|&#8221; custom_margin=&#8221;0px||0px|&#8221; _builder_version=&#8221;3.15&#8243;][et_pb_column type=&#8221;1_3&#8243;][et_pb_code admin_label=&#8221;ASSISTANCE &#8221; global_parent=&#8221;271&#8243; _builder_version=&#8221;3.17.2&#8243; text_orientation=&#8221;center&#8221;]&lt;a class=&#8221;button-racing2&#8243; href=&#8221;\/assistance\/&#8221;&gt; CIRCUIT\/RALLY ASSISTANCE&lt; \/has&gt;[\/et_pb_code][\/et_pb_column][et_pb_column type=&#8221;1_3&#8243;][\/et_pb_column][et_pb_column type=&#8221;1_3&#8243;][et_pb_code admin_label=&#8221;engine sales&#8221; global_parent=&#8221;271&#8243; _builder_version=&#8221;3.16.1&#8243; text_orientation=&#8221;center&#8221;]&lt;a class=&#8221;button-racing2&#8243; href=&#8221;\/engine-sales\/&#8221;&gt; ENGINE SALES&lt; \/has&gt;[\/et_pb_code][\/et_pb_column][\/et_pb_row][et_pb_row global_parent=&#8221;271&#8243; _builder_version=&#8221;3.15&#8243; custom_css_before=&#8221;content: %22%22;|| display: inline-block;|| position: absolute;|| background-image: url(\/wp-content\/uploads\/2018\/09\/home-title-bg.png);|| width: 382px;|| height: 382px;|| top: 0;|| left: 50%;|| margin-left: -191px;|| animation: rotate 60s infinite linear;&#8221; custom_css_main_element=&#8221;position: relative;|| margin-top: 0px;|| padding-bottom: 8rem;|| padding-top: 8rem;|| min-height: 350px;|| color: #fff;&#8221; custom_css_after=&#8221;content: %22%22;|| display: inline-block;|| position: absolute;|| background-image: url(\/wp-content\/uploads\/2018\/09\/home-title-after.png);|| width: 142px;|| height: 142px;|| top: -51px;|| left: 50%;|| margin-left: -71px;|| animation: rotate 40s infinite linear;|| animation-direction: reverse;|| -webkit-animation-direction: reverse;|| -moz-animation-direction: reverse;&#8221;][et_pb_column type=&#8221;4_4&#8243;][et_pb_text global_parent=&#8221;271&#8243; _builder_version=&#8221;3.15&#8243; header_text_align=&#8221;center&#8221; header_text_color=&#8221;#ffffff&#8221; header_2_text_align=&#8221;center&#8221; header_2_text_color=&#8221;#ffffff&#8221;]<\/p>\n<p><img loading=\"lazy\" decoding=\"async\" class=\"size-full wp-image-53 aligncenter\" src=\"https:\/\/www.lorrtec.com\/wp-content\/uploads\/2018\/10\/logo-lorrtec-seul.png\" alt=\"LORRTEC\" width=\"299\" height=\"58\"><\/p>\n<h2>MOTORIST<\/h2>\n<h2>COMPETITION &amp; COLLECTION<\/h2>\n<p>[\/et_pb_text][\/et_pb_column][\/et_pb_row][\/et_pb_section]<\/p>\n","protected":false},"excerpt":{"rendered":"<p>Assistance on circuit\/rally COMPETITION &amp; COLLECTION LORRTEC provides you in France and abroad with qualified engineers and technicians to assist you on circuits or in rallies when the operation of the vehicle requires a high degree of technicality (Sport prototypes Groups C, historic Formula 1, Rally-raid, etc.) or even during major classic events such as [&hellip;]<\/p>\n","protected":false},"author":1,"featured_media":0,"parent":0,"menu_order":0,"comment_status":"closed","ping_status":"closed","template":"","meta":{"_et_pb_use_builder":"on","_et_pb_old_content":"","_et_gb_content_width":"","footnotes":""},"class_list":["post-2031","page","type-page","status-publish","hentry"],"_links":{"self":[{"href":"https:\/\/www.lorrtec.com\/en\/wp-json\/wp\/v2\/pages\/2031","targetHints":{"allow":["GET"]}}],"collection":[{"href":"https:\/\/www.lorrtec.com\/en\/wp-json\/wp\/v2\/pages"}],"about":[{"href":"https:\/\/www.lorrtec.com\/en\/wp-json\/wp\/v2\/types\/page"}],"author":[{"embeddable":true,"href":"https:\/\/www.lorrtec.com\/en\/wp-json\/wp\/v2\/users\/1"}],"replies":[{"embeddable":true,"href":"https:\/\/www.lorrtec.com\/en\/wp-json\/wp\/v2\/comments?post=2031"}],"version-history":[{"count":3,"href":"https:\/\/www.lorrtec.com\/en\/wp-json\/wp\/v2\/pages\/2031\/revisions"}],"predecessor-version":[{"id":2034,"href":"https:\/\/www.lorrtec.com\/en\/wp-json\/wp\/v2\/pages\/2031\/revisions\/2034"}],"wp:attachment":[{"href":"https:\/\/www.lorrtec.com\/en\/wp-json\/wp\/v2\/media?parent=2031"}],"curies":[{"name":"wp","href":"https:\/\/api.w.org\/{rel}","templated":true}]}}