 {"id":2447,"date":"2023-10-22T15:18:47","date_gmt":"2023-10-22T15:18:47","guid":{"rendered":"https:\/\/www.lorrtec.com\/venta-de-motores-ford-cosworth-bda-bdg-yb-pinto-y-bmw-s14-m3\/"},"modified":"2023-10-22T15:18:51","modified_gmt":"2023-10-22T15:18:51","slug":"venta-de-motores-ford-cosworth-bda-bdg-yb-pinto-y-bmw-s14-m3","status":"publish","type":"page","link":"https:\/\/www.lorrtec.com\/es\/venta-de-motores-ford-cosworth-bda-bdg-yb-pinto-y-bmw-s14-m3\/","title":{"rendered":"Venta de motores Ford Cosworth BDA, BDG, YB, Pinto y BMW S14 M3"},"content":{"rendered":"<p>[et_pb_section bb_built=\u00bb1&#8243; next_background_color=\u00bb#000000&#8243; _builder_version=\u00bb3.15&#8243; background_image=\u00bbhttps:\/\/www.lorrtec.com\/wp-content\/uploads\/2018\/09\/bandeau-lorrtec.jpg\u00bb bottom_divider_style=\u00bbarrow\u00bb][et_pb_row custom_css_before_1=\u00bbcontent: %22%22;|| display: inline-block;|| position: absolute;|| background-image: url(\/wp-content\/uploads\/2018\/09\/home-title-bg.png);|| width: 382px;|| height: 382px;|| top: 0;|| left: 50%;|| margin-left: -191px;|| animation: rotate 60s infinite linear;\u00bb custom_css_main_1=\u00bbposition: relative;|| margin-top: 0px;|| padding-bottom: 8rem;|| padding-top: 8rem;|| min-height: 350px;|| color: #fff;\u00bb custom_css_after_1=\u00bbcontent: %22%22;|| display: inline-block;|| position: absolute;|| background-image: url(\/wp-content\/uploads\/2018\/09\/home-title-after.png);|| width: 142px;|| height: 142px;|| top: -51px;|| left: 50%;|| margin-left: -71px;|| animation: rotate 40s infinite linear;|| animation-direction: reverse;|| -webkit-animation-direction: reverse;|| -moz-animation-direction: reverse;\u00bb _builder_version=\u00bb3.15&#8243; background_size=\u00bbinitial\u00bb background_position=\u00bbtop_left\u00bb background_repeat=\u00bbrepeat\u00bb][et_pb_column type=\u00bb1_2&#8243;][et_pb_text _builder_version=\u00bb3.15&#8243; header_font=\u00bb|||on|||||\u00bb header_text_align=\u00bbcenter\u00bb header_text_color=\u00bb#ffffff\u00bb header_font_size=\u00bb26px\u00bb header_2_text_align=\u00bbcenter\u00bb header_2_text_color=\u00bb#ffffff\u00bb]<\/p>\n<p><img loading=\"lazy\" decoding=\"async\" class=\"size-full wp-image-53 aligncenter\" src=\"https:\/\/www.lorrtec.com\/wp-content\/uploads\/2018\/10\/logo-lorrtec-seul.png\" alt=\"LORRTEC\" width=\"299\" height=\"58\"><\/p>\n<h1>VENTAS DE MOTORES<\/h1>\n<h1>CONCURSO Y RECAUDACI\u00d3N<\/h1>\n<p>[\/et_pb_text][\/et_pb_column][et_pb_column type=\u00bb1_2&#8243;][et_pb_text admin_label=\u00bbpr\u00e9sentation\u00bb _builder_version=\u00bb3.15&#8243; text_text_color=\u00bb#ffffff\u00bb text_font_size=\u00bb18px\u00bb header_text_color=\u00bb#ffffff\u00bb header_2_text_color=\u00bb#ffffff\u00bb header_3_text_color=\u00bb#ffffff\u00bb custom_padding=\u00bb50px|||\u00bb]<\/p>\n<p style=\"text-align: justify;\">LORRTEC es<strong> especialista <\/strong>en determinados motores:<strong> Ford Pinto, Ford Cosworth BDA\/BDG, Ford Sierra y Escort Cosworth YB y BMW M3 S14<\/strong>, lo que significa que podemos ofrecer a la venta motores de serie o preparados, listos para instalar y disponibles inmediatamente.<\/p>\n<p style=\"text-align: justify;\">Con este servicio, no tiene que esperar a que revisemos su motor: puede montar uno de nuestros motores directamente.<\/p>\n<p>[\/et_pb_text][et_pb_gallery gallery_ids=\u00bb400,395&#8243; posts_number=\u00bb2&#8243; show_title_and_caption=\u00bboff\u00bb show_pagination=\u00bboff\u00bb _builder_version=\u00bb3.15&#8243;]<\/p>\n<p>&nbsp;<\/p>\n<p>[\/et_pb_gallery][\/et_pb_column][\/et_pb_row][\/et_pb_section][et_pb_section bb_built=\u00bb1&#8243; _builder_version=\u00bb3.15&#8243; background_color=\u00bb#000000&#8243; background_image=\u00bbhttps:\/\/www.lorrtec.com\/wp-content\/uploads\/2018\/09\/fond-moteur-droit.png\u00bb prev_background_color=\u00bb#ffffff\u00bb next_background_color=\u00bb#1d1d1d\u00bb][et_pb_row _builder_version=\u00bb3.0.48&#8243; background_size=\u00bbinitial\u00bb background_position=\u00bbtop_left\u00bb background_repeat=\u00bbrepeat\u00bb][et_pb_column type=\u00bb4_4&#8243;][et_pb_text admin_label=\u00bbPr\u00e9sentation de l&#8217;activit\u00e9 d&#8217;installation, et de mise au point de bo\u00eetiers \u00e9lectroniques MOTEC de LORRTEC.\u00bb _builder_version=\u00bb3.15&#8243; text_text_color=\u00bb#ffffff\u00bb header_text_color=\u00bb#ffffff\u00bb header_2_text_align=\u00bbcenter\u00bb header_2_text_color=\u00bb#ffffff\u00bb header_3_text_color=\u00bb#ffffff\u00bb]<\/p>\n<h2>Venta de motores listos para usar, entrega r\u00e1pida de LORRTEC.<\/h2>\n<p>[\/et_pb_text][\/et_pb_column][\/et_pb_row][et_pb_row make_fullwidth=\u00bbon\u00bb _builder_version=\u00bb3.15&#8243;][et_pb_column type=\u00bb4_4&#8243;][et_pb_filterable_portfolio fullwidth=\u00bboff\u00bb include_categories=\u00bb8&#8243; show_categories=\u00bboff\u00bb hover_overlay_color=\u00bbrgba(255,255,255,0)\u00bb _builder_version=\u00bb3.15&#8243; background_layout=\u00bbdark\u00bb]<\/p>\n<p>&nbsp;<\/p>\n<p>[\/et_pb_filterable_portfolio][\/et_pb_column][\/et_pb_row][et_pb_row make_fullwidth=\u00bbon\u00bb _builder_version=\u00bb3.15&#8243;][et_pb_column type=\u00bb1_3&#8243;][et_pb_text admin_label=\u00bbLes bo\u00eetiers \u00e9lectroniques MOTEC\u00bb _builder_version=\u00bb3.17.2&#8243; text_text_color=\u00bb#ffffff\u00bb header_text_color=\u00bb#ffffff\u00bb header_2_text_color=\u00bb#ffffff\u00bb header_3_text_color=\u00bb#ffffff\u00bb]<\/p>\n<h3 style=\"text-align: justify;\">Motores LORRTEC<\/h3>\n<blockquote>\n<p style=\"text-align: justify;\">Los motores LORRTEC completos se entregan generalmente despu\u00e9s del <strong>rodaje<\/strong>, la puesta a punto <strong>y la validaci\u00f3n en un banco de pruebas de motores<\/strong>. Pueden entregarse con todos los <strong>accesorios perif\u00e9ricos<\/strong>: alternador, encendido, mazo de cables y ECU, escape, filtro de aire, embrague&#8230; en funci\u00f3n de sus necesidades.<\/p>\n<\/blockquote>\n<p>[\/et_pb_text][\/et_pb_column][et_pb_column type=\u00bb2_3&#8243;][et_pb_text admin_label=\u00bbvideo montage S14&#8243; _builder_version=\u00bb3.17.2&#8243;]<\/p>\n<p><iframe loading=\"lazy\" title=\"BMW M3 E30 S14B23 engine assembling - LORRTEC Race Engines\" width=\"1080\" height=\"608\" src=\"https:\/\/www.youtube.com\/embed\/fMBd10sVKmk?feature=oembed\"  allow=\"accelerometer; autoplay; clipboard-write; encrypted-media; gyroscope; picture-in-picture; web-share\" allowfullscreen><\/iframe><\/p>\n<p>[\/et_pb_text][et_pb_image admin_label=\u00bbpi\u00e8ces moteur : soupapes, Arbres \u00e0 cames, ressorts, culasse BMW S14 M3 E30&#8243; src=\u00bbhttps:\/\/www.lorrtec.com\/wp-content\/uploads\/2018\/10\/pieces-soupapes-culasse-moteur-BMW-S14-2.jpg\u00bb alt=\u00bbpiezas de motor: v\u00e1lvulas, \u00e1rboles de levas, muelles, culata BMW S14 M3 E30&#8243; show_in_lightbox=\u00bbon\u00bb _builder_version=\u00bb3.17.2&#8243;]<\/p>\n<p>&nbsp;<\/p>\n<p>[\/et_pb_image][et_pb_image admin_label=\u00bbmoteur Ford Pinto distribution et carburateurs Weber et \u00e9chappement 4 en 1&#8243; src=\u00bbhttps:\/\/www.lorrtec.com\/wp-content\/uploads\/2018\/10\/moteur-ford-pinto-distribution-et-carburateurs-weber-2.jpg\u00bb alt=\u00bbMotor Ford Pinto, carburadores Weber y sistema de escape 4 en 1&#8243; show_in_lightbox=\u00bbon\u00bb _builder_version=\u00bb3.17.2&#8243;]<\/p>\n<p>&nbsp;<\/p>\n<p>[\/et_pb_image][\/et_pb_column][\/et_pb_row][et_pb_row _builder_version=\u00bb3.0.48&#8243; background_size=\u00bbinitial\u00bb background_position=\u00bbtop_left\u00bb background_repeat=\u00bbrepeat\u00bb][et_pb_column type=\u00bb1_2&#8243;][et_pb_text admin_label=\u00bbQuels sont les avantages d&#8217;un bo\u00eetier MOTEC par rapport \u00e0 un bo\u00eetier \u00e9lectronique d&#8217;origine ?\u00bb _builder_version=\u00bb3.17.2&#8243; text_text_color=\u00bb#ffffff\u00bb header_text_color=\u00bb#ffffff\u00bb header_2_text_color=\u00bb#ffffff\u00bb header_3_text_color=\u00bb#ffffff\u00bb]<\/p>\n<h3>&#8230;<\/h3>\n<p>[\/et_pb_text][\/et_pb_column][et_pb_column type=\u00bb1_2&#8243;][et_pb_text admin_label=\u00bbDEVIS Texte\u00bb _builder_version=\u00bb3.17.2&#8243; global_module=\u00bb1015&#8243; saved_tabs=\u00bball\u00bb]<\/p>\n<p style=\"text-align: right;\"><span class=\"fac bouton-racing2\" data-fac=\"L2NvbnRhY3Qv\">DEVIS<\/span><\/p>\n<p>[\/et_pb_text][\/et_pb_column][\/et_pb_row][et_pb_row make_fullwidth=\u00bbon\u00bb _builder_version=\u00bb3.15&#8243;][et_pb_column type=\u00bb1_3&#8243;][et_pb_text admin_label=\u00bbComment connecter le bo\u00eetier \u00e0 des capteurs d&#8217;origines ?\u00bb _builder_version=\u00bb3.17.2&#8243; text_text_color=\u00bb#ffffff\u00bb header_text_color=\u00bb#ffffff\u00bb header_2_text_color=\u00bb#ffffff\u00bb header_3_text_color=\u00bb#ffffff\u00bb]<\/p>\n<h3>&#8230;<\/h3>\n<p>[\/et_pb_text][et_pb_text admin_label=\u00bbDEVIS Texte\u00bb _builder_version=\u00bb3.17.2&#8243; global_module=\u00bb1015&#8243; saved_tabs=\u00bball\u00bb]<\/p>\n<p style=\"text-align: right;\"><span class=\"fac bouton-racing2\" data-fac=\"L2NvbnRhY3Qv\">DEVIS<\/span><\/p>\n<p>[\/et_pb_text][\/et_pb_column][et_pb_column type=\u00bb2_3&#8243;][et_pb_image admin_label=\u00bbphoto-echappement-moteur-ford-cosworth-BDG\u00bb src=\u00bbhttps:\/\/www.lorrtec.com\/wp-content\/uploads\/2018\/10\/photo-echappement-moteur-ford-cosworth-BDG.jpg\u00bb alt=\u00bbfoto-echappement-motor-ford-cosworth-BDG\u00bb show_in_lightbox=\u00bbon\u00bb _builder_version=\u00bb3.17.2&#8243;]<\/p>\n<p>&nbsp;<\/p>\n<p>[\/et_pb_image][et_pb_image admin_label=\u00bbSierra cosworth avec moteur ford YB groupe A by lorrtec\u00bb src=\u00bbhttps:\/\/www.lorrtec.com\/wp-content\/uploads\/2018\/10\/sierra-cosworth-moteur-ford-YB-lorrtec.jpg\u00bb alt=\u00bbSierra cosworth con motor ford YB grupo A de lorrtec\u00bb show_in_lightbox=\u00bbon\u00bb _builder_version=\u00bb3.17.2&#8243;]<\/p>\n<p>&nbsp;<\/p>\n<p>[\/et_pb_image][\/et_pb_column][\/et_pb_row][\/et_pb_section][et_pb_section bb_built=\u00bb1&#8243; _builder_version=\u00bb3.15&#8243; background_color=\u00bb#1d1d1d\u00bb background_image=\u00bbhttps:\/\/www.lorrtec.com\/wp-content\/uploads\/2018\/09\/bandeau-lorrtec.jpg\u00bb prev_background_color=\u00bb#000000&#8243; global_module=\u00bb271&#8243;][et_pb_row global_parent=\u00bb271&#8243; _builder_version=\u00bb3.0.47&#8243; background_size=\u00bbinitial\u00bb background_position=\u00bbtop_left\u00bb background_repeat=\u00bbrepeat\u00bb][et_pb_column type=\u00bb4_4&#8243;][et_pb_text admin_label=\u00bbPr\u00e9sentation de l&#8217;activit\u00e9 d&#8217;installation, et de mise au point de bo\u00eetiers \u00e9lectroniques MOTEC de LORRTEC.\u00bb global_parent=\u00bb271&#8243; _builder_version=\u00bb3.15&#8243; text_text_color=\u00bb#ffffff\u00bb header_text_color=\u00bb#ffffff\u00bb header_2_text_align=\u00bbcenter\u00bb header_2_text_color=\u00bb#ffffff\u00bb header_3_text_color=\u00bb#ffffff\u00bb]<\/p>\n<h2>Todas las actividades de LORRTEC<\/h2>\n<p>[\/et_pb_text][\/et_pb_column][\/et_pb_row][et_pb_row global_parent=\u00bb271&#8243; custom_padding=\u00bb||0px|\u00bb custom_margin=\u00bb||0px|\u00bb _builder_version=\u00bb3.15&#8243;][et_pb_column type=\u00bb1_3&#8243;][et_pb_code admin_label=\u00bbOFICINA DE DISE\u00d1O\u00bb global_parent=\u00bb271&#8243; _builder_version=\u00bb3.15&#8243; text_orientation=\u00bbcenter\u00bb]&lt;a class=\u00bbbouton-racing2&#8243; href=\u00bb\/bureau-etudes-moteur\/\u00bb&gt;BUREAU D&#8217;ETUDES&lt;\/a&gt;[\/et_pb_code][\/et_pb_column][et_pb_column type=\u00bb1_3&#8243;][et_pb_code admin_label=\u00bbMONTAJE DEL MOTOR\u00bb global_parent=\u00bb271&#8243; _builder_version=\u00bb3.15&#8243; text_orientation=\u00bbcenter\u00bb]&lt;a class=\u00bbbouton-racing2&#8243; href=\u00bb\/montage-moteur\/\u00bb&gt;MONTAJE MOTEUR&lt;\/a&gt;[\/et_pb_code][\/et_pb_column][et_pb_column type=\u00bb1_3&#8243;][et_pb_code admin_label=\u00bbMECANIZADO Y EQUILIBRADO\u00bb global_parent=\u00bb271&#8243; _builder_version=\u00bb3.15&#8243; text_orientation=\u00bbcenter\u00bb]&lt;a class=\u00bbbouton-racing2&#8243; href=\u00bb\/usinage-equilibrage-moteur\/\u00bb&gt;USINAGE EQUILIBRAGE&lt;\/a&gt;[\/et_pb_code][\/et_pb_column][\/et_pb_row][et_pb_row global_parent=\u00bb271&#8243; custom_padding=\u00bb0px||0px|\u00bb custom_margin=\u00bb0px||0px|\u00bb _builder_version=\u00bb3.15&#8243;][et_pb_column type=\u00bb1_3&#8243;][et_pb_code admin_label=\u00bbELECTR\u00d3NICA Y CABLEADO\u00bb global_parent=\u00bb271&#8243; _builder_version=\u00bb3.15&#8243; text_orientation=\u00bbcenter\u00bb]&lt;a class=\u00bbbouton-racing2&#8243; href=\u00bb\/electronique-cablage\/\u00bb&gt;ELECTRONICA Y CABLEADO&lt;\/a&gt;[\/et_pb_code][\/et_pb_column][et_pb_column type=\u00bb1_3&#8243;][et_pb_code admin_label=\u00bbBANCOS DE \u00d3RGANOS\u00bb global_parent=\u00bb271&#8243; _builder_version=\u00bb3.15&#8243; text_orientation=\u00bbcenter\u00bb]&lt;a class=\u00bbbouton-racing2&#8243; href=\u00bb\/metrologie\/\u00bb&gt;METROLOG\u00cdA&lt;\/a&gt;[\/et_pb_code][\/et_pb_column][et_pb_column type=\u00bb1_3&#8243;][et_pb_code admin_label=\u00bbPRUEBAS DE MOTORES\u00bb global_parent=\u00bb271&#8243; _builder_version=\u00bb3.15&#8243; text_orientation=\u00bbcenter\u00bb]&lt;a class=\u00bbbouton-racing2&#8243; href=\u00bb\/banc-essai\/\u00bb&gt;BANCOS DE PRUEBA&lt;\/a&gt;[\/et_pb_code][\/et_pb_column][\/et_pb_row][et_pb_row global_parent=\u00bb271&#8243; custom_padding=\u00bb0px||0px|\u00bb custom_margin=\u00bb0px||0px|\u00bb _builder_version=\u00bb3.15&#8243;][et_pb_column type=\u00bb1_3&#8243;][et_pb_code admin_label=\u00bbASISTENCIA  \u00bb global_parent=\u00bb271&#8243; _builder_version=\u00bb3.17.2&#8243; text_orientation=\u00bbcenter\u00bb]&lt;a class=\u00bbbouton-racing2&#8243; href=\u00bb\/asistencia\/\u00bb&gt;CIRCUITO DE ASISTENCIA\/RALLYE&lt;\/a&gt;[\/et_pb_code][\/et_pb_column][et_pb_column type=\u00bb1_3&#8243;][\/et_pb_column][et_pb_column type=\u00bb1_3&#8243;][et_pb_code admin_label=\u00bbventa de motores\u00bb global_parent=\u00bb271&#8243; _builder_version=\u00bb3.16.1&#8243; text_orientation=\u00bbcenter\u00bb]&lt;a class=\u00bbbouton-racing2&#8243; href=\u00bb\/ventes-moteurs\/\u00bb&gt;MOTOR SALES&lt;\/a&gt;[\/et_pb_code][\/et_pb_column][\/et_pb_row][et_pb_row global_parent=\u00bb271&#8243; _builder_version=\u00bb3.15&#8243; custom_css_before=\u00bbcontent: %22%22;|| display: inline-block;|| position: absolute;|| background-image: url(\/wp-content\/uploads\/2018\/09\/home-title-bg.png);|| width: 382px;|| height: 382px;|| top: 0;|| left: 50%;|| margin-left: -191px;|| animation: rotate 60s infinite linear;\u00bb custom_css_main_element=\u00bbposition: relative;|| margin-top: 0px;|| padding-bottom: 8rem;|| padding-top: 8rem;|| min-height: 350px;|| color: #fff;\u00bb custom_css_after=\u00bbcontent: %22%22;|| display: inline-block;|| position: absolute;|| background-image: url(\/wp-content\/uploads\/2018\/09\/home-title-after.png);|| width: 142px;|| height: 142px;|| top: -51px;|| left: 50%;|| margin-left: -71px;|| animation: rotate 40s infinite linear;|| animation-direction: reverse;|| -webkit-animation-direction: reverse;|| -moz-animation-direction: reverse;\u00bb][et_pb_column type=\u00bb4_4&#8243;][et_pb_text global_parent=\u00bb271&#8243; _builder_version=\u00bb3.15&#8243; header_text_align=\u00bbcenter\u00bb header_text_color=\u00bb#ffffff\u00bb header_2_text_align=\u00bbcenter\u00bb header_2_text_color=\u00bb#ffffff\u00bb]<\/p>\n<p><img loading=\"lazy\" decoding=\"async\" class=\"size-full wp-image-53 aligncenter\" src=\"https:\/\/www.lorrtec.com\/wp-content\/uploads\/2018\/10\/logo-lorrtec-seul.png\" alt=\"LORRTEC\" width=\"299\" height=\"58\"><\/p>\n<h2>MOTORISTA<\/h2>\n<h2>CONCURSO Y RECAUDACI\u00d3N<\/h2>\n<p>[\/et_pb_text][\/et_pb_column][\/et_pb_row][\/et_pb_section]<\/p>\n","protected":false},"excerpt":{"rendered":"<p>VENTAS DE MOTORES CONCURSO Y RECAUDACI\u00d3N LORRTEC es especialista en determinados motores: Ford Pinto, Ford Cosworth BDA\/BDG, Ford Sierra y Escort Cosworth YB y BMW M3 S14, lo que significa que podemos ofrecer a la venta motores de serie o preparados, listos para instalar y disponibles inmediatamente. Con este servicio, no tiene que esperar a [&hellip;]<\/p>\n","protected":false},"author":1,"featured_media":0,"parent":0,"menu_order":0,"comment_status":"closed","ping_status":"closed","template":"","meta":{"_et_pb_use_builder":"on","_et_pb_old_content":"","_et_gb_content_width":"","footnotes":""},"class_list":["post-2447","page","type-page","status-publish","hentry"],"_links":{"self":[{"href":"https:\/\/www.lorrtec.com\/es\/wp-json\/wp\/v2\/pages\/2447","targetHints":{"allow":["GET"]}}],"collection":[{"href":"https:\/\/www.lorrtec.com\/es\/wp-json\/wp\/v2\/pages"}],"about":[{"href":"https:\/\/www.lorrtec.com\/es\/wp-json\/wp\/v2\/types\/page"}],"author":[{"embeddable":true,"href":"https:\/\/www.lorrtec.com\/es\/wp-json\/wp\/v2\/users\/1"}],"replies":[{"embeddable":true,"href":"https:\/\/www.lorrtec.com\/es\/wp-json\/wp\/v2\/comments?post=2447"}],"version-history":[{"count":2,"href":"https:\/\/www.lorrtec.com\/es\/wp-json\/wp\/v2\/pages\/2447\/revisions"}],"predecessor-version":[{"id":2460,"href":"https:\/\/www.lorrtec.com\/es\/wp-json\/wp\/v2\/pages\/2447\/revisions\/2460"}],"wp:attachment":[{"href":"https:\/\/www.lorrtec.com\/es\/wp-json\/wp\/v2\/media?parent=2447"}],"curies":[{"name":"wp","href":"https:\/\/api.w.org\/{rel}","templated":true}]}}