 {"id":2622,"date":"2023-10-22T15:19:04","date_gmt":"2023-10-22T15:19:04","guid":{"rendered":"https:\/\/www.lorrtec.com\/metrologia-comprobacion-de-componentes-y-piezas-del-motor\/"},"modified":"2023-10-22T15:19:09","modified_gmt":"2023-10-22T15:19:09","slug":"metrologia-comprobacion-de-componentes-y-piezas-del-motor","status":"publish","type":"page","link":"https:\/\/www.lorrtec.com\/es\/metrologia-comprobacion-de-componentes-y-piezas-del-motor\/","title":{"rendered":"Metrolog\u00eda: comprobaci\u00f3n de componentes y piezas del motor"},"content":{"rendered":"<p>[et_pb_section fb_built=\u00bb1&#8243; next_background_color=\u00bb#000000&#8243; _builder_version=\u00bb3.15&#8243; background_image=\u00bbhttps:\/\/www.lorrtec.com\/wp-content\/uploads\/2018\/09\/bandeau-lorrtec.jpg\u00bb bottom_divider_style=\u00bbarrow\u00bb][et_pb_row custom_css_before_1=\u00bbcontent: %22%22;|| display: inline-block;|| position: absolute;|| background-image: url(\/wp-content\/uploads\/2018\/09\/home-title-bg.png);|| width: 382px;|| height: 382px;|| top: 0;|| left: 50%;|| margin-left: -191px;|| animation: rotate 60s infinite linear;\u00bb custom_css_main_1=\u00bbposition: relative;|| margin-top: 0px;|| padding-bottom: 8rem;|| padding-top: 8rem;|| min-height: 350px;|| color: #fff;\u00bb custom_css_after_1=\u00bbcontent: %22%22;|| display: inline-block;|| position: absolute;|| background-image: url(\/wp-content\/uploads\/2018\/09\/home-title-after.png);|| width: 142px;|| height: 142px;|| top: -51px;|| left: 50%;|| margin-left: -71px;|| animation: rotate 40s infinite linear;|| animation-direction: reverse;|| -webkit-animation-direction: reverse;|| -moz-animation-direction: reverse;\u00bb _builder_version=\u00bb3.15&#8243;][et_pb_column type=\u00bb1_2&#8243; _builder_version=\u00bb3.0.47&#8243; custom_css_before=\u00bbcontent: %22%22;|| display: inline-block;|| position: absolute;|| background-image: url(\/wp-content\/uploads\/2018\/09\/home-title-bg.png);|| width: 382px;|| height: 382px;|| top: 0;|| left: 50%;|| margin-left: -191px;|| animation: rotate 60s infinite linear;\u00bb custom_css_after=\u00bbcontent: %22%22;|| display: inline-block;|| position: absolute;|| background-image: url(\/wp-content\/uploads\/2018\/09\/home-title-after.png);|| width: 142px;|| height: 142px;|| top: -51px;|| left: 50%;|| margin-left: -71px;|| animation: rotate 40s infinite linear;|| animation-direction: reverse;|| -webkit-animation-direction: reverse;|| -moz-animation-direction: reverse;\u00bb parallax=\u00bboff\u00bb parallax_method=\u00bbon\u00bb custom_css_main=\u00bbposition: relative;|| margin-top: 0px;|| padding-bottom: 8rem;|| padding-top: 8rem;|| min-height: 350px;|| color: #fff;\u00bb][et_pb_text _builder_version=\u00bb3.15&#8243; header_font=\u00bb|||on|||||\u00bb header_text_align=\u00bbcenter\u00bb header_text_color=\u00bb#ffffff\u00bb header_font_size=\u00bb26px\u00bb header_2_text_align=\u00bbcenter\u00bb header_2_text_color=\u00bb#ffffff\u00bb]<img loading=\"lazy\" decoding=\"async\" class=\"size-full wp-image-53 aligncenter\" src=\"https:\/\/www.lorrtec.com\/wp-content\/uploads\/2018\/10\/logo-lorrtec-seul.png\" alt=\"LORRTEC\" width=\"299\" height=\"58\"><\/p>\n<h1>Metrolog\u00eda &#8211; Banco de pruebas de \u00f3rganos<\/h1>\n<h1>CONCURSO Y RECAUDACI\u00d3N<\/h1>\n<p>[\/et_pb_text][\/et_pb_column][et_pb_column type=\u00bb1_2&#8243; _builder_version=\u00bb3.0.47&#8243; parallax=\u00bboff\u00bb parallax_method=\u00bbon\u00bb][et_pb_text admin_label=\u00bbpr\u00e9sentation\u00bb _builder_version=\u00bb3.15&#8243; text_text_color=\u00bb#ffffff\u00bb text_font_size=\u00bb18px\u00bb header_text_color=\u00bb#ffffff\u00bb header_2_text_color=\u00bb#ffffff\u00bb header_3_text_color=\u00bb#ffffff\u00bb custom_padding=\u00bb50px|||\u00bb]<\/p>\n<p style=\"text-align: justify;\"><strong>LORRTEC<\/strong> dispone de todos los equipos necesarios para <strong>medir <\/strong>los distintos<strong> componentes mec\u00e1nicos<\/strong> de un motor<strong>.<\/strong><\/p>\n<p style=\"text-align: justify;\">La <strong>mayor\u00eda de estos componentes pueden probarse e inspeccionarse<\/strong> en varios bancos de pruebas:<\/p>\n<ul>\n<li style=\"text-align: justify;\">Soplador de culata<\/li>\n<li style=\"text-align: justify;\">Banco de pruebas de inyectores<\/li>\n<li style=\"text-align: justify;\">Banco de lectura de perfiles de leva<\/li>\n<li style=\"text-align: justify;\">Tara de muelles de v\u00e1lvulas<\/li>\n<li style=\"text-align: justify;\">Bomba de inyecci\u00f3n mec\u00e1nica de banco tipo Lucas (Cosworth DFV\/BDA&#8230;), Kugelfischer (BMW M12\/7&#8230;) o incluso BOSCH (Porsche 911Gr4&#8230;)<\/li>\n<\/ul>\n<p>[\/et_pb_text][et_pb_gallery gallery_ids=\u00bb2511,2484&#8243; posts_number=\u00bb3&#8243; show_title_and_caption=\u00bboff\u00bb show_pagination=\u00bboff\u00bb _builder_version=\u00bb3.15&#8243;]&nbsp;<br \/>\n[\/et_pb_gallery][\/et_pb_column][\/et_pb_row][\/et_pb_section][et_pb_section fb_built=\u00bb1&#8243; _builder_version=\u00bb3.15&#8243; background_color=\u00bb#000000&#8243; background_image=\u00bbhttps:\/\/www.lorrtec.com\/wp-content\/uploads\/2018\/09\/fond-moteur-droit.png\u00bb][et_pb_row _builder_version=\u00bb3.0.48&#8243; background_size=\u00bbinitial\u00bb background_position=\u00bbtop_left\u00bb background_repeat=\u00bbrepeat\u00bb][et_pb_column type=\u00bb4_4&#8243; _builder_version=\u00bb3.0.47&#8243; parallax=\u00bboff\u00bb parallax_method=\u00bbon\u00bb][et_pb_text admin_label=\u00bbPr\u00e9sentation de l&#8217;activit\u00e9 de contr\u00f4le de pi\u00e8ces moteur et de m\u00e9trologie de LORRTEC.\u00bb _builder_version=\u00bb3.15&#8243; text_text_color=\u00bb#ffffff\u00bb header_text_color=\u00bb#ffffff\u00bb header_2_text_align=\u00bbcenter\u00bb header_2_text_color=\u00bb#ffffff\u00bb header_3_text_color=\u00bb#ffffff\u00bb]<\/p>\n<h2>Presentaci\u00f3n de la actividad de inspecci\u00f3n y metrolog\u00eda de piezas de motor de LORRTEC<\/h2>\n<p>[\/et_pb_text][\/et_pb_column][\/et_pb_row][et_pb_row make_fullwidth=\u00bbon\u00bb _builder_version=\u00bb3.15&#8243;][et_pb_column type=\u00bb1_3&#8243; _builder_version=\u00bb3.0.47&#8243; parallax=\u00bboff\u00bb parallax_method=\u00bbon\u00bb][et_pb_text admin_label=\u00bbLes bo\u00eetiers \u00e9lectroniques MOTEC\u00bb _builder_version=\u00bb3.15&#8243; text_text_color=\u00bb#ffffff\u00bb header_text_color=\u00bb#ffffff\u00bb header_2_text_color=\u00bb#ffffff\u00bb header_3_text_color=\u00bb#ffffff\u00bb]<\/p>\n<h3 style=\"text-align: justify;\">Metrolog\u00eda del motor<\/h3>\n<blockquote>\n<p style=\"text-align: justify;\">La <strong>metrolog\u00eda<\/strong> es esencial para garantizar el buen funcionamiento de un motor. Tras el desmontaje, cada pieza interna se analiza, se mide y, si es necesario, se prueba en un banco de pruebas y\/o se radiograf\u00eda (por ejemplo, en el caso de piezas de titanio como las bielas de los motores de F1). Tambi\u00e9n se mide el acabado de la superficie despu\u00e9s del retaladrado y\/o bru\u00f1ido (Ra, Rz&#8230;) para garantizar el mejor contacto posible con los pistones y segmentos.<\/p>\n<\/blockquote>\n<h3 style=\"text-align: justify;\">Soplador de culata<\/h3>\n<blockquote>\n<p style=\"text-align: justify;\">El <strong>t\u00fanel de viento de culatas<\/strong> se utiliza para determinar el dise\u00f1o aerodin\u00e1mico de los conductos de las culatas, as\u00ed como la forma de las v\u00e1lvulas y los asientos, con vistas a optimizar el rendimiento.<\/p>\n<\/blockquote>\n<h3 style=\"text-align: justify;\">\u00c1rbol de levas<\/h3>\n<blockquote>\n<p style=\"text-align: justify;\">El <strong>banco de lectura de levas <\/strong>(para \u00e1rboles de levas o levas de bomba de inyecci\u00f3n mec\u00e1nica) permite trabajar sobre las leyes de distribuci\u00f3n, comprobar los esquemas existentes y reproducir determinadas piezas (ingenier\u00eda inversa).<\/p>\n<\/blockquote>\n<h3 style=\"text-align: justify;\">Banco de inyectores y bomba de inyecci\u00f3n<\/h3>\n<blockquote>\n<p style=\"text-align: justify;\">La <strong>bater\u00eda de inyectores<\/strong> garantiza caudales equivalentes entre todos los cilindros para mejorar la eficiencia del motor.<\/p>\n<p style=\"text-align: justify;\">Nuestro<strong> banco de bombas de inyecci\u00f3n mec\u00e1nica<\/strong> nos permite revisar y optimizar las bombas en correlaci\u00f3n con las pruebas del banco de motores.<\/p>\n<\/blockquote>\n<p>[\/et_pb_text][\/et_pb_column][et_pb_column type=\u00bb2_3&#8243; _builder_version=\u00bb3.0.47&#8243; parallax=\u00bboff\u00bb parallax_method=\u00bbon\u00bb][et_pb_image src=\u00bbhttps:\/\/www.lorrtec.com\/wp-content\/uploads\/2018\/09\/atelier-metrologie-lorrtec.jpg\u00bb alt=\u00bbtaller de metrolog\u00eda lorrtec\u00bb show_in_lightbox=\u00bbon\u00bb admin_label=\u00bbatelier m\u00e9trologie lorrtec\u00bb _builder_version=\u00bb3.15&#8243;]&nbsp;<br \/>\n[\/et_pb_image][et_pb_image src=\u00bbhttps:\/\/www.lorrtec.com\/wp-content\/uploads\/2018\/09\/metrologie-banc-controle-arbres-a-cames-automatise-2.jpg\u00bb alt=\u00bbmetrolog\u00eda, banco de pruebas automatizado de \u00e1rboles de levas\u00bb show_in_lightbox=\u00bbon\u00bb admin_label=\u00bbm\u00e9trologie, banc de contr\u00f4le d&#8217;arbres \u00e0 cames automatis\u00e9\u00bb _builder_version=\u00bb3.15&#8243;]&nbsp;<br \/>\n[\/et_pb_image][\/et_pb_column][\/et_pb_row][et_pb_row _builder_version=\u00bb3.0.48&#8243; background_size=\u00bbinitial\u00bb background_position=\u00bbtop_left\u00bb background_repeat=\u00bbrepeat\u00bb][et_pb_column type=\u00bb1_2&#8243; _builder_version=\u00bb3.0.47&#8243; parallax=\u00bboff\u00bb parallax_method=\u00bbon\u00bb][et_pb_text admin_label=\u00bbQuels sont les avantages d&#8217;un bo\u00eetier MOTEC par rapport \u00e0 un bo\u00eetier \u00e9lectronique d&#8217;origine ?\u00bb _builder_version=\u00bb3.15&#8243; text_text_color=\u00bb#ffffff\u00bb header_text_color=\u00bb#ffffff\u00bb header_2_text_color=\u00bb#ffffff\u00bb header_3_text_color=\u00bb#ffffff\u00bb]&nbsp;<br \/>\n[\/et_pb_text][\/et_pb_column][et_pb_column type=\u00bb1_2&#8243; _builder_version=\u00bb3.0.47&#8243; parallax=\u00bboff\u00bb parallax_method=\u00bbon\u00bb][et_pb_text admin_label=\u00bbDEVIS Texte\u00bb _builder_version=\u00bb3.17.2&#8243; global_module=\u00bb1015&#8243; saved_tabs=\u00bball\u00bb]<\/p>\n<p style=\"text-align: right;\"><span class=\"fac bouton-racing2\" data-fac=\"L2NvbnRhY3Qv\">DEVIS<\/span><\/p>\n<p>[\/et_pb_text][\/et_pb_column][\/et_pb_row][et_pb_row make_fullwidth=\u00bbon\u00bb _builder_version=\u00bb3.15&#8243;][et_pb_column type=\u00bb1_3&#8243; _builder_version=\u00bb3.0.47&#8243; parallax=\u00bboff\u00bb parallax_method=\u00bbon\u00bb][et_pb_text admin_label=\u00bbComment se fait la mise au point ?\u00bb _builder_version=\u00bb3.15&#8243; text_text_color=\u00bb#ffffff\u00bb header_text_color=\u00bb#ffffff\u00bb header_2_text_color=\u00bb#ffffff\u00bb header_3_text_color=\u00bb#ffffff\u00bb]&nbsp;<br \/>\n[\/et_pb_text][\/et_pb_column][et_pb_column type=\u00bb2_3&#8243; _builder_version=\u00bb3.0.47&#8243; parallax=\u00bboff\u00bb parallax_method=\u00bbon\u00bb][et_pb_image src=\u00bbhttps:\/\/www.lorrtec.com\/wp-content\/uploads\/2018\/09\/metrologie-lorrtec-controle-nouveaux-pistons.jpg\u00bb alt=\u00bbmetrolog\u00eda, banco automatizado de inspecci\u00f3n de \u00e1rboles de levas\u00bb show_in_lightbox=\u00bbon\u00bb admin_label=\u00bbm\u00e9trologie, banc de contr\u00f4le des arbres a-cames automatis\u00e9\u00bb _builder_version=\u00bb3.19.4&#8243;]&nbsp;<br \/>\n[\/et_pb_image][\/et_pb_column][\/et_pb_row][et_pb_row make_fullwidth=\u00bbon\u00bb _builder_version=\u00bb3.15&#8243;][et_pb_column type=\u00bb1_3&#8243; _builder_version=\u00bb3.0.47&#8243; parallax=\u00bboff\u00bb parallax_method=\u00bbon\u00bb][et_pb_text admin_label=\u00bbComment connecter le bo\u00eetier \u00e0 des capteurs d&#8217;origines ?\u00bb _builder_version=\u00bb3.15&#8243; text_text_color=\u00bb#ffffff\u00bb header_text_color=\u00bb#ffffff\u00bb header_2_text_color=\u00bb#ffffff\u00bb header_3_text_color=\u00bb#ffffff\u00bb]<\/p>\n<h3>Soplador de culata<\/h3>\n<p>[\/et_pb_text][et_pb_text admin_label=\u00bbDEVIS Texte\u00bb _builder_version=\u00bb3.17.2&#8243; global_module=\u00bb1015&#8243; saved_tabs=\u00bball\u00bb]<\/p>\n<p style=\"text-align: right;\"><span class=\"fac bouton-racing2\" data-fac=\"L2NvbnRhY3Qv\">DEVIS<\/span><\/p>\n<p>[\/et_pb_text][\/et_pb_column][et_pb_column type=\u00bb2_3&#8243; _builder_version=\u00bb3.0.47&#8243; parallax=\u00bboff\u00bb parallax_method=\u00bbon\u00bb][et_pb_image src=\u00bbhttps:\/\/www.lorrtec.com\/wp-content\/uploads\/2019\/01\/Soufflerie-Flow-Bench-BMW-S14.png\u00bb alt=\u00bbMetrolog\u00eda Lorrtec: inspecci\u00f3n de pistones nuevos\u00bb show_in_lightbox=\u00bbon\u00bb admin_label=\u00bbm\u00e9trologie Lorrtec : contr\u00f4le de nouveaux pistons\u00bb _builder_version=\u00bb3.19.4&#8243;]&nbsp;<br \/>\n[\/et_pb_image][\/et_pb_column][\/et_pb_row][\/et_pb_section][et_pb_section fb_built=\u00bb1&#8243; _builder_version=\u00bb3.15&#8243; background_color=\u00bb#1d1d1d\u00bb background_image=\u00bbhttps:\/\/www.lorrtec.com\/wp-content\/uploads\/2018\/09\/bandeau-lorrtec.jpg\u00bb global_module=\u00bb271&#8243;][et_pb_row _builder_version=\u00bb3.0.47&#8243; background_size=\u00bbinitial\u00bb background_position=\u00bbtop_left\u00bb background_repeat=\u00bbrepeat\u00bb][et_pb_column type=\u00bb4_4&#8243; _builder_version=\u00bb3.0.47&#8243; parallax=\u00bboff\u00bb parallax_method=\u00bbon\u00bb][et_pb_text admin_label=\u00bbPr\u00e9sentation de l&#8217;activit\u00e9 d&#8217;installation, et de mise au point de bo\u00eetiers \u00e9lectroniques MOTEC de LORRTEC.\u00bb _builder_version=\u00bb3.15&#8243; text_text_color=\u00bb#ffffff\u00bb header_text_color=\u00bb#ffffff\u00bb header_2_text_align=\u00bbcenter\u00bb header_2_text_color=\u00bb#ffffff\u00bb header_3_text_color=\u00bb#ffffff\u00bb]<\/p>\n<h2>Todas las actividades de LORRTEC<\/h2>\n<p>[\/et_pb_text][\/et_pb_column][\/et_pb_row][et_pb_row custom_padding=\u00bb||0px|\u00bb custom_margin=\u00bb||0px|\u00bb _builder_version=\u00bb3.15&#8243;][et_pb_column type=\u00bb1_3&#8243; _builder_version=\u00bb3.0.47&#8243; parallax=\u00bboff\u00bb parallax_method=\u00bbon\u00bb][et_pb_code admin_label=\u00bbOFICINA DE DISE\u00d1O\u00bb text_orientation=\u00bbcenter\u00bb]<a class=\"bouton-racing2\" href=\"https:\/\/www.lorrtec.com\/es\/oficina-de-diseno-de-motores\/\">OFICINA DE DISE\u00d1O<\/a>[\/et_pb_code][\/et_pb_column][et_pb_column type=\u00bb1_3&#8243; _builder_version=\u00bb3.0.47&#8243; parallax=\u00bboff\u00bb parallax_method=\u00bbon\u00bb][et_pb_code admin_label=\u00bbMONTAJE DEL MOTOR\u00bb text_orientation=\u00bbcenter\u00bb]<a class=\"bouton-racing2\" href=\"https:\/\/www.lorrtec.com\/es\/montaje-del-motor-lorrtec-motoriste-competition-et-collection\/\">MONTAJE DEL MOTOR<\/a>[\/et_pb_code][\/et_pb_column][et_pb_column type=\u00bb1_3&#8243; _builder_version=\u00bb3.0.47&#8243; parallax=\u00bboff\u00bb parallax_method=\u00bbon\u00bb][et_pb_code admin_label=\u00bbMECANIZADO Y EQUILIBRADO\u00bb text_orientation=\u00bbcenter\u00bb]<a class=\"bouton-racing2\" href=\"https:\/\/www.lorrtec.com\/es\/mecanizado-y-equilibrado-de-motores-lorrtec-motoren\/\">MECANIZADO EQUILIBRADO<\/a>[\/et_pb_code][\/et_pb_column][\/et_pb_row][et_pb_row custom_padding=\u00bb0px||0px|\u00bb custom_margin=\u00bb0px||0px|\u00bb _builder_version=\u00bb3.15&#8243;][et_pb_column type=\u00bb1_3&#8243; _builder_version=\u00bb3.0.47&#8243; parallax=\u00bboff\u00bb parallax_method=\u00bbon\u00bb][et_pb_code admin_label=\u00bbELECTR\u00d3NICA Y CABLEADO\u00bb text_orientation=\u00bbcenter\u00bb]<a class=\"bouton-racing2\" href=\"https:\/\/www.lorrtec.com\/electronique-cablage\/\">ELECTR\u00d3NICA Y CABLEADO<\/a>[\/et_pb_code][\/et_pb_column][et_pb_column type=\u00bb1_3&#8243; _builder_version=\u00bb3.0.47&#8243; parallax=\u00bboff\u00bb parallax_method=\u00bbon\u00bb][et_pb_code admin_label=\u00bbBANCOS DE \u00d3RGANOS\u00bb text_orientation=\u00bbcenter\u00bb]<a class=\"bouton-racing2\" href=\"https:\/\/www.lorrtec.com\/es\/metrologia-comprobacion-de-componentes-y-piezas-del-motor\/\">METROLOG\u00cdA<\/a>[\/et_pb_code][\/et_pb_column][et_pb_column type=\u00bb1_3&#8243; _builder_version=\u00bb3.0.47&#8243; parallax=\u00bboff\u00bb parallax_method=\u00bbon\u00bb][et_pb_code admin_label=\u00bbPRUEBAS DE MOTORES\u00bb text_orientation=\u00bbcenter\u00bb]<a class=\"bouton-racing2\" href=\"https:\/\/www.lorrtec.com\/banc-essai\/\">BANCOS DE PRUEBAS<\/a>[\/et_pb_code][\/et_pb_column][\/et_pb_row][et_pb_row custom_padding=\u00bb0px||0px|\u00bb custom_margin=\u00bb0px||0px|\u00bb _builder_version=\u00bb3.15&#8243;][et_pb_column type=\u00bb1_3&#8243; _builder_version=\u00bb3.0.47&#8243; parallax=\u00bboff\u00bb parallax_method=\u00bbon\u00bb][et_pb_code admin_label=\u00bbASISTENCIA  \u00bb text_orientation=\u00bbcenter\u00bb]<a class=\"bouton-racing2\" href=\"https:\/\/www.lorrtec.com\/assistance\/\">ASISTENCIA EN CIRCUITO\/RALLY<\/a>[\/et_pb_code][\/et_pb_column][et_pb_column type=\u00bb1_3&#8243; _builder_version=\u00bb3.0.47&#8243; parallax=\u00bboff\u00bb parallax_method=\u00bbon\u00bb][\/et_pb_column][et_pb_column type=\u00bb1_3&#8243; _builder_version=\u00bb3.0.47&#8243; parallax=\u00bboff\u00bb parallax_method=\u00bbon\u00bb][et_pb_code admin_label=\u00bbventa de motores\u00bb text_orientation=\u00bbcenter\u00bb]<a class=\"bouton-racing2\" href=\"https:\/\/www.lorrtec.com\/es\/venta-de-motores-ford-cosworth-bda-bdg-yb-pinto-y-bmw-s14-m3\/\">VENTA DE MOTORES<\/a>[\/et_pb_code][\/et_pb_column][\/et_pb_row][et_pb_row _builder_version=\u00bb3.15&#8243; custom_css_before=\u00bbcontent: %22%22;|| display: inline-block;|| position: absolute;|| background-image: url(\/wp-content\/uploads\/2018\/09\/home-title-bg.png);|| width: 382px;|| height: 382px;|| top: 0;|| left: 50%;|| margin-left: -191px;|| animation: rotate 60s infinite linear;\u00bb custom_css_main_element=\u00bbposition: relative;|| margin-top: 0px;|| padding-bottom: 8rem;|| padding-top: 8rem;|| min-height: 350px;|| color: #fff;\u00bb custom_css_after=\u00bbcontent: %22%22;|| display: inline-block;|| position: absolute;|| background-image: url(\/wp-content\/uploads\/2018\/09\/home-title-after.png);|| width: 142px;|| height: 142px;|| top: -51px;|| left: 50%;|| margin-left: -71px;|| animation: rotate 40s infinite linear;|| animation-direction: reverse;|| -webkit-animation-direction: reverse;|| -moz-animation-direction: reverse;\u00bb][et_pb_column type=\u00bb4_4&#8243; _builder_version=\u00bb3.0.47&#8243; parallax=\u00bboff\u00bb parallax_method=\u00bbon\u00bb][et_pb_text _builder_version=\u00bb3.15&#8243; header_text_align=\u00bbcenter\u00bb header_text_color=\u00bb#ffffff\u00bb header_2_text_align=\u00bbcenter\u00bb header_2_text_color=\u00bb#ffffff\u00bb]<\/p>\n<p><img loading=\"lazy\" decoding=\"async\" class=\"size-full wp-image-53 aligncenter\" src=\"https:\/\/www.lorrtec.com\/wp-content\/uploads\/2018\/10\/logo-lorrtec-seul.png\" alt=\"LORRTEC\" width=\"299\" height=\"58\"><\/p>\n<h2>MOTORISTA<\/h2>\n<h2>CONCURSO Y RECAUDACI\u00d3N<\/h2>\n<p>[\/et_pb_text][\/et_pb_column][\/et_pb_row][\/et_pb_section]<\/p>\n","protected":false},"excerpt":{"rendered":"<p>Metrolog\u00eda &#8211; Banco de pruebas de \u00f3rganos CONCURSO Y RECAUDACI\u00d3N LORRTEC dispone de todos los equipos necesarios para medir los distintos componentes mec\u00e1nicos de un motor. La mayor\u00eda de estos componentes pueden probarse e inspeccionarse en varios bancos de pruebas: Soplador de culata Banco de pruebas de inyectores Banco de lectura de perfiles de leva [&hellip;]<\/p>\n","protected":false},"author":1,"featured_media":0,"parent":0,"menu_order":0,"comment_status":"closed","ping_status":"closed","template":"","meta":{"_et_pb_use_builder":"on","_et_pb_old_content":"","_et_gb_content_width":"","footnotes":""},"class_list":["post-2622","page","type-page","status-publish","hentry"],"_links":{"self":[{"href":"https:\/\/www.lorrtec.com\/es\/wp-json\/wp\/v2\/pages\/2622","targetHints":{"allow":["GET"]}}],"collection":[{"href":"https:\/\/www.lorrtec.com\/es\/wp-json\/wp\/v2\/pages"}],"about":[{"href":"https:\/\/www.lorrtec.com\/es\/wp-json\/wp\/v2\/types\/page"}],"author":[{"embeddable":true,"href":"https:\/\/www.lorrtec.com\/es\/wp-json\/wp\/v2\/users\/1"}],"replies":[{"embeddable":true,"href":"https:\/\/www.lorrtec.com\/es\/wp-json\/wp\/v2\/comments?post=2622"}],"version-history":[{"count":3,"href":"https:\/\/www.lorrtec.com\/es\/wp-json\/wp\/v2\/pages\/2622\/revisions"}],"predecessor-version":[{"id":2638,"href":"https:\/\/www.lorrtec.com\/es\/wp-json\/wp\/v2\/pages\/2622\/revisions\/2638"}],"wp:attachment":[{"href":"https:\/\/www.lorrtec.com\/es\/wp-json\/wp\/v2\/media?parent=2622"}],"curies":[{"name":"wp","href":"https:\/\/api.w.org\/{rel}","templated":true}]}}