 {"id":2649,"date":"2023-10-22T15:19:11","date_gmt":"2023-10-22T15:19:11","guid":{"rendered":"https:\/\/www.lorrtec.com\/informacion-legal-lorrtec-motoriste-competition-et-collection\/"},"modified":"2023-10-22T15:19:14","modified_gmt":"2023-10-22T15:19:14","slug":"informacion-legal-lorrtec-motoriste-competition-et-collection","status":"publish","type":"page","link":"https:\/\/www.lorrtec.com\/es\/informacion-legal-lorrtec-motoriste-competition-et-collection\/","title":{"rendered":"Informaci\u00f3n legal &#8211; LORRTEC Motoriste comp\u00e9tition et collection"},"content":{"rendered":"<p>[et_pb_section fb_built=\u00bb1&#8243; module_id=\u00bboficina y estudios\u00bb _builder_version=\u00bb3.15&#8243; background_color=\u00bb#1d1d1b\u00bb background_image=\u00bbhttps:\/\/www.lorrtec.com\/wp-content\/uploads\/2018\/09\/fond-moteur-droit.png\u00bb border_color_all=\u00bb#7cda24&#8243;][et_pb_row custom_padding=\u00bb40px|40px|40px|40px\u00bb _builder_version=\u00bb3.15&#8243; border_width_all=\u00bb1px\u00bb border_color_all=\u00bb#7cda24&#8243;][et_pb_column type=\u00bb1_3&#8243; _builder_version=\u00bb3.0.47&#8243; parallax=\u00bboff\u00bb parallax_method=\u00bbon\u00bb][et_pb_image src=\u00bbhttps:\/\/www.lorrtec.com\/wp-content\/uploads\/2018\/09\/conception-et-fabrication-pistons-moteurs-forges-lorrtec-motoriste-400.jpg\u00bb alt=\u00bbdise\u00f1o y fabricaci\u00f3n de pistones forjados para motores LORRTEC fabricante de motores\u00bb url=\u00bbhttps:\/\/www.lorrtec.com\/bureau-etudes-moteur\/\u00bb align=\u00bbcenter\u00bb _builder_version=\u00bb3.15&#8243;][\/et_pb_image][\/et_pb_column][et_pb_column type=\u00bb2_3&#8243; _builder_version=\u00bb3.0.47&#8243; parallax=\u00bboff\u00bb parallax_method=\u00bbon\u00bb][et_pb_text _builder_version=\u00bb3.17.2&#8243; text_text_color=\u00bb#ffffff\u00bb text_font_size=\u00bb16px\u00bb header_2_text_color=\u00bb#ffffff\u00bb header_font=\u00bb||||||||\u00bb header_text_color=\u00bb#ffffff\u00bb header_2_font=\u00bb||||||||\u00bb header_3_font=\u00bb||||||||\u00bb header_3_text_color=\u00bb#ffffff\u00bb]<\/p>\n<div class=\"et_pb_module et_pb_text et_pb_text_3 et_pb_bg_layout_light et_pb_text_align_left\">\n<div class=\"et_pb_text_inner\">\n<h1>LORRTEC Motoriste en Pont de Vaux 01190<\/h1>\n<h2>AVISOS LEGALES<\/h2>\n<h3>CONTACTO<\/h3>\n<p>Nombre de la empresa: LORRTEC<br \/>\nDirecci\u00f3n: 356 petit faubourg 01190 Pont de Vaux<br \/>\nTel\u00e9fono: 03 85 22 17 63<br \/>\nDomicilio social: 356 petit faubourg 01190 Pont de Vaux<br \/>\nN\u00ba SIRET del establecimiento: 52930290300016<br \/>\nN\u00famero de IVA :<br \/>\nDirector editorial y de publicaci\u00f3n: Pierre Antoine RAMPON<br \/>\nPROVEEDOR DE SERVICIOS<br \/>\n<a href=\"https:\/\/www.archabe.fr\/\">Dise\u00f1o web: archabe.fr<\/a><br \/>\nPROPIEDAD INTELECTUAL<br \/>\n&#8211; Todos los elementos que componen el esqueleto de los sitios (incluidas fotos, im\u00e1genes, logotipos, etc.) est\u00e1n protegidos por derechos de autor y son propiedad exclusiva del sitio.<\/p>\n<p>&#8211; Los contenidos del sitio (textos, art\u00edculos, etc.) son propiedad exclusiva de sus autores y no pueden reproducirse ni utilizarse sin su consentimiento.<\/p>\n<p>Los textos de fuentes externas se han reproducido con el acuerdo impl\u00edcito o expl\u00edcito de sus respectivos autores. Todas las fuentes y autores se mencionan en el sitio.<\/p>\n<p>DERECHO DE R\u00c9PLICA EN EL SITIO<br \/>\nDe conformidad con el art\u00edculo 6 IV de la ley francesa n\u00ba 2004-575, toda persona f\u00edsica o jur\u00eddica nombrada o designada en el sitio web tiene derecho a responder y a solicitar la rectificaci\u00f3n o supresi\u00f3n del mensaje, que podr\u00e1 enviar a la sede social de la empresa.<\/p>\n<p>La solicitud de ejercicio del derecho de r\u00e9plica dirigida al responsable de la publicaci\u00f3n debe presentarse a m\u00e1s tardar en un plazo de 3 meses a partir de la puesta a disposici\u00f3n del p\u00fablico del mensaje que justifica la solicitud.<\/p>\n<p>C\u00d3MO EJERCER SU DERECHO DE ACCESO<br \/>\nAntes de enviarle cualquier dato personal, le pediremos que nos proporcione una prueba de su identidad. Si no puede demostrar su identidad, nos reservamos el derecho a negarnos a enviarle sus datos personales. Nos esforzamos por responder a estas solicitudes en un plazo razonable.<\/p>\n<p>Con respecto a los derechos de rectificaci\u00f3n y supresi\u00f3n: Las condiciones previas son id\u00e9nticas a las del derecho de acceso.<\/p>\n<p>CONTACTO<br \/>\nSi tiene alguna duda o desea ejercer su derecho de acceso, env\u00edenos un mensaje utilizando el formulario de contacto.<\/p>\n<\/div>\n<\/div>\n<div class=\"et_pb_module et_pb_text et_pb_text_4 et_pb_bg_layout_light et_pb_text_align_left\">\n<div class=\"et_pb_text_inner\">\n<p>Protecci\u00f3n de datos personales RGPD o GRDP<\/p>\n<p>Con el fin de mejorar el servicio prestado por LORRTEC, para realizar un seguimiento comercial, los formularios de informaci\u00f3n se procesan electr\u00f3nicamente. Esta informaci\u00f3n s\u00f3lo ser\u00e1 gestionada por el personal de LORRTEC o por subcontratistas que cumplan las presentes cl\u00e1usulas.<\/p>\n<p>De conformidad con la Ley francesa de Protecci\u00f3n de Datos de 6 de enero de 1978, modificada en 2004, y el Reglamento General de Protecci\u00f3n de Datos (RGPD), que entr\u00f3 en vigor el 25 de mayo de 2018, tiene derecho a acceder y rectificar la informaci\u00f3n que le concierne, que puede ejercer envi\u00e1ndonos una carta. Tambi\u00e9n puede, por motivos leg\u00edtimos, oponerse al tratamiento de sus datos. Nuestro sitio web www.LORRTEC.fr utiliza formularios para recoger datos de los visitantes.<\/p>\n<p>Sitio web correspondiente: lorrtec.com<\/p>\n<p>Objetivo<br \/>\nLa recogida de datos en nuestro sitio web tiene por objeto constituir un fichero de gesti\u00f3n de los clientes potenciales y clientes de nuestra empresa. Nuestro fichero se utiliza para todas las operaciones de gesti\u00f3n comercial<br \/>\nPertinencia de los datos<br \/>\nEl fichero recoge toda la informaci\u00f3n sobre los visitantes del sitio web www.LORRTEC.fr relativa a la identidad, la informaci\u00f3n profesional y la actividad en el sitio web www.LORRTEC.fr. De acuerdo con la Ley de Protecci\u00f3n de Datos, no se recoge informaci\u00f3n relativa a los or\u00edgenes raciales o \u00e9tnicos, las opiniones pol\u00edticas, filos\u00f3ficas o religiosas, la afiliaci\u00f3n sindical, la salud o la vida sexual de una persona, que est\u00e1n prohibidos (datos sensibles).<br \/>\nLicitud del tratamiento y condiciones aplicables al consentimiento (art.6 y art.7 del RGPD)<br \/>\nEl consentimiento del visitante para el tratamiento de sus datos personales se obtiene sistem\u00e1ticamente.<br \/>\nConservaci\u00f3n de datos<br \/>\nLos datos de los contactos identificados se conservan durante un m\u00e1ximo de 3 a\u00f1os tras la \u00faltima interacci\u00f3n y acuerdo del contacto. Al final de estos periodos, todos los datos relativos a la persona se suprimen autom\u00e1ticamente.<br \/>\nLos datos de los clientes se conservan durante un m\u00e1ximo de 6 a\u00f1os tras la interacci\u00f3n y el acuerdo del contacto. Al final de estos periodos, todos los datos relativos a la persona se suprimen autom\u00e1ticamente.<br \/>\nDerechos individuales (art.16 a 20 del RGPD)<br \/>\nDe conformidad con los art\u00edculos 16 a 20 del RGPD, cualquier persona puede ejercer su derecho de acceso, rectificaci\u00f3n, oposici\u00f3n, limitaci\u00f3n del tratamiento, supresi\u00f3n y portabilidad de los datos que le conciernen enviando una solicitud por correo, firmada y acompa\u00f1ada de una copia de un documento de identidad, a la direcci\u00f3n del domicilio social de LORRTEC<\/p>\n<p>Seguridad y tratamiento de datos (art.32 del RGPD)<br \/>\nS\u00f3lo las personas vinculadas a los departamentos t\u00e9cnico, de marketing y comercial de LORRTEC tienen acceso a la informaci\u00f3n recogida en el sitio.<br \/>\nViolaci\u00f3n de datos y comunicaci\u00f3n en un plazo de 72 horas (art.33 y art.34 del RGPD)<br \/>\nEn caso de violaci\u00f3n o sospecha de violaci\u00f3n de datos personales, LORRTEC y sus subcontratistas lo notificar\u00e1n a la CNIL en un plazo de 72 horas a partir del momento en que tengan conocimiento de la violaci\u00f3n.<\/p>\n<\/div>\n<\/div>\n<p>[\/et_pb_text][\/et_pb_column][\/et_pb_row][\/et_pb_section]<\/p>\n","protected":false},"excerpt":{"rendered":"<p>LORRTEC Motoriste en Pont de Vaux 01190 AVISOS LEGALES CONTACTO Nombre de la empresa: LORRTEC Direcci\u00f3n: 356 petit faubourg 01190 Pont de Vaux Tel\u00e9fono: 03 85 22 17 63 Domicilio social: 356 petit faubourg 01190 Pont de Vaux N\u00ba SIRET del establecimiento: 52930290300016 N\u00famero de IVA : Director editorial y de publicaci\u00f3n: Pierre Antoine RAMPON [&hellip;]<\/p>\n","protected":false},"author":1,"featured_media":0,"parent":0,"menu_order":0,"comment_status":"closed","ping_status":"closed","template":"","meta":{"_et_pb_use_builder":"on","_et_pb_old_content":"","_et_gb_content_width":"","footnotes":""},"class_list":["post-2649","page","type-page","status-publish","hentry"],"_links":{"self":[{"href":"https:\/\/www.lorrtec.com\/es\/wp-json\/wp\/v2\/pages\/2649","targetHints":{"allow":["GET"]}}],"collection":[{"href":"https:\/\/www.lorrtec.com\/es\/wp-json\/wp\/v2\/pages"}],"about":[{"href":"https:\/\/www.lorrtec.com\/es\/wp-json\/wp\/v2\/types\/page"}],"author":[{"embeddable":true,"href":"https:\/\/www.lorrtec.com\/es\/wp-json\/wp\/v2\/users\/1"}],"replies":[{"embeddable":true,"href":"https:\/\/www.lorrtec.com\/es\/wp-json\/wp\/v2\/comments?post=2649"}],"version-history":[{"count":2,"href":"https:\/\/www.lorrtec.com\/es\/wp-json\/wp\/v2\/pages\/2649\/revisions"}],"predecessor-version":[{"id":2658,"href":"https:\/\/www.lorrtec.com\/es\/wp-json\/wp\/v2\/pages\/2649\/revisions\/2658"}],"wp:attachment":[{"href":"https:\/\/www.lorrtec.com\/es\/wp-json\/wp\/v2\/media?parent=2649"}],"curies":[{"name":"wp","href":"https:\/\/api.w.org\/{rel}","templated":true}]}}