 {"id":2446,"date":"2023-10-22T15:18:47","date_gmt":"2023-10-22T15:18:47","guid":{"rendered":"https:\/\/www.lorrtec.com\/montaggio-del-motore-lorrtec-motoriste-competition-et-collection\/"},"modified":"2023-10-22T15:18:50","modified_gmt":"2023-10-22T15:18:50","slug":"montaggio-del-motore-lorrtec-motoriste-competition-et-collection","status":"publish","type":"page","link":"https:\/\/www.lorrtec.com\/it\/montaggio-del-motore-lorrtec-motoriste-competition-et-collection\/","title":{"rendered":"Montaggio del motore &#8211; LORRTEC Motoriste competition et collection"},"content":{"rendered":"<p>[et_pb_section fb_built=&#8221;1&#8243; next_background_color=&#8221;#000000&#8243; _builder_version=&#8221;3.15&#8243; background_image=&#8221;https:\/\/www.lorrtec.com\/wp-content\/uploads\/2018\/09\/bandeau-lorrtec.jpg&#8221; bottom_divider_style=&#8221;arrow&#8221;][et_pb_row custom_css_before_1=&#8221;content: %22%22;|| display: inline-block;|| position: absolute;|| background-image: url(\/wp-content\/uploads\/2018\/09\/home-title-bg.png);|| width: 382px;|| height: 382px;|| top: 0;|| left: 50%;|| margin-left: -191px;|| animation: rotate 60s infinite linear;&#8221; custom_css_main_1=&#8221;position: relative;|| margin-top: 0px;|| padding-bottom: 8rem;|| padding-top: 8rem;|| min-height: 350px;|| color: #fff;&#8221; custom_css_after_1=&#8221;content: %22%22;|| display: inline-block;|| position: absolute;|| background-image: url(\/wp-content\/uploads\/2018\/09\/home-title-after.png);|| width: 142px;|| height: 142px;|| top: -51px;|| left: 50%;|| margin-left: -71px;|| animation: rotate 40s infinite linear;|| animation-direction: reverse;|| -webkit-animation-direction: reverse;|| -moz-animation-direction: reverse;&#8221; _builder_version=&#8221;3.15&#8243; background_size=&#8221;initial&#8221; background_position=&#8221;top_left&#8221; background_repeat=&#8221;repeat&#8221;][et_pb_column type=&#8221;1_2&#8243; _builder_version=&#8221;3.0.47&#8243; custom_css_before=&#8221;content: %22%22;|| display: inline-block;|| position: absolute;|| background-image: url(\/wp-content\/uploads\/2018\/09\/home-title-bg.png);|| width: 382px;|| height: 382px;|| top: 0;|| left: 50%;|| margin-left: -191px;|| animation: rotate 60s infinite linear;&#8221; custom_css_after=&#8221;content: %22%22;|| display: inline-block;|| position: absolute;|| background-image: url(\/wp-content\/uploads\/2018\/09\/home-title-after.png);|| width: 142px;|| height: 142px;|| top: -51px;|| left: 50%;|| margin-left: -71px;|| animation: rotate 40s infinite linear;|| animation-direction: reverse;|| -webkit-animation-direction: reverse;|| -moz-animation-direction: reverse;&#8221; parallax=&#8221;off&#8221; parallax_method=&#8221;on&#8221; custom_css_main=&#8221;position: relative;|| margin-top: 0px;|| padding-bottom: 8rem;|| padding-top: 8rem;|| min-height: 350px;|| color: #fff;&#8221;][et_pb_text _builder_version=&#8221;3.15&#8243; header_font=&#8221;|||on|||||&#8221; header_text_align=&#8221;center&#8221; header_text_color=&#8221;#ffffff&#8221; header_font_size=&#8221;26px&#8221; header_2_text_align=&#8221;center&#8221; header_2_text_color=&#8221;#ffffff&#8221;]<img loading=\"lazy\" decoding=\"async\" class=\"size-full wp-image-53 aligncenter\" src=\"https:\/\/www.lorrtec.com\/wp-content\/uploads\/2018\/10\/logo-lorrtec-seul.png\" alt=\"LORRTEC\" width=\"299\" height=\"58\"><\/p>\n<h1>Montaggio del motore<\/h1>\n<h1>SERIE, COMPETIZIONE E COLLEZIONE<\/h1>\n<p>[\/et_pb_text][\/et_pb_column][et_pb_column type=&#8221;1_2&#8243; _builder_version=&#8221;3.0.47&#8243; parallax=&#8221;off&#8221; parallax_method=&#8221;on&#8221;][et_pb_text admin_label=&#8221;pr\u00e9sentation&#8221; _builder_version=&#8221;3.15&#8243; text_text_color=&#8221;#ffffff&#8221; text_font_size=&#8221;18px&#8221; header_text_color=&#8221;#ffffff&#8221; header_2_text_color=&#8221;#ffffff&#8221; header_3_text_color=&#8221;#ffffff&#8221; custom_padding=&#8221;50px|||&#8221;]<\/p>\n<p style=\"text-align: justify;\"><strong>Ogni motore LORRTEC<\/strong> \u00e8 il risultato di un assemblaggio rigoroso, eseguito secondo le regole del mestiere: tutte le parti vengono controllate e, se necessario, sostituite, rigenerate e\/o ottimizzate. I motori vengono poi convalidati sui nostri vari banchi di prova.<\/p>\n<p>&nbsp;<\/p>\n<p>[\/et_pb_text][et_pb_gallery gallery_ids=&#8221;126,194&#8243; posts_number=&#8221;3&#8243; show_title_and_caption=&#8221;off&#8221; show_pagination=&#8221;off&#8221; _builder_version=&#8221;3.15&#8243;]&nbsp;<br \/>\n[\/et_pb_gallery][\/et_pb_column][\/et_pb_row][\/et_pb_section][et_pb_section fb_built=&#8221;1&#8243; _builder_version=&#8221;3.15&#8243; background_color=&#8221;#000000&#8243; background_image=&#8221;https:\/\/www.lorrtec.com\/wp-content\/uploads\/2018\/09\/fond-moteur-droit.png&#8221; locked=&#8221;off&#8221;][et_pb_row _builder_version=&#8221;3.0.48&#8243; background_size=&#8221;initial&#8221; background_position=&#8221;top_left&#8221; background_repeat=&#8221;repeat&#8221;][et_pb_column type=&#8221;4_4&#8243; _builder_version=&#8221;3.0.47&#8243; parallax=&#8221;off&#8221; parallax_method=&#8221;on&#8221;][et_pb_text admin_label=&#8221;Pr\u00e9sentation de l&#8217;activit\u00e9 d&#8217;installation, et de mise au point de bo\u00eetiers \u00e9lectroniques MOTEC de LORRTEC.&#8221; _builder_version=&#8221;3.15&#8243; text_text_color=&#8221;#ffffff&#8221; header_text_color=&#8221;#ffffff&#8221; header_2_text_align=&#8221;center&#8221; header_2_text_color=&#8221;#ffffff&#8221; header_3_text_color=&#8221;#ffffff&#8221;]<\/p>\n<h2>Presentazione dell&#8217;attivit\u00e0 di assemblaggio dei motori di LORRTEC<\/h2>\n<p>[\/et_pb_text][\/et_pb_column][\/et_pb_row][et_pb_row make_fullwidth=&#8221;on&#8221; _builder_version=&#8221;3.15&#8243;][et_pb_column type=&#8221;1_3&#8243; _builder_version=&#8221;3.0.47&#8243; parallax=&#8221;off&#8221; parallax_method=&#8221;on&#8221;][et_pb_text admin_label=&#8221;Les bo\u00eetiers \u00e9lectroniques MOTEC&#8221; _builder_version=&#8221;3.15&#8243; text_text_color=&#8221;#ffffff&#8221; header_text_color=&#8221;#ffffff&#8221; header_2_text_color=&#8221;#ffffff&#8221; header_3_text_color=&#8221;#ffffff&#8221;]<\/p>\n<h3 style=\"text-align: justify;\">Motori standard<\/h3>\n<blockquote>\n<p style=\"text-align: justify;\">Per i motori di serie, l&#8217;assemblaggio all&#8217;avanguardia nella nostra officina garantisce prestazioni migliori e un&#8217;affidabilit\u00e0 impeccabile.<\/p>\n<\/blockquote>\n<h3 style=\"text-align: justify;\">Motori da collezione<\/h3>\n<blockquote>\n<p style=\"text-align: justify;\">Nel caso dei motori d&#8217;epoca, il reverse engineering ci permette di rispettare tutto il know-how dell&#8217;epoca. Grazie alle tecnologie e ai metodi odierni, siamo in grado di produrre motori affidabili ed efficienti come i loro predecessori, rispettando al tempo stesso l&#8217;aspetto originale dei motori a cui siamo tanto legati.<\/p>\n<\/blockquote>\n<h3 style=\"text-align: justify;\">Motori da competizione<\/h3>\n<blockquote>\n<p style=\"text-align: justify;\">Un motore da competizione spesso incorpora parti specifiche molto pi\u00f9 complesse e costose di quelle di un motore di serie. Lavorando a stretto contatto con il nostro ufficio di progettazione, i nostri tecnici dei motori assicurano che il motore sia perfettamente assemblato secondo specifiche precise, garantendo prestazioni e affidabilit\u00e0.<\/p>\n<\/blockquote>\n<p>[\/et_pb_text][\/et_pb_column][et_pb_column type=&#8221;2_3&#8243; _builder_version=&#8221;3.0.47&#8243; parallax=&#8221;off&#8221; parallax_method=&#8221;on&#8221;][et_pb_image src=&#8221;https:\/\/www.lorrtec.com\/wp-content\/uploads\/2018\/09\/montage-moteur-lancia-delta-16S-hf-4WD-grA.jpg&#8221; alt=&#8221;montaggio di un motore Lancia Delta 16S HF 4WD grA&#8221; show_in_lightbox=&#8221;on&#8221; admin_label=&#8221;Montage d&#8217;un moteur BMW S42&#8243; _builder_version=&#8221;3.15&#8243;]&nbsp;<br \/>\n[\/et_pb_image][et_pb_image src=&#8221;https:\/\/www.lorrtec.com\/wp-content\/uploads\/2018\/09\/fin-montage-moteur-ford-cosworth-bdg-lorrtec.jpg&#8221; alt=&#8221;Assemblaggio finale di un nuovo motore Ford Cosworth BDG&#8221; show_in_lightbox=&#8221;on&#8221; admin_label=&#8221;Fin de montage d&#8217;un moteur Ford Cosworth BDG neuf&#8221; _builder_version=&#8221;3.17.2&#8243;]&nbsp;<br \/>\n[\/et_pb_image][\/et_pb_column][\/et_pb_row][et_pb_row _builder_version=&#8221;3.0.48&#8243; background_size=&#8221;initial&#8221; background_position=&#8221;top_left&#8221; background_repeat=&#8221;repeat&#8221;][et_pb_column type=&#8221;1_2&#8243; _builder_version=&#8221;3.0.47&#8243; parallax=&#8221;off&#8221; parallax_method=&#8221;on&#8221;][et_pb_text admin_label=&#8221;Quels sont les avantages d&#8217;un bo\u00eetier MOTEC par rapport \u00e0 un bo\u00eetier \u00e9lectronique d&#8217;origine ?&#8221; _builder_version=&#8221;3.15&#8243; text_text_color=&#8221;#ffffff&#8221; header_text_color=&#8221;#ffffff&#8221; header_2_text_color=&#8221;#ffffff&#8221; header_3_text_color=&#8221;#ffffff&#8221;][\/et_pb_text][\/et_pb_column][et_pb_column type=&#8221;1_2&#8243; _builder_version=&#8221;3.0.47&#8243; parallax=&#8221;off&#8221; parallax_method=&#8221;on&#8221;][et_pb_text admin_label=&#8221;Quels sont les avantages d&#8217;un bo\u00eetier MOTEC par rapport \u00e0 un bo\u00eetier \u00e9lectronique d&#8217;origine ?&#8221; _builder_version=&#8221;3.15&#8243; text_text_color=&#8221;#ffffff&#8221; header_text_color=&#8221;#ffffff&#8221; header_2_text_color=&#8221;#ffffff&#8221; header_3_text_color=&#8221;#ffffff&#8221;]<\/p>\n<h3>Motore Ford Cosworth BDG<\/h3>\n<p>[\/et_pb_text][et_pb_text admin_label=&#8221;DEVIS Texte&#8221; _builder_version=&#8221;3.17.2&#8243; global_module=&#8221;1015&#8243; saved_tabs=&#8221;all&#8221;]<\/p>\n<p style=\"text-align: right;\"><span class=\"fac bouton-racing2\" data-fac=\"L2NvbnRhY3Qv\">DEVIS<\/span><\/p>\n<p>[\/et_pb_text][\/et_pb_column][\/et_pb_row][et_pb_row make_fullwidth=&#8221;on&#8221; _builder_version=&#8221;3.15&#8243;][et_pb_column type=&#8221;1_3&#8243; _builder_version=&#8221;3.0.47&#8243; parallax=&#8221;off&#8221; parallax_method=&#8221;on&#8221;][et_pb_text admin_label=&#8221;Comment se fait la mise au point ?&#8221; _builder_version=&#8221;3.15&#8243; text_text_color=&#8221;#ffffff&#8221; header_text_color=&#8221;#ffffff&#8221; header_2_text_color=&#8221;#ffffff&#8221; header_3_text_color=&#8221;#ffffff&#8221;]<\/p>\n<h3>Motore Escort Cosworth YB Turbo<\/h3>\n<p>[\/et_pb_text][\/et_pb_column][et_pb_column type=&#8221;2_3&#8243; _builder_version=&#8221;3.0.47&#8243; parallax=&#8221;off&#8221; parallax_method=&#8221;on&#8221;][et_pb_image src=&#8221;https:\/\/www.lorrtec.com\/wp-content\/uploads\/2018\/09\/calage-distribution-au-comparateur-lorrtec.jpg&#8221; alt=&#8221;Messa a punto del sistema di fasatura con un comparatore di Lorrtec&#8221; show_in_lightbox=&#8221;on&#8221; admin_label=&#8221;Calage de la distribution d&#8217;un moteur Ford Cosworth Turbo&#8221; _builder_version=&#8221;3.17.2&#8243;]&nbsp;<br \/>\n[\/et_pb_image][\/et_pb_column][\/et_pb_row][et_pb_row make_fullwidth=&#8221;on&#8221; _builder_version=&#8221;3.15&#8243;][et_pb_column type=&#8221;1_3&#8243; _builder_version=&#8221;3.0.47&#8243; parallax=&#8221;off&#8221; parallax_method=&#8221;on&#8221;][et_pb_text admin_label=&#8221;Comment connecter le bo\u00eetier \u00e0 des capteurs d&#8217;origines ?&#8221; _builder_version=&#8221;3.15&#8243; text_text_color=&#8221;#ffffff&#8221; header_text_color=&#8221;#ffffff&#8221; header_2_text_color=&#8221;#ffffff&#8221; header_3_text_color=&#8221;#ffffff&#8221;]<\/p>\n<h3>Motore della Jaguar E-Type<\/h3>\n<p>[\/et_pb_text][et_pb_text admin_label=&#8221;DEVIS Texte&#8221; _builder_version=&#8221;3.17.2&#8243; global_module=&#8221;1015&#8243; saved_tabs=&#8221;all&#8221;]<\/p>\n<p style=\"text-align: right;\"><span class=\"fac bouton-racing2\" data-fac=\"L2NvbnRhY3Qv\">DEVIS<\/span><\/p>\n<p>[\/et_pb_text][et_pb_text admin_label=&#8221;Comment connecter le bo\u00eetier \u00e0 des capteurs d&#8217;origines ?&#8221; _builder_version=&#8221;3.15&#8243; text_text_color=&#8221;#ffffff&#8221; header_text_color=&#8221;#ffffff&#8221; header_2_text_color=&#8221;#ffffff&#8221; header_3_text_color=&#8221;#ffffff&#8221;][\/et_pb_text][\/et_pb_column][et_pb_column type=&#8221;2_3&#8243; _builder_version=&#8221;3.0.47&#8243; parallax=&#8221;off&#8221; parallax_method=&#8221;on&#8221;][et_pb_image src=&#8221;https:\/\/www.lorrtec.com\/wp-content\/uploads\/2018\/09\/fin-montage-6-cylindres-jaguar-type-E-lorrtec.jpg&#8221; alt=&#8221;Assemblaggio di finitura di un motore a 6 cilindri in linea Jaguar E-Type 3.8L&#8221; show_in_lightbox=&#8221;on&#8221; admin_label=&#8221;Fin de montage d&#8217;un 6 cylindres en ligne 3,6l de Jaguar Type E&#8221; _builder_version=&#8221;3.17.2&#8243;]&nbsp;<br \/>\n[\/et_pb_image][et_pb_image src=&#8221;https:\/\/www.lorrtec.com\/wp-content\/uploads\/2018\/09\/moteur-ferrari-dyno-6-cylindres-pret-rodage-au-banc-lorrtec.jpg&#8221; alt=&#8221;Il motore a 6 cilindri a V della Ferrari Dino \u00e8 pronto per il collaudo al banco di prova&#8221; show_in_lightbox=&#8221;on&#8221; admin_label=&#8221;Moteur Ferrari Dino 6 cylindres en V pr\u00eat pour rodage au banc moteur&#8221; _builder_version=&#8221;3.17.2&#8243;]&nbsp;<br \/>\n[\/et_pb_image][\/et_pb_column][\/et_pb_row][et_pb_row custom_padding=&#8221;15px|0px|26px|0px|false|false&#8221; _builder_version=&#8221;3.0.48&#8243; background_size=&#8221;initial&#8221; background_position=&#8221;top_left&#8221; background_repeat=&#8221;repeat&#8221;][et_pb_column type=&#8221;4_4&#8243; _builder_version=&#8221;3.0.47&#8243; parallax=&#8221;off&#8221; parallax_method=&#8221;on&#8221;][et_pb_text admin_label=&#8221;Pr\u00e9sentation de l&#8217;activit\u00e9 de c\u00e2blage et de r\u00e9alisation de faisceaux de LORRTEC.&#8221; _builder_version=&#8221;3.15&#8243; text_text_color=&#8221;#ffffff&#8221; header_text_color=&#8221;#ffffff&#8221; header_2_text_align=&#8221;center&#8221; header_2_text_color=&#8221;#ffffff&#8221; header_3_text_color=&#8221;#ffffff&#8221;][\/et_pb_text][\/et_pb_column][\/et_pb_row][\/et_pb_section][et_pb_section fb_built=&#8221;1&#8243; _builder_version=&#8221;3.15&#8243; background_color=&#8221;#1d1d1d&#8221; background_image=&#8221;https:\/\/www.lorrtec.com\/wp-content\/uploads\/2018\/09\/bandeau-lorrtec.jpg&#8221; global_module=&#8221;271&#8243;][et_pb_row _builder_version=&#8221;3.0.47&#8243; background_size=&#8221;initial&#8221; background_position=&#8221;top_left&#8221; background_repeat=&#8221;repeat&#8221;][et_pb_column type=&#8221;4_4&#8243; _builder_version=&#8221;3.0.47&#8243; parallax=&#8221;off&#8221; parallax_method=&#8221;on&#8221;][et_pb_text admin_label=&#8221;Pr\u00e9sentation de l&#8217;activit\u00e9 d&#8217;installation, et de mise au point de bo\u00eetiers \u00e9lectroniques MOTEC de LORRTEC.&#8221; _builder_version=&#8221;3.15&#8243; text_text_color=&#8221;#ffffff&#8221; header_text_color=&#8221;#ffffff&#8221; header_2_text_align=&#8221;center&#8221; header_2_text_color=&#8221;#ffffff&#8221; header_3_text_color=&#8221;#ffffff&#8221;]<\/p>\n<h2>Tutte le attivit\u00e0 LORRTEC<\/h2>\n<p>[\/et_pb_text][\/et_pb_column][\/et_pb_row][et_pb_row custom_padding=&#8221;||0px|&#8221; custom_margin=&#8221;||0px|&#8221; _builder_version=&#8221;3.15&#8243;][et_pb_column type=&#8221;1_3&#8243; _builder_version=&#8221;3.0.47&#8243; parallax=&#8221;off&#8221; parallax_method=&#8221;on&#8221;][et_pb_code admin_label=&#8221;UFFICIO PROGETTAZIONE&#8221; _builder_version=&#8221;3.15&#8243; text_orientation=&#8221;center&#8221;]&lt;a class=&#8221;bouton-racing2&#8243; href=&#8221;\/bureau-etudes-moteur\/&#8221;&gt;BUREAU D&#8217;ETUDES&lt;\/a&gt;[\/et_pb_code][\/et_pb_column][et_pb_column type=&#8221;1_3&#8243; _builder_version=&#8221;3.0.47&#8243; parallax=&#8221;off&#8221; parallax_method=&#8221;on&#8221;][et_pb_code admin_label=&#8221;GRUPPO MOTORE&#8221; _builder_version=&#8221;3.15&#8243; text_orientation=&#8221;center&#8221;]&lt;a class=&#8221;bouton-racing2&#8243; href=&#8221;\/montage-moteur\/&#8221;&gt;MONTAGE MOTEUR&lt;\/a&gt;[\/et_pb_code][\/et_pb_column][et_pb_column type=&#8221;1_3&#8243; _builder_version=&#8221;3.0.47&#8243; parallax=&#8221;off&#8221; parallax_method=&#8221;on&#8221;][et_pb_code admin_label=&#8221;LAVORAZIONE E BILANCIAMENTO&#8221; _builder_version=&#8221;3.15&#8243; text_orientation=&#8221;center&#8221;]&lt;a class=&#8221;bouton-racing2&#8243; href=&#8221;\/usinage-equilibrage-moteur\/&#8221;&gt;USINAGE EQUILIBRAGE&lt;\/a&gt;[\/et_pb_code][\/et_pb_column][\/et_pb_row][et_pb_row custom_padding=&#8221;0px||0px|&#8221; custom_margin=&#8221;0px||0px|&#8221; _builder_version=&#8221;3.15&#8243;][et_pb_column type=&#8221;1_3&#8243; _builder_version=&#8221;3.0.47&#8243; parallax=&#8221;off&#8221; parallax_method=&#8221;on&#8221;][et_pb_code admin_label=&#8221;ELETTRONICA E CABLAGGIO&#8221; _builder_version=&#8221;3.15&#8243; text_orientation=&#8221;center&#8221;]&lt;a class=&#8221;bouton-racing2&#8243; href=&#8221;\/electronique-cablage\/&#8221;&gt;ELETTRONICA E CABLAGGIO&lt;\/a&gt;[\/et_pb_code][\/et_pb_column][et_pb_column type=&#8221;1_3&#8243; _builder_version=&#8221;3.0.47&#8243; parallax=&#8221;off&#8221; parallax_method=&#8221;on&#8221;][et_pb_code admin_label=&#8221;BANCHE D&apos;ORGANO&#8221; _builder_version=&#8221;3.15&#8243; text_orientation=&#8221;center&#8221;]&lt;a class=&#8221;bouton-racing2&#8243; href=&#8221;\/metrologia\/&#8221;&gt;METROLOGIA&lt;\/a&gt;[\/et_pb_code][\/et_pb_column][et_pb_column type=&#8221;1_3&#8243; _builder_version=&#8221;3.0.47&#8243; parallax=&#8221;off&#8221; parallax_method=&#8221;on&#8221;][et_pb_code admin_label=&#8221;TEST DEL MOTORE&#8221; _builder_version=&#8221;3.15&#8243; text_orientation=&#8221;center&#8221;]&lt;a class=&#8221;bouton-racing2&#8243; href=&#8221;\/banc-essai\/&#8221;&gt;TEST BANKS&lt;\/a&gt;[\/et_pb_code][\/et_pb_column][\/et_pb_row][et_pb_row custom_padding=&#8221;0px||0px|&#8221; custom_margin=&#8221;0px||0px|&#8221; _builder_version=&#8221;3.15&#8243;][et_pb_column type=&#8221;1_3&#8243; _builder_version=&#8221;3.0.47&#8243; parallax=&#8221;off&#8221; parallax_method=&#8221;on&#8221;][et_pb_code admin_label=&#8221;ASSISTENZA  &#8221; _builder_version=&#8221;3.17.2&#8243; text_orientation=&#8221;center&#8221;]&lt;a class=&#8221;bouton-racing2&#8243; href=&#8221;\/assistenza\/&#8221;&gt;CIRCUITO DI ASSISTENZA\/RALLYE&lt;\/a&gt;[\/et_pb_code][\/et_pb_column][et_pb_column type=&#8221;1_3&#8243; _builder_version=&#8221;3.0.47&#8243; parallax=&#8221;off&#8221; parallax_method=&#8221;on&#8221;][\/et_pb_column][et_pb_column type=&#8221;1_3&#8243; _builder_version=&#8221;3.0.47&#8243; parallax=&#8221;off&#8221; parallax_method=&#8221;on&#8221;][et_pb_code admin_label=&#8221;vendita di motori&#8221; _builder_version=&#8221;3.16.1&#8243; text_orientation=&#8221;center&#8221;]&lt;a class=&#8221;bouton-racing2&#8243; href=&#8221;\/ventes-moteurs\/&#8221;&gt;MOTOR SALES&lt;\/a&gt;[\/et_pb_code][\/et_pb_column][\/et_pb_row][et_pb_row _builder_version=&#8221;3.15&#8243; custom_css_before=&#8221;content: %22%22;|| display: inline-block;|| position: absolute;|| background-image: url(\/wp-content\/uploads\/2018\/09\/home-title-bg.png);|| width: 382px;|| height: 382px;|| top: 0;|| left: 50%;|| margin-left: -191px;|| animation: rotate 60s infinite linear;&#8221; custom_css_main_element=&#8221;position: relative;|| margin-top: 0px;|| padding-bottom: 8rem;|| padding-top: 8rem;|| min-height: 350px;|| color: #fff;&#8221; custom_css_after=&#8221;content: %22%22;|| display: inline-block;|| position: absolute;|| background-image: url(\/wp-content\/uploads\/2018\/09\/home-title-after.png);|| width: 142px;|| height: 142px;|| top: -51px;|| left: 50%;|| margin-left: -71px;|| animation: rotate 40s infinite linear;|| animation-direction: reverse;|| -webkit-animation-direction: reverse;|| -moz-animation-direction: reverse;&#8221;][et_pb_column type=&#8221;4_4&#8243; _builder_version=&#8221;3.0.47&#8243; parallax=&#8221;off&#8221; parallax_method=&#8221;on&#8221;][et_pb_text _builder_version=&#8221;3.15&#8243; header_text_align=&#8221;center&#8221; header_text_color=&#8221;#ffffff&#8221; header_2_text_align=&#8221;center&#8221; header_2_text_color=&#8221;#ffffff&#8221;]<\/p>\n<p><img loading=\"lazy\" decoding=\"async\" class=\"size-full wp-image-53 aligncenter\" src=\"https:\/\/www.lorrtec.com\/wp-content\/uploads\/2018\/10\/logo-lorrtec-seul.png\" alt=\"LORRTEC\" width=\"299\" height=\"58\"><\/p>\n<h2>MOTORISTA<\/h2>\n<h2>COMPETIZIONE E RACCOLTA<\/h2>\n<p>[\/et_pb_text][\/et_pb_column][\/et_pb_row][\/et_pb_section]<\/p>\n","protected":false},"excerpt":{"rendered":"<p>Montaggio del motore SERIE, COMPETIZIONE E COLLEZIONE Ogni motore LORRTEC \u00e8 il risultato di un assemblaggio rigoroso, eseguito secondo le regole del mestiere: tutte le parti vengono controllate e, se necessario, sostituite, rigenerate e\/o ottimizzate. I motori vengono poi convalidati sui nostri vari banchi di prova. &nbsp;&nbsp; Presentazione dell&#8217;attivit\u00e0 di assemblaggio dei motori di LORRTECMotori [&hellip;]<\/p>\n","protected":false},"author":1,"featured_media":0,"parent":0,"menu_order":0,"comment_status":"closed","ping_status":"closed","template":"","meta":{"_et_pb_use_builder":"on","_et_pb_old_content":"","_et_gb_content_width":"","footnotes":""},"class_list":["post-2446","page","type-page","status-publish","hentry"],"_links":{"self":[{"href":"https:\/\/www.lorrtec.com\/it\/wp-json\/wp\/v2\/pages\/2446","targetHints":{"allow":["GET"]}}],"collection":[{"href":"https:\/\/www.lorrtec.com\/it\/wp-json\/wp\/v2\/pages"}],"about":[{"href":"https:\/\/www.lorrtec.com\/it\/wp-json\/wp\/v2\/types\/page"}],"author":[{"embeddable":true,"href":"https:\/\/www.lorrtec.com\/it\/wp-json\/wp\/v2\/users\/1"}],"replies":[{"embeddable":true,"href":"https:\/\/www.lorrtec.com\/it\/wp-json\/wp\/v2\/comments?post=2446"}],"version-history":[{"count":2,"href":"https:\/\/www.lorrtec.com\/it\/wp-json\/wp\/v2\/pages\/2446\/revisions"}],"predecessor-version":[{"id":2456,"href":"https:\/\/www.lorrtec.com\/it\/wp-json\/wp\/v2\/pages\/2446\/revisions\/2456"}],"wp:attachment":[{"href":"https:\/\/www.lorrtec.com\/it\/wp-json\/wp\/v2\/media?parent=2446"}],"curies":[{"name":"wp","href":"https:\/\/api.w.org\/{rel}","templated":true}]}}