 {"id":2450,"date":"2023-10-22T15:18:48","date_gmt":"2023-10-22T15:18:48","guid":{"rendered":"https:\/\/www.lorrtec.com\/vendite-di-motori-ford-cosworth-bda-bdg-yb-pinto-e-bmw-s14-m3\/"},"modified":"2023-10-22T15:18:55","modified_gmt":"2023-10-22T15:18:55","slug":"vendite-di-motori-ford-cosworth-bda-bdg-yb-pinto-e-bmw-s14-m3","status":"publish","type":"page","link":"https:\/\/www.lorrtec.com\/it\/vendite-di-motori-ford-cosworth-bda-bdg-yb-pinto-e-bmw-s14-m3\/","title":{"rendered":"Vendite di motori Ford Cosworth BDA, BDG, YB, Pinto e BMW S14 M3"},"content":{"rendered":"<p>[et_pb_section bb_built=&#8221;1&#8243; next_background_color=&#8221;#000000&#8243; _builder_version=&#8221;3.15&#8243; background_image=&#8221;https:\/\/www.lorrtec.com\/wp-content\/uploads\/2018\/09\/bandeau-lorrtec.jpg&#8221; bottom_divider_style=&#8221;arrow&#8221;][et_pb_row custom_css_before_1=&#8221;content: %22%22;|| display: inline-block;|| position: absolute;|| background-image: url(\/wp-content\/uploads\/2018\/09\/home-title-bg.png);|| width: 382px;|| height: 382px;|| top: 0;|| left: 50%;|| margin-left: -191px;|| animation: rotate 60s infinite linear;&#8221; custom_css_main_1=&#8221;position: relative;|| margin-top: 0px;|| padding-bottom: 8rem;|| padding-top: 8rem;|| min-height: 350px;|| color: #fff;&#8221; custom_css_after_1=&#8221;content: %22%22;|| display: inline-block;|| position: absolute;|| background-image: url(\/wp-content\/uploads\/2018\/09\/home-title-after.png);|| width: 142px;|| height: 142px;|| top: -51px;|| left: 50%;|| margin-left: -71px;|| animation: rotate 40s infinite linear;|| animation-direction: reverse;|| -webkit-animation-direction: reverse;|| -moz-animation-direction: reverse;&#8221; _builder_version=&#8221;3.15&#8243; background_size=&#8221;initial&#8221; background_position=&#8221;top_left&#8221; background_repeat=&#8221;repeat&#8221;][et_pb_column type=&#8221;1_2&#8243;][et_pb_text _builder_version=&#8221;3.15&#8243; header_font=&#8221;|||on|||||&#8221; header_text_align=&#8221;center&#8221; header_text_color=&#8221;#ffffff&#8221; header_font_size=&#8221;26px&#8221; header_2_text_align=&#8221;center&#8221; header_2_text_color=&#8221;#ffffff&#8221;]<\/p>\n<p><img loading=\"lazy\" decoding=\"async\" class=\"size-full wp-image-53 aligncenter\" src=\"https:\/\/www.lorrtec.com\/wp-content\/uploads\/2018\/10\/logo-lorrtec-seul.png\" alt=\"LORRTEC\" width=\"299\" height=\"58\"><\/p>\n<h1>VENDITE DI MOTORI<\/h1>\n<h1>COMPETIZIONE E RACCOLTA<\/h1>\n<p>[\/et_pb_text][\/et_pb_column][et_pb_column type=&#8221;1_2&#8243;][et_pb_text admin_label=&#8221;pr\u00e9sentation&#8221; _builder_version=&#8221;3.15&#8243; text_text_color=&#8221;#ffffff&#8221; text_font_size=&#8221;18px&#8221; header_text_color=&#8221;#ffffff&#8221; header_2_text_color=&#8221;#ffffff&#8221; header_3_text_color=&#8221;#ffffff&#8221; custom_padding=&#8221;50px|||&#8221;]<\/p>\n<p style=\"text-align: justify;\">LORRTEC \u00e8<strong> specializzata <\/strong>in alcuni motori:<strong> Ford Pinto, Ford Cosworth BDA\/BDG, Ford Sierra ed Escort Cosworth YB e BMW M3 S14<\/strong>, il che significa che possiamo offrire in vendita motori standard o preparati, pronti per l&#8217;installazione e disponibili immediatamente.<\/p>\n<p style=\"text-align: justify;\">Con questo servizio, non dovrete aspettare che il vostro motore venga revisionato da noi: potrete montare subito uno dei nostri motori.<\/p>\n<p>[\/et_pb_text][et_pb_gallery gallery_ids=&#8221;400,395&#8243; posts_number=&#8221;2&#8243; show_title_and_caption=&#8221;off&#8221; show_pagination=&#8221;off&#8221; _builder_version=&#8221;3.15&#8243;]<\/p>\n<p>&nbsp;<\/p>\n<p>[\/et_pb_gallery][\/et_pb_column][\/et_pb_row][\/et_pb_section][et_pb_section bb_built=&#8221;1&#8243; _builder_version=&#8221;3.15&#8243; background_color=&#8221;#000000&#8243; background_image=&#8221;https:\/\/www.lorrtec.com\/wp-content\/uploads\/2018\/09\/fond-moteur-droit.png&#8221; prev_background_color=&#8221;#ffffff&#8221; next_background_color=&#8221;#1d1d1d&#8221;][et_pb_row _builder_version=&#8221;3.0.48&#8243; background_size=&#8221;initial&#8221; background_position=&#8221;top_left&#8221; background_repeat=&#8221;repeat&#8221;][et_pb_column type=&#8221;4_4&#8243;][et_pb_text admin_label=&#8221;Pr\u00e9sentation de l&#8217;activit\u00e9 d&#8217;installation, et de mise au point de bo\u00eetiers \u00e9lectroniques MOTEC de LORRTEC.&#8221; _builder_version=&#8221;3.15&#8243; text_text_color=&#8221;#ffffff&#8221; header_text_color=&#8221;#ffffff&#8221; header_2_text_align=&#8221;center&#8221; header_2_text_color=&#8221;#ffffff&#8221; header_3_text_color=&#8221;#ffffff&#8221;]<\/p>\n<h2>Vendita di motori pronti all&#8217;uso, consegna rapida da parte di LORRTEC.<\/h2>\n<p>[\/et_pb_text][\/et_pb_column][\/et_pb_row][et_pb_row make_fullwidth=&#8221;on&#8221; _builder_version=&#8221;3.15&#8243;][et_pb_column type=&#8221;4_4&#8243;][et_pb_filterable_portfolio fullwidth=&#8221;off&#8221; include_categories=&#8221;8&#8243; show_categories=&#8221;off&#8221; hover_overlay_color=&#8221;rgba(255,255,255,0)&#8221; _builder_version=&#8221;3.15&#8243; background_layout=&#8221;dark&#8221;]<\/p>\n<p>&nbsp;<\/p>\n<p>[\/et_pb_filterable_portfolio][\/et_pb_column][\/et_pb_row][et_pb_row make_fullwidth=&#8221;on&#8221; _builder_version=&#8221;3.15&#8243;][et_pb_column type=&#8221;1_3&#8243;][et_pb_text admin_label=&#8221;Les bo\u00eetiers \u00e9lectroniques MOTEC&#8221; _builder_version=&#8221;3.17.2&#8243; text_text_color=&#8221;#ffffff&#8221; header_text_color=&#8221;#ffffff&#8221; header_2_text_color=&#8221;#ffffff&#8221; header_3_text_color=&#8221;#ffffff&#8221;]<\/p>\n<h3 style=\"text-align: justify;\">Motori LORRTEC<\/h3>\n<blockquote>\n<p style=\"text-align: justify;\">I motori LORRTEC completi vengono generalmente consegnati dopo il <strong>rodaggio<\/strong>, la messa a punto <strong>e la convalida su un banco prova motori<\/strong>. Possono essere forniti con tutti gli <strong>accessori periferici<\/strong>: alternatore, accensione, cablaggio e centralina, scarico, filtro dell&#8217;aria, frizione&#8230; a seconda delle esigenze.<\/p>\n<\/blockquote>\n<p>[\/et_pb_text][\/et_pb_column][et_pb_column type=&#8221;2_3&#8243;][et_pb_text admin_label=&#8221;video montage S14&#8243; _builder_version=&#8221;3.17.2&#8243;]<\/p>\n<p><iframe loading=\"lazy\" title=\"BMW M3 E30 S14B23 engine assembling - LORRTEC Race Engines\" width=\"1080\" height=\"608\" src=\"https:\/\/www.youtube.com\/embed\/fMBd10sVKmk?feature=oembed\"  allow=\"accelerometer; autoplay; clipboard-write; encrypted-media; gyroscope; picture-in-picture; web-share\" allowfullscreen><\/iframe><\/p>\n<p>[\/et_pb_text][et_pb_image admin_label=&#8221;pi\u00e8ces moteur : soupapes, Arbres \u00e0 cames, ressorts, culasse BMW S14 M3 E30&#8243; src=&#8221;https:\/\/www.lorrtec.com\/wp-content\/uploads\/2018\/10\/pieces-soupapes-culasse-moteur-BMW-S14-2.jpg&#8221; alt=&#8221;parti del motore: valvole, alberi a camme, molle, testata BMW S14 M3 E30&#8243; show_in_lightbox=&#8221;on&#8221; _builder_version=&#8221;3.17.2&#8243;]<\/p>\n<p>&nbsp;<\/p>\n<p>[\/et_pb_image][et_pb_image admin_label=&#8221;moteur Ford Pinto distribution et carburateurs Weber et \u00e9chappement 4 en 1&#8243; src=&#8221;https:\/\/www.lorrtec.com\/wp-content\/uploads\/2018\/10\/moteur-ford-pinto-distribution-et-carburateurs-weber-2.jpg&#8221; alt=&#8221;Motore Ford Pinto, carburatori Weber e sistema di scarico 4-in-1&#8243; show_in_lightbox=&#8221;on&#8221; _builder_version=&#8221;3.17.2&#8243;]<\/p>\n<p>&nbsp;<\/p>\n<p>[\/et_pb_image][\/et_pb_column][\/et_pb_row][et_pb_row _builder_version=&#8221;3.0.48&#8243; background_size=&#8221;initial&#8221; background_position=&#8221;top_left&#8221; background_repeat=&#8221;repeat&#8221;][et_pb_column type=&#8221;1_2&#8243;][et_pb_text admin_label=&#8221;Quels sont les avantages d&#8217;un bo\u00eetier MOTEC par rapport \u00e0 un bo\u00eetier \u00e9lectronique d&#8217;origine ?&#8221; _builder_version=&#8221;3.17.2&#8243; text_text_color=&#8221;#ffffff&#8221; header_text_color=&#8221;#ffffff&#8221; header_2_text_color=&#8221;#ffffff&#8221; header_3_text_color=&#8221;#ffffff&#8221;]<\/p>\n<h3>&#8230;<\/h3>\n<p>[\/et_pb_text][\/et_pb_column][et_pb_column type=&#8221;1_2&#8243;][et_pb_text admin_label=&#8221;DEVIS Texte&#8221; _builder_version=&#8221;3.17.2&#8243; global_module=&#8221;1015&#8243; saved_tabs=&#8221;all&#8221;]<\/p>\n<p style=\"text-align: right;\"><span class=\"fac bouton-racing2\" data-fac=\"L2NvbnRhY3Qv\">DEVIS<\/span><\/p>\n<p>[\/et_pb_text][\/et_pb_column][\/et_pb_row][et_pb_row make_fullwidth=&#8221;on&#8221; _builder_version=&#8221;3.15&#8243;][et_pb_column type=&#8221;1_3&#8243;][et_pb_text admin_label=&#8221;Comment connecter le bo\u00eetier \u00e0 des capteurs d&#8217;origines ?&#8221; _builder_version=&#8221;3.17.2&#8243; text_text_color=&#8221;#ffffff&#8221; header_text_color=&#8221;#ffffff&#8221; header_2_text_color=&#8221;#ffffff&#8221; header_3_text_color=&#8221;#ffffff&#8221;]<\/p>\n<h3>&#8230;<\/h3>\n<p>[\/et_pb_text][et_pb_text admin_label=&#8221;DEVIS Texte&#8221; _builder_version=&#8221;3.17.2&#8243; global_module=&#8221;1015&#8243; saved_tabs=&#8221;all&#8221;]<\/p>\n<p style=\"text-align: right;\"><span class=\"fac bouton-racing2\" data-fac=\"L2NvbnRhY3Qv\">DEVIS<\/span><\/p>\n<p>[\/et_pb_text][\/et_pb_column][et_pb_column type=&#8221;2_3&#8243;][et_pb_image admin_label=&#8221;photo-echappement-moteur-ford-cosworth-BDG&#8221; src=&#8221;https:\/\/www.lorrtec.com\/wp-content\/uploads\/2018\/10\/photo-echappement-moteur-ford-cosworth-BDG.jpg&#8221; alt=&#8221;foto-appello-motore-ford-cosworth-BDG&#8221; show_in_lightbox=&#8221;on&#8221; _builder_version=&#8221;3.17.2&#8243;]<\/p>\n<p>&nbsp;<\/p>\n<p>[\/et_pb_image][et_pb_image admin_label=&#8221;Sierra cosworth avec moteur ford YB groupe A by lorrtec&#8221; src=&#8221;https:\/\/www.lorrtec.com\/wp-content\/uploads\/2018\/10\/sierra-cosworth-moteur-ford-YB-lorrtec.jpg&#8221; alt=&#8221;Sierra cosworth con motore ford YB gruppo A di lorrtec&#8221; show_in_lightbox=&#8221;on&#8221; _builder_version=&#8221;3.17.2&#8243;]<\/p>\n<p>&nbsp;<\/p>\n<p>[\/et_pb_image][\/et_pb_column][\/et_pb_row][\/et_pb_section][et_pb_section bb_built=&#8221;1&#8243; _builder_version=&#8221;3.15&#8243; background_color=&#8221;#1d1d1d&#8221; background_image=&#8221;https:\/\/www.lorrtec.com\/wp-content\/uploads\/2018\/09\/bandeau-lorrtec.jpg&#8221; prev_background_color=&#8221;#000000&#8243; global_module=&#8221;271&#8243;][et_pb_row global_parent=&#8221;271&#8243; _builder_version=&#8221;3.0.47&#8243; background_size=&#8221;initial&#8221; background_position=&#8221;top_left&#8221; background_repeat=&#8221;repeat&#8221;][et_pb_column type=&#8221;4_4&#8243;][et_pb_text admin_label=&#8221;Pr\u00e9sentation de l&#8217;activit\u00e9 d&#8217;installation, et de mise au point de bo\u00eetiers \u00e9lectroniques MOTEC de LORRTEC.&#8221; global_parent=&#8221;271&#8243; _builder_version=&#8221;3.15&#8243; text_text_color=&#8221;#ffffff&#8221; header_text_color=&#8221;#ffffff&#8221; header_2_text_align=&#8221;center&#8221; header_2_text_color=&#8221;#ffffff&#8221; header_3_text_color=&#8221;#ffffff&#8221;]<\/p>\n<h2>Tutte le attivit\u00e0 LORRTEC<\/h2>\n<p>[\/et_pb_text][\/et_pb_column][\/et_pb_row][et_pb_row global_parent=&#8221;271&#8243; custom_padding=&#8221;||0px|&#8221; custom_margin=&#8221;||0px|&#8221; _builder_version=&#8221;3.15&#8243;][et_pb_column type=&#8221;1_3&#8243;][et_pb_code admin_label=&#8221;UFFICIO PROGETTAZIONE&#8221; global_parent=&#8221;271&#8243; _builder_version=&#8221;3.15&#8243; text_orientation=&#8221;center&#8221;]&lt;a class=&#8221;bouton-racing2&#8243; href=&#8221;\/bureau-etudes-moteur\/&#8221;&gt;BUREAU D&#8217;ETUDES&lt;\/a&gt;[\/et_pb_code][\/et_pb_column][et_pb_column type=&#8221;1_3&#8243;][et_pb_code admin_label=&#8221;GRUPPO MOTORE&#8221; global_parent=&#8221;271&#8243; _builder_version=&#8221;3.15&#8243; text_orientation=&#8221;center&#8221;]&lt;a class=&#8221;bouton-racing2&#8243; href=&#8221;\/montage-moteur\/&#8221;&gt;MONTAGE MOTEUR&lt;\/a&gt;[\/et_pb_code][\/et_pb_column][et_pb_column type=&#8221;1_3&#8243;][et_pb_code admin_label=&#8221;LAVORAZIONE E BILANCIAMENTO&#8221; global_parent=&#8221;271&#8243; _builder_version=&#8221;3.15&#8243; text_orientation=&#8221;center&#8221;]&lt;a class=&#8221;bouton-racing2&#8243; href=&#8221;\/usinage-equilibrage-moteur\/&#8221;&gt;USINAGE EQUILIBRAGE&lt;\/a&gt;[\/et_pb_code][\/et_pb_column][\/et_pb_row][et_pb_row global_parent=&#8221;271&#8243; custom_padding=&#8221;0px||0px|&#8221; custom_margin=&#8221;0px||0px|&#8221; _builder_version=&#8221;3.15&#8243;][et_pb_column type=&#8221;1_3&#8243;][et_pb_code admin_label=&#8221;ELETTRONICA E CABLAGGIO&#8221; global_parent=&#8221;271&#8243; _builder_version=&#8221;3.15&#8243; text_orientation=&#8221;center&#8221;]&lt;a class=&#8221;bouton-racing2&#8243; href=&#8221;\/electronique-cablage\/&#8221;&gt;ELETTRONICA E CABLAGGIO&lt;\/a&gt;[\/et_pb_code][\/et_pb_column][et_pb_column type=&#8221;1_3&#8243;][et_pb_code admin_label=&#8221;BANCHE D&apos;ORGANO&#8221; global_parent=&#8221;271&#8243; _builder_version=&#8221;3.15&#8243; text_orientation=&#8221;center&#8221;]&lt;a class=&#8221;bouton-racing2&#8243; href=&#8221;\/metrologia\/&#8221;&gt;METROLOGIA&lt;\/a&gt;[\/et_pb_code][\/et_pb_column][et_pb_column type=&#8221;1_3&#8243;][et_pb_code admin_label=&#8221;TEST DEL MOTORE&#8221; global_parent=&#8221;271&#8243; _builder_version=&#8221;3.15&#8243; text_orientation=&#8221;center&#8221;]&lt;a class=&#8221;bouton-racing2&#8243; href=&#8221;\/banc-essai\/&#8221;&gt;TEST BANKS&lt;\/a&gt;[\/et_pb_code][\/et_pb_column][\/et_pb_row][et_pb_row global_parent=&#8221;271&#8243; custom_padding=&#8221;0px||0px|&#8221; custom_margin=&#8221;0px||0px|&#8221; _builder_version=&#8221;3.15&#8243;][et_pb_column type=&#8221;1_3&#8243;][et_pb_code admin_label=&#8221;ASSISTENZA  &#8221; global_parent=&#8221;271&#8243; _builder_version=&#8221;3.17.2&#8243; text_orientation=&#8221;center&#8221;]&lt;a class=&#8221;bouton-racing2&#8243; href=&#8221;\/assistenza\/&#8221;&gt;CIRCUITO DI ASSISTENZA\/RALLYE&lt;\/a&gt;[\/et_pb_code][\/et_pb_column][et_pb_column type=&#8221;1_3&#8243;][\/et_pb_column][et_pb_column type=&#8221;1_3&#8243;][et_pb_code admin_label=&#8221;vendita di motori&#8221; global_parent=&#8221;271&#8243; _builder_version=&#8221;3.16.1&#8243; text_orientation=&#8221;center&#8221;]&lt;a class=&#8221;bouton-racing2&#8243; href=&#8221;\/ventes-moteurs\/&#8221;&gt;MOTOR SALES&lt;\/a&gt;[\/et_pb_code][\/et_pb_column][\/et_pb_row][et_pb_row global_parent=&#8221;271&#8243; _builder_version=&#8221;3.15&#8243; custom_css_before=&#8221;content: %22%22;|| display: inline-block;|| position: absolute;|| background-image: url(\/wp-content\/uploads\/2018\/09\/home-title-bg.png);|| width: 382px;|| height: 382px;|| top: 0;|| left: 50%;|| margin-left: -191px;|| animation: rotate 60s infinite linear;&#8221; custom_css_main_element=&#8221;position: relative;|| margin-top: 0px;|| padding-bottom: 8rem;|| padding-top: 8rem;|| min-height: 350px;|| color: #fff;&#8221; custom_css_after=&#8221;content: %22%22;|| display: inline-block;|| position: absolute;|| background-image: url(\/wp-content\/uploads\/2018\/09\/home-title-after.png);|| width: 142px;|| height: 142px;|| top: -51px;|| left: 50%;|| margin-left: -71px;|| animation: rotate 40s infinite linear;|| animation-direction: reverse;|| -webkit-animation-direction: reverse;|| -moz-animation-direction: reverse;&#8221;][et_pb_column type=&#8221;4_4&#8243;][et_pb_text global_parent=&#8221;271&#8243; _builder_version=&#8221;3.15&#8243; header_text_align=&#8221;center&#8221; header_text_color=&#8221;#ffffff&#8221; header_2_text_align=&#8221;center&#8221; header_2_text_color=&#8221;#ffffff&#8221;]<\/p>\n<p><img loading=\"lazy\" decoding=\"async\" class=\"size-full wp-image-53 aligncenter\" src=\"https:\/\/www.lorrtec.com\/wp-content\/uploads\/2018\/10\/logo-lorrtec-seul.png\" alt=\"LORRTEC\" width=\"299\" height=\"58\"><\/p>\n<h2>MOTORISTA<\/h2>\n<h2>COMPETIZIONE E RACCOLTA<\/h2>\n<p>[\/et_pb_text][\/et_pb_column][\/et_pb_row][\/et_pb_section]<\/p>\n","protected":false},"excerpt":{"rendered":"<p>VENDITE DI MOTORI COMPETIZIONE E RACCOLTA LORRTEC \u00e8 specializzata in alcuni motori: Ford Pinto, Ford Cosworth BDA\/BDG, Ford Sierra ed Escort Cosworth YB e BMW M3 S14, il che significa che possiamo offrire in vendita motori standard o preparati, pronti per l&#8217;installazione e disponibili immediatamente. Con questo servizio, non dovrete aspettare che il vostro motore [&hellip;]<\/p>\n","protected":false},"author":1,"featured_media":0,"parent":0,"menu_order":0,"comment_status":"closed","ping_status":"closed","template":"","meta":{"_et_pb_use_builder":"on","_et_pb_old_content":"","_et_gb_content_width":"","footnotes":""},"class_list":["post-2450","page","type-page","status-publish","hentry"],"_links":{"self":[{"href":"https:\/\/www.lorrtec.com\/it\/wp-json\/wp\/v2\/pages\/2450","targetHints":{"allow":["GET"]}}],"collection":[{"href":"https:\/\/www.lorrtec.com\/it\/wp-json\/wp\/v2\/pages"}],"about":[{"href":"https:\/\/www.lorrtec.com\/it\/wp-json\/wp\/v2\/types\/page"}],"author":[{"embeddable":true,"href":"https:\/\/www.lorrtec.com\/it\/wp-json\/wp\/v2\/users\/1"}],"replies":[{"embeddable":true,"href":"https:\/\/www.lorrtec.com\/it\/wp-json\/wp\/v2\/comments?post=2450"}],"version-history":[{"count":2,"href":"https:\/\/www.lorrtec.com\/it\/wp-json\/wp\/v2\/pages\/2450\/revisions"}],"predecessor-version":[{"id":2476,"href":"https:\/\/www.lorrtec.com\/it\/wp-json\/wp\/v2\/pages\/2450\/revisions\/2476"}],"wp:attachment":[{"href":"https:\/\/www.lorrtec.com\/it\/wp-json\/wp\/v2\/media?parent=2450"}],"curies":[{"name":"wp","href":"https:\/\/api.w.org\/{rel}","templated":true}]}}