 {"id":2466,"date":"2023-10-22T15:18:52","date_gmt":"2023-10-22T15:18:52","guid":{"rendered":"https:\/\/www.lorrtec.com\/lavorazione-ed-equilibratura-del-motore-lorrtec-motoren\/"},"modified":"2023-10-22T15:18:58","modified_gmt":"2023-10-22T15:18:58","slug":"lavorazione-ed-equilibratura-del-motore-lorrtec-motoren","status":"publish","type":"page","link":"https:\/\/www.lorrtec.com\/it\/lavorazione-ed-equilibratura-del-motore-lorrtec-motoren\/","title":{"rendered":"Lavorazione ed equilibratura del motore &#8211; LORRTEC Motoren"},"content":{"rendered":"<p>[et_pb_section fb_built=&#8221;1&#8243; next_background_color=&#8221;#000000&#8243; _builder_version=&#8221;3.22&#8243; background_image=&#8221;https:\/\/www.lorrtec.com\/wp-content\/uploads\/2018\/09\/bandeau-lorrtec.jpg&#8221; bottom_divider_style=&#8221;arrow&#8221;][et_pb_row column_structure=&#8221;1_2,1_2&#8243; _builder_version=&#8221;3.25&#8243; background_size=&#8221;initial&#8221; background_position=&#8221;top_left&#8221; background_repeat=&#8221;repeat&#8221;][et_pb_column type=&#8221;1_2&#8243; _builder_version=&#8221;3.25&#8243; custom_padding=&#8221;|||&#8221; custom_css_before=&#8221;content: %22%22;|| display: inline-block;|| position: absolute;|| background-image: url(\/wp-content\/uploads\/2018\/09\/home-title-bg.png);|| width: 382px;|| height: 382px;|| top: 0;|| left: 50%;|| margin-left: -191px;|| animation: rotate 60s infinite linear;&#8221; custom_css_main_element=&#8221;position: relative;|| margin-top: 0px;|| padding-bottom: 8rem;|| padding-top: 8rem;|| min-height: 350px;|| color: #fff;&#8221; custom_css_after=&#8221;content: %22%22;|| display: inline-block;|| position: absolute;|| background-image: url(\/wp-content\/uploads\/2018\/09\/home-title-after.png);|| width: 142px;|| height: 142px;|| top: -51px;|| left: 50%;|| margin-left: -71px;|| animation: rotate 40s infinite linear;|| animation-direction: reverse;|| -webkit-animation-direction: reverse;|| -moz-animation-direction: reverse;&#8221; custom_padding__hover=&#8221;|||&#8221;][et_pb_text _builder_version=&#8221;3.27.4&#8243; header_font=&#8221;|||on|||||&#8221; header_text_align=&#8221;center&#8221; header_text_color=&#8221;#ffffff&#8221; header_font_size=&#8221;26px&#8221; header_2_text_align=&#8221;center&#8221; header_2_text_color=&#8221;#ffffff&#8221; custom_margin=&#8221;||157px|||&#8221;]<img loading=\"lazy\" decoding=\"async\" class=\"size-full wp-image-53 aligncenter\" src=\"https:\/\/www.lorrtec.com\/wp-content\/uploads\/2018\/10\/logo-lorrtec-seul.png\" alt=\"LORRTEC\" width=\"299\" height=\"58\"><\/p>\n<h1>Lavorazione ed equilibratura del motore<\/h1>\n<h1>COMPETIZIONE E RACCOLTA<\/h1>\n<p>[\/et_pb_text][et_pb_text _builder_version=&#8221;4.4.6&#8243; hover_enabled=&#8221;0&#8243;]<\/p>\n<p style=\"text-align: center;\"><a href=\"https:\/\/www.lorrtec.com\/equilibrage-de-vilebrequin-v6-v8-v10-v12\/\">In particolare, abbiamo sviluppato il bilanciamento dei motori V6, V8, V10 e V12&#8230;&gt;<\/a><\/p>\n<p>[\/et_pb_text][\/et_pb_column][et_pb_column type=&#8221;1_2&#8243; _builder_version=&#8221;3.25&#8243; custom_padding=&#8221;|||&#8221; custom_padding__hover=&#8221;|||&#8221;][et_pb_text admin_label=&#8221;pr\u00e9sentation&#8221; _builder_version=&#8221;3.27.4&#8243; text_text_color=&#8221;#ffffff&#8221; text_font_size=&#8221;18px&#8221; header_text_color=&#8221;#ffffff&#8221; header_2_text_color=&#8221;#ffffff&#8221; header_3_text_color=&#8221;#ffffff&#8221; custom_padding=&#8221;50px|||&#8221;]<\/p>\n<p>L&#8217;<strong>officina di lavorazione<\/strong> e<strong> rettifica dei motori LORRTEC<\/strong> esegue le seguenti operazioni:<\/p>\n<ul>\n<li>Tornitura, fresatura convenzionale e CNC<\/li>\n<li>Rettifica del blocco motore e della testa del cilindro<\/li>\n<li>Rettifica delle valvole<\/li>\n<li>Sostituzione e correzione delle sedi delle valvole<\/li>\n<li>Sostituzione delle guide delle valvole<\/li>\n<li>Lavorazione a controllo numerico dei condotti della testa del cilindro<\/li>\n<li>Test della testa e del blocco cilindri<\/li>\n<li>Alesaggio del cilindro (ghisa, alusil, nikasil&#8230;)<\/li>\n<li>Rivestimento del blocco motore<\/li>\n<li>Installazione di rivestimenti rinforzati DARTON<\/li>\n<li>Trattamento Nikasil<\/li>\n<li>Rettifica dell&#8217;albero a gomiti<\/li>\n<li>Bilanciamento dell&#8217;albero a gomiti<\/li>\n<li>Coperchio dell&#8217;albero motore della moto<\/li>\n<li>Lavorazione in linea degli alberi<\/li>\n<li>Saldatura TIG<\/li>\n<\/ul>\n<p>&nbsp;<\/p>\n<p>[\/et_pb_text][et_pb_gallery gallery_ids=&#8221;139,141&#8243; posts_number=&#8221;3&#8243; show_title_and_caption=&#8221;off&#8221; show_pagination=&#8221;off&#8221; _builder_version=&#8221;3.15&#8243;][\/et_pb_gallery][\/et_pb_column][\/et_pb_row][\/et_pb_section][et_pb_section fb_built=&#8221;1&#8243; _builder_version=&#8221;3.22&#8243; background_color=&#8221;#000000&#8243; background_image=&#8221;https:\/\/www.lorrtec.com\/wp-content\/uploads\/2018\/09\/fond-moteur-droit.png&#8221;][et_pb_row _builder_version=&#8221;3.25&#8243; background_size=&#8221;initial&#8221; background_position=&#8221;top_left&#8221; background_repeat=&#8221;repeat&#8221;][et_pb_column type=&#8221;4_4&#8243; _builder_version=&#8221;3.25&#8243; custom_padding=&#8221;|||&#8221; custom_padding__hover=&#8221;|||&#8221;][et_pb_text admin_label=&#8221;Pr\u00e9sentation de l&#8217;activit\u00e9 d&#8217;installation, et de mise au point de bo\u00eetiers \u00e9lectroniques MOTEC de LORRTEC.&#8221; _builder_version=&#8221;3.27.4&#8243; text_text_color=&#8221;#ffffff&#8221; header_text_color=&#8221;#ffffff&#8221; header_2_text_align=&#8221;center&#8221; header_2_text_color=&#8221;#ffffff&#8221; header_3_text_color=&#8221;#ffffff&#8221;]<\/p>\n<h2>Presentazione delle attivit\u00e0 di lavorazione, rettifica ed equilibratura dei motori di LORRTEC.<\/h2>\n<p>[\/et_pb_text][\/et_pb_column][\/et_pb_row][et_pb_row column_structure=&#8221;1_3,2_3&#8243; module_class=&#8221; et_pb_row_fullwidth&#8221; _builder_version=&#8221;3.25&#8243; width=&#8221;89%&#8221; width_tablet=&#8221;80%&#8221; width_phone=&#8221;&#8221; width_last_edited=&#8221;on|desktop&#8221; max_width=&#8221;89%&#8221; max_width_tablet=&#8221;80%&#8221; max_width_phone=&#8221;&#8221; max_width_last_edited=&#8221;on|desktop&#8221; custom_padding=&#8221;25.25px|0px|33px|0px|false|false&#8221; make_fullwidth=&#8221;on&#8221;][et_pb_column type=&#8221;1_3&#8243; _builder_version=&#8221;3.25&#8243; custom_padding=&#8221;|||&#8221; custom_padding__hover=&#8221;|||&#8221;][et_pb_text admin_label=&#8221;Les bo\u00eetiers \u00e9lectroniques MOTEC&#8221; _builder_version=&#8221;3.27.4&#8243; text_text_color=&#8221;#ffffff&#8221; header_text_color=&#8221;#ffffff&#8221; header_2_text_color=&#8221;#ffffff&#8221; header_3_text_color=&#8221;#ffffff&#8221;]<\/p>\n<h3 style=\"text-align: justify;\">Tipi di lavorazione eseguiti dalla nostra officina:<\/h3>\n<blockquote>\n<p style=\"text-align: justify;\">Eseguiamo tutte le lavorazioni su motori di auto, moto e aerei, sia da competizione che d&#8217;epoca:<\/p>\n<ul>\n<li style=\"text-align: justify;\">rettifica di valvole e sedi<\/li>\n<li style=\"text-align: justify;\">rettifica Blocco \/ testa del cilindro<\/li>\n<li style=\"text-align: justify;\">alesaggio del cilindro in ghisa, Nikasil, FRM&#8230;<\/li>\n<li style=\"text-align: justify;\">rettifica dell&#8217;albero motore<\/li>\n<li style=\"text-align: justify;\">Bilanciamento dell&#8217;albero a gomiti<\/li>\n<li style=\"text-align: justify;\">lavorazione dei condotti della testa del cilindro e della camera di combustione CNC<\/li>\n<li style=\"text-align: justify;\">Scansione 3D della testa del cilindro e dei condotti della camera di combustione<\/li>\n<li style=\"text-align: justify;\">saldatura della testa del cilindro in alluminio<\/li>\n<li style=\"text-align: justify;\">sostituzione delle sedi delle valvole<\/li>\n<li style=\"text-align: justify;\">montaggio delle sedi delle valvole in bronzo<\/li>\n<li style=\"text-align: justify;\">sostituzione delle guide delle valvole<\/li>\n<li style=\"text-align: justify;\">Test della testa e del blocco cilindri<\/li>\n<li style=\"text-align: justify;\">lavorazione dell&#8217;albero motore (Porsche 911&#8230;)<\/li>\n<li style=\"text-align: justify;\">ricostruzione moto monocilindriche<\/li>\n<li style=\"text-align: justify;\">ecc.<\/li>\n<\/ul>\n<\/blockquote>\n<p>Intervista a Pierre-Antoine RAMPON sull&#8217;attivit\u00e0 di progettazione motori di LORRTEC:<\/p>\n<p>&nbsp;<\/p>\n<h3 style=\"text-align: justify;\">L&#8217;officina meccanica funziona se il motore non viene assemblato internamente?<\/h3>\n<blockquote>\n<p style=\"text-align: justify;\">S\u00ec, lavoriamo sia <strong>come subappaltatori<\/strong> per i <strong>professionisti del<\/strong> settore automobilistico sia per i <strong>privati<\/strong> che assemblano i propri pezzi.<\/p>\n<\/blockquote>\n<h3 style=\"text-align: justify;\">Quali sono i punti di forza della vostra officina meccanica?<\/h3>\n<blockquote>\n<p style=\"text-align: justify;\">I nostri macchinari <strong>coprono praticamente tutte le operazioni di lavorazione<\/strong>, consentendoci di controllare la qualit\u00e0 e i tempi di consegna del nostro lavoro. Inoltre, poich\u00e9 LORRTEC \u00e8 principalmente un produttore di motori, conosciamo bene i problemi che si incontrano durante le ricostruzioni dei motori, il che ci permette di guidare il nostro lavoro di lavorazione e di evitare al cliente qualsiasi problema durante il rimontaggio.<\/p>\n<\/blockquote>\n<h3 style=\"text-align: justify;\">Quali sono le vostre scadenze?<\/h3>\n<blockquote>\n<p style=\"text-align: justify;\">A seconda dell&#8217;operazione, i nostri tempi di consegna variano da pochi giorni a qualche settimana.<\/p>\n<\/blockquote>\n<p>[\/et_pb_text][\/et_pb_column][et_pb_column type=&#8221;2_3&#8243; _builder_version=&#8221;3.25&#8243; custom_padding=&#8221;|||&#8221; custom_padding__hover=&#8221;|||&#8221;][et_pb_image src=&#8221;https:\/\/www.lorrtec.com\/wp-content\/uploads\/2018\/09\/alesage-rodage-cylindres.jpg&#8221; alt=&#8221;Alesatura e levigatura dei cilindri&#8221; show_in_lightbox=&#8221;on&#8221; align_tablet=&#8221;center&#8221; align_phone=&#8221;&#8221; align_last_edited=&#8221;on|desktop&#8221; admin_label=&#8221;al\u00e9sage et rodage des cylindres&#8221; _builder_version=&#8221;3.23&#8243;][\/et_pb_image][et_pb_image src=&#8221;https:\/\/www.lorrtec.com\/wp-content\/uploads\/2018\/09\/equilibrage-vilebrequin.jpg&#8221; alt=&#8221;bilanciamento di un albero a gomiti&#8221; show_in_lightbox=&#8221;on&#8221; align_tablet=&#8221;center&#8221; align_phone=&#8221;&#8221; align_last_edited=&#8221;on|desktop&#8221; admin_label=&#8221;\u00e9quilibrage d&#8217;un vilebrequin&#8221; _builder_version=&#8221;3.23&#8243;][\/et_pb_image][\/et_pb_column][\/et_pb_row][et_pb_row column_structure=&#8221;1_2,1_2&#8243; _builder_version=&#8221;3.25&#8243; background_size=&#8221;initial&#8221; background_position=&#8221;top_left&#8221; background_repeat=&#8221;repeat&#8221;][et_pb_column type=&#8221;1_2&#8243; _builder_version=&#8221;3.25&#8243; custom_padding=&#8221;|||&#8221; custom_padding__hover=&#8221;|||&#8221;][et_pb_text admin_label=&#8221;Quels sont les avantages d&#8217;un bo\u00eetier MOTEC par rapport \u00e0 un bo\u00eetier \u00e9lectronique d&#8217;origine ?&#8221; _builder_version=&#8221;3.27.4&#8243; text_text_color=&#8221;#ffffff&#8221; header_text_color=&#8221;#ffffff&#8221; header_2_text_color=&#8221;#ffffff&#8221; header_3_text_color=&#8221;#ffffff&#8221;]<\/p>\n<h3 style=\"text-align: justify;\">Quali sono le specialit\u00e0 della vostra officina di lavorazione dei motori?<\/h3>\n<blockquote>\n<p style=\"text-align: justify;\">In qualit\u00e0 di produttori di motori, attribuiamo grande importanza all&#8217;<strong>assenza di vibrazioni parassite<\/strong> nei nostri motori. Per raggiungere questo obiettivo, l&#8217;equilibratura dell&#8217;albero motore \u00e8 di fondamentale importanza, ed \u00e8 per questo che abbiamo investito in <strong>una macchina equilibratrice Schenck all&#8217;avanguardia e altamente precisa<\/strong>.<\/p>\n<p style=\"text-align: justify;\"><strong><\/strong><\/p>\n<p style=\"text-align: justify;\">Inoltre, disponiamo dell&#8217;attrezzatura e delle competenze necessarie per eseguire il  <strong>alesaggi del motore<\/strong>  su cilindri con<strong>  Nikasil<\/strong>  e altri  <strong>trattamenti speciali come FRM per blocchi HONDA S2000<\/strong>&#8230; Misuriamo la finitura superficiale (Ra, Rz&#8230;) dopo la lavorazione per garantire la massima tenuta delle fasce elastiche e quindi limitare il consumo di olio motore.<\/p>\n<p style=\"text-align: justify;\">\n<p style=\"text-align: justify;\">Possiamo anche rialesare i condotti dell&#8217;albero, in particolare sui motori Porsche 911 con blocchi in magnesio (e alluminio). In questo caso rettifichiamo le 2 semicasse prima di lavorare i perni di centraggio e infine di rialesare la linea. Questo processo garantisce una perfetta planarit\u00e0, che spesso manca su questi blocchi, nonch\u00e9 un allineamento preciso dei cuscinetti dell&#8217;albero motore per una maggiore affidabilit\u00e0.<\/p>\n<\/blockquote>\n<p>&nbsp;<\/p>\n<p>&nbsp;<\/p>\n<p><a href=\"https:\/\/www.lorrtec.com\/contact\/\">STIMA<\/a><\/p>\n<p>[\/et_pb_text][\/et_pb_column][et_pb_column type=&#8221;1_2&#8243; _builder_version=&#8221;3.25&#8243; custom_padding=&#8221;|||&#8221; custom_padding__hover=&#8221;|||&#8221;][et_pb_text admin_label=&#8221;DEVIS Texte&#8221; _builder_version=&#8221;3.17.2&#8243; global_module=&#8221;1015&#8243; saved_tabs=&#8221;all&#8221;]<\/p>\n<p style=\"text-align: right;\"><span class=\"fac bouton-racing2\" data-fac=\"L2NvbnRhY3Qv\">DEVIS<\/span><\/p>\n<p>[\/et_pb_text][\/et_pb_column][\/et_pb_row][et_pb_row column_structure=&#8221;1_3,2_3&#8243; module_class=&#8221; et_pb_row_fullwidth&#8221; _builder_version=&#8221;3.25&#8243; width=&#8221;89%&#8221; width_tablet=&#8221;80%&#8221; width_phone=&#8221;&#8221; width_last_edited=&#8221;on|desktop&#8221; max_width=&#8221;89%&#8221; max_width_tablet=&#8221;80%&#8221; max_width_phone=&#8221;&#8221; max_width_last_edited=&#8221;on|desktop&#8221; make_fullwidth=&#8221;on&#8221;][et_pb_column type=&#8221;1_3&#8243; _builder_version=&#8221;3.25&#8243; custom_padding=&#8221;|||&#8221; custom_padding__hover=&#8221;|||&#8221;][et_pb_text admin_label=&#8221;Comment se fait la mise au point ?&#8221; _builder_version=&#8221;3.27.4&#8243; text_text_color=&#8221;#ffffff&#8221; header_text_color=&#8221;#ffffff&#8221; header_2_text_color=&#8221;#ffffff&#8221; header_3_text_color=&#8221;#ffffff&#8221;]<\/p>\n<h3 style=\"text-align: justify;\">Come viene bilanciato un albero a gomiti?<\/h3>\n<blockquote>\n<p style=\"text-align: justify;\">Per un<strong>  bilanciamento<\/strong>  Per la corretta configurazione a motore basso, \u00e8 necessario che ci venga fornito l&#8217;intero &#8220;gancio mobile&#8221;, cio\u00e8 il<strong>tutte le parti rotanti collegate all&#8217;albero a gomiti (smorzatore, volano, frizione, pignoni e pulegge, viti, ecc.).  <\/strong>Si inizia con l&#8217;equilibratura del solo albero a gomiti, poi del volano e si termina con un controllo dell&#8217;insieme completo. Siamo in grado di equilibrare anche gli alberi a gomito di motori a 3 e 5 cilindri, nonch\u00e9 di motori a V, che richiedono il calcolo e la produzione di pesi di equilibratura (&#8220;bobweights&#8221;) in base alle masse alternate e rotanti legate ai perni di manovella (bielle e pistoni).<strong><br \/><\/strong><\/p>\n<\/blockquote>\n<p>[\/et_pb_text][\/et_pb_column][et_pb_column type=&#8221;2_3&#8243; _builder_version=&#8221;3.25&#8243; custom_padding=&#8221;|||&#8221; custom_padding__hover=&#8221;|||&#8221;][et_pb_image src=&#8221;https:\/\/www.lorrtec.com\/wp-content\/uploads\/2018\/09\/rectification-sieges-soupapes.jpg&#8221; alt=&#8221;rettifica della sede della valvola&#8221; show_in_lightbox=&#8221;on&#8221; align_tablet=&#8221;center&#8221; align_phone=&#8221;&#8221; align_last_edited=&#8221;on|desktop&#8221; admin_label=&#8221;rectification de si\u00e8ges de soupapes&#8221; _builder_version=&#8221;3.23&#8243;][\/et_pb_image][\/et_pb_column][\/et_pb_row][et_pb_row column_structure=&#8221;1_3,2_3&#8243; module_class=&#8221; et_pb_row_fullwidth&#8221; _builder_version=&#8221;3.25&#8243; width=&#8221;89%&#8221; width_tablet=&#8221;80%&#8221; width_phone=&#8221;&#8221; width_last_edited=&#8221;on|desktop&#8221; max_width=&#8221;89%&#8221; max_width_tablet=&#8221;80%&#8221; max_width_phone=&#8221;&#8221; max_width_last_edited=&#8221;on|desktop&#8221; make_fullwidth=&#8221;on&#8221;][et_pb_column type=&#8221;1_3&#8243; _builder_version=&#8221;3.25&#8243; custom_padding=&#8221;|||&#8221; custom_padding__hover=&#8221;|||&#8221;][et_pb_text admin_label=&#8221;DEVIS Texte&#8221; _builder_version=&#8221;3.17.2&#8243; global_module=&#8221;1015&#8243; saved_tabs=&#8221;all&#8221;]<\/p>\n<p style=\"text-align: right;\"><span class=\"fac bouton-racing2\" data-fac=\"L2NvbnRhY3Qv\">DEVIS<\/span><\/p>\n<p>[\/et_pb_text][\/et_pb_column][et_pb_column type=&#8221;2_3&#8243; _builder_version=&#8221;3.25&#8243; custom_padding=&#8221;|||&#8221; custom_padding__hover=&#8221;|||&#8221;][et_pb_image src=&#8221;https:\/\/www.lorrtec.com\/wp-content\/uploads\/2018\/09\/rectification-usinage-culasses.jpg&#8221; alt=&#8221;rettifica e lavorazione delle teste dei cilindri&#8221; show_in_lightbox=&#8221;on&#8221; align_tablet=&#8221;center&#8221; align_phone=&#8221;&#8221; align_last_edited=&#8221;on|desktop&#8221; admin_label=&#8221;rectification et usinage d&#8217;une culasses&#8221; _builder_version=&#8221;3.23&#8243;][\/et_pb_image][et_pb_image src=&#8221;https:\/\/www.lorrtec.com\/wp-content\/uploads\/2018\/09\/rectification-usinage-seiges-soupapes.jpg&#8221; alt=&#8221;lavorazione delle sedi delle valvole&#8221; show_in_lightbox=&#8221;on&#8221; align_tablet=&#8221;center&#8221; align_phone=&#8221;&#8221; align_last_edited=&#8221;on|desktop&#8221; admin_label=&#8221;rectification usinage si\u00e8ges de soupapes&#8221; _builder_version=&#8221;3.23&#8243;][\/et_pb_image][et_pb_image src=&#8221;https:\/\/www.lorrtec.com\/wp-content\/uploads\/2018\/09\/soudure.jpg&#8221; alt=&#8221;Saldatura TIG&#8221; show_in_lightbox=&#8221;on&#8221; align_tablet=&#8221;center&#8221; align_phone=&#8221;&#8221; align_last_edited=&#8221;on|desktop&#8221; admin_label=&#8221;soudure TIG&#8221; _builder_version=&#8221;3.23&#8243;][\/et_pb_image][\/et_pb_column][\/et_pb_row][\/et_pb_section][et_pb_section fb_built=&#8221;1&#8243; _builder_version=&#8221;3.15&#8243; background_color=&#8221;#1d1d1d&#8221; background_image=&#8221;https:\/\/www.lorrtec.com\/wp-content\/uploads\/2018\/09\/bandeau-lorrtec.jpg&#8221; global_module=&#8221;271&#8243;][et_pb_row _builder_version=&#8221;3.25&#8243; background_size=&#8221;initial&#8221; background_position=&#8221;top_left&#8221; background_repeat=&#8221;repeat&#8221;][et_pb_column type=&#8221;4_4&#8243; _builder_version=&#8221;3.25&#8243; custom_padding=&#8221;|||&#8221; custom_padding__hover=&#8221;|||&#8221;][et_pb_text admin_label=&#8221;Pr\u00e9sentation de l&#8217;activit\u00e9 d&#8217;installation, et de mise au point de bo\u00eetiers \u00e9lectroniques MOTEC de LORRTEC.&#8221; _builder_version=&#8221;3.27.4&#8243; text_text_color=&#8221;#ffffff&#8221; header_text_color=&#8221;#ffffff&#8221; header_2_text_align=&#8221;center&#8221; header_2_text_color=&#8221;#ffffff&#8221; header_3_text_color=&#8221;#ffffff&#8221;]<\/p>\n<h2>Tutte le attivit\u00e0 LORRTEC<\/h2>\n<p>[\/et_pb_text][\/et_pb_column][\/et_pb_row][et_pb_row column_structure=&#8221;1_3,1_3,1_3&#8243; _builder_version=&#8221;3.25&#8243; custom_margin=&#8221;||0px|&#8221; custom_padding=&#8221;||0px|&#8221;][et_pb_column type=&#8221;1_3&#8243; _builder_version=&#8221;3.25&#8243; custom_padding=&#8221;|||&#8221; custom_padding__hover=&#8221;|||&#8221;][et_pb_code admin_label=&#8221;UFFICIO PROGETTAZIONE&#8221; text_orientation=&#8221;center&#8221;]<a class=\"bouton-racing2\" href=\"https:\/\/www.lorrtec.com\/it\/ufficio-progettazione-motori\/\">UFFICIO PROGETTAZIONE<\/a>[\/et_pb_code][\/et_pb_column][et_pb_column type=&#8221;1_3&#8243; _builder_version=&#8221;3.25&#8243; custom_padding=&#8221;|||&#8221; custom_padding__hover=&#8221;|||&#8221;][et_pb_code admin_label=&#8221;GRUPPO MOTORE&#8221; text_orientation=&#8221;center&#8221;]<a class=\"bouton-racing2\" href=\"https:\/\/www.lorrtec.com\/it\/montaggio-del-motore-lorrtec-motoriste-competition-et-collection\/\">GRUPPO MOTORE<\/a>[\/et_pb_code][\/et_pb_column][et_pb_column type=&#8221;1_3&#8243; _builder_version=&#8221;3.25&#8243; custom_padding=&#8221;|||&#8221; custom_padding__hover=&#8221;|||&#8221;][et_pb_code admin_label=&#8221;LAVORAZIONE E BILANCIAMENTO&#8221; text_orientation=&#8221;center&#8221;]<a class=\"bouton-racing2\" href=\"https:\/\/www.lorrtec.com\/it\/lavorazione-ed-equilibratura-del-motore-lorrtec-motoren\/\">BILANCIAMENTO DELLA LAVORAZIONE<\/a>[\/et_pb_code][\/et_pb_column][\/et_pb_row][et_pb_row column_structure=&#8221;1_3,1_3,1_3&#8243; _builder_version=&#8221;3.25&#8243; custom_margin=&#8221;0px||0px|&#8221; custom_padding=&#8221;0px||0px|&#8221;][et_pb_column type=&#8221;1_3&#8243; _builder_version=&#8221;3.25&#8243; custom_padding=&#8221;|||&#8221; custom_padding__hover=&#8221;|||&#8221;][et_pb_code admin_label=&#8221;ELETTRONICA E CABLAGGIO&#8221; text_orientation=&#8221;center&#8221;]<a class=\"bouton-racing2\" href=\"https:\/\/www.lorrtec.com\/electronique-cablage\/\">ELETTRONICA E CABLAGGIO<\/a>[\/et_pb_code][\/et_pb_column][et_pb_column type=&#8221;1_3&#8243; _builder_version=&#8221;3.25&#8243; custom_padding=&#8221;|||&#8221; custom_padding__hover=&#8221;|||&#8221;][et_pb_code admin_label=&#8221;BANCHE D&apos;ORGANO&#8221; text_orientation=&#8221;center&#8221;]<a class=\"bouton-racing2\" href=\"https:\/\/www.lorrtec.com\/metrologie\/\">METROLOGIA<\/a>[\/et_pb_code][\/et_pb_column][et_pb_column type=&#8221;1_3&#8243; _builder_version=&#8221;3.25&#8243; custom_padding=&#8221;|||&#8221; custom_padding__hover=&#8221;|||&#8221;][et_pb_code admin_label=&#8221;TEST DEL MOTORE&#8221; text_orientation=&#8221;center&#8221;]<a class=\"bouton-racing2\" href=\"https:\/\/www.lorrtec.com\/banc-essai\/\">BANCHI DI PROVA<\/a>[\/et_pb_code][\/et_pb_column][\/et_pb_row][et_pb_row column_structure=&#8221;1_3,1_3,1_3&#8243; _builder_version=&#8221;3.25&#8243; custom_margin=&#8221;0px||0px|&#8221; custom_padding=&#8221;0px||0px|&#8221;][et_pb_column type=&#8221;1_3&#8243; _builder_version=&#8221;3.25&#8243; custom_padding=&#8221;|||&#8221; custom_padding__hover=&#8221;|||&#8221;][et_pb_code admin_label=&#8221;ASSISTENZA  &#8221; text_orientation=&#8221;center&#8221;]<a class=\"bouton-racing2\" href=\"https:\/\/www.lorrtec.com\/assistance\/\">ASSISTENZA AL CIRCUITO\/ALLA GARA<\/a>[\/et_pb_code][\/et_pb_column][et_pb_column type=&#8221;1_3&#8243; _builder_version=&#8221;3.25&#8243; custom_padding=&#8221;|||&#8221; custom_padding__hover=&#8221;|||&#8221;][et_pb_code admin_label=&#8221;ASSISTENZA  &#8221; _builder_version=&#8221;4.4.6&#8243; text_orientation=&#8221;center&#8221;]<a class=\"bouton-racing2\" href=\"https:\/\/www.lorrtec.com\/equilibrage-de-vilebrequin-v6-v8-v10-v12\/\">BILANCIAMENTO V6 V8 V10 V12<\/a>[\/et_pb_code][\/et_pb_column][et_pb_column type=&#8221;1_3&#8243; _builder_version=&#8221;3.25&#8243; custom_padding=&#8221;|||&#8221; custom_padding__hover=&#8221;|||&#8221;][et_pb_code admin_label=&#8221;vendita di motori&#8221; text_orientation=&#8221;center&#8221;]<a class=\"bouton-racing2\" href=\"https:\/\/www.lorrtec.com\/it\/vendite-di-motori-ford-cosworth-bda-bdg-yb-pinto-e-bmw-s14-m3\/\">VENDITA DI MOTORI<\/a>[\/et_pb_code][\/et_pb_column][\/et_pb_row][et_pb_row _builder_version=&#8221;3.25&#8243; custom_css_before=&#8221;content: %22%22;|| display: inline-block;|| position: absolute;|| background-image: url(\/wp-content\/uploads\/2018\/09\/home-title-bg.png);|| width: 382px;|| height: 382px;|| top: 0;|| left: 50%;|| margin-left: -191px;|| animation: rotate 60s infinite linear;&#8221; custom_css_main_element=&#8221;position: relative;|| margin-top: 0px;|| padding-bottom: 8rem;|| padding-top: 8rem;|| min-height: 350px;|| color: #fff;&#8221; custom_css_after=&#8221;content: %22%22;|| display: inline-block;|| position: absolute;|| background-image: url(\/wp-content\/uploads\/2018\/09\/home-title-after.png);|| width: 142px;|| height: 142px;|| top: -51px;|| left: 50%;|| margin-left: -71px;|| animation: rotate 40s infinite linear;|| animation-direction: reverse;|| -webkit-animation-direction: reverse;|| -moz-animation-direction: reverse;&#8221;][et_pb_column type=&#8221;4_4&#8243; _builder_version=&#8221;3.25&#8243; custom_padding=&#8221;|||&#8221; custom_padding__hover=&#8221;|||&#8221;][et_pb_text _builder_version=&#8221;3.27.4&#8243; header_text_align=&#8221;center&#8221; header_text_color=&#8221;#ffffff&#8221; header_2_text_align=&#8221;center&#8221; header_2_text_color=&#8221;#ffffff&#8221;]<\/p>\n<p><img loading=\"lazy\" decoding=\"async\" class=\"size-full wp-image-53 aligncenter\" src=\"https:\/\/www.lorrtec.com\/wp-content\/uploads\/2018\/10\/logo-lorrtec-seul.png\" alt=\"LORRTEC\" width=\"299\" height=\"58\"><\/p>\n<h2>MOTORISTA<\/h2>\n<h2>COMPETIZIONE E RACCOLTA<\/h2>\n<p>[\/et_pb_text][\/et_pb_column][\/et_pb_row][\/et_pb_section]<\/p>\n","protected":false},"excerpt":{"rendered":"<p>Lavorazione ed equilibratura del motore COMPETIZIONE E RACCOLTA In particolare, abbiamo sviluppato il bilanciamento dei motori V6, V8, V10 e V12&#8230;&gt; L&#8217;officina di lavorazione e rettifica dei motori LORRTEC esegue le seguenti operazioni: Tornitura, fresatura convenzionale e CNC Rettifica del blocco motore e della testa del cilindro Rettifica delle valvole Sostituzione e correzione delle sedi [&hellip;]<\/p>\n","protected":false},"author":1,"featured_media":0,"parent":0,"menu_order":0,"comment_status":"closed","ping_status":"closed","template":"","meta":{"_et_pb_use_builder":"on","_et_pb_old_content":"","_et_gb_content_width":"","footnotes":""},"class_list":["post-2466","page","type-page","status-publish","hentry"],"_links":{"self":[{"href":"https:\/\/www.lorrtec.com\/it\/wp-json\/wp\/v2\/pages\/2466","targetHints":{"allow":["GET"]}}],"collection":[{"href":"https:\/\/www.lorrtec.com\/it\/wp-json\/wp\/v2\/pages"}],"about":[{"href":"https:\/\/www.lorrtec.com\/it\/wp-json\/wp\/v2\/types\/page"}],"author":[{"embeddable":true,"href":"https:\/\/www.lorrtec.com\/it\/wp-json\/wp\/v2\/users\/1"}],"replies":[{"embeddable":true,"href":"https:\/\/www.lorrtec.com\/it\/wp-json\/wp\/v2\/comments?post=2466"}],"version-history":[{"count":2,"href":"https:\/\/www.lorrtec.com\/it\/wp-json\/wp\/v2\/pages\/2466\/revisions"}],"predecessor-version":[{"id":2540,"href":"https:\/\/www.lorrtec.com\/it\/wp-json\/wp\/v2\/pages\/2466\/revisions\/2540"}],"wp:attachment":[{"href":"https:\/\/www.lorrtec.com\/it\/wp-json\/wp\/v2\/media?parent=2466"}],"curies":[{"name":"wp","href":"https:\/\/api.w.org\/{rel}","templated":true}]}}