 {"id":2527,"date":"2023-10-22T15:18:57","date_gmt":"2023-10-22T15:18:57","guid":{"rendered":"https:\/\/www.lorrtec.com\/assistenza-ai-circuiti-e-ai-rally-acquisizione-e-analisi-dei-dati\/"},"modified":"2023-10-22T15:19:01","modified_gmt":"2023-10-22T15:19:01","slug":"assistenza-ai-circuiti-e-ai-rally-acquisizione-e-analisi-dei-dati","status":"publish","type":"page","link":"https:\/\/www.lorrtec.com\/it\/assistenza-ai-circuiti-e-ai-rally-acquisizione-e-analisi-dei-dati\/","title":{"rendered":"Assistenza ai circuiti e ai rally, acquisizione e analisi dei dati"},"content":{"rendered":"<p>[et_pb_section bb_built=&#8221;1&#8243; next_background_color=&#8221;#000000&#8243; _builder_version=&#8221;3.15&#8243; background_image=&#8221;https:\/\/www.lorrtec.com\/wp-content\/uploads\/2018\/09\/bandeau-lorrtec.jpg&#8221; bottom_divider_style=&#8221;arrow&#8221;][et_pb_row custom_css_before_1=&#8221;content: %22%22;|| display: inline-block;|| position: absolute;|| background-image: url(\/wp-content\/uploads\/2018\/09\/home-title-bg.png);|| width: 382px;|| height: 382px;|| top: 0;|| left: 50%;|| margin-left: -191px;|| animation: rotate 60s infinite linear;&#8221; custom_css_main_1=&#8221;position: relative;|| margin-top: 0px;|| padding-bottom: 8rem;|| padding-top: 8rem;|| min-height: 350px;|| color: #fff;&#8221; custom_css_after_1=&#8221;content: %22%22;|| display: inline-block;|| position: absolute;|| background-image: url(\/wp-content\/uploads\/2018\/09\/home-title-after.png);|| width: 142px;|| height: 142px;|| top: -51px;|| left: 50%;|| margin-left: -71px;|| animation: rotate 40s infinite linear;|| animation-direction: reverse;|| -webkit-animation-direction: reverse;|| -moz-animation-direction: reverse;&#8221; _builder_version=&#8221;3.15&#8243; background_size=&#8221;initial&#8221; background_position=&#8221;top_left&#8221; background_repeat=&#8221;repeat&#8221;][et_pb_column type=&#8221;1_2&#8243;][et_pb_text _builder_version=&#8221;3.17.2&#8243; header_font=&#8221;|||on|||||&#8221; header_text_align=&#8221;center&#8221; header_text_color=&#8221;#ffffff&#8221; header_font_size=&#8221;26px&#8221; header_2_text_align=&#8221;center&#8221; header_2_text_color=&#8221;#ffffff&#8221;]<\/p>\n<p><img loading=\"lazy\" decoding=\"async\" class=\"size-full wp-image-53 aligncenter\" src=\"https:\/\/www.lorrtec.com\/wp-content\/uploads\/2018\/10\/logo-lorrtec-seul.png\" alt=\"LORRTEC\" width=\"299\" height=\"58\"><\/p>\n<h1>Assistenza al circuito\/alla gara<\/h1>\n<h1>COMPETIZIONE E RACCOLTA<\/h1>\n<p>[\/et_pb_text][\/et_pb_column][et_pb_column type=&#8221;1_2&#8243;][et_pb_text admin_label=&#8221;pr\u00e9sentation&#8221; _builder_version=&#8221;3.15&#8243; text_text_color=&#8221;#ffffff&#8221; text_font_size=&#8221;18px&#8221; header_text_color=&#8221;#ffffff&#8221; header_2_text_color=&#8221;#ffffff&#8221; header_3_text_color=&#8221;#ffffff&#8221; custom_padding=&#8221;50px|||&#8221;]<\/p>\n<p style=\"text-align: justify;\"><strong>LORRTEC  <\/strong>in Francia e all&#8217;estero.<strong>  ingegneri e tecnici qualificati<\/strong>  per assistervi in pista o nei rally quando il funzionamento del veicolo richiede un elevato grado di competenza tecnica  <strong>(Prototipi sportivi del Gruppo C, Formula 1 storica, rally-raid, ecc.)<\/strong>  o durante i grandi eventi classici come il  <strong>Tour de Corse storico<\/strong>  o  <strong>Le Mans Classique<\/strong>.<\/p>\n<p style=\"text-align: justify;\">\u00c8 disponibile un&#8217;ampia gamma di servizi, tra cui l&#8217;implementazione di diverse soluzioni per la gestione delle risorse umane.<strong>le impostazioni del motore tra le prove e la gara,<\/strong>  ottimizzare il consumo di carburante e le prestazioni in funzione delle condizioni esterne, modificando e adattando le caratteristiche del motore per  <strong>facilitare l&#8217;utilizzo del veicolo,  <\/strong>analisi dei dati per  <strong>consentire ai conducenti di migliorare le proprie prestazioni<\/strong>  (assistito dall&#8217;esperienza di un pilota professionista).<\/p>\n<p>[\/et_pb_text][et_pb_gallery gallery_ids=&#8221;2557,2559&#8243; posts_number=&#8221;3&#8243; show_title_and_caption=&#8221;off&#8221; show_pagination=&#8221;off&#8221; _builder_version=&#8221;3.17.2&#8243;]<br \/>\n[\/et_pb_gallery][\/et_pb_column][\/et_pb_row][\/et_pb_section][et_pb_section bb_built=&#8221;1&#8243; _builder_version=&#8221;3.15&#8243; background_color=&#8221;#000000&#8243; background_image=&#8221;https:\/\/www.lorrtec.com\/wp-content\/uploads\/2018\/09\/fond-moteur-droit.png&#8221; prev_background_color=&#8221;#ffffff&#8221; next_background_color=&#8221;#1d1d1d&#8221;][et_pb_row _builder_version=&#8221;3.0.48&#8243; background_size=&#8221;initial&#8221; background_position=&#8221;top_left&#8221; background_repeat=&#8221;repeat&#8221;][et_pb_column type=&#8221;4_4&#8243;][et_pb_text admin_label=&#8221;Pr\u00e9sentation de l&#8217;activit\u00e9 d&#8217;assistance et de suivi de v\u00e9hicules sur circuit de LORRTEC&#8221; _builder_version=&#8221;3.17.2&#8243; text_text_color=&#8221;#ffffff&#8221; header_text_color=&#8221;#ffffff&#8221; header_2_text_align=&#8221;center&#8221; header_2_text_color=&#8221;#ffffff&#8221; header_3_text_color=&#8221;#ffffff&#8221;]<\/p>\n<h2>Presentazione dell&#8217;attivit\u00e0 di assistenza e monitoraggio dei veicoli da rally e da circuito di LORRTEC<\/h2>\n<p>[\/et_pb_text][\/et_pb_column][\/et_pb_row][et_pb_row make_fullwidth=&#8221;on&#8221; _builder_version=&#8221;3.15&#8243;][et_pb_column type=&#8221;1_3&#8243;][et_pb_text admin_label=&#8221;L&#8217;assistance sur piste est un activit\u00e9 m\u00e9connue de LORRTEC&#8221; _builder_version=&#8221;3.17.2&#8243; text_text_color=&#8221;#ffffff&#8221; header_text_color=&#8221;#ffffff&#8221; header_2_text_color=&#8221;#ffffff&#8221; header_3_text_color=&#8221;#ffffff&#8221;]<\/p>\n<p style=\"text-align: justify;\">Intervista a Pierre-Antoine RAMPON (direttore di LORRTEC):<\/p>\n<h3 style=\"text-align: justify;\">Quando offrite questo tipo di servizio?<\/h3>\n<blockquote>\n<p style=\"text-align: justify;\">Controlliamo principalmente i motori e i lavori eseguiti internamente. In genere si tratta di veicoli di alta gamma che devono essere monitorati da vicino, ed \u00e8 per questo che seguiamo un gran numero di prototipi sportivi<strong> del Gruppo C<\/strong>, ad esempio. Lavoriamo anche su alcuni grandi eventi storici come lo <strong>storico Tour de Corse<\/strong>, <strong>Le Mans Classic<\/strong> e il moderno Rally-Raid con la <strong>Dakar<\/strong>.<\/p>\n<p style=\"text-align: justify;\">In questo caso, ci occupiamo del monitoraggio del motore: calcoliamo il consumo di carburante e determiniamo i livelli di potenza per le qualifiche e la gara. Installiamo anche sistemi di acquisizione dati collegati ai video (Vbox Racelogic) che ci permettono di lavorare sui tempi intermedi (giro per giro) e quindi di far progredire pi\u00f9 velocemente il pilota. Forniamo servizi \u00e0 la carte.<\/p>\n<\/blockquote>\n<p>[\/et_pb_text][\/et_pb_column][et_pb_column type=&#8221;2_3&#8243;][et_pb_image admin_label=&#8221;Jaguar XJR14 sur circuit du Castellet maintenance sur piste&#8221; src=&#8221;https:\/\/www.lorrtec.com\/wp-content\/uploads\/2018\/10\/Jaguar-XJR14-Castellet-maintenance-sur-piste.jpg&#8221; alt=&#8221;Jaguar XJR14 sul circuito di Castellet per la manutenzione della pista&#8221; show_in_lightbox=&#8221;on&#8221; _builder_version=&#8221;3.17.2&#8243;]<br \/>\n[\/et_pb_image][\/et_pb_column][\/et_pb_row][et_pb_row _builder_version=&#8221;3.0.48&#8243; background_size=&#8221;initial&#8221; background_position=&#8221;top_left&#8221; background_repeat=&#8221;repeat&#8221;][et_pb_column type=&#8221;1_2&#8243;][et_pb_text admin_label=&#8221;Quels sont les avantages d&#8217;un bo\u00eetier MOTEC par rapport \u00e0 un bo\u00eetier \u00e9lectronique d&#8217;origine ?&#8221; _builder_version=&#8221;3.15&#8243; text_text_color=&#8221;#ffffff&#8221; header_text_color=&#8221;#ffffff&#8221; header_2_text_color=&#8221;#ffffff&#8221; header_3_text_color=&#8221;#ffffff&#8221;]<\/p>\n<h3><\/h3>\n<p>[\/et_pb_text][\/et_pb_column][et_pb_column type=&#8221;1_2&#8243;][et_pb_text admin_label=&#8221;DEVIS Texte&#8221; _builder_version=&#8221;3.17.2&#8243; global_module=&#8221;1015&#8243; saved_tabs=&#8221;all&#8221;]<\/p>\n<p style=\"text-align: right;\"><span class=\"fac bouton-racing2\" data-fac=\"L2NvbnRhY3Qv\">DEVIS<\/span><\/p>\n<p>[\/et_pb_text][\/et_pb_column][\/et_pb_row][et_pb_row make_fullwidth=&#8221;on&#8221; _builder_version=&#8221;3.15&#8243;][et_pb_column type=&#8221;1_3&#8243;][et_pb_text admin_label=&#8221;Comment se fait la mise au point ?&#8221; _builder_version=&#8221;3.15&#8243; text_text_color=&#8221;#ffffff&#8221; header_text_color=&#8221;#ffffff&#8221; header_2_text_color=&#8221;#ffffff&#8221; header_3_text_color=&#8221;#ffffff&#8221;]<\/p>\n<h3>Cosa ci guadagna il cliente?<\/h3>\n<blockquote>\n<p style=\"text-align: justify;\">Sfruttare appieno il potenziale dell&#8217;auto e del motore!<\/p>\n<p style=\"text-align: justify;\">Grazie alle moderne risorse tecniche, siamo in grado di analizzare rapidamente i punti deboli di un veicolo e del suo conducente e di individuare molto rapidamente il problema senza dover effettuare molti test. Un pilota professionista e un gentleman driver hanno differenze di tempo in alcuni punti molto precisi di un circuito. Riusciamo a ridurre questi divari basandoci sulle nostre analisi e parlando con i conducenti. Le nostre analisi dei dati del motore sono spesso integrate dall&#8217;esperienza di piloti professionisti.<\/p>\n<\/blockquote>\n<p>[\/et_pb_text][\/et_pb_column][et_pb_column type=&#8221;2_3&#8243;][et_pb_image admin_label=&#8221;assistance rallye Raid Maroc&#8221; src=&#8221;https:\/\/www.lorrtec.com\/wp-content\/uploads\/2018\/11\/assistance-rallye-raid-maroc.jpg&#8221; alt=&#8221;assistenza rally Raid Maroc&#8221; show_in_lightbox=&#8221;on&#8221; _builder_version=&#8221;3.17.2&#8243;]<br \/>\n[\/et_pb_image][\/et_pb_column][\/et_pb_row][et_pb_row make_fullwidth=&#8221;on&#8221; _builder_version=&#8221;3.15&#8243;][et_pb_column type=&#8221;1_3&#8243;][et_pb_text admin_label=&#8221;Comment connecter le bo\u00eetier \u00e0 des capteurs d&#8217;origines ?&#8221; _builder_version=&#8221;3.15&#8243; text_text_color=&#8221;#ffffff&#8221; header_text_color=&#8221;#ffffff&#8221; header_2_text_color=&#8221;#ffffff&#8221; header_3_text_color=&#8221;#ffffff&#8221;]<\/p>\n<h3><\/h3>\n<p>[\/et_pb_text][et_pb_text admin_label=&#8221;DEVIS Texte&#8221; _builder_version=&#8221;3.17.2&#8243; global_module=&#8221;1015&#8243; saved_tabs=&#8221;all&#8221;]<\/p>\n<p style=\"text-align: right;\"><span class=\"fac bouton-racing2\" data-fac=\"L2NvbnRhY3Qv\">DEVIS<\/span><\/p>\n<p>[\/et_pb_text][\/et_pb_column][et_pb_column type=&#8221;2_3&#8243;][et_pb_image admin_label=&#8221;assistance sur piste Lola T296 DIJON PRENOIS acquisition de donn\u00e9es VBOX&#8221; src=&#8221;https:\/\/www.lorrtec.com\/wp-content\/uploads\/2018\/10\/assistance-sur-piste-lola-t296-DIJON-PRENOIS-acquisition-donnees-VBOX.jpg&#8221; alt=&#8221;Assistenza in pista Lola T296 DIJON PRENOIS Acquisizione dati VBOX&#8221; show_in_lightbox=&#8221;on&#8221; _builder_version=&#8221;3.17.2&#8243;]<br \/>\n[\/et_pb_image][et_pb_image admin_label=&#8221;groupeC Jaguar Slik Cut voie des stands Spa Francorchamps&#8221; src=&#8221;https:\/\/www.lorrtec.com\/wp-content\/uploads\/2018\/10\/groupeC-jaguar-slik-cut-voie-des-stands-spa-francorchamps-2.jpg&#8221; alt=&#8221;GruppoC Jaguar Slik Cut pit lane Spa Francorchamps&#8221; show_in_lightbox=&#8221;on&#8221; _builder_version=&#8221;3.17.2&#8243;]<br \/>\n[\/et_pb_image][et_pb_image admin_label=&#8221;r\u00e9glages moteur Spice Groupe C V8 Cosworth Le Mans classic&#8221; src=&#8221;https:\/\/www.lorrtec.com\/wp-content\/uploads\/2018\/10\/reglages-moteur-spice-groupeC-v8-cosworth-le-mans-classic-1200.jpg&#8221; alt=&#8221;Messa a punto del motore Spice Group C V8 Cosworth Le Mans classic&#8221; show_in_lightbox=&#8221;on&#8221; _builder_version=&#8221;3.17.2&#8243;]<br \/>\n[\/et_pb_image][\/et_pb_column][\/et_pb_row][\/et_pb_section][et_pb_section bb_built=&#8221;1&#8243; _builder_version=&#8221;3.15&#8243; background_color=&#8221;#1d1d1d&#8221; background_image=&#8221;https:\/\/www.lorrtec.com\/wp-content\/uploads\/2018\/09\/bandeau-lorrtec.jpg&#8221; prev_background_color=&#8221;#000000&#8243; global_module=&#8221;271&#8243;][et_pb_row global_parent=&#8221;271&#8243; _builder_version=&#8221;3.0.47&#8243; background_size=&#8221;initial&#8221; background_position=&#8221;top_left&#8221; background_repeat=&#8221;repeat&#8221;][et_pb_column type=&#8221;4_4&#8243;][et_pb_text admin_label=&#8221;Pr\u00e9sentation de l&#8217;activit\u00e9 d&#8217;installation, et de mise au point de bo\u00eetiers \u00e9lectroniques MOTEC de LORRTEC.&#8221; global_parent=&#8221;271&#8243; _builder_version=&#8221;3.15&#8243; text_text_color=&#8221;#ffffff&#8221; header_text_color=&#8221;#ffffff&#8221; header_2_text_align=&#8221;center&#8221; header_2_text_color=&#8221;#ffffff&#8221; header_3_text_color=&#8221;#ffffff&#8221;]<\/p>\n<h2>Tutte le attivit\u00e0 LORRTEC<\/h2>\n<p>[\/et_pb_text][\/et_pb_column][\/et_pb_row][et_pb_row global_parent=&#8221;271&#8243; custom_padding=&#8221;||0px|&#8221; custom_margin=&#8221;||0px|&#8221; _builder_version=&#8221;3.15&#8243;][et_pb_column type=&#8221;1_3&#8243;][et_pb_code admin_label=&#8221;UFFICIO PROGETTAZIONE&#8221; global_parent=&#8221;271&#8243; _builder_version=&#8221;3.15&#8243; text_orientation=&#8221;center&#8221;]&lt;a class=&#8221;bouton-racing2&#8243; href=&#8221;\/bureau-etudes-moteur\/&#8221;&gt;BUREAU D&#8217;ETUDES&lt;\/a&gt;[\/et_pb_code][\/et_pb_column][et_pb_column type=&#8221;1_3&#8243;][et_pb_code admin_label=&#8221;GRUPPO MOTORE&#8221; global_parent=&#8221;271&#8243; _builder_version=&#8221;3.15&#8243; text_orientation=&#8221;center&#8221;]&lt;a class=&#8221;bouton-racing2&#8243; href=&#8221;\/montage-moteur\/&#8221;&gt;MONTAGE MOTEUR&lt;\/a&gt;[\/et_pb_code][\/et_pb_column][et_pb_column type=&#8221;1_3&#8243;][et_pb_code admin_label=&#8221;LAVORAZIONE E BILANCIAMENTO&#8221; global_parent=&#8221;271&#8243; _builder_version=&#8221;3.15&#8243; text_orientation=&#8221;center&#8221;]&lt;a class=&#8221;bouton-racing2&#8243; href=&#8221;\/usinage-equilibrage-moteur\/&#8221;&gt;USINAGE EQUILIBRAGE&lt;\/a&gt;[\/et_pb_code][\/et_pb_column][\/et_pb_row][et_pb_row global_parent=&#8221;271&#8243; custom_padding=&#8221;0px||0px|&#8221; custom_margin=&#8221;0px||0px|&#8221; _builder_version=&#8221;3.15&#8243;][et_pb_column type=&#8221;1_3&#8243;][et_pb_code admin_label=&#8221;ELETTRONICA E CABLAGGIO&#8221; global_parent=&#8221;271&#8243; _builder_version=&#8221;3.15&#8243; text_orientation=&#8221;center&#8221;]&lt;a class=&#8221;bouton-racing2&#8243; href=&#8221;\/electronique-cablage\/&#8221;&gt;ELETTRONICA E CABLAGGIO&lt;\/a&gt;[\/et_pb_code][\/et_pb_column][et_pb_column type=&#8221;1_3&#8243;][et_pb_code admin_label=&#8221;BANCHE D&apos;ORGANO&#8221; global_parent=&#8221;271&#8243; _builder_version=&#8221;3.15&#8243; text_orientation=&#8221;center&#8221;]&lt;a class=&#8221;bouton-racing2&#8243; href=&#8221;\/metrologia\/&#8221;&gt;METROLOGIA&lt;\/a&gt;[\/et_pb_code][\/et_pb_column][et_pb_column type=&#8221;1_3&#8243;][et_pb_code admin_label=&#8221;TEST DEL MOTORE&#8221; global_parent=&#8221;271&#8243; _builder_version=&#8221;3.15&#8243; text_orientation=&#8221;center&#8221;]&lt;a class=&#8221;bouton-racing2&#8243; href=&#8221;\/banc-essai\/&#8221;&gt;TEST BANKS&lt;\/a&gt;[\/et_pb_code][\/et_pb_column][\/et_pb_row][et_pb_row global_parent=&#8221;271&#8243; custom_padding=&#8221;0px||0px|&#8221; custom_margin=&#8221;0px||0px|&#8221; _builder_version=&#8221;3.15&#8243;][et_pb_column type=&#8221;1_3&#8243;][et_pb_code admin_label=&#8221;ASSISTENZA  &#8221; global_parent=&#8221;271&#8243; _builder_version=&#8221;3.17.2&#8243; text_orientation=&#8221;center&#8221;]&lt;a class=&#8221;bouton-racing2&#8243; href=&#8221;\/assistenza\/&#8221;&gt;CIRCUITO DI ASSISTENZA\/RALLYE&lt;\/a&gt;[\/et_pb_code][\/et_pb_column][et_pb_column type=&#8221;1_3&#8243;][\/et_pb_column][et_pb_column type=&#8221;1_3&#8243;][et_pb_code admin_label=&#8221;vendita di motori&#8221; global_parent=&#8221;271&#8243; _builder_version=&#8221;3.16.1&#8243; text_orientation=&#8221;center&#8221;]&lt;a class=&#8221;bouton-racing2&#8243; href=&#8221;\/ventes-moteurs\/&#8221;&gt;MOTOR SALES&lt;\/a&gt;[\/et_pb_code][\/et_pb_column][\/et_pb_row][et_pb_row global_parent=&#8221;271&#8243; _builder_version=&#8221;3.15&#8243; custom_css_before=&#8221;content: %22%22;|| display: inline-block;|| position: absolute;|| background-image: url(\/wp-content\/uploads\/2018\/09\/home-title-bg.png);|| width: 382px;|| height: 382px;|| top: 0;|| left: 50%;|| margin-left: -191px;|| animation: rotate 60s infinite linear;&#8221; custom_css_main_element=&#8221;position: relative;|| margin-top: 0px;|| padding-bottom: 8rem;|| padding-top: 8rem;|| min-height: 350px;|| color: #fff;&#8221; custom_css_after=&#8221;content: %22%22;|| display: inline-block;|| position: absolute;|| background-image: url(\/wp-content\/uploads\/2018\/09\/home-title-after.png);|| width: 142px;|| height: 142px;|| top: -51px;|| left: 50%;|| margin-left: -71px;|| animation: rotate 40s infinite linear;|| animation-direction: reverse;|| -webkit-animation-direction: reverse;|| -moz-animation-direction: reverse;&#8221;][et_pb_column type=&#8221;4_4&#8243;][et_pb_text global_parent=&#8221;271&#8243; _builder_version=&#8221;3.15&#8243; header_text_align=&#8221;center&#8221; header_text_color=&#8221;#ffffff&#8221; header_2_text_align=&#8221;center&#8221; header_2_text_color=&#8221;#ffffff&#8221;]<\/p>\n<p><img loading=\"lazy\" decoding=\"async\" class=\"size-full wp-image-53 aligncenter\" src=\"https:\/\/www.lorrtec.com\/wp-content\/uploads\/2018\/10\/logo-lorrtec-seul.png\" alt=\"LORRTEC\" width=\"299\" height=\"58\"><\/p>\n<h2>MOTORISTA<\/h2>\n<h2>COMPETIZIONE E RACCOLTA<\/h2>\n<p>[\/et_pb_text][\/et_pb_column][\/et_pb_row][\/et_pb_section]<\/p>\n","protected":false},"excerpt":{"rendered":"<p>Assistenza al circuito\/alla gara COMPETIZIONE E RACCOLTA LORRTEC in Francia e all&#8217;estero. ingegneri e tecnici qualificati per assistervi in pista o nei rally quando il funzionamento del veicolo richiede un elevato grado di competenza tecnica (Prototipi sportivi del Gruppo C, Formula 1 storica, rally-raid, ecc.) o durante i grandi eventi classici come il Tour de [&hellip;]<\/p>\n","protected":false},"author":1,"featured_media":0,"parent":0,"menu_order":0,"comment_status":"closed","ping_status":"closed","template":"","meta":{"_et_pb_use_builder":"on","_et_pb_old_content":"","_et_gb_content_width":"","footnotes":""},"class_list":["post-2527","page","type-page","status-publish","hentry"],"_links":{"self":[{"href":"https:\/\/www.lorrtec.com\/it\/wp-json\/wp\/v2\/pages\/2527","targetHints":{"allow":["GET"]}}],"collection":[{"href":"https:\/\/www.lorrtec.com\/it\/wp-json\/wp\/v2\/pages"}],"about":[{"href":"https:\/\/www.lorrtec.com\/it\/wp-json\/wp\/v2\/types\/page"}],"author":[{"embeddable":true,"href":"https:\/\/www.lorrtec.com\/it\/wp-json\/wp\/v2\/users\/1"}],"replies":[{"embeddable":true,"href":"https:\/\/www.lorrtec.com\/it\/wp-json\/wp\/v2\/comments?post=2527"}],"version-history":[{"count":3,"href":"https:\/\/www.lorrtec.com\/it\/wp-json\/wp\/v2\/pages\/2527\/revisions"}],"predecessor-version":[{"id":2618,"href":"https:\/\/www.lorrtec.com\/it\/wp-json\/wp\/v2\/pages\/2527\/revisions\/2618"}],"wp:attachment":[{"href":"https:\/\/www.lorrtec.com\/it\/wp-json\/wp\/v2\/media?parent=2527"}],"curies":[{"name":"wp","href":"https:\/\/api.w.org\/{rel}","templated":true}]}}