 {"id":2626,"date":"2023-10-22T15:19:06","date_gmt":"2023-10-22T15:19:06","guid":{"rendered":"https:\/\/www.lorrtec.com\/un-banco-prova-motori-e-un-banco-prova-veicoli-per-le-vostre-prestazioni\/"},"modified":"2023-10-22T15:19:12","modified_gmt":"2023-10-22T15:19:12","slug":"un-banco-prova-motori-e-un-banco-prova-veicoli-per-le-vostre-prestazioni","status":"publish","type":"page","link":"https:\/\/www.lorrtec.com\/it\/un-banco-prova-motori-e-un-banco-prova-veicoli-per-le-vostre-prestazioni\/","title":{"rendered":"Un banco prova motori e un banco prova veicoli per le vostre prestazioni"},"content":{"rendered":"<p>[et_pb_section fb_built=&#8221;1&#8243; next_background_color=&#8221;#000000&#8243; _builder_version=&#8221;3.15&#8243; background_image=&#8221;https:\/\/www.lorrtec.com\/wp-content\/uploads\/2018\/09\/bandeau-lorrtec.jpg&#8221; bottom_divider_style=&#8221;arrow&#8221;][et_pb_row custom_css_before_1=&#8221;content: %22%22;|| display: inline-block;|| position: absolute;|| background-image: url(\/wp-content\/uploads\/2018\/09\/home-title-bg.png);|| width: 382px;|| height: 382px;|| top: 0;|| left: 50%;|| margin-left: -191px;|| animation: rotate 60s infinite linear;&#8221; custom_css_main_1=&#8221;position: relative;|| margin-top: 0px;|| padding-bottom: 8rem;|| padding-top: 8rem;|| min-height: 350px;|| color: #fff;&#8221; custom_css_after_1=&#8221;content: %22%22;|| display: inline-block;|| position: absolute;|| background-image: url(\/wp-content\/uploads\/2018\/09\/home-title-after.png);|| width: 142px;|| height: 142px;|| top: -51px;|| left: 50%;|| margin-left: -71px;|| animation: rotate 40s infinite linear;|| animation-direction: reverse;|| -webkit-animation-direction: reverse;|| -moz-animation-direction: reverse;&#8221; _builder_version=&#8221;3.15&#8243;][et_pb_column type=&#8221;1_2&#8243; _builder_version=&#8221;3.0.47&#8243; parallax=&#8221;off&#8221; parallax_method=&#8221;on&#8221; custom_css_before=&#8221;content: %22%22;|| display: inline-block;|| position: absolute;|| background-image: url(\/wp-content\/uploads\/2018\/09\/home-title-bg.png);|| width: 382px;|| height: 382px;|| top: 0;|| left: 50%;|| margin-left: -191px;|| animation: rotate 60s infinite linear;&#8221; custom_css_main=&#8221;position: relative;|| margin-top: 0px;|| padding-bottom: 8rem;|| padding-top: 8rem;|| min-height: 350px;|| color: #fff;&#8221; custom_css_after=&#8221;content: %22%22;|| display: inline-block;|| position: absolute;|| background-image: url(\/wp-content\/uploads\/2018\/09\/home-title-after.png);|| width: 142px;|| height: 142px;|| top: -51px;|| left: 50%;|| margin-left: -71px;|| animation: rotate 40s infinite linear;|| animation-direction: reverse;|| -webkit-animation-direction: reverse;|| -moz-animation-direction: reverse;&#8221;][et_pb_text _builder_version=&#8221;3.15&#8243; header_font=&#8221;|||on|||||&#8221; header_text_align=&#8221;center&#8221; header_text_color=&#8221;#ffffff&#8221; header_font_size=&#8221;26px&#8221; header_2_text_align=&#8221;center&#8221; header_2_text_color=&#8221;#ffffff&#8221;]<img loading=\"lazy\" decoding=\"async\" class=\"size-full wp-image-53 aligncenter\" src=\"https:\/\/www.lorrtec.com\/wp-content\/uploads\/2018\/10\/logo-lorrtec-seul.png\" alt=\"LORRTEC\" width=\"299\" height=\"58\"><\/p>\n<h1>Banchi prova motori<\/h1>\n<h1>COMPETIZIONE E RACCOLTA<\/h1>\n<p>[\/et_pb_text][\/et_pb_column][et_pb_column type=&#8221;1_2&#8243; _builder_version=&#8221;3.0.47&#8243; parallax=&#8221;off&#8221; parallax_method=&#8221;on&#8221;][et_pb_text admin_label=&#8221;pr\u00e9sentation&#8221; _builder_version=&#8221;3.15&#8243; text_text_color=&#8221;#ffffff&#8221; text_font_size=&#8221;18px&#8221; header_text_color=&#8221;#ffffff&#8221; header_2_text_color=&#8221;#ffffff&#8221; header_3_text_color=&#8221;#ffffff&#8221; custom_padding=&#8221;50px|||&#8221;]<\/p>\n<p style=\"text-align: justify;\"><strong>LORRTEC <\/strong>dispone di <strong>due banchi di prova<\/strong> <strong>da 1000 CV<\/strong> per la regolazione e la messa a punto dei motori:<\/p>\n<ul>\n<li style=\"text-align: justify;\">un <strong>banco di prova del motore<\/strong> per la messa a punto e il confronto di diverse configurazioni meccaniche.<\/li>\n<li style=\"text-align: justify;\">un <strong>banco di prova per veicoli ROTOTEST<\/strong>, che consente di misurare e regolare i veicoli a 2 o 4 ruote motrici con grande precisione e nell&#8217;ambiente reale in cui vengono utilizzati.<\/li>\n<\/ul>\n<p>[\/et_pb_text][et_pb_gallery gallery_ids=&#8221;2600,2603&#8243; posts_number=&#8221;3&#8243; show_title_and_caption=&#8221;off&#8221; show_pagination=&#8221;off&#8221; _builder_version=&#8221;3.15&#8243;][\/et_pb_gallery][\/et_pb_column][\/et_pb_row][\/et_pb_section][et_pb_section fb_built=&#8221;1&#8243; _builder_version=&#8221;3.15&#8243; background_color=&#8221;#000000&#8243; background_image=&#8221;https:\/\/www.lorrtec.com\/wp-content\/uploads\/2018\/09\/fond-moteur-droit.png&#8221;][et_pb_row custom_padding=&#8221;28.15px|0px|22px|0px|false|false&#8221; _builder_version=&#8221;3.0.48&#8243; background_size=&#8221;initial&#8221; background_position=&#8221;top_left&#8221; background_repeat=&#8221;repeat&#8221;][et_pb_column type=&#8221;4_4&#8243; _builder_version=&#8221;3.0.47&#8243; parallax=&#8221;off&#8221; parallax_method=&#8221;on&#8221;][\/et_pb_column][\/et_pb_row][et_pb_row make_fullwidth=&#8221;on&#8221; _builder_version=&#8221;3.15&#8243;][et_pb_column type=&#8221;1_3&#8243; _builder_version=&#8221;3.0.47&#8243; parallax=&#8221;off&#8221; parallax_method=&#8221;on&#8221;][et_pb_text admin_label=&#8221;Les bo\u00eetiers \u00e9lectroniques MOTEC&#8221; _builder_version=&#8221;3.17.2&#8243; text_text_color=&#8221;#ffffff&#8221; header_text_color=&#8221;#ffffff&#8221; header_2_text_color=&#8221;#ffffff&#8221; header_3_text_color=&#8221;#ffffff&#8221;]<\/p>\n<p style=\"text-align: justify;\">Intervista a Pierre-Antoine RAMPON (direttore di LORRTEC):<\/p>\n<p style=\"text-align: justify;\">\n<h3 style=\"text-align: justify;\">Descrivere il banco di prova del motore?<\/h3>\n<blockquote>\n<p style=\"text-align: justify;\">Il nostro banco di prova SCHENCK, ex Formula 1, ci permette di mettere a punto qualsiasi tipo di motore con velocit\u00e0 fino a 18.000 giri\/min e potenze fino a 1.000 CV.<\/p>\n<p style=\"text-align: justify;\">I motori sono dotati di numerosi sensori (temperatura, pressione, battito, pressione dei cilindri, ecc.) che ne consentono la messa a punto in condizioni di sicurezza ottimali.<\/p>\n<\/blockquote>\n<h3 style=\"text-align: justify;\">Descrivere il banco di prova del veicolo?<\/h3>\n<blockquote>\n<p style=\"text-align: justify;\">Il banco di prova ROTOTEST \u00e8 come una serie di banchi di prova per motori accoppiati a ciascuna delle ruote motrici del veicolo. A differenza di un banco di prova tradizionale (con rulli), questo \u00e8 uno strumento di misura estremamente preciso, grazie ai sensori di coppia ad alta risoluzione che misurano la forza direttamente sui mozzi delle ruote.<\/p>\n<p style=\"text-align: justify;\">Questo nuovo tipo di banco di prova \u00e8 simile a un banco di prova a rulli, ma con una precisione e una flessibilit\u00e0 molto maggiori. I principali vantaggi sono l&#8217;assenza di slittamento tra le ruote e il banco, l&#8217;inerzia molto bassa del sistema e la misurazione accurata e indipendente di tutte le perdite per attrito.<\/p>\n<p style=\"text-align: justify;\">Inoltre, questo sistema non danneggia gli pneumatici e pu\u00f2 essere adattato a tutti i veicoli, indipendentemente dalla loro geometria di marcia.<\/p>\n<\/blockquote>\n<p>[\/et_pb_text][\/et_pb_column][et_pb_column type=&#8221;2_3&#8243; _builder_version=&#8221;3.0.47&#8243; parallax=&#8221;off&#8221; parallax_method=&#8221;on&#8221;][et_pb_image src=&#8221;https:\/\/www.lorrtec.com\/wp-content\/uploads\/2018\/09\/jaguar-silc-cut-xrj14-passage-banc-essai-rototest.jpg&#8221; alt=&#8221;Jaguar Silc Cut XRJ14 passaggio del banco di prova ROTOTEST&#8221; show_in_lightbox=&#8221;on&#8221; admin_label=&#8221;Jaguar Silc Cut XRJ14 passage banc d&#8217;essai ROTOTEST&#8221; _builder_version=&#8221;3.15&#8243;][\/et_pb_image][et_pb_image src=&#8221;https:\/\/www.lorrtec.com\/wp-content\/uploads\/2019\/01\/Viper-V10-banc-moteur.png&#8221; alt=&#8221;rototest e messa a punto di una Porsche 930 Turbo gr4&#8243; show_in_lightbox=&#8221;on&#8221; admin_label=&#8221;passage au banc d&#8217;essai rototest et r\u00e9glage d&#8217;une Porsche 930 Turbo gr4&#8243; _builder_version=&#8221;3.19.4&#8243;][\/et_pb_image][\/et_pb_column][\/et_pb_row][et_pb_row _builder_version=&#8221;3.0.48&#8243; background_size=&#8221;initial&#8221; background_position=&#8221;top_left&#8221; background_repeat=&#8221;repeat&#8221;][et_pb_column type=&#8221;1_2&#8243; _builder_version=&#8221;3.0.47&#8243; parallax=&#8221;off&#8221; parallax_method=&#8221;on&#8221;][et_pb_text admin_label=&#8221;Quels sont les avantages d&#8217;un bo\u00eetier MOTEC par rapport \u00e0 un bo\u00eetier \u00e9lectronique d&#8217;origine ?&#8221; _builder_version=&#8221;3.17.2&#8243; text_text_color=&#8221;#ffffff&#8221; header_text_color=&#8221;#ffffff&#8221; header_2_text_color=&#8221;#ffffff&#8221; header_3_text_color=&#8221;#ffffff&#8221;]<\/p>\n<h3 style=\"text-align: justify;\">Quali sono i vantaggi per i clienti di avere un veicolo sottoposto a dynoing?<\/h3>\n<blockquote>\n<p style=\"text-align: justify;\">La prova al banco consente di sfruttare appieno il potenziale del motore e di ottimizzarne il pi\u00f9 possibile le prestazioni in base a criteri di affidabilit\u00e0 predefiniti. Inoltre, questo garantisce la sicurezza del motore quando viene guidato per la prima volta e dopo una ricostruzione del motore spesso costosa, con gli aspetti meccanici convalidati in anticipo sul banco di prova.<\/p>\n<\/blockquote>\n<p>[\/et_pb_text][\/et_pb_column][et_pb_column type=&#8221;1_2&#8243; _builder_version=&#8221;3.0.47&#8243; parallax=&#8221;off&#8221; parallax_method=&#8221;on&#8221;][et_pb_text admin_label=&#8221;DEVIS Texte&#8221; _builder_version=&#8221;3.17.2&#8243; global_module=&#8221;1015&#8243; saved_tabs=&#8221;all&#8221;]<\/p>\n<p style=\"text-align: right;\"><span class=\"fac bouton-racing2\" data-fac=\"L2NvbnRhY3Qv\">DEVIS<\/span><\/p>\n<p>[\/et_pb_text][\/et_pb_column][\/et_pb_row][et_pb_row make_fullwidth=&#8221;on&#8221; _builder_version=&#8221;3.15&#8243;][et_pb_column type=&#8221;1_3&#8243; _builder_version=&#8221;3.0.47&#8243; parallax=&#8221;off&#8221; parallax_method=&#8221;on&#8221;][et_pb_text admin_label=&#8221;Comment se fait la mise au point ?&#8221; _builder_version=&#8221;3.15&#8243; text_text_color=&#8221;#ffffff&#8221; header_text_color=&#8221;#ffffff&#8221; header_2_text_color=&#8221;#ffffff&#8221; header_3_text_color=&#8221;#ffffff&#8221;]<\/p>\n<h3 style=\"text-align: justify;\">Quando \u00e8 possibile sottoporre un&#8217;auto a un test di dyno presso la LORRTEC?<\/h3>\n<blockquote>\n<p style=\"text-align: justify;\">Dopo la ricostruzione di un motore, possiamo eseguire test su un banco prova per verificarne il funzionamento o per migliorare le prestazioni di un motore esistente (mappatura, messa a punto, ecc.).<\/p>\n<\/blockquote>\n<h3>Quali sono le scadenze?<\/h3>\n<blockquote>\n<p style=\"text-align: justify;\">Da 1 a 4 settimane, a seconda del periodo dell&#8217;anno.<\/p>\n<\/blockquote>\n<h3 style=\"text-align: justify;\">Quali tipi di motori vengono messi a punto sul banco di prova?<\/h3>\n<blockquote>\n<p style=\"text-align: justify;\">Mettiamo a punto tutti i tipi di motori: benzina o diesel, a carburatore, ad accensione comandata o elettronica, a iniezione elettronica o meccanica (Lucas, Bosch, Kugelfischer, K-Jetronic&#8230;).<\/p>\n<\/blockquote>\n<p>[\/et_pb_text][\/et_pb_column][et_pb_column type=&#8221;2_3&#8243; _builder_version=&#8221;3.0.47&#8243; parallax=&#8221;off&#8221; parallax_method=&#8221;on&#8221;][et_pb_image src=&#8221;https:\/\/www.lorrtec.com\/wp-content\/uploads\/2018\/09\/passage-banc-essai-rototest-mitsubishi-ASX-rallye-raid.jpg&#8221; alt=&#8221;rototest di una Mitsubishi ASX Rallye Raid&#8221; show_in_lightbox=&#8221;on&#8221; admin_label=&#8221;passage au banc d&#8217;essai rototest d&#8217;un Mitsubishi ASX de Rallye Raid&#8221; _builder_version=&#8221;3.15&#8243;][\/et_pb_image][\/et_pb_column][\/et_pb_row][et_pb_row make_fullwidth=&#8221;on&#8221; _builder_version=&#8221;3.15&#8243;][et_pb_column type=&#8221;1_2&#8243; _builder_version=&#8221;3.0.47&#8243; parallax=&#8221;off&#8221; parallax_method=&#8221;on&#8221;][et_pb_text admin_label=&#8221;video 962&#8243; _builder_version=&#8221;3.17.2&#8243; text_text_color=&#8221;#ffffff&#8221;]https:\/\/youtu.be\/j2H1RaICqtk<\/p>\n<p><strong>R\u00e9glage sur le banc d&#8217;une Porsche 962<\/strong><br \/>\n[\/et_pb_text][et_pb_text admin_label=&#8221;Peugeot 205 Turbo 16&#8243; _builder_version=&#8221;3.17.2&#8243; text_text_color=&#8221;#ffffff&#8221;]https:\/\/www.youtube.com\/watch?v=qV6VDtNUdLI<\/p>\n<p><strong>R\u00e9glage sur le banc d&#8217;une Peugeot 205 Turbo 16<\/strong><br \/>\n[\/et_pb_text][\/et_pb_column][et_pb_column type=&#8221;1_2&#8243; _builder_version=&#8221;3.0.47&#8243; parallax=&#8221;off&#8221; parallax_method=&#8221;on&#8221;][et_pb_text admin_label=&#8221;Video905&#8243; _builder_version=&#8221;3.17.2&#8243; text_text_color=&#8221;#ffffff&#8221;]https:\/\/youtu.be\/3n4kFRvZBzI<\/p>\n<p><strong>R\u00e9glage sur le banc d&#8217;une Peugeot 905<\/strong><br \/>\n[\/et_pb_text][et_pb_text admin_label=&#8221;Porsche 6 cylindres \u00e0 plat&#8221; _builder_version=&#8221;3.17.2&#8243; text_text_color=&#8221;#ffffff&#8221;]https:\/\/www.youtube.com\/watch?v=DB42_fVEZeE<\/p>\n<p><strong>R\u00e9glage d&#8217;un moteur Porsche 6 cylindres \u00e0 plat<\/strong><br \/>\n[\/et_pb_text][\/et_pb_column][\/et_pb_row][et_pb_row make_fullwidth=&#8221;on&#8221; _builder_version=&#8221;3.15&#8243;][et_pb_column type=&#8221;1_3&#8243; _builder_version=&#8221;3.0.47&#8243; parallax=&#8221;off&#8221; parallax_method=&#8221;on&#8221;][et_pb_text admin_label=&#8221;Comment connecter le bo\u00eetier \u00e0 des capteurs d&#8217;origines ?&#8221; _builder_version=&#8221;3.15&#8243; text_text_color=&#8221;#ffffff&#8221; header_text_color=&#8221;#ffffff&#8221; header_2_text_color=&#8221;#ffffff&#8221; header_3_text_color=&#8221;#ffffff&#8221;]<\/p>\n<h3><\/h3>\n<p>[\/et_pb_text][et_pb_text admin_label=&#8221;DEVIS Texte&#8221; _builder_version=&#8221;3.17.2&#8243; global_module=&#8221;1015&#8243; saved_tabs=&#8221;all&#8221;]<\/p>\n<p style=\"text-align: right;\"><span class=\"fac bouton-racing2\" data-fac=\"L2NvbnRhY3Qv\">DEVIS<\/span><\/p>\n<p>[\/et_pb_text][\/et_pb_column][et_pb_column type=&#8221;2_3&#8243; _builder_version=&#8221;3.0.47&#8243; parallax=&#8221;off&#8221; parallax_method=&#8221;on&#8221;][et_pb_image src=&#8221;https:\/\/www.lorrtec.com\/wp-content\/uploads\/2018\/10\/photo-reglage-au-banc-moteur-ford-cosworth-BDG-carburateurs-2.jpg&#8221; alt=&#8221;controllo del banco prova motori&#8221; show_in_lightbox=&#8221;on&#8221; admin_label=&#8221;pilotage du banc d&#8217;essai moteur&#8221; _builder_version=&#8221;3.19.4&#8243;][\/et_pb_image][et_pb_image src=&#8221;https:\/\/www.lorrtec.com\/wp-content\/uploads\/2018\/09\/porsche-962-kenwood-passage-banc-essai.jpg&#8221; alt=&#8221;Porsche 962 Kenwood: test drive&#8221; show_in_lightbox=&#8221;on&#8221; admin_label=&#8221;Porsche 962 Kenwood passage au banc d&#8217;essai&#8221; _builder_version=&#8221;3.15&#8243;][\/et_pb_image][et_pb_image src=&#8221;https:\/\/www.lorrtec.com\/wp-content\/uploads\/2018\/09\/passage-banc-essai-rototest-lancia-037-grB-martini-moteur-lorrtec.jpg&#8221; alt=&#8221;Rototest di una Lancia 037 grB martini con motore Lorrtec di Christophe VAISON&#8221; show_in_lightbox=&#8221;on&#8221; admin_label=&#8221;passage au banc d&#8217;essai Rototest d&#8217;une Lancia 037 grB martini moteur Lorrtec de Christophe VAISON&#8221; _builder_version=&#8221;3.15&#8243;][\/et_pb_image][et_pb_image src=&#8221;https:\/\/www.lorrtec.com\/wp-content\/uploads\/2018\/09\/porsche-962-Alpha-passage-banc-rototest.jpg&#8221; alt=&#8221;Ricostruzione del motore di una Porsche 962 Alpha e messa a punto sul banco di prova Rototest&#8221; show_in_lightbox=&#8221;on&#8221; admin_label=&#8221;Reconstruction moteur d&#8217;une porsche 962 Alpha, et r\u00e9glages sur le banc Rototest&#8221; _builder_version=&#8221;3.15&#8243;][\/et_pb_image][et_pb_image src=&#8221;https:\/\/www.lorrtec.com\/wp-content\/uploads\/2018\/09\/passage-banc-essai-rototest-lotus-2-eleven.jpg&#8221; alt=&#8221;impostazione sul banco di prova Rototest Lotus 2 Eleven&#8221; show_in_lightbox=&#8221;on&#8221; admin_label=&#8221;r\u00e9glage sur banc d&#8217;essai Rototest Lotus 2 Eleven&#8221; _builder_version=&#8221;3.15&#8243;][\/et_pb_image][et_pb_image src=&#8221;https:\/\/www.lorrtec.com\/wp-content\/uploads\/2018\/09\/passage-banc-essai-Alpine-A110-rototest-mise-au-point-carburateur-allumage.jpg&#8221; alt=&#8221;messa a punto del carburatore e dell&apos;accensione su un banco di prova Alpine A110 Rototest&#8221; show_in_lightbox=&#8221;on&#8221; admin_label=&#8221;mise au point carburateur allumage sur banc d&#8217;une Alpine A110 Rototest&#8221; _builder_version=&#8221;3.15&#8243;][\/et_pb_image][\/et_pb_column][\/et_pb_row][\/et_pb_section][et_pb_section fb_built=&#8221;1&#8243; _builder_version=&#8221;3.15&#8243; background_color=&#8221;#1d1d1d&#8221; background_image=&#8221;https:\/\/www.lorrtec.com\/wp-content\/uploads\/2018\/09\/bandeau-lorrtec.jpg&#8221; global_module=&#8221;271&#8243;][et_pb_row _builder_version=&#8221;3.0.47&#8243; background_size=&#8221;initial&#8221; background_position=&#8221;top_left&#8221; background_repeat=&#8221;repeat&#8221;][et_pb_column type=&#8221;4_4&#8243; _builder_version=&#8221;3.0.47&#8243; parallax=&#8221;off&#8221; parallax_method=&#8221;on&#8221;][et_pb_text admin_label=&#8221;Pr\u00e9sentation de l&#8217;activit\u00e9 d&#8217;installation, et de mise au point de bo\u00eetiers \u00e9lectroniques MOTEC de LORRTEC.&#8221; _builder_version=&#8221;3.15&#8243; text_text_color=&#8221;#ffffff&#8221; header_text_color=&#8221;#ffffff&#8221; header_2_text_align=&#8221;center&#8221; header_2_text_color=&#8221;#ffffff&#8221; header_3_text_color=&#8221;#ffffff&#8221;]<\/p>\n<h2>Tutte le attivit\u00e0 LORRTEC<\/h2>\n<p>[\/et_pb_text][\/et_pb_column][\/et_pb_row][et_pb_row custom_padding=&#8221;||0px|&#8221; custom_margin=&#8221;||0px|&#8221; _builder_version=&#8221;3.15&#8243;][et_pb_column type=&#8221;1_3&#8243; _builder_version=&#8221;3.0.47&#8243; parallax=&#8221;off&#8221; parallax_method=&#8221;on&#8221;][et_pb_code admin_label=&#8221;UFFICIO PROGETTAZIONE&#8221; text_orientation=&#8221;center&#8221;]<a class=\"bouton-racing2\" href=\"https:\/\/www.lorrtec.com\/it\/ufficio-progettazione-motori\/\">UFFICIO PROGETTAZIONE<\/a>[\/et_pb_code][\/et_pb_column][et_pb_column type=&#8221;1_3&#8243; _builder_version=&#8221;3.0.47&#8243; parallax=&#8221;off&#8221; parallax_method=&#8221;on&#8221;][et_pb_code admin_label=&#8221;GRUPPO MOTORE&#8221; text_orientation=&#8221;center&#8221;]<a class=\"bouton-racing2\" href=\"https:\/\/www.lorrtec.com\/it\/montaggio-del-motore-lorrtec-motoriste-competition-et-collection\/\">GRUPPO MOTORE<\/a>[\/et_pb_code][\/et_pb_column][et_pb_column type=&#8221;1_3&#8243; _builder_version=&#8221;3.0.47&#8243; parallax=&#8221;off&#8221; parallax_method=&#8221;on&#8221;][et_pb_code admin_label=&#8221;LAVORAZIONE E BILANCIAMENTO&#8221; text_orientation=&#8221;center&#8221;]<a class=\"bouton-racing2\" href=\"https:\/\/www.lorrtec.com\/it\/lavorazione-ed-equilibratura-del-motore-lorrtec-motoren\/\">BILANCIAMENTO DELLA LAVORAZIONE<\/a>[\/et_pb_code][\/et_pb_column][\/et_pb_row][et_pb_row custom_padding=&#8221;0px||0px|&#8221; custom_margin=&#8221;0px||0px|&#8221; _builder_version=&#8221;3.15&#8243;][et_pb_column type=&#8221;1_3&#8243; _builder_version=&#8221;3.0.47&#8243; parallax=&#8221;off&#8221; parallax_method=&#8221;on&#8221;][et_pb_code admin_label=&#8221;ELETTRONICA E CABLAGGIO&#8221; text_orientation=&#8221;center&#8221;]<a class=\"bouton-racing2\" href=\"https:\/\/www.lorrtec.com\/it\/elettronica-e-cablaggio-per-motori-da-corsa\/\">ELETTRONICA E CABLAGGIO<\/a>[\/et_pb_code][\/et_pb_column][et_pb_column type=&#8221;1_3&#8243; _builder_version=&#8221;3.0.47&#8243; parallax=&#8221;off&#8221; parallax_method=&#8221;on&#8221;][et_pb_code admin_label=&#8221;BANCHE D&apos;ORGANO&#8221; text_orientation=&#8221;center&#8221;]<a class=\"bouton-racing2\" href=\"https:\/\/www.lorrtec.com\/it\/metrologia-controllo-dei-componenti-e-delle-parti-del-motore\/\">METROLOGIA<\/a>[\/et_pb_code][\/et_pb_column][et_pb_column type=&#8221;1_3&#8243; _builder_version=&#8221;3.0.47&#8243; parallax=&#8221;off&#8221; parallax_method=&#8221;on&#8221;][et_pb_code admin_label=&#8221;TEST DEL MOTORE&#8221; text_orientation=&#8221;center&#8221;]<a class=\"bouton-racing2\" href=\"https:\/\/www.lorrtec.com\/it\/un-banco-prova-motori-e-un-banco-prova-veicoli-per-le-vostre-prestazioni\/\">BANCHI DI PROVA<\/a>[\/et_pb_code][\/et_pb_column][\/et_pb_row][et_pb_row custom_padding=&#8221;0px||0px|&#8221; custom_margin=&#8221;0px||0px|&#8221; _builder_version=&#8221;3.15&#8243;][et_pb_column type=&#8221;1_3&#8243; _builder_version=&#8221;3.0.47&#8243; parallax=&#8221;off&#8221; parallax_method=&#8221;on&#8221;][et_pb_code admin_label=&#8221;ASSISTENZA  &#8221; text_orientation=&#8221;center&#8221;]<a class=\"bouton-racing2\" href=\"https:\/\/www.lorrtec.com\/it\/assistenza-ai-circuiti-e-ai-rally-acquisizione-e-analisi-dei-dati\/\">ASSISTENZA AL CIRCUITO\/ALLA GARA<\/a>[\/et_pb_code][\/et_pb_column][et_pb_column type=&#8221;1_3&#8243; _builder_version=&#8221;3.0.47&#8243; parallax=&#8221;off&#8221; parallax_method=&#8221;on&#8221;][\/et_pb_column][et_pb_column type=&#8221;1_3&#8243; _builder_version=&#8221;3.0.47&#8243; parallax=&#8221;off&#8221; parallax_method=&#8221;on&#8221;][et_pb_code admin_label=&#8221;vendita di motori&#8221; text_orientation=&#8221;center&#8221;]<a class=\"bouton-racing2\" href=\"https:\/\/www.lorrtec.com\/it\/vendite-di-motori-ford-cosworth-bda-bdg-yb-pinto-e-bmw-s14-m3\/\">VENDITA DI MOTORI<\/a>[\/et_pb_code][\/et_pb_column][\/et_pb_row][et_pb_row _builder_version=&#8221;3.15&#8243; custom_css_before=&#8221;content: %22%22;|| display: inline-block;|| position: absolute;|| background-image: url(\/wp-content\/uploads\/2018\/09\/home-title-bg.png);|| width: 382px;|| height: 382px;|| top: 0;|| left: 50%;|| margin-left: -191px;|| animation: rotate 60s infinite linear;&#8221; custom_css_main_element=&#8221;position: relative;|| margin-top: 0px;|| padding-bottom: 8rem;|| padding-top: 8rem;|| min-height: 350px;|| color: #fff;&#8221; custom_css_after=&#8221;content: %22%22;|| display: inline-block;|| position: absolute;|| background-image: url(\/wp-content\/uploads\/2018\/09\/home-title-after.png);|| width: 142px;|| height: 142px;|| top: -51px;|| left: 50%;|| margin-left: -71px;|| animation: rotate 40s infinite linear;|| animation-direction: reverse;|| -webkit-animation-direction: reverse;|| -moz-animation-direction: reverse;&#8221;][et_pb_column type=&#8221;4_4&#8243; _builder_version=&#8221;3.0.47&#8243; parallax=&#8221;off&#8221; parallax_method=&#8221;on&#8221;][et_pb_text _builder_version=&#8221;3.15&#8243; header_text_align=&#8221;center&#8221; header_text_color=&#8221;#ffffff&#8221; header_2_text_align=&#8221;center&#8221; header_2_text_color=&#8221;#ffffff&#8221;]<\/p>\n<p><img loading=\"lazy\" decoding=\"async\" class=\"size-full wp-image-53 aligncenter\" src=\"https:\/\/www.lorrtec.com\/wp-content\/uploads\/2018\/10\/logo-lorrtec-seul.png\" alt=\"LORRTEC\" width=\"299\" height=\"58\"><\/p>\n<h2>MOTORISTA<\/h2>\n<h2>COMPETIZIONE E RACCOLTA<\/h2>\n<p>[\/et_pb_text][\/et_pb_column][\/et_pb_row][\/et_pb_section]<\/p>\n","protected":false},"excerpt":{"rendered":"<p>Banchi prova motori COMPETIZIONE E RACCOLTA LORRTEC dispone di due banchi di prova da 1000 CV per la regolazione e la messa a punto dei motori: un banco di prova del motore per la messa a punto e il confronto di diverse configurazioni meccaniche. un banco di prova per veicoli ROTOTEST, che consente di misurare [&hellip;]<\/p>\n","protected":false},"author":1,"featured_media":0,"parent":0,"menu_order":0,"comment_status":"closed","ping_status":"closed","template":"","meta":{"_et_pb_use_builder":"on","_et_pb_old_content":"","_et_gb_content_width":"","footnotes":""},"class_list":["post-2626","page","type-page","status-publish","hentry"],"_links":{"self":[{"href":"https:\/\/www.lorrtec.com\/it\/wp-json\/wp\/v2\/pages\/2626","targetHints":{"allow":["GET"]}}],"collection":[{"href":"https:\/\/www.lorrtec.com\/it\/wp-json\/wp\/v2\/pages"}],"about":[{"href":"https:\/\/www.lorrtec.com\/it\/wp-json\/wp\/v2\/types\/page"}],"author":[{"embeddable":true,"href":"https:\/\/www.lorrtec.com\/it\/wp-json\/wp\/v2\/users\/1"}],"replies":[{"embeddable":true,"href":"https:\/\/www.lorrtec.com\/it\/wp-json\/wp\/v2\/comments?post=2626"}],"version-history":[{"count":3,"href":"https:\/\/www.lorrtec.com\/it\/wp-json\/wp\/v2\/pages\/2626\/revisions"}],"predecessor-version":[{"id":2651,"href":"https:\/\/www.lorrtec.com\/it\/wp-json\/wp\/v2\/pages\/2626\/revisions\/2651"}],"wp:attachment":[{"href":"https:\/\/www.lorrtec.com\/it\/wp-json\/wp\/v2\/media?parent=2626"}],"curies":[{"name":"wp","href":"https:\/\/api.w.org\/{rel}","templated":true}]}}