 {"id":2647,"date":"2023-10-22T15:19:11","date_gmt":"2023-10-22T15:19:11","guid":{"rendered":"https:\/\/www.lorrtec.com\/informazioni-legali-lorrtec-motoriste-competition-et-collection\/"},"modified":"2023-10-22T15:19:14","modified_gmt":"2023-10-22T15:19:14","slug":"informazioni-legali-lorrtec-motoriste-competition-et-collection","status":"publish","type":"page","link":"https:\/\/www.lorrtec.com\/it\/informazioni-legali-lorrtec-motoriste-competition-et-collection\/","title":{"rendered":"Informazioni legali &#8211; LORRTEC Motoriste comp\u00e9tition et collection"},"content":{"rendered":"<p>[et_pb_section fb_built=&#8221;1&#8243; module_id=&#8221;ufficio-e-studi&#8221; _builder_version=&#8221;3.15&#8243; background_color=&#8221;#1d1d1b&#8221; background_image=&#8221;https:\/\/www.lorrtec.com\/wp-content\/uploads\/2018\/09\/fond-moteur-droit.png&#8221; border_color_all=&#8221;#7cda24&#8243;][et_pb_row custom_padding=&#8221;40px|40px|40px|40px&#8221; _builder_version=&#8221;3.15&#8243; border_width_all=&#8221;1px&#8221; border_color_all=&#8221;#7cda24&#8243;][et_pb_column type=&#8221;1_3&#8243; _builder_version=&#8221;3.0.47&#8243; parallax=&#8221;off&#8221; parallax_method=&#8221;on&#8221;][et_pb_image src=&#8221;https:\/\/www.lorrtec.com\/wp-content\/uploads\/2018\/09\/conception-et-fabrication-pistons-moteurs-forges-lorrtec-motoriste-400.jpg&#8221; alt=&#8221;progettazione e produzione di pistoni forgiati per motori LORRTEC&#8221; url=&#8221;https:\/\/www.lorrtec.com\/bureau-etudes-moteur\/&#8221; align=&#8221;center&#8221; _builder_version=&#8221;3.15&#8243;][\/et_pb_image][\/et_pb_column][et_pb_column type=&#8221;2_3&#8243; _builder_version=&#8221;3.0.47&#8243; parallax=&#8221;off&#8221; parallax_method=&#8221;on&#8221;][et_pb_text _builder_version=&#8221;3.17.2&#8243; text_text_color=&#8221;#ffffff&#8221; text_font_size=&#8221;16px&#8221; header_2_text_color=&#8221;#ffffff&#8221; header_font=&#8221;||||||||&#8221; header_text_color=&#8221;#ffffff&#8221; header_2_font=&#8221;||||||||&#8221; header_3_font=&#8221;||||||||&#8221; header_3_text_color=&#8221;#ffffff&#8221;]<\/p>\n<div class=\"et_pb_module et_pb_text et_pb_text_3 et_pb_bg_layout_light et_pb_text_align_left\">\n<div class=\"et_pb_text_inner\">\n<h1>Motorista LORRTEC a Pont de Vaux 01190<\/h1>\n<h2>AVVISI LEGALI<\/h2>\n<h3>CONTATTO<\/h3>\n<p>Nome della societ\u00e0: LORRTEC<br \/>\nIndirizzo: 356 petit faubourg 01190 Pont de Vaux<br \/>\nTelefono: 03 85 22 17 63<br \/>\nSede legale: 356 petit faubourg 01190 Pont de Vaux<br \/>\nStabilimento SIRET n.: 52930290300016<br \/>\nNumero di partita IVA :<br \/>\nDirettore editoriale e di pubblicazione: Pierre Antoine RAMPON<br \/>\nFORNITORE DI SERVIZI<br \/>\n<a href=\"https:\/\/www.archabe.fr\/\">Design del sito web: archabe.fr<\/a><br \/>\nPROPRIET\u00c0 INTELLETTUALE<br \/>\n&#8211; Tutti gli elementi che compongono lo scheletro dei siti (comprese foto, immagini, loghi, ecc.) sono protetti da copyright e sono di propriet\u00e0 esclusiva del sito.<\/p>\n<p>&#8211; I contenuti del sito (testi, articoli, ecc.) sono di propriet\u00e0 esclusiva dei loro autori e non possono essere riprodotti o utilizzati senza il loro consenso.<\/p>\n<p>I testi provenienti da fonti esterne sono stati riprodotti con l&#8217;accordo implicito o esplicito dei rispettivi autori. Tutte le fonti e gli autori sono citati sul sito.<\/p>\n<p>DIRITTO DI REPLICA SUL SITO<br \/>\nAi sensi dell&#8217;articolo 6 IV della legge francese n. 2004-575, qualsiasi persona fisica o giuridica nominata o designata sul sito ha il diritto di rispondere e di chiedere la correzione o la cancellazione del messaggio, che pu\u00f2 inviare alla sede della societ\u00e0.<\/p>\n<p>La richiesta di esercitare il diritto di replica indirizzata al responsabile della pubblicazione deve essere presentata al pi\u00f9 tardi entro 3 mesi dalla messa a disposizione del pubblico del messaggio che giustifica la richiesta.<\/p>\n<p>COME ESERCITARE IL DIRITTO DI ACCESSO<br \/>\nPrima di inviarvi dati personali, vi chiederemo di fornirci una prova della vostra identit\u00e0. Se non siete in grado di dimostrare la vostra identit\u00e0, ci riserviamo il diritto di rifiutare l&#8217;invio dei vostri dati personali. Ci impegniamo a rispondere a queste richieste in tempi ragionevoli.<\/p>\n<p>Per quanto riguarda i diritti di rettifica e cancellazione: i presupposti sono identici a quelli del diritto di accesso.<\/p>\n<p>CONTATTO<br \/>\nPer qualsiasi domanda o per esercitare il diritto di accesso, si prega di inviare un messaggio utilizzando il modulo di contatto.<\/p>\n<\/div>\n<\/div>\n<div class=\"et_pb_module et_pb_text et_pb_text_4 et_pb_bg_layout_light et_pb_text_align_left\">\n<div class=\"et_pb_text_inner\">\n<p>Protezione dei dati personali RGPD o GRDP<\/p>\n<p>Al fine di migliorare il servizio fornito da LORRTEC, per effettuare un follow-up commerciale, i moduli informativi vengono poi elaborati elettronicamente. Tali informazioni sono quindi gestite solo da personale LORRTEC o da subappaltatori che rispettano le presenti clausole.<\/p>\n<p>Ai sensi della legge francese sulla protezione dei dati personali del 6 gennaio 1978, modificata nel 2004, e del Regolamento generale sulla protezione dei dati (RGPD), entrato in vigore il 25 maggio 2018, l&#8217;utente ha il diritto di accesso e rettifica delle informazioni che lo riguardano, che pu\u00f2 esercitare inviandoci una lettera. Potete anche, per motivi legittimi, opporvi al trattamento dei vostri dati. Il nostro sito web www.LORRTEC.fr utilizza dei moduli per raccogliere i dati dei visitatori.<\/p>\n<p>Sito web di riferimento: lorrtec.com<\/p>\n<p>Obiettivo<br \/>\nLo scopo della raccolta dei dati sul nostro sito \u00e8 quello di compilare un archivio di gestione dei potenziali clienti della nostra azienda. Il nostro file viene utilizzato per tutte le operazioni di gestione commerciale<br \/>\nRilevanza dei dati<br \/>\nIl file raccoglie tutte le informazioni sui visitatori del sito web www.LORRTEC.fr relative all&#8217;identit\u00e0, alle informazioni professionali e all&#8217;attivit\u00e0 sul sito web www.LORRTEC.fr. In conformit\u00e0 alla legge sulla protezione dei dati, le informazioni relative alle origini razziali o etniche, alle opinioni politiche, filosofiche o religiose, all&#8217;appartenenza a sindacati, alla salute o alla vita sessuale di una persona non vengono raccolte e sono vietate (dati sensibili).<br \/>\nLiceit\u00e0 del trattamento e condizioni applicabili al consenso (art. 6 e art. 7 del RGPD)<br \/>\nIl consenso del visitatore al trattamento dei dati personali viene sistematicamente ottenuto.<br \/>\nConservazione dei dati<br \/>\nI dati dei contatti identificati vengono conservati per un massimo di 3 anni dopo l&#8217;ultima interazione e il consenso del contatto. Al termine di questi periodi, tutti i dati relativi alla persona vengono automaticamente cancellati.<br \/>\nI dati del cliente vengono conservati per un massimo di 6 anni dopo l&#8217;interazione e il consenso del contatto. Al termine di questi periodi, tutti i dati relativi alla persona vengono automaticamente cancellati.<br \/>\nDiritti individuali (artt. 16-20 del RGPD)<br \/>\nAi sensi degli articoli da 16 a 20 del RGPD, chiunque pu\u00f2 esercitare il diritto di accesso, rettifica, opposizione, limitazione del trattamento, cancellazione e portabilit\u00e0 dei dati che lo riguardano inviando una richiesta per posta, firmata e accompagnata da una copia di un documento di identit\u00e0, all&#8217;indirizzo della sede legale di LORRTEC<\/p>\n<p>Sicurezza e trattamento dei dati (art. 32 del RGPD)<br \/>\nSolo le persone legate ai reparti tecnici, marketing e vendite di LORRTEC hanno accesso alle informazioni raccolte sul sito.<br \/>\nViolazione dei dati e comunicazione entro 72 ore (art. 33 e art. 34 del RGPD)<br \/>\nIn caso di violazione o sospetta violazione dei dati personali, LORRTEC e i suoi subappaltatori informeranno la CNIL entro 72 ore dal momento in cui ne verranno a conoscenza.<\/p>\n<\/div>\n<\/div>\n<p>[\/et_pb_text][\/et_pb_column][\/et_pb_row][\/et_pb_section]<\/p>\n","protected":false},"excerpt":{"rendered":"<p>Motorista LORRTEC a Pont de Vaux 01190 AVVISI LEGALI CONTATTO Nome della societ\u00e0: LORRTEC Indirizzo: 356 petit faubourg 01190 Pont de Vaux Telefono: 03 85 22 17 63 Sede legale: 356 petit faubourg 01190 Pont de Vaux Stabilimento SIRET n.: 52930290300016 Numero di partita IVA : Direttore editoriale e di pubblicazione: Pierre Antoine RAMPON FORNITORE [&hellip;]<\/p>\n","protected":false},"author":1,"featured_media":0,"parent":0,"menu_order":0,"comment_status":"closed","ping_status":"closed","template":"","meta":{"_et_pb_use_builder":"on","_et_pb_old_content":"","_et_gb_content_width":"","footnotes":""},"class_list":["post-2647","page","type-page","status-publish","hentry"],"_links":{"self":[{"href":"https:\/\/www.lorrtec.com\/it\/wp-json\/wp\/v2\/pages\/2647","targetHints":{"allow":["GET"]}}],"collection":[{"href":"https:\/\/www.lorrtec.com\/it\/wp-json\/wp\/v2\/pages"}],"about":[{"href":"https:\/\/www.lorrtec.com\/it\/wp-json\/wp\/v2\/types\/page"}],"author":[{"embeddable":true,"href":"https:\/\/www.lorrtec.com\/it\/wp-json\/wp\/v2\/users\/1"}],"replies":[{"embeddable":true,"href":"https:\/\/www.lorrtec.com\/it\/wp-json\/wp\/v2\/comments?post=2647"}],"version-history":[{"count":2,"href":"https:\/\/www.lorrtec.com\/it\/wp-json\/wp\/v2\/pages\/2647\/revisions"}],"predecessor-version":[{"id":2656,"href":"https:\/\/www.lorrtec.com\/it\/wp-json\/wp\/v2\/pages\/2647\/revisions\/2656"}],"wp:attachment":[{"href":"https:\/\/www.lorrtec.com\/it\/wp-json\/wp\/v2\/media?parent=2647"}],"curies":[{"name":"wp","href":"https:\/\/api.w.org\/{rel}","templated":true}]}}